{"id":1069,"date":"2017-05-24T13:13:20","date_gmt":"2017-05-24T11:13:20","guid":{"rendered":"http:\/\/agora.xtec.cat\/ceip-ocata\/?page_id=1069"},"modified":"2021-02-10T22:22:46","modified_gmt":"2021-02-10T21:22:46","slug":"categoriaescola-verda","status":"publish","type":"page","link":"https:\/\/agora.xtec.cat\/ceip-ocata\/projecte-educatiu\/categoriaescola-verda\/","title":{"rendered":"Escola Verda"},"content":{"rendered":"<p>&nbsp;<\/p>\n\r\n\t<div class=\"slideshow_container slideshow_container_style-light\" style=\"height: 300px; \" data-slideshow-id=\"5765\" data-style-name=\"style-light\" data-style-version=\"2.3.1\" >\r\n\r\n\t\t\t\t\t<div class=\"slideshow_loading_icon\"><\/div>\r\n\t\t\r\n\t\t<div class=\"slideshow_content\" style=\"display: none;\">\r\n\r\n\t\t\t<div class=\"slideshow_view\">\r\n\t\t\t\t<div class=\"slideshow_slide slideshow_slide_image\">\r\n\t\t\t\t\t\t\t\t\t\t\t<img src=\"https:\/\/agora.xtec.cat\/ceip-ocata\/wp-content\/uploads\/usu386\/2021\/01\/olives.jpg\" alt=\"olives\" width=\"717\" height=\"366\" \/>\r\n\t\t\t\t\t\t\t\t\t\t<div class=\"slideshow_description_box slideshow_transparent\">\r\n\t\t\t\t\t\t<div class=\"slideshow_title\">olives<\/div>\t\t\t\t\t\t\t\t\t\t\t<\/div>\r\n\t\t\t\t<\/div>\r\n\r\n\t\t\t\t\t\t<div style=\"clear: both;\"><\/div><\/div><div class=\"slideshow_view\">\r\n\t\t\t\t<div class=\"slideshow_slide slideshow_slide_image\">\r\n\t\t\t\t\t\t\t\t\t\t\t<img src=\"https:\/\/agora.xtec.cat\/ceip-ocata\/wp-content\/uploads\/usu386\/2021\/01\/sorra.jpg\" alt=\"sorra\" width=\"714\" height=\"305\" \/>\r\n\t\t\t\t\t\t\t\t\t\t<div class=\"slideshow_description_box slideshow_transparent\">\r\n\t\t\t\t\t\t<div class=\"slideshow_title\">sorra<\/div>\t\t\t\t\t\t\t\t\t\t\t<\/div>\r\n\t\t\t\t<\/div>\r\n\r\n\t\t\t\t\t\t<div style=\"clear: both;\"><\/div><\/div><div class=\"slideshow_view\">\r\n\t\t\t\t<div class=\"slideshow_slide slideshow_slide_image\">\r\n\t\t\t\t\t\t\t\t\t\t\t<img src=\"https:\/\/agora.xtec.cat\/ceip-ocata\/wp-content\/uploads\/usu386\/2021\/01\/fruita.jpg\" alt=\"fruita\" width=\"718\" height=\"379\" \/>\r\n\t\t\t\t\t\t\t\t\t\t<div class=\"slideshow_description_box slideshow_transparent\">\r\n\t\t\t\t\t\t<div class=\"slideshow_title\">fruita<\/div>\t\t\t\t\t\t\t\t\t\t\t<\/div>\r\n\t\t\t\t<\/div>\r\n\r\n\t\t\t\t\t\t<div style=\"clear: both;\"><\/div><\/div><div class=\"slideshow_view\">\r\n\t\t\t\t<div class=\"slideshow_slide slideshow_slide_image\">\r\n\t\t\t\t\t\t\t\t\t\t\t<img src=\"https:\/\/agora.xtec.cat\/ceip-ocata\/wp-content\/uploads\/usu386\/2021\/01\/enciams.jpg\" alt=\"enciams\" width=\"712\" height=\"343\" \/>\r\n\t\t\t\t\t\t\t\t\t\t<div class=\"slideshow_description_box slideshow_transparent\">\r\n\t\t\t\t\t\t<div class=\"slideshow_title\">enciams<\/div>\t\t\t\t\t\t\t\t\t\t\t<\/div>\r\n\t\t\t\t<\/div>\r\n\r\n\t\t\t\t\t\t<div style=\"clear: both;\"><\/div><\/div><div class=\"slideshow_view\">\r\n\t\t\t\t<div class=\"slideshow_slide slideshow_slide_image\">\r\n\t\t\t\t\t\t\t\t\t\t\t<img src=\"https:\/\/agora.xtec.cat\/ceip-ocata\/wp-content\/uploads\/usu386\/2021\/01\/pomes-1.jpg\" alt=\"pomes\" width=\"719\" height=\"226\" \/>\r\n\t\t\t\t\t\t\t\t\t\t<div class=\"slideshow_description_box slideshow_transparent\">\r\n\t\t\t\t\t\t<div class=\"slideshow_title\">pomes<\/div>\t\t\t\t\t\t\t\t\t\t\t<\/div>\r\n\t\t\t\t<\/div>\r\n\r\n\t\t\t\t\t\t<div style=\"clear: both;\"><\/div><\/div><div class=\"slideshow_view\">\r\n\t\t\t\t<div class=\"slideshow_slide slideshow_slide_image\">\r\n\t\t\t\t\t\t\t\t\t\t\t<img src=\"https:\/\/agora.xtec.cat\/ceip-ocata\/wp-content\/uploads\/usu386\/2021\/01\/hort-1.jpg\" alt=\"hort\" width=\"1994\" height=\"735\" \/>\r\n\t\t\t\t\t\t\t\t\t\t<div class=\"slideshow_description_box slideshow_transparent\">\r\n\t\t\t\t\t\t<div class=\"slideshow_title\">hort<\/div>\t\t\t\t\t\t\t\t\t\t\t<\/div>\r\n\t\t\t\t<\/div>\r\n\r\n\t\t\t\t\t\t<div style=\"clear: both;\"><\/div><\/div>\r\n\t\t<\/div>\r\n\r\n\t\t<div class=\"slideshow_controlPanel slideshow_transparent\" style=\"display: none;\"><ul><li class=\"slideshow_togglePlay\" data-play-text=\"Visualitza\" data-pause-text=\"Pausa\"><\/li><\/ul><\/div>\r\n\r\n\t\t<div class=\"slideshow_button slideshow_previous slideshow_transparent\" role=\"button\" data-previous-text=\"Anterior\" style=\"display: none;\"><\/div>\r\n\t\t<div class=\"slideshow_button slideshow_next slideshow_transparent\" role=\"button\" data-next-text=\"Seg\u00fcent\" style=\"display: none;\"><\/div>\r\n\r\n\t\t<div class=\"slideshow_pagination\" style=\"display: none;\" data-go-to-text=\"V\u00e9s a la diapositiva\"><div class=\"slideshow_pagination_center\"><\/div><\/div>\r\n\r\n\t\t<!-- WordPress Slideshow Version 2.3.1 -->\r\n\r\n\t\t\t<\/div>\r\n\r\n\n<p>&nbsp;<\/p>\n<p><b>Escola verda<\/b><\/p>\n<p>El programa escoles verdes sorgeix com un comprom\u00eds per donar suport a tots els centres que volen innovar, incloure, avan\u00e7ar, sistematitzar i organitzar accions educatives que tinguin la finalitat d\u2019afrontar, des de l\u2019educaci\u00f3, els nous reptes i valors de la sostenibilitat.<\/p>\n<p>Es plantegen quatre grans objectius:<\/p>\n<p>\u2013\u00a0<b>Millorar la sostenibilitat del centre<\/b>, a partir d\u2019optimitzar i fer m\u00e9s responsable el consum de recursos (aigua, energia, etc.) i la producci\u00f3 de residus i emissions que es generen en el dia a dia a l\u2019escola. Escola Verda \u00e9s un programa de sostenibilitat del centre docent. A m\u00e9s dels alumnes, que s\u00f3n els principals destinataris, aquest afecta a tota la comunitat.<\/p>\n<p>\u2013 Enriquir quantitativament i qualitativament el\u00a0<b>curr\u00edculum acad\u00e8mic<\/b>\u00a0i l\u2019increment de la seva\u00a0<b>interdisciplinarietat.<\/b><\/p>\n<p>\u2013 Millorar els\u00a0<b>coneixements<\/b>\u00a0de tota la comunitat educativa, especialment l\u2019alumnat, en aspectes relacionats amb el medi ambient i el desenvolupament sostenible.<\/p>\n<p>\u2013 Refor\u00e7ar positivament els\u00a0<b>valors i les actituds<\/b>\u00a0de respecte i cura envers el medi ambient, aix\u00ed com els vincles de\u00a0<b>participaci\u00f3<\/b>\u00a0i cohesi\u00f3 social a la comunitat educativa, un exemple \u00e9s la reutilitzaci\u00f3 de llibres.<\/p>\n<p>Recordeu que tenim un <a href=\"https:\/\/www.instagram.com\/escolaocataverda\/\" target=\"_blank\" rel=\"noopener noreferrer\">instagram<\/a> d&#8217;escola verda on podeu veure algunes de les nostres activitats.<\/p>\n","protected":false},"excerpt":{"rendered":"<p>&nbsp;<\/p>\n<p>\t\t\t\t\t\tolives\t\t\t\t\t\t\t\t\t\t\t<\/p>\n<p>\t\t\t\t\t\tsorra\t\t\t\t\t\t\t\t\t\t\t<\/p>\n<p>\t\t\t\t\t\tfruita\t\t\t\t\t\t\t\t\t\t\t<\/p>\n<p>\t\t\t\t\t\tenciams\t\t\t\t\t\t\t\t\t\t\t<\/p>\n<p>\t\t\t\t\t\tpomes\t\t\t\t\t\t\t\t\t\t\t<\/p>\n<p>\t\t\t\t\t\thort\t\t\t\t\t\t\t\t\t\t\t<\/p>\n<ul>\n<li class=\"slideshow_togglePlay\" data-play-text=\"Visualitza\" data-pause-text=\"Pausa\"><\/li>\n<\/ul>\n<p>&nbsp;<br \/>\nEscola verda<br \/>\nEl programa escoles verdes sorgeix com un comprom\u00eds per donar suport a tots els centres que volen innovar, incloure, avan\u00e7ar, sistematitzar i organitzar accions educatives que tinguin la finalitat d\u2019afrontar, des de l\u2019educaci\u00f3, els nous reptes i valors de la sostenibilitat.<br \/>\nEs&hellip;  <a href=\"https:\/\/agora.xtec.cat\/ceip-ocata\/projecte-educatiu\/categoriaescola-verda\/\" title=\"Read Escola Verda\">Llegeix m\u00e9s\u00bb<\/a><\/p>\n","protected":false},"author":1,"featured_media":0,"parent":64,"menu_order":5,"comment_status":"closed","ping_status":"closed","template":"","meta":{"_bbp_topic_count":0,"_bbp_reply_count":0,"_bbp_total_topic_count":0,"_bbp_total_reply_count":0,"_bbp_voice_count":0,"_bbp_anonymous_reply_count":0,"_bbp_topic_count_hidden":0,"_bbp_reply_count_hidden":0,"_bbp_forum_subforum_count":0,"footnotes":""},"class_list":["post-1069","page","type-page","status-publish","hentry"],"post_mailing_queue_ids":[],"_links":{"self":[{"href":"https:\/\/agora.xtec.cat\/ceip-ocata\/wp-json\/wp\/v2\/pages\/1069","targetHints":{"allow":["GET"]}}],"collection":[{"href":"https:\/\/agora.xtec.cat\/ceip-ocata\/wp-json\/wp\/v2\/pages"}],"about":[{"href":"https:\/\/agora.xtec.cat\/ceip-ocata\/wp-json\/wp\/v2\/types\/page"}],"author":[{"embeddable":true,"href":"https:\/\/agora.xtec.cat\/ceip-ocata\/wp-json\/wp\/v2\/users\/1"}],"replies":[{"embeddable":true,"href":"https:\/\/agora.xtec.cat\/ceip-ocata\/wp-json\/wp\/v2\/comments?post=1069"}],"version-history":[{"count":3,"href":"https:\/\/agora.xtec.cat\/ceip-ocata\/wp-json\/wp\/v2\/pages\/1069\/revisions"}],"predecessor-version":[{"id":6011,"href":"https:\/\/agora.xtec.cat\/ceip-ocata\/wp-json\/wp\/v2\/pages\/1069\/revisions\/6011"}],"up":[{"embeddable":true,"href":"https:\/\/agora.xtec.cat\/ceip-ocata\/wp-json\/wp\/v2\/pages\/64"}],"wp:attachment":[{"href":"https:\/\/agora.xtec.cat\/ceip-ocata\/wp-json\/wp\/v2\/media?parent=1069"}],"curies":[{"name":"wp","href":"https:\/\/api.w.org\/{rel}","templated":true}]}}