{"id":87,"date":"2019-08-25T14:00:12","date_gmt":"2019-08-25T12:00:12","guid":{"rendered":"http:\/\/agora.xtec.cat\/ceip-nostra-llar\/?page_id=87"},"modified":"2025-06-25T11:09:28","modified_gmt":"2025-06-25T09:09:28","slug":"colles","status":"publish","type":"page","link":"https:\/\/agora.xtec.cat\/ceip-nostra-llar\/colles\/","title":{"rendered":"COLLES"},"content":{"rendered":"<p style=\"text-align: justify;\">Des del curs 2019-2020 tots els articles publicats a<img loading=\"lazy\" decoding=\"async\" class=\"alignright \" src=\"https:\/\/michalisnicolaides.com\/wp-content\/uploads\/2011\/09\/barefootprints-300x250.jpg\" width=\"264\" height=\"220\" \/> la web de l&#8217;escola estan categoritzats segons l&#8217;any de promoci\u00f3 dels infants (l&#8217;any de naixement). D&#8217;aquesta manera aconseguim que cada promoci\u00f3 tingui un <strong>quadern de bit\u00e0cola, un &#8220;llibre de viatge&#8221;<\/strong> en forma de blog que recull tots els articles que s&#8217;han escrit des que comencen el seu cam\u00ed a l&#8217;escola fins que acabin a 6\u00e8.<\/p>\n<p>&nbsp;<\/p>\n<h5><strong>Promocions de l&#8217;escola:<\/strong><\/h5>\n<p><strong>Colla de grans<\/strong><\/p>\n<ul>\n<li><a href=\"https:\/\/agora.xtec.cat\/ceip-nostra-llar\/categoria\/2014\/\">2014 &#8211; 6\u00e8<\/a><\/li>\n<li><a href=\"https:\/\/agora.xtec.cat\/ceip-nostra-llar\/categoria\/2015\/\">2015 &#8211; 5\u00e8<\/a><\/li>\n<li><a href=\"https:\/\/agora.xtec.cat\/ceip-nostra-llar\/categoria\/2016\/\">2016 &#8211; 4t<\/a><\/li>\n<\/ul>\n<p><strong>Colla de mitjans<\/strong><\/p>\n<ul>\n<li><a href=\"https:\/\/agora.xtec.cat\/ceip-nostra-llar\/categoria\/2017\/\">2017 &#8211; 3r<\/a><\/li>\n<li><a href=\"https:\/\/agora.xtec.cat\/ceip-nostra-llar\/categoria\/2018\/\">2018 &#8211; 2n<\/a><\/li>\n<li><a href=\"https:\/\/agora.xtec.cat\/ceip-nostra-llar\/categoria\/2019\/\">2019 &#8211; 1r<\/a><\/li>\n<\/ul>\n<p><strong>Colla de petits<\/strong><\/p>\n<ul>\n<li><a href=\"https:\/\/agora.xtec.cat\/ceip-nostra-llar\/categoria\/2020\/\">2020 &#8211; I5<\/a><\/li>\n<li><a href=\"https:\/\/agora.xtec.cat\/ceip-nostra-llar\/categoria\/2021\/\">2021 &#8211; I4<\/a><\/li>\n<li><a href=\"https:\/\/agora.xtec.cat\/ceip-nostra-llar\/categoria\/2022\/\">2022 &#8211; I3<\/a><\/li>\n<\/ul>\n<h5><\/h5>\n<p>&nbsp;<\/p>\n<h5><strong>Promocions que ja han acabat el seu cam\u00ed a l&#8217;escola:<\/strong><\/h5>\n<ul style=\"list-style-type: circle;\">\n<li><a href=\"https:\/\/agora.xtec.cat\/ceip-nostra-llar\/categoria\/2007\/\">2007 &#8211; Comencen el seu viatge el curs 2010-2011 i l&#8217;acaben el curs 2018-2019<\/a><\/li>\n<li><a href=\"https:\/\/agora.xtec.cat\/ceip-nostra-llar\/categoria\/2008\/\">2008 &#8211; Comencen el seu viatge el curs 2011-2012 i l&#8217;acaben el curs 2019-2020<\/a><\/li>\n<li><a href=\"https:\/\/agora.xtec.cat\/ceip-nostra-llar\/categoria\/2009\/\">2009 &#8211; Comencen el seu viatge el curs 2012-2013 i l&#8217;acaben el curs 2020-2021<\/a><\/li>\n<li><a href=\"https:\/\/agora.xtec.cat\/ceip-nostra-llar\/categoria\/2010\/\">2010 &#8211; Comencen el seu viatge el curs 2013-2014 i l&#8217;acaben el curs 2021-2022<\/a><\/li>\n<li><a href=\"https:\/\/agora.xtec.cat\/ceip-nostra-llar\/categoria\/2011\/\">2011 &#8211; Comencen el seu viatge el curs 2014-2015 i l&#8217;acaben el curs 2022-2023<\/a><\/li>\n<li><a href=\"https:\/\/agora.xtec.cat\/ceip-nostra-llar\/categoria\/2012\/\">2012 &#8211; Comencen el seu viatge el curs 2015-2016 i l&#8217;acaben el curs 2023-2024<\/a><\/li>\n<li><a href=\"https:\/\/agora.xtec.cat\/ceip-nostra-llar\/categoria\/2013\/\">2013 &#8211; Comencen el seu viatge el curs 2016-2017 i l&#8217;acaben el curs 2024-2025<\/a><\/li>\n<\/ul>\n","protected":false},"excerpt":{"rendered":"<p>Des del curs 2019-2020 tots els articles publicats a la web de l&#8217;escola estan categoritzats segons l&#8217;any de promoci\u00f3 dels infants (l&#8217;any de naixement). D&#8217;aquesta manera aconseguim que cada promoci\u00f3 tingui un quadern de bit\u00e0cola, un &#8220;llibre de viatge&#8221; en forma de blog que recull&hellip;  <a href=\"https:\/\/agora.xtec.cat\/ceip-nostra-llar\/colles\/\" title=\"Read COLLES\">Llegeix m\u00e9s\u00bb<\/a><\/p>\n","protected":false},"author":1,"featured_media":0,"parent":0,"menu_order":0,"comment_status":"closed","ping_status":"closed","template":"","meta":{"_bbp_topic_count":0,"_bbp_reply_count":0,"_bbp_total_topic_count":0,"_bbp_total_reply_count":0,"_bbp_voice_count":0,"_bbp_anonymous_reply_count":0,"_bbp_topic_count_hidden":0,"_bbp_reply_count_hidden":0,"_bbp_forum_subforum_count":0,"footnotes":""},"class_list":["post-87","page","type-page","status-publish","hentry"],"post_mailing_queue_ids":[],"_links":{"self":[{"href":"https:\/\/agora.xtec.cat\/ceip-nostra-llar\/wp-json\/wp\/v2\/pages\/87","targetHints":{"allow":["GET"]}}],"collection":[{"href":"https:\/\/agora.xtec.cat\/ceip-nostra-llar\/wp-json\/wp\/v2\/pages"}],"about":[{"href":"https:\/\/agora.xtec.cat\/ceip-nostra-llar\/wp-json\/wp\/v2\/types\/page"}],"author":[{"embeddable":true,"href":"https:\/\/agora.xtec.cat\/ceip-nostra-llar\/wp-json\/wp\/v2\/users\/1"}],"replies":[{"embeddable":true,"href":"https:\/\/agora.xtec.cat\/ceip-nostra-llar\/wp-json\/wp\/v2\/comments?post=87"}],"version-history":[{"count":7,"href":"https:\/\/agora.xtec.cat\/ceip-nostra-llar\/wp-json\/wp\/v2\/pages\/87\/revisions"}],"predecessor-version":[{"id":12832,"href":"https:\/\/agora.xtec.cat\/ceip-nostra-llar\/wp-json\/wp\/v2\/pages\/87\/revisions\/12832"}],"wp:attachment":[{"href":"https:\/\/agora.xtec.cat\/ceip-nostra-llar\/wp-json\/wp\/v2\/media?parent=87"}],"curies":[{"name":"wp","href":"https:\/\/api.w.org\/{rel}","templated":true}]}}