{"id":73,"date":"2014-09-18T14:01:51","date_gmt":"2014-09-18T13:01:51","guid":{"rendered":"http:\/\/agora.xtec.cat\/ceip-nostra-llar\/?page_id=73"},"modified":"2026-05-01T16:11:02","modified_gmt":"2026-05-01T14:11:02","slug":"menjador-escolar","status":"publish","type":"page","link":"https:\/\/agora.xtec.cat\/ceip-nostra-llar\/5989-2\/serveis\/menjador-escolar\/","title":{"rendered":"Menjador escolar"},"content":{"rendered":"<p><strong><span style=\"color: #008000;\">Presentaci\u00f3<\/span><\/strong><\/p>\n<p>El <span style=\"text-decoration: underline;\"><a href=\"https:\/\/www.uniolleure.cat\/nostra-llar\/\">servei de menjador<\/a><\/span> anir\u00e0 a c\u00e0rrec de <a href=\"https:\/\/www.uniolleure.cat\/\"><span style=\"text-decoration: underline;\">Uni\u00f3 Lleure<\/span><\/a>, que tamb\u00e9 \u00e9s responsable del servei d&#8217;acollida.<\/p>\n<p>Si hi ha necessitat de dieta especial,<strong> cal notificar-ho via WhatsApp al 654188540 abans de les 9:30h o e-mail <a href=\"infonostrallar@uniolleure.cat\">infonostrallar@uniolleure.cat.<\/a><\/strong><\/p>\n<p><strong><span style=\"color: #008000;\">Contactes<\/span><\/strong><\/p>\n<table style=\"width: 42.697%; height: 177px;\">\n<tbody>\n<tr style=\"height: 33px;\">\n<td style=\"width: 45.1247%; height: 33px;\">Horari d&#8217;atenci\u00f3 a les fam\u00edlies<\/td>\n<td style=\"width: 39.9093%; height: 33px;\">de 9h a 10h i 12h a 15h<\/td>\n<\/tr>\n<tr style=\"height: 29px;\">\n<td style=\"width: 45.1247%; height: 29px;\">Tel\u00e8fon i e-mail de contacte de <strong>coordinaci\u00f3 de menjador (Anna Vilardell)<\/strong><\/td>\n<td style=\"width: 39.9093%; height: 29px;\"><a href=\"http:\/\/Tel:654188540\">654 18 85 40 <\/a><a href=\"mailto:anna.vilardell@uniolleure.cat\">anna.vilardell@uniolleure.ca<\/a><a href=\"mailto:menjador@escolanostrallar.cat\">t<\/a><\/td>\n<\/tr>\n<tr style=\"height: 49px;\">\n<td style=\"width: 45.1247%; height: 49px;\">Tel\u00e8fon i e-mail de contacte de<strong> gesti\u00f3 menjador (Xesca Corzo)<\/strong><\/td>\n<td style=\"width: 39.9093%; height: 49px;\"><a href=\"tel:654035615\">654 03 56 15\u00a0<\/a><br \/>\n<a href=\"mailto:infonostrallar@uniolleure.cat\">infonostrallar@uniolleure.cat<\/a><\/td>\n<\/tr>\n<tr>\n<td style=\"width: 45.1247%;\">Inscripci\u00f3<\/td>\n<td style=\"width: 39.9093%;\"><a href=\"https:\/\/form.jotform.com\/uniolleure\/inscripcio-servei-de-menjador-25-26\">&gt;&gt; CLIC AQU\u00cd<\/a><\/td>\n<\/tr>\n<tr style=\"height: 33px;\">\n<td style=\"width: 45.1247%; height: 33px;\">Informaci\u00f3<\/td>\n<td style=\"width: 39.9093%; height: 33px;\"><a href=\"https:\/\/www.uniolleure.cat\/nostra-llar\/\">&gt;&gt; CLIC AQU\u00cd<\/a><\/td>\n<\/tr>\n<\/tbody>\n<\/table>\n<h6><strong><span style=\"color: #008000;\">Preus<\/span><\/strong><\/h6>\n<table style=\"height: 96px; width: 42.6655%; border-collapse: collapse; background-color: #155918; border-color: #ffffff;\">\n<tbody>\n<tr style=\"height: 32px;\">\n<td style=\"width: 70.0312%; height: 32px; background-color: #0f6333;\" colspan=\"2\"><span style=\"color: #ffffff;\"><strong>PREUS DEL SERVEI DE MENJADOR<\/strong><\/span><\/td>\n<\/tr>\n<tr style=\"height: 32px;\">\n<td style=\"width: 16.9001%; height: 32px; background-color: #0f6333;\"><span style=\"color: #ffffff;\">FIX<\/span><\/td>\n<td style=\"width: 53.1311%; height: 32px; background-color: #e9f2e1;\"><strong>7,48 \u20ac\/dia<\/strong><\/td>\n<\/tr>\n<tr style=\"height: 32px;\">\n<td style=\"width: 16.9001%; height: 32px; background-color: #0f6333;\"><span style=\"color: #ffffff;\">ESPOR\u00c0DIC<\/span><\/td>\n<td style=\"width: 53.1311%; height: 32px; background-color: #e9f2e1;\"><strong>8,29 \u20ac\/dia<\/strong><\/td>\n<\/tr>\n<\/tbody>\n<\/table>\n<h6><\/h6>\n<table style=\"border-collapse: collapse; width: 42.7776%; height: 363px;\">\n<tbody>\n<tr style=\"height: 33px;\">\n<td style=\"width: 17.2151%; background-color: #e9f2e1; height: 33px;\"><strong>MES<\/strong><\/td>\n<td style=\"width: 23.6709%; background-color: #e9f2e1; height: 33px;\"><strong>DIES LECTIUS<\/strong><\/td>\n<td style=\"width: 21.1411%; background-color: #e9f2e1; height: 33px;\"><strong>IMPORT<\/strong><\/td>\n<\/tr>\n<tr style=\"height: 33px;\">\n<td style=\"width: 17.2151%; height: 33px;\">SETEMBRE<\/td>\n<td style=\"width: 23.6709%; height: 33px; text-align: center;\">15<\/td>\n<td style=\"width: 21.1411%; height: 33px; text-align: right;\">112,20 \u20ac<\/td>\n<\/tr>\n<tr style=\"height: 33px;\">\n<td style=\"width: 17.2151%; height: 33px;\">OCTUBRE<\/td>\n<td style=\"width: 23.6709%; height: 33px; text-align: center;\">23<\/td>\n<td style=\"width: 21.1411%; height: 33px; text-align: right;\">172,04 \u20ac<\/td>\n<\/tr>\n<tr style=\"height: 33px;\">\n<td style=\"width: 17.2151%; height: 33px;\">NOVEMBRE<\/td>\n<td style=\"width: 23.6709%; height: 33px; text-align: center;\">19<\/td>\n<td style=\"width: 21.1411%; height: 33px; text-align: right;\">142,12 \u20ac<\/td>\n<\/tr>\n<tr style=\"height: 33px;\">\n<td style=\"width: 17.2151%; height: 33px;\">DESEMBRE<\/td>\n<td style=\"width: 23.6709%; height: 33px; text-align: center;\">14<\/td>\n<td style=\"width: 21.1411%; height: 33px; text-align: right;\">104,72 \u20ac<\/td>\n<\/tr>\n<tr style=\"height: 33px;\">\n<td style=\"width: 17.2151%; height: 33px;\">GENER<\/td>\n<td style=\"width: 23.6709%; height: 33px; text-align: center;\">17<\/td>\n<td style=\"width: 21.1411%; height: 33px; text-align: right;\">127,33 \u20ac<\/td>\n<\/tr>\n<tr style=\"height: 33px;\">\n<td style=\"width: 17.2151%; height: 33px;\">FEBRER<\/td>\n<td style=\"width: 23.6709%; height: 33px; text-align: center;\">19<\/td>\n<td style=\"width: 21.1411%; height: 33px; text-align: right;\">142,12 \u20ac<\/td>\n<\/tr>\n<tr style=\"height: 33px;\">\n<td style=\"width: 17.2151%; height: 33px;\">MAR\u00c7<\/td>\n<td style=\"width: 23.6709%; height: 33px; text-align: center;\">19<\/td>\n<td style=\"width: 21.1411%; height: 33px; text-align: right;\">142,12 \u20ac<\/td>\n<\/tr>\n<tr style=\"height: 33px;\">\n<td style=\"width: 17.2151%; height: 33px;\">ABRIL<\/td>\n<td style=\"width: 23.6709%; height: 33px; text-align: center;\">17<\/td>\n<td style=\"width: 21.1411%; height: 33px; text-align: right;\">127,33 \u20ac<\/td>\n<\/tr>\n<tr style=\"height: 33px;\">\n<td style=\"width: 17.2151%; height: 33px;\">MAIG<\/td>\n<td style=\"width: 23.6709%; height: 33px; text-align: center;\">19<\/td>\n<td style=\"width: 21.1411%; height: 33px; text-align: right;\">142,12 \u20ac<\/td>\n<\/tr>\n<tr style=\"height: 33px;\">\n<td style=\"width: 17.2151%; height: 33px;\">JUNY<\/td>\n<td style=\"width: 23.6709%; height: 33px; text-align: center;\">15<\/td>\n<td style=\"width: 21.1411%; height: 33px; text-align: right;\">112,20 \u20ac<\/td>\n<\/tr>\n<\/tbody>\n<\/table>\n<p><strong><span style=\"color: #008000;\">Men\u00fas mensuals<\/span><\/strong><\/p>\n<p><span style=\"font-family: inherit; font-size: 1em; font-weight: bold;\">MAIG 26:<\/span><\/p>\n<table style=\"border-collapse: collapse; width: 42.4439%; height: 396px;\">\n<tbody>\n<tr style=\"height: 34px;\">\n<td style=\"width: 46.8156%; background-color: #0f6333; height: 10px;\"><span style=\"font-size: 16px; color: #ffffff;\">Men\u00fa BASAL<\/span><\/td>\n<td style=\"width: 38.0733%; height: 10px;\"><strong><a href=\"https:\/\/agora.xtec.cat\/ceip-nostra-llar\/wp-content\/uploads\/usu1055\/2026\/05\/Menus_Maig_26_Finals-13Menu-Basal.pdf\"><em>De<\/em><em>scarrega aqu\u00ed<\/em><\/a><\/strong><\/td>\n<\/tr>\n<tr style=\"height: 34px;\">\n<td style=\"width: 46.8156%; background-color: #0f6333; height: 34px;\"><span style=\"font-size: 16px; color: #ffffff;\">Men\u00fa CEL\u00cdAC<\/span><\/td>\n<td style=\"width: 38.0733%; height: 34px;\"><strong><a href=\"https:\/\/agora.xtec.cat\/ceip-nostra-llar\/wp-content\/uploads\/usu1055\/2026\/05\/Menus_Maig_26_Finals-2Menu-Sense-Gluten.pdf\"><em>Descarrega aqu\u00ed<\/em><\/a><\/strong><\/td>\n<\/tr>\n<tr style=\"height: 34px;\">\n<td style=\"width: 46.8156%; background-color: #0f6333; height: 34px;\"><span style=\"font-size: 16px; color: #ffffff;\">Men\u00fa SENSE OU<\/span><\/td>\n<td style=\"width: 38.0733%; height: 34px;\"><strong><a href=\"https:\/\/agora.xtec.cat\/ceip-nostra-llar\/wp-content\/uploads\/usu1055\/2026\/05\/Menus_Maig_26_Finals-9Menu-Sense-Ou.pdf\"><em>De<\/em><em>scarrega aqu\u00ed<\/em><\/a><\/strong><\/td>\n<\/tr>\n<tr style=\"height: 34px;\">\n<td style=\"width: 46.8156%; background-color: #0f6333; height: 34px;\"><span style=\"font-size: 16px; color: #ffffff;\">Men\u00fa SENSE TOM\u00c0QUET<\/span><\/td>\n<td style=\"width: 38.0733%; height: 34px;\"><strong><a href=\"https:\/\/agora.xtec.cat\/ceip-nostra-llar\/wp-content\/uploads\/usu1055\/2026\/05\/Menus_Maig_26_Finals-1Menu-Sense-Tomaquet-Cru.pdf\"><em>De<\/em><em>scarrega aqu\u00ed<\/em><\/a><\/strong><\/td>\n<\/tr>\n<tr style=\"height: 34px;\">\n<td style=\"width: 46.8156%; background-color: #0f6333; height: 34px;\"><span style=\"font-size: 16px; color: #ffffff;\">Men\u00fa SENSE OU\/LLEGUM\/CACAUET<\/span><\/td>\n<td style=\"width: 38.0733%; height: 34px;\"><strong><a href=\"https:\/\/agora.xtec.cat\/ceip-nostra-llar\/wp-content\/uploads\/usu1055\/2026\/05\/Menus_Maig_26_Finals-8Menu-Sense-Ou-Llegums-ni-Cacauet.pdf\"><em>De<\/em><em>scarrega aqu\u00ed<\/em><\/a><\/strong><\/td>\n<\/tr>\n<tr style=\"height: 34px;\">\n<td style=\"width: 46.8156%; background-color: #0f6333; height: 34px;\"><span style=\"font-size: 16px; color: #ffffff;\">Men\u00fa SENSE LACTOSA<\/span><\/td>\n<td style=\"width: 38.0733%; height: 34px;\"><strong><a href=\"https:\/\/agora.xtec.cat\/ceip-nostra-llar\/wp-content\/uploads\/usu1055\/2026\/05\/Menus_Maig_26_Finals-6Menu-Sense-Lactosa.pdf\"><em>De<\/em><em>scarrega aqu\u00ed<\/em><\/a><\/strong><\/td>\n<\/tr>\n<tr style=\"height: 34px;\">\n<td style=\"width: 46.8156%; background-color: #0f6333; height: 34px;\"><span style=\"font-size: 16px; color: #ffffff;\">Men\u00fa SENSE MARISC<\/span><\/td>\n<td style=\"width: 38.0733%; height: 34px;\"><strong><a href=\"https:\/\/agora.xtec.cat\/ceip-nostra-llar\/wp-content\/uploads\/usu1055\/2026\/05\/Menus_Maig_26_Finals-7Menu-Sense-Marisc.pdf\"><em>De<\/em><em>scarrega aqu\u00ed<\/em><\/a><\/strong><\/td>\n<\/tr>\n<tr style=\"height: 33px;\">\n<td style=\"width: 46.8156%; background-color: #0f6333; height: 33px;\"><span style=\"font-size: 16px; color: #ffffff;\">Men\u00fa SENSE FRUCTOSA\/LACTOSA<\/span><\/td>\n<td style=\"width: 38.0733%; height: 33px;\"><strong><em><a href=\"https:\/\/agora.xtec.cat\/ceip-nostra-llar\/wp-content\/uploads\/usu1055\/2026\/05\/Menus_Maig_26_Finals-5Menu-Sense-Fructosa-ni-Lactosa.pdf\">Descarrega aqu\u00ed<\/a><\/em><\/strong><\/td>\n<\/tr>\n<tr style=\"height: 50px;\">\n<td style=\"width: 46.8156%; background-color: #0f6333; height: 33px;\"><span style=\"font-size: 16px; color: #ffffff;\">Men\u00fa SENSE ANOUS\/KIWI<\/span><\/td>\n<td style=\"width: 38.0733%; height: 33px;\"><strong><em><a href=\"https:\/\/agora.xtec.cat\/ceip-nostra-llar\/wp-content\/uploads\/usu1055\/2026\/05\/Menus_Maig_26_Finals-4Menu-Sense-Anous-ni-Kiwi.pdf\">Descarrega aqu\u00ed<\/a><\/em><\/strong><\/td>\n<\/tr>\n<tr style=\"height: 33px;\">\n<td style=\"width: 46.8156%; background-color: #0f6333; height: 33px;\"><span style=\"font-size: 16px; color: #ffffff;\">Men\u00fa SENSE PEIX<\/span><\/td>\n<td style=\"width: 38.0733%; height: 33px;\"><strong><a href=\"https:\/\/agora.xtec.cat\/ceip-nostra-llar\/wp-content\/uploads\/usu1055\/2026\/05\/Menus_Maig_26_Finals-10Menu-Sense-Peix.pdf\"><em>Descarrega aqu\u00ed<\/em><\/a><\/strong><\/td>\n<\/tr>\n<tr style=\"height: 33px;\">\n<td style=\"width: 46.8156%; background-color: #0f6333; height: 33px;\"><span style=\"font-size: 16px; color: #ffffff;\">Men\u00fa SENSE PORC<\/span><\/td>\n<td style=\"width: 38.0733%; height: 33px;\"><strong><a href=\"https:\/\/agora.xtec.cat\/ceip-nostra-llar\/wp-content\/uploads\/usu1055\/2026\/05\/Menus_Maig_26_Finals-11Menu-Sense-Porc.pdf\"><em>Descarrega aqu\u00ed<\/em><\/a><\/strong><\/td>\n<\/tr>\n<tr style=\"height: 50px;\">\n<td style=\"width: 46.8156%; background-color: #0f6333; height: 50px;\"><span style=\"font-size: 16px; color: #ffffff;\">Men\u00fa SENSE PROTE\u00cfNA<br \/>\nLLET\/FRUITS SECS\/PR\u00c9SSEC<\/span><\/td>\n<td style=\"width: 38.0733%; height: 50px;\"><strong><em><a href=\"https:\/\/agora.xtec.cat\/ceip-nostra-llar\/wp-content\/uploads\/usu1055\/2026\/05\/Menus_Maig_26_Finals-12Menu-Sense-Proteina-de-Llet-Fruits-Secs-ni-Pressec.pdf\">Descarrega aqu\u00ed<\/a><\/em><\/strong><\/td>\n<\/tr>\n<\/tbody>\n<\/table>\n<p><span style=\"font-family: inherit; font-size: 1em; font-weight: bold;\">ABRIL 26:<\/span><\/p>\n<table style=\"border-collapse: collapse; width: 42.4439%; height: 396px;\">\n<tbody>\n<tr style=\"height: 34px;\">\n<td style=\"width: 46.8156%; background-color: #0f6333; height: 10px;\"><span style=\"font-size: 16px; color: #ffffff;\">Men\u00fa BASAL<\/span><\/td>\n<td style=\"width: 38.0733%; height: 10px;\"><strong><a href=\"https:\/\/agora.xtec.cat\/ceip-nostra-llar\/wp-content\/uploads\/usu1055\/2026\/03\/Basal_Abril_26.pdf\"><em>De<\/em><em>scarrega aqu\u00ed<\/em><\/a><\/strong><\/td>\n<\/tr>\n<tr style=\"height: 34px;\">\n<td style=\"width: 46.8156%; background-color: #0f6333; height: 34px;\"><span style=\"font-size: 16px; color: #ffffff;\">Men\u00fa CEL\u00cdAC<\/span><\/td>\n<td style=\"width: 38.0733%; height: 34px;\"><strong><a href=\"https:\/\/agora.xtec.cat\/ceip-nostra-llar\/wp-content\/uploads\/usu1055\/2026\/03\/Sense_gluten_Abril_26.pdf\"><em>Descarrega aqu\u00ed<\/em><\/a><\/strong><\/td>\n<\/tr>\n<tr style=\"height: 34px;\">\n<td style=\"width: 46.8156%; background-color: #0f6333; height: 34px;\"><span style=\"font-size: 16px; color: #ffffff;\">Men\u00fa SENSE OU<\/span><\/td>\n<td style=\"width: 38.0733%; height: 34px;\"><strong><a href=\"https:\/\/agora.xtec.cat\/ceip-nostra-llar\/wp-content\/uploads\/usu1055\/2026\/03\/Sense_ou_Abril_26.pdf\"><em>De<\/em><em>scarrega aqu\u00ed<\/em><\/a><\/strong><\/td>\n<\/tr>\n<tr style=\"height: 34px;\">\n<td style=\"width: 46.8156%; background-color: #0f6333; height: 34px;\"><span style=\"font-size: 16px; color: #ffffff;\">Men\u00fa SENSE TOM\u00c0QUET<\/span><\/td>\n<td style=\"width: 38.0733%; height: 34px;\"><strong><a href=\"https:\/\/agora.xtec.cat\/ceip-nostra-llar\/wp-content\/uploads\/usu1055\/2026\/03\/Sense_tomaquet_cru_Abril_26.pdf\"><em>De<\/em><em>scarrega aqu\u00ed<\/em><\/a><\/strong><\/td>\n<\/tr>\n<tr style=\"height: 34px;\">\n<td style=\"width: 46.8156%; background-color: #0f6333; height: 34px;\"><span style=\"font-size: 16px; color: #ffffff;\">Men\u00fa SENSE OU\/LLEGUM\/CACAUET<\/span><\/td>\n<td style=\"width: 38.0733%; height: 34px;\"><strong><a href=\"https:\/\/agora.xtec.cat\/ceip-nostra-llar\/wp-content\/uploads\/usu1055\/2026\/03\/Sense_ou_llegum_cacauet_Abril_26.pdf\"><em>De<\/em><em>scarrega aqu\u00ed<\/em><\/a><\/strong><\/td>\n<\/tr>\n<tr style=\"height: 34px;\">\n<td style=\"width: 46.8156%; background-color: #0f6333; height: 34px;\"><span style=\"font-size: 16px; color: #ffffff;\">Men\u00fa SENSE LACTOSA<\/span><\/td>\n<td style=\"width: 38.0733%; height: 34px;\"><strong><a href=\"https:\/\/agora.xtec.cat\/ceip-nostra-llar\/wp-content\/uploads\/usu1055\/2026\/03\/Sense_lactosa_Abril_26.pdf\"><em>De<\/em><em>scarrega aqu\u00ed<\/em><\/a><\/strong><\/td>\n<\/tr>\n<tr style=\"height: 34px;\">\n<td style=\"width: 46.8156%; background-color: #0f6333; height: 34px;\"><span style=\"font-size: 16px; color: #ffffff;\">Men\u00fa SENSE MARISC<\/span><\/td>\n<td style=\"width: 38.0733%; height: 34px;\"><strong><a href=\"https:\/\/agora.xtec.cat\/ceip-nostra-llar\/wp-content\/uploads\/usu1055\/2026\/03\/Sense_marisc_Abril_26.pdf\"><em>De<\/em><em>scarrega aqu\u00ed<\/em><\/a><\/strong><\/td>\n<\/tr>\n<tr style=\"height: 33px;\">\n<td style=\"width: 46.8156%; background-color: #0f6333; height: 33px;\"><span style=\"font-size: 16px; color: #ffffff;\">Men\u00fa SENSE FRUCTOSA\/LACTOSA<\/span><\/td>\n<td style=\"width: 38.0733%; height: 33px;\"><strong><em><a href=\"https:\/\/agora.xtec.cat\/ceip-nostra-llar\/wp-content\/uploads\/usu1055\/2026\/03\/Sense_fructosa_lactosa_Abril_26.pdf\">Descarrega aqu\u00ed<\/a><\/em><\/strong><\/td>\n<\/tr>\n<tr style=\"height: 50px;\">\n<td style=\"width: 46.8156%; background-color: #0f6333; height: 33px;\"><span style=\"font-size: 16px; color: #ffffff;\">Men\u00fa SENSE ANOUS\/KIWI<\/span><\/td>\n<td style=\"width: 38.0733%; height: 33px;\"><strong><em><a href=\"https:\/\/agora.xtec.cat\/ceip-nostra-llar\/wp-content\/uploads\/usu1055\/2026\/02\/Sense_kiwi_anous_Febrer_26.pdf\">Descarrega aqu\u00ed<\/a><\/em><\/strong><\/td>\n<\/tr>\n<tr style=\"height: 33px;\">\n<td style=\"width: 46.8156%; background-color: #0f6333; height: 33px;\"><span style=\"font-size: 16px; color: #ffffff;\">Men\u00fa SENSE PEIX<\/span><\/td>\n<td style=\"width: 38.0733%; height: 33px;\"><strong><a href=\"https:\/\/agora.xtec.cat\/ceip-nostra-llar\/wp-content\/uploads\/usu1055\/2026\/03\/Sense_peix_Abril_26.pdf\"><em>Descarrega aqu\u00ed<\/em><\/a><\/strong><\/td>\n<\/tr>\n<tr style=\"height: 33px;\">\n<td style=\"width: 46.8156%; background-color: #0f6333; height: 33px;\"><span style=\"font-size: 16px; color: #ffffff;\">Men\u00fa SENSE PORC<\/span><\/td>\n<td style=\"width: 38.0733%; height: 33px;\"><strong><a href=\"https:\/\/agora.xtec.cat\/ceip-nostra-llar\/wp-content\/uploads\/usu1055\/2026\/03\/Sense_porc_Abril_26.pdf\"><em>Descarrega aqu\u00ed<\/em><\/a><\/strong><\/td>\n<\/tr>\n<tr style=\"height: 50px;\">\n<td style=\"width: 46.8156%; background-color: #0f6333; height: 50px;\"><span style=\"font-size: 16px; color: #ffffff;\">Men\u00fa SENSE PROTE\u00cfNA<br \/>\nLLET\/FRUITS SECS\/PR\u00c9SSEC<\/span><\/td>\n<td style=\"width: 38.0733%; height: 50px;\"><strong><em><a href=\"https:\/\/agora.xtec.cat\/ceip-nostra-llar\/wp-content\/uploads\/usu1055\/2026\/03\/Sense_prot_llet_fruits_secs_pressec_Abril_26.pdf\">Descarrega aqu\u00ed<\/a><\/em><\/strong><\/td>\n<\/tr>\n<\/tbody>\n<\/table>\n<p><strong style=\"font-family: inherit; font-size: 1em;\"><span style=\"color: #008000;\">Normativa<\/span><\/strong><\/p>\n<table style=\"border-collapse: collapse; width: 81.3337%; height: 851px;\">\n<tbody>\n<tr>\n<td style=\"width: 1.04932%; background-color: #ffe4c4;\" colspan=\"2\">\n<h4><span style=\"color: #993300;\">NORMATIVA DEL SERVEI DE MENJADOR 2025\/26<\/span><\/h4>\n<p>Per tal que els infants puguin gaudir del servei de menjador \u00e9s\u00a0<strong>IMPRESCINDIBLE<\/strong>\u00a0que estiguin\u00a0<strong>inscrits, cliqueu\u00a0<a href=\"https:\/\/form.jotform.com\/uniolleure\/menjador-nostra-llar\">aqu\u00ed<\/a>\u00a0per fer la inscripci\u00f3.<\/strong><\/p>\n<p>Per al bon funcionament del servei, us lliurem la normativa:<\/p>\n<ul>\n<li>El servei de menjador comen\u00e7ar\u00e0 el primer dia d\u2019escola i funcionar\u00e0 en horari de 12:30h a 15h (excepte dies de jornada intensiva on l\u2019horari ser\u00e0 \u00a0de 13h a 15:30h). La inscripci\u00f3 a aquest servei es pot fer durant el curs a:\u00a0<a href=\"https:\/\/www.uniolleure.cat\/\"><strong>www.uniolleure.cat<\/strong><\/a>\u00a0(Menjadors Escolars).<\/li>\n<li>Es pot fer\u00a0<strong>\u00fas del servei com a usuari\/\u00e0ria fix o espor\u00e0dic<\/strong>. Es considera fix aquell que faci \u00fas del servei 3, 4 o 5 dies a la setmana. Espor\u00e0dics, 1 o 2 dies a la setmana.<\/li>\n<li>Tots els usuaris\/\u00e0ries, fixos, espor\u00e0dics i becats han d\u2019omplir el formulari d\u2019inscripci\u00f3 i complimentar els permisos a\u00a0<a href=\"https:\/\/www.uniolleure.cat\/\"><strong>www.uniolleure.cat<\/strong><\/a>.<\/li>\n<li><strong>El pagament\u00a0<\/strong>dels usuaris\/\u00e0ries fixos es realitzar\u00e0 a mes ven\u00e7ut per domiciliaci\u00f3 banc\u00e0ria, entre els dies\u00a0<strong>3<\/strong><strong>\u00a0i 8 \u00a0de cada mes<\/strong>.<\/li>\n<li>Tots els\u00a0<strong>usuaris\/\u00e0ries espor\u00e0dics<\/strong>\u00a0podran fer la sol\u00b7licitud de menjador el dia anterior (<strong>8,29\u20ac\/dia<\/strong>) i\u00a0<strong>informar si l\u2019infant te algun tipus d\u2019al\u00b7l\u00e8rgia<\/strong>,\u00a0<strong>malaltia, patologia o capacitat diversa<\/strong>, dins de l\u2019horari 9h a 10h al email \u00a0<a href=\"mailto:anna.vilardell@uniolleure.cat\">anna.vilardell@uniolleure.cat.\u00a0<\/a>Cal fer una\u00a0<strong>transfer\u00e8ncia banc\u00e0ria<\/strong>\u00a0al n\u00famero de compte ES2131400001950015338300 de Caixa Guissona, indicant al concepte \u201cMNL + Nom i Cognoms de l\u2019infant\u201d. El preu del servei de menjador \u00e9s establert per la Generalitat de Catalunya i est\u00e0 aplicat l\u2019augment de l\u2019any 2025.<\/li>\n<li>La quota del servei ser\u00e0 variable en funci\u00f3 dels dies lectius mensuals. L\u2019import surt de multiplicar el preu diari del servei\u00a0<strong>(7,48\u20ac\/dia).<\/strong><\/li>\n<li>En cas d\u2019<strong>al\u00b7l\u00e8rgia o intoler\u00e0ncia a algun aliment<\/strong>\u00a0cal presentar en el moment de fer la inscripci\u00f3 virtual \u00a0\u201c<strong>Informe Oficial de l\u2019estat de salut<\/strong>\u201d que podeu demanar en el vostre centre d\u2019atenci\u00f3 prim\u00e0ria. En cas que es produeixi algun canvi s\u2019ha d\u2019avisar immediatament enviant un correu a\u00a0<a href=\"mailto:anna.vilardell@uniolleure.cat\">anna.vilardell@uniolleure.cat<\/a>.<\/li>\n<li>Si hi ha necessitat de\u00a0<strong>dieta especial<\/strong>, cal notificar-ho via Whatsapp al 654188540\u00a0<strong>abans de les 9:30h<\/strong>\u00a0o per email a\u00a0<a href=\"mailto:anna.vilardell@uniolleure.cat\">anna.vilardell@uniolleure.cat<\/a>.<\/li>\n<li>Els\u00a0<strong>men\u00fas mensuals\u00a0<\/strong>estaran a la web\u00a0<a href=\"https:\/\/www.uniolleure.cat\/\"><strong>www.uniolleure.cat<\/strong><\/a>\u00a0(<em>Menjadors Escolars).<\/em><\/li>\n<li>Les\u00a0 \u00a0<strong>faltes\u00a0 \u00a0d\u2019assist\u00e8ncia<\/strong>\u00a0 \u00a0al\u00a0 \u00a0menjador\u00a0 \u00a0s\u2019han\u00a0 \u00a0de justificar el\u00a0<strong>mateix dia entre les 9h i 10h<\/strong>\u00a0via Whatsapp al\u00a0<strong>654 18 85 40\u00a0<\/strong>o per mail a\u00a0<a href=\"mailto:anna.vilardell@uniolleure.cat\">anna.vilardell@uniolleure.cat<\/a>. Es consideren\u00a0<strong>faltes justificades\u00a0<\/strong>amb dret a retorn els casos d\u2019abs\u00e8ncia escolar correctament comunicada.<\/li>\n<li>Els\u00a0<strong>dies d\u2019excursi\u00f3\u00a0<\/strong>els usuaris\/\u00e0ries fixos d\u2019aquell dia tenen\u00a0<strong>p\u00edcnic<\/strong>. En cas que l\u2019infant no faci \u00fas del servei es retornar\u00e0 el 100%. Cal indicar en el formulari si \u00e9s vol o no p\u00edcnic per totes les sortides. En cas de les\u00a0<strong>col\u00f2nies<\/strong>\u00a0es retorn\u00e0 el 100%. En els casos en que s\u2019hagi de\u00a0<strong>marxar de l\u2019escola per visita m\u00e8dica<\/strong>\u00a0i no es faci \u00fas del servei, es considerar\u00e0 falta justificada amb dret a retorn sempre que es notifiqui entre les 9h i 10h del dia de la visita.<\/li>\n<li>L\u2019import a retornar ser\u00e0 el corresponent a la part d\u2019alimentaci\u00f3 (<strong>3,98\u20ac\/dia<\/strong>), \u00a0no es retornar\u00e0 la part corresponent als altres costos fixes (personal i d\u2019altres). En cas de falta consecutiva i avisada per avan\u00e7at de m\u00e9s de 3 dies, a partir del tercer dia es retornar\u00e0 el 100% El retorn no s\u2019aplica a aquelles fam\u00edlies que tinguin beca de menjador.<\/li>\n<li><strong>Per cada rebut retornat es cobrar\u00e0 7,00\u20ac\u00a0<\/strong>en concepte de despesa per impagament. L\u2019acumulaci\u00f3 de 1 mes de deute ser\u00e0 motiu de baixa del servei, pr\u00e8via comunicaci\u00f3 a la fam\u00edlia.<\/li>\n<li>Les baixes o modificacions dels serveis contractats cal notificar-les\u00a0<strong>abans del dia 25 de cada mes, sent efectiu pel mes seg\u00fcent.\u00a0<\/strong>La gesti\u00f3 s\u2019ha de fer per escrit al correu electr\u00f2nic a\u00a0<a href=\"mailto:anna.%20vilardell@uniolleure.cat\">anna.vilardell@uniolleure.cat.<\/a><\/li>\n<li>Es far\u00e0 un informe de seguiment diari per als infants d\u2019EI3 i un de trimestral per als alumnes d\u2019EI4, EI5 i \u00a0prim\u00e0ria.<\/li>\n<\/ul>\n<\/td>\n<\/tr>\n<\/tbody>\n<\/table>\n<table style=\"border-collapse: collapse; width: 81.4592%; height: 28px;\">\n<tbody>\n<tr style=\"height: 32px;\">\n<td style=\"width: 40.6897%; background-color: #a3e6c0; height: 10px; text-align: center;\" colspan=\"2\"><strong><span style=\"color: #ffffff;\">&gt;&gt; Pots consultar les normes del servei <span style=\"text-decoration: underline;\"><a href=\"https:\/\/drive.google.com\/file\/d\/1OUNAsnHDRcqNIb2a4KGnFPFyuypR5Vqs\/view\">aqu\u00ed<\/a><\/span>.<\/span><\/strong><\/td>\n<\/tr>\n<\/tbody>\n<\/table>\n","protected":false},"excerpt":{"rendered":"<p>Presentaci\u00f3<br \/>\nEl <a href=\"https:\/\/www.uniolleure.cat\/nostra-llar\/\">servei de menjador<\/a> anir\u00e0 a c\u00e0rrec de <a href=\"https:\/\/www.uniolleure.cat\/\">Uni\u00f3 Lleure<\/a>, que tamb\u00e9 \u00e9s responsable del servei d&#8217;acollida.<br \/>\nSi hi ha necessitat de dieta especial, cal notificar-ho via WhatsApp al 654188540 abans de les 9:30h o e-mail <a href=\"infonostrallar@uniolleure.cat\">infonostrallar@uniolleure.cat.<\/a><br \/>\nContactes<\/p>\n<p>Horari d&#8217;atenci\u00f3 a les fam\u00edlies<br \/>\nde 9h a&hellip;  <a href=\"https:\/\/agora.xtec.cat\/ceip-nostra-llar\/5989-2\/serveis\/menjador-escolar\/\" title=\"Read Menjador escolar\">Llegeix m\u00e9s\u00bb<\/a><\/p>\n","protected":false},"author":1,"featured_media":0,"parent":66,"menu_order":20,"comment_status":"closed","ping_status":"closed","template":"page-templates\/side-menu.php","meta":{"_bbp_topic_count":0,"_bbp_reply_count":0,"_bbp_total_topic_count":0,"_bbp_total_reply_count":0,"_bbp_voice_count":0,"_bbp_anonymous_reply_count":0,"_bbp_topic_count_hidden":0,"_bbp_reply_count_hidden":0,"_bbp_forum_subforum_count":0,"footnotes":""},"class_list":["post-73","page","type-page","status-publish","hentry"],"post_mailing_queue_ids":[],"_links":{"self":[{"href":"https:\/\/agora.xtec.cat\/ceip-nostra-llar\/wp-json\/wp\/v2\/pages\/73","targetHints":{"allow":["GET"]}}],"collection":[{"href":"https:\/\/agora.xtec.cat\/ceip-nostra-llar\/wp-json\/wp\/v2\/pages"}],"about":[{"href":"https:\/\/agora.xtec.cat\/ceip-nostra-llar\/wp-json\/wp\/v2\/types\/page"}],"author":[{"embeddable":true,"href":"https:\/\/agora.xtec.cat\/ceip-nostra-llar\/wp-json\/wp\/v2\/users\/1"}],"replies":[{"embeddable":true,"href":"https:\/\/agora.xtec.cat\/ceip-nostra-llar\/wp-json\/wp\/v2\/comments?post=73"}],"version-history":[{"count":7,"href":"https:\/\/agora.xtec.cat\/ceip-nostra-llar\/wp-json\/wp\/v2\/pages\/73\/revisions"}],"predecessor-version":[{"id":13526,"href":"https:\/\/agora.xtec.cat\/ceip-nostra-llar\/wp-json\/wp\/v2\/pages\/73\/revisions\/13526"}],"up":[{"embeddable":true,"href":"https:\/\/agora.xtec.cat\/ceip-nostra-llar\/wp-json\/wp\/v2\/pages\/66"}],"wp:attachment":[{"href":"https:\/\/agora.xtec.cat\/ceip-nostra-llar\/wp-json\/wp\/v2\/media?parent=73"}],"curies":[{"name":"wp","href":"https:\/\/api.w.org\/{rel}","templated":true}]}}