{"id":723,"date":"2016-08-19T18:29:47","date_gmt":"2016-08-19T17:29:47","guid":{"rendered":"http:\/\/agora.xtec.cat\/ceip-nostra-llar\/?page_id=723"},"modified":"2026-01-16T15:10:56","modified_gmt":"2026-01-16T14:10:56","slug":"equip-docent","status":"publish","type":"page","link":"https:\/\/agora.xtec.cat\/ceip-nostra-llar\/curs-2024-2025\/equip-docent\/","title":{"rendered":"Personal del centre"},"content":{"rendered":"<p><b>MESTRES, TUTORIES I PERSONAL DE L\u2019ESCOLA CURS 2025-2026:<\/b><\/p>\n<table width=\"588\">\n<tbody>\n<tr>\n<td colspan=\"2\" width=\"588\"><strong>COLLA DE PETITS<\/strong><\/td>\n<\/tr>\n<tr>\n<td width=\"190\"><strong>I3 A<\/strong><\/td>\n<td width=\"398\"><strong>J\u00falia Gamisans<\/strong><\/td>\n<\/tr>\n<tr>\n<td width=\"190\"><strong>I3 B<\/strong><\/td>\n<td width=\"398\"><strong>J\u00e9ssica Hald\u00f3n<\/strong><\/td>\n<\/tr>\n<tr>\n<td width=\"190\"><strong>I4 A<\/strong><\/p>\n<p><strong>COORD. CdP <\/strong><\/td>\n<td width=\"398\"><strong>M\u00edriam Ferr\u00e9<\/strong><\/td>\n<\/tr>\n<tr>\n<td width=\"190\"><strong>I4 B<\/strong><\/td>\n<td width=\"398\"><strong>Sandra Rios<\/strong><\/td>\n<\/tr>\n<tr>\n<td width=\"190\"><strong>I5 A<\/strong><\/td>\n<td width=\"398\"><strong>Cristina Mora\u00f1o<\/strong><\/td>\n<\/tr>\n<tr>\n<td width=\"190\"><strong>I5 B<\/strong><\/td>\n<td width=\"398\"><strong>Mireia Barba<\/strong><\/td>\n<\/tr>\n<tr>\n<td width=\"190\"><strong>TEI<\/strong><\/td>\n<td width=\"398\"><strong>Neus F\u00edgols<\/strong><\/td>\n<\/tr>\n<tr>\n<td width=\"190\"><strong>SUPORT<\/strong><\/td>\n<td width=\"398\"><strong>Clara Solanich<\/strong><\/td>\n<\/tr>\n<tr>\n<td width=\"190\"><strong>DIVERSITAT <\/strong><\/td>\n<td width=\"398\"><strong>Montse Arboix<\/strong><\/td>\n<\/tr>\n<tr>\n<td width=\"190\"><strong>M\u00daSICA<\/strong><\/td>\n<td width=\"398\"><strong>Gemma Fern\u00e1ndez<\/strong><\/td>\n<\/tr>\n<tr>\n<td width=\"190\"><strong>ANGL\u00c8S<\/strong><\/td>\n<td width=\"398\"><strong>Helena Arnal<\/strong><\/td>\n<\/tr>\n<tr>\n<td colspan=\"2\" width=\"588\"><strong>COLLA DE MITJANS<\/strong><\/td>\n<\/tr>\n<tr>\n<td width=\"190\"><strong>1r A<\/strong><\/td>\n<td width=\"398\"><strong>Maria Mir<\/strong><\/td>\n<\/tr>\n<tr>\n<td width=\"190\"><strong>1r B<\/strong><\/td>\n<td width=\"398\"><strong>(S\u00edlvia Ferrer) Paula Tutusaus<\/strong><\/td>\n<\/tr>\n<tr>\n<td width=\"190\"><strong>2n A<\/strong><\/p>\n<p><strong>COORD. CdM<\/strong><\/td>\n<td width=\"398\"><strong>Anna Farriol<\/strong><\/td>\n<\/tr>\n<tr>\n<td width=\"190\"><strong>2n B<\/strong><\/td>\n<td width=\"398\"><strong>Carla S\u00e1nchez<\/strong><\/td>\n<\/tr>\n<tr>\n<td width=\"190\"><strong>3r A<\/strong><\/td>\n<td width=\"398\"><strong>Sandra Cabrera<\/strong><\/td>\n<\/tr>\n<tr>\n<td width=\"190\"><strong>3r B<\/strong><\/td>\n<td width=\"398\"><strong>M\u00aa Teresa Mim\u00f3<\/strong><\/td>\n<\/tr>\n<tr>\n<td width=\"190\"><strong>SUPORT<\/strong><\/td>\n<td width=\"398\"><strong>Ariadna Garc\u00eda<\/strong><\/td>\n<\/tr>\n<tr>\n<td width=\"190\"><strong>DIVERSITAT- SUPORT<\/strong><\/td>\n<td width=\"398\"><strong>Montse Arboix \u00a0i Laura Redondo<\/strong><\/td>\n<\/tr>\n<tr>\n<td width=\"190\"><strong>M\u00daSICA<\/strong><\/td>\n<td width=\"398\"><strong>Gemma Fern\u00e1ndez<\/strong><\/td>\n<\/tr>\n<tr>\n<td width=\"190\"><strong>ANGL\u00c8S<\/strong><\/td>\n<td width=\"398\"><strong>Annabel Pamies<\/strong><\/td>\n<\/tr>\n<tr>\n<td width=\"190\"><strong>EDUCACI\u00d3 F\u00cdSICA<\/strong><\/p>\n<p><strong>COORD. TAC<\/strong><\/td>\n<td width=\"398\"><strong>Xavi Sanceledonio<\/strong><\/td>\n<\/tr>\n<tr>\n<td colspan=\"2\" width=\"588\"><strong>COLLA DE GRANS<\/strong><\/td>\n<\/tr>\n<tr>\n<td width=\"190\"><strong>4t A<\/strong><\/p>\n<p><strong>COORD. CdG<\/strong><\/td>\n<td width=\"398\"><strong>Gemma Franc\u00e8s<\/strong><\/td>\n<\/tr>\n<tr>\n<td width=\"190\"><strong>4t B<\/strong><\/td>\n<td width=\"398\"><strong>Judith Caralt<\/strong><\/td>\n<\/tr>\n<tr>\n<td width=\"190\"><strong>5\u00e8 A<\/strong><\/td>\n<td width=\"398\"><strong>Sergio Jim\u00e9nez<\/strong><\/td>\n<\/tr>\n<tr>\n<td width=\"190\"><strong>5\u00e8 B<\/strong><\/p>\n<p><strong>COORD. COCOBE<\/strong><\/td>\n<td width=\"398\"><strong>(Sheila Jim\u00e9nez) Yaiza Lari\u00f1o<\/strong><\/td>\n<\/tr>\n<tr>\n<td width=\"190\"><strong>6\u00e8 A<\/strong><\/td>\n<td width=\"398\"><strong>(Rosa M\u00aa Carceller)\u00a0 Marta Briones <\/strong><\/td>\n<\/tr>\n<tr>\n<td width=\"190\"><strong>6\u00e8 B<\/strong><\/td>\n<td width=\"398\"><strong>Elena Leal <\/strong><\/td>\n<\/tr>\n<tr>\n<td width=\"190\"><strong>6\u00e8C<\/strong><\/td>\n<td width=\"398\"><strong>Carmen Manzano<\/strong><\/td>\n<\/tr>\n<tr>\n<td width=\"190\"><strong>DIVERSITAT<\/strong><\/td>\n<td width=\"398\"><strong>Maribel Bros<\/strong><\/td>\n<\/tr>\n<tr>\n<td width=\"190\"><strong>M\u00daSICA<\/strong><\/td>\n<td width=\"398\"><strong>Gemma Fern\u00e1ndez<\/strong><\/td>\n<\/tr>\n<tr>\n<td width=\"190\"><strong>ANGL\u00c8S<\/strong><\/td>\n<td width=\"398\"><strong>Eva Carca\u00f1o (4t i 5\u00e8)<\/strong><\/p>\n<p><strong>Noem\u00ed Peir\u00f3 (6\u00e8)<\/strong><\/td>\n<\/tr>\n<tr>\n<td width=\"190\"><strong>EDUCACI\u00d3 F\u00cdSICA<\/strong><\/td>\n<td width=\"398\"><strong>Helena Arnal<\/strong><\/td>\n<\/tr>\n<tr>\n<td width=\"190\"><strong>BIBLIOTECA<\/strong><\/td>\n<td width=\"398\"><strong>Neus Font<\/strong><\/td>\n<\/tr>\n<tr>\n<td width=\"190\"><strong>SIEI<\/strong><\/td>\n<td width=\"398\"><strong>Mireia Suelves<\/strong><\/td>\n<\/tr>\n<tr>\n<td width=\"190\"><strong>T.SIEI<\/strong><\/td>\n<td width=\"398\"><strong>Aina Cabot<\/strong><\/td>\n<\/tr>\n<tr>\n<td width=\"190\"><strong>Vetlladores<\/strong><\/td>\n<td width=\"398\"><strong>Anna Bonet i Maria Mar\u00edn<\/strong><\/td>\n<\/tr>\n<tr>\n<td width=\"190\"><strong>Psicopedagoga EAP<\/strong><\/td>\n<td width=\"398\"><strong>Anna Gatell\u00a0\u00a0 <\/strong><\/td>\n<\/tr>\n<tr>\n<td width=\"190\"><strong>Logopeda CREDA<\/strong><\/td>\n<td width=\"398\"><strong>Marina Romero<\/strong><\/td>\n<\/tr>\n<tr>\n<td width=\"190\"><strong>Directora<\/strong><\/td>\n<td width=\"398\"><strong>Neus Font<\/strong><\/td>\n<\/tr>\n<tr>\n<td width=\"190\"><strong>Cap d\u2019estudis<\/strong><\/td>\n<td width=\"398\"><strong>Laura Redondo<\/strong><\/td>\n<\/tr>\n<tr>\n<td width=\"190\"><strong>Secret\u00e0ria<\/strong><\/td>\n<td width=\"398\"><strong>Noem\u00ed Peir\u00f3<\/strong><\/td>\n<\/tr>\n<tr>\n<td width=\"190\"><strong>Administraci\u00f3 <\/strong><\/td>\n<td width=\"398\"><strong>(Germ\u00e1n Muela) Claudia Chiriboga<\/strong><\/td>\n<\/tr>\n<tr>\n<td width=\"190\"><strong>Consergeria<\/strong><\/td>\n<td width=\"398\"><strong>Paqui Mart\u00ednez<\/strong><\/td>\n<\/tr>\n<tr>\n<td width=\"190\"><strong>Coordinaci\u00f3 Espai Migdia<\/strong><\/td>\n<td width=\"398\"><strong>Anna Vilardell<\/strong><\/td>\n<\/tr>\n<tr>\n<td width=\"190\"><strong>Cuina <\/strong><\/td>\n<td width=\"398\"><strong>Bea\u00a0 Froilan<\/strong><\/td>\n<\/tr>\n<\/tbody>\n<\/table>\n","protected":false},"excerpt":{"rendered":"<p>MESTRES, TUTORIES I PERSONAL DE L\u2019ESCOLA CURS 2025-2026:<\/p>\n<p>COLLA DE PETITS<\/p>\n<p>I3 A<br \/>\nJ\u00falia Gamisans<\/p>\n<p>I3 B<br \/>\nJ\u00e9ssica Hald\u00f3n<\/p>\n<p>I4 A<br \/>\nCOORD. CdP<br \/>\nM\u00edriam Ferr\u00e9<\/p>\n<p>I4 B<br \/>\nSandra Rios<\/p>\n<p>I5 A<br \/>\nCristina Mora\u00f1o<\/p>\n<p>I5 B<br \/>\nMireia Barba<\/p>\n<p>TEI<br \/>\nNeus F\u00edgols<\/p>\n<p>SUPORT<br \/>\nClara Solanich<\/p>\n<p>DIVERSITAT<br \/>\nMontse Arboix<\/p>\n<p>M\u00daSICA<br \/>\nGemma Fern\u00e1ndez<\/p>\n<p>ANGL\u00c8S<br \/>\nHelena Arnal<\/p>\n<p>COLLA DE MITJANS<\/p>\n<p>1r A<br \/>\nMaria Mir<\/p>\n<p>1r B<br \/>\n(S\u00edlvia Ferrer) Paula Tutusaus<\/p>\n<p>2n A<br \/>\nCOORD. CdM<br \/>\nAnna Farriol<\/p>\n<p>2n B<br \/>\nCarla S\u00e1nchez<\/p>\n<p>3r A<br \/>\nSandra Cabrera<\/p>\n<p>3r&hellip;  <a href=\"https:\/\/agora.xtec.cat\/ceip-nostra-llar\/curs-2024-2025\/equip-docent\/\" title=\"Read Personal del centre\">Llegeix m\u00e9s\u00bb<\/a><\/p>\n","protected":false},"author":1,"featured_media":0,"parent":3754,"menu_order":1,"comment_status":"closed","ping_status":"closed","template":"page-templates\/side-menu.php","meta":{"_bbp_topic_count":0,"_bbp_reply_count":0,"_bbp_total_topic_count":0,"_bbp_total_reply_count":0,"_bbp_voice_count":0,"_bbp_anonymous_reply_count":0,"_bbp_topic_count_hidden":0,"_bbp_reply_count_hidden":0,"_bbp_forum_subforum_count":0,"footnotes":""},"class_list":["post-723","page","type-page","status-publish","hentry"],"post_mailing_queue_ids":[],"_links":{"self":[{"href":"https:\/\/agora.xtec.cat\/ceip-nostra-llar\/wp-json\/wp\/v2\/pages\/723","targetHints":{"allow":["GET"]}}],"collection":[{"href":"https:\/\/agora.xtec.cat\/ceip-nostra-llar\/wp-json\/wp\/v2\/pages"}],"about":[{"href":"https:\/\/agora.xtec.cat\/ceip-nostra-llar\/wp-json\/wp\/v2\/types\/page"}],"author":[{"embeddable":true,"href":"https:\/\/agora.xtec.cat\/ceip-nostra-llar\/wp-json\/wp\/v2\/users\/1"}],"replies":[{"embeddable":true,"href":"https:\/\/agora.xtec.cat\/ceip-nostra-llar\/wp-json\/wp\/v2\/comments?post=723"}],"version-history":[{"count":9,"href":"https:\/\/agora.xtec.cat\/ceip-nostra-llar\/wp-json\/wp\/v2\/pages\/723\/revisions"}],"predecessor-version":[{"id":13219,"href":"https:\/\/agora.xtec.cat\/ceip-nostra-llar\/wp-json\/wp\/v2\/pages\/723\/revisions\/13219"}],"up":[{"embeddable":true,"href":"https:\/\/agora.xtec.cat\/ceip-nostra-llar\/wp-json\/wp\/v2\/pages\/3754"}],"wp:attachment":[{"href":"https:\/\/agora.xtec.cat\/ceip-nostra-llar\/wp-json\/wp\/v2\/media?parent=723"}],"curies":[{"name":"wp","href":"https:\/\/api.w.org\/{rel}","templated":true}]}}