{"id":555,"date":"2016-08-18T19:19:14","date_gmt":"2016-08-18T18:19:14","guid":{"rendered":"http:\/\/agora.xtec.cat\/ceip-nostra-llar\/?page_id=555"},"modified":"2025-01-27T23:08:22","modified_gmt":"2025-01-27T22:08:22","slug":"projecte-educatiu","status":"publish","type":"page","link":"https:\/\/agora.xtec.cat\/ceip-nostra-llar\/lescola-2\/projecte-educatiu\/","title":{"rendered":"Trets d&#8217;Identitat de l&#8217;Escola"},"content":{"rendered":"<h4><strong> P\u00fablica.<\/strong><\/h4>\n<p>L\u2019escola, pel fet de ser p\u00fablica, es regeix per la Constituci\u00f3 i l\u2019Estatut de Catalunya i acull les diverses maneres de pensar, essent oberta a tothom. Defensem els valors democr\u00e0tics en la gesti\u00f3, funcionament i la presa de decisions.<\/p>\n<h4><strong>Catalana<\/strong><\/h4>\n<p>El catal\u00e0 \u00e9s la llengua vehicular i d\u2019aprenentatge de la nostra escola. Ens definim com una escola catalana que treballa per a la integraci\u00f3 i inclusi\u00f3 social de tots els infants. Programem activitats per viure, preservar i promoure la cultura i les tradicions del nostre pa\u00eds.<\/p>\n<h4><strong>Comunitat educativa: tots i totes, units per l\u2019educaci\u00f3<\/strong><\/h4>\n<p>A l\u2019escola, mestres, alumnes, fam\u00edlies i personal no docent treballem conjuntament per assolir un objectiu com\u00fa: l\u2019educaci\u00f3 i formaci\u00f3 integral dels infants. Som una comunitat que comparteix valors, esfor\u00e7os i somnis per contribuir al desenvolupament integral dels m\u00e9s petits.<\/p>\n<h4><strong>Promotora de valors<\/strong><\/h4>\n<p>Fomentem els valors essencials per al creixement personal i social dels infants: responsabilitat, autonomia, esfor\u00e7, participaci\u00f3, respecte a les persones i a l\u2019entorn. Eduquem per formar ciutadans compromesos, \u00e8tics i sensibles a la diversitat i les necessitats del m\u00f3n actual.<\/p>\n<h4><strong>Activa<\/strong><\/h4>\n<p>Entenem l\u2019aprenentatge com un proc\u00e9s viu i significatiu que parteix de les viv\u00e8ncies personals dels infants i del seu entorn proper. Per aix\u00f2, combinem el treball a l\u2019aula amb activitats fora del centre, com sortides, tallers i col\u00f2nies, que enriqueixen i complementen els aprenentatges.<\/p>\n<h4><strong>Inclusiva<\/strong><\/h4>\n<p>Som una escola que acull tots els nens i nenes, respectant les seves singularitats i necessitats. Adoptant mesures espec\u00edfiques, treballem per atendre la diversitat i garantir una educaci\u00f3 equitativa per a tothom.<\/p>\n<h4><strong>Gesti\u00f3 participativa<\/strong><\/h4>\n<p>Amb una gesti\u00f3 transparent i participativa, garantim l\u2019efici\u00e8ncia dels recursos p\u00fablics que sostenen la nostra escola. Ens comprometem a optimitzar el funcionament, mantenir la qualitat educativa i fomentar la implicaci\u00f3 de tota la comunitat escolar en la presa de decisions.<\/p>\n<h4><strong>Sostenible<\/strong><\/h4>\n<p>Promovem els valors de la sostenibilitat i el respecte pel medi ambient. Redu\u00efm el consum, fomentem el reciclatge i reutilitzaci\u00f3, i com a instituci\u00f3, actuem de manera coherent amb aquests principis.<\/p>\n<h4><strong>Relacionada i oberta a l\u2019entorn<\/strong><\/h4>\n<p>L\u2019escola est\u00e0 profundament arrelada al seu entorn social i cultural. Establim vincles amb les entitats locals, fomentant la col\u00b7laboraci\u00f3 amb altres institucions i obrint les portes al barri i a la comunitat, per cr\u00e9ixer junts com a societat.<\/p>\n<p>&nbsp;<\/p>\n","protected":false},"excerpt":{"rendered":"<p> P\u00fablica.<br \/>\nL\u2019escola, pel fet de ser p\u00fablica, es regeix per la Constituci\u00f3 i l\u2019Estatut de Catalunya i acull les diverses maneres de pensar, essent oberta a tothom. Defensem els valors democr\u00e0tics en la gesti\u00f3, funcionament i la presa de decisions.<br \/>\nCatalana<br \/>\nEl catal\u00e0 \u00e9s la llengua vehicular&hellip;  <a href=\"https:\/\/agora.xtec.cat\/ceip-nostra-llar\/lescola-2\/projecte-educatiu\/\" title=\"Read Trets d&#8217;Identitat de l&#8217;Escola\">Llegeix m\u00e9s\u00bb<\/a><\/p>\n","protected":false},"author":1,"featured_media":0,"parent":12179,"menu_order":2,"comment_status":"closed","ping_status":"closed","template":"page-templates\/side-menu.php","meta":{"_bbp_topic_count":0,"_bbp_reply_count":0,"_bbp_total_topic_count":0,"_bbp_total_reply_count":0,"_bbp_voice_count":0,"_bbp_anonymous_reply_count":0,"_bbp_topic_count_hidden":0,"_bbp_reply_count_hidden":0,"_bbp_forum_subforum_count":0,"footnotes":""},"class_list":["post-555","page","type-page","status-publish","hentry"],"post_mailing_queue_ids":[],"_links":{"self":[{"href":"https:\/\/agora.xtec.cat\/ceip-nostra-llar\/wp-json\/wp\/v2\/pages\/555","targetHints":{"allow":["GET"]}}],"collection":[{"href":"https:\/\/agora.xtec.cat\/ceip-nostra-llar\/wp-json\/wp\/v2\/pages"}],"about":[{"href":"https:\/\/agora.xtec.cat\/ceip-nostra-llar\/wp-json\/wp\/v2\/types\/page"}],"author":[{"embeddable":true,"href":"https:\/\/agora.xtec.cat\/ceip-nostra-llar\/wp-json\/wp\/v2\/users\/1"}],"replies":[{"embeddable":true,"href":"https:\/\/agora.xtec.cat\/ceip-nostra-llar\/wp-json\/wp\/v2\/comments?post=555"}],"version-history":[{"count":8,"href":"https:\/\/agora.xtec.cat\/ceip-nostra-llar\/wp-json\/wp\/v2\/pages\/555\/revisions"}],"predecessor-version":[{"id":12306,"href":"https:\/\/agora.xtec.cat\/ceip-nostra-llar\/wp-json\/wp\/v2\/pages\/555\/revisions\/12306"}],"up":[{"embeddable":true,"href":"https:\/\/agora.xtec.cat\/ceip-nostra-llar\/wp-json\/wp\/v2\/pages\/12179"}],"wp:attachment":[{"href":"https:\/\/agora.xtec.cat\/ceip-nostra-llar\/wp-json\/wp\/v2\/media?parent=555"}],"curies":[{"name":"wp","href":"https:\/\/api.w.org\/{rel}","templated":true}]}}