{"id":3750,"date":"2019-01-29T10:06:30","date_gmt":"2019-01-29T09:06:30","guid":{"rendered":"http:\/\/agora.xtec.cat\/ceip-nostra-llar\/?page_id=3750"},"modified":"2025-07-08T11:38:50","modified_gmt":"2025-07-08T09:38:50","slug":"projectes-singulars","status":"publish","type":"page","link":"https:\/\/agora.xtec.cat\/ceip-nostra-llar\/lescola-2\/projectes-singulars\/","title":{"rendered":"Documents de l&#8217;escola"},"content":{"rendered":"<p><a href=\"https:\/\/drive.google.com\/file\/d\/1qdkZXRp_YIRbUXsIdibWX3Tw-d__5r5p\/view?usp=sharing\">PROJECTE EDUCATIU DE CENTRE (PEC)<\/a><\/p>\n<p><a href=\"https:\/\/agora.xtec.cat\/ceip-nostra-llar\/wp-content\/uploads\/usu1055\/2022\/06\/PROJECTE-DIRECCIO-2022-26-1.pdf\" target=\"_blank\" rel=\"noopener\">PROJECTE DE DIRECCI\u00d3 2022-2026<\/a><\/p>\n<p><a href=\"https:\/\/agora.xtec.cat\/ceip-nostra-llar\/wp-content\/uploads\/usu1055\/2024\/02\/20240215_NOFC.pdf\" target=\"_blank\" rel=\"noopener\">NORMES D&#8217;ORGANITZACI\u00d3 I FUNCIONAMENT DE CENTRE (NOFC)<\/a><\/p>\n<p><a href=\"https:\/\/agora.xtec.cat\/ceip-nostra-llar\/wp-content\/uploads\/usu1055\/2021\/04\/Pla-de-Conviv\u00e8ncia-.pdf\" target=\"_blank\" rel=\"noopener noreferrer\">PLA DE CONVIV\u00c8NCIA<\/a><\/p>\n<p><a href=\"https:\/\/drive.google.com\/file\/d\/1dc-_MDazK1xAEb7AvRHmT9ke0JIRO5bF\/view?usp=sharing\">PLA D&#8217;ACOLLIDA<\/a><\/p>\n<p><a href=\"https:\/\/agora.xtec.cat\/ceip-nostra-llar\/wp-content\/uploads\/usu1055\/2022\/06\/PLC-PROJECTE-LINGUISTIC-juny-2022.pdf\" target=\"_blank\" rel=\"noopener\">PROJECTE LING\u00dc\u00cdSTIC<\/a><\/p>\n<p><a href=\"https:\/\/sites.google.com\/escolanostrallar.cat\/edc-escola-nostra-llar\/inici\">ESTRAT\u00c8GIA DIGITAL DE CENTRE (EDC)<\/a><\/p>\n<p><a href=\"https:\/\/agora.xtec.cat\/ceip-nostra-llar\/wp-content\/uploads\/usu1055\/2025\/07\/PLA-GENERAL-DE-FUNCIONAMENT-DEL-MENJADOR-ESCOLAR.pdf\">PLA GENERAL DE FUNCIONAMENT DEL MENJADOR ESCOLAR <\/a><\/p>\n<p><a href=\"https:\/\/agora.xtec.cat\/ceip-nostra-llar\/wp-content\/uploads\/usu1055\/2024\/02\/Activitats-AMPA-ESCOLA.pdf\" target=\"_blank\" rel=\"noopener\">PLA GENERAL DE FUNCIONAMENT DE LES ACTIVITATS EXTRA ESCOLARS <\/a><\/p>\n<p><a href=\"https:\/\/agora.xtec.cat\/ceip-nostra-llar\/wp-content\/uploads\/usu1055\/2023\/02\/protocol_assetjament-ciberassetjament-entre-iguals.pdf\">PROTOCOL DE PREVENCI\u00d3, DETECCI\u00d3 I INTERVENCI\u00d3 DAVANT L\u2019ASSETJAMENT I EL CIBERASSETJAMENT ENTRE IGUALS<\/a><\/p>\n<p>&nbsp;<\/p>\n<p>&nbsp;<\/p>\n","protected":false},"excerpt":{"rendered":"<p><a href=\"https:\/\/drive.google.com\/file\/d\/1qdkZXRp_YIRbUXsIdibWX3Tw-d__5r5p\/view?usp=sharing\">PROJECTE EDUCATIU DE CENTRE (PEC)<\/a><br \/>\n<a href=\"https:\/\/agora.xtec.cat\/ceip-nostra-llar\/wp-content\/uploads\/usu1055\/2022\/06\/PROJECTE-DIRECCIO-2022-26-1.pdf\" target=\"_blank\" rel=\"noopener\">PROJECTE DE DIRECCI\u00d3 2022-2026<\/a><br \/>\n<a href=\"https:\/\/agora.xtec.cat\/ceip-nostra-llar\/wp-content\/uploads\/usu1055\/2024\/02\/20240215_NOFC.pdf\" target=\"_blank\" rel=\"noopener\">NORMES D&#8217;ORGANITZACI\u00d3 I FUNCIONAMENT DE CENTRE (NOFC)<\/a><br \/>\n<a href=\"https:\/\/agora.xtec.cat\/ceip-nostra-llar\/wp-content\/uploads\/usu1055\/2021\/04\/Pla-de-Conviv\u00e8ncia-.pdf\" target=\"_blank\" rel=\"noopener noreferrer\">PLA DE CONVIV\u00c8NCIA<\/a><br \/>\n<a href=\"https:\/\/drive.google.com\/file\/d\/1dc-_MDazK1xAEb7AvRHmT9ke0JIRO5bF\/view?usp=sharing\">PLA D&#8217;ACOLLIDA<\/a><br \/>\n<a href=\"https:\/\/agora.xtec.cat\/ceip-nostra-llar\/wp-content\/uploads\/usu1055\/2022\/06\/PLC-PROJECTE-LINGUISTIC-juny-2022.pdf\" target=\"_blank\" rel=\"noopener\">PROJECTE LING\u00dc\u00cdSTIC<\/a><br \/>\n<a href=\"https:\/\/sites.google.com\/escolanostrallar.cat\/edc-escola-nostra-llar\/inici\">ESTRAT\u00c8GIA DIGITAL DE CENTRE (EDC)<\/a><br \/>\n<a href=\"https:\/\/agora.xtec.cat\/ceip-nostra-llar\/wp-content\/uploads\/usu1055\/2025\/07\/PLA-GENERAL-DE-FUNCIONAMENT-DEL-MENJADOR-ESCOLAR.pdf\">PLA GENERAL DE FUNCIONAMENT DEL MENJADOR ESCOLAR&hellip;  <a href=\"https:\/\/agora.xtec.cat\/ceip-nostra-llar\/lescola-2\/projectes-singulars\/\" title=\"Read Documents de l&#8217;escola\">Llegeix m\u00e9s\u00bb<\/a><\/p>\n","protected":false},"author":1,"featured_media":0,"parent":12179,"menu_order":6,"comment_status":"closed","ping_status":"closed","template":"page-templates\/side-menu.php","meta":{"_bbp_topic_count":0,"_bbp_reply_count":0,"_bbp_total_topic_count":0,"_bbp_total_reply_count":0,"_bbp_voice_count":0,"_bbp_anonymous_reply_count":0,"_bbp_topic_count_hidden":0,"_bbp_reply_count_hidden":0,"_bbp_forum_subforum_count":0,"footnotes":""},"class_list":["post-3750","page","type-page","status-publish","hentry"],"post_mailing_queue_ids":[],"_links":{"self":[{"href":"https:\/\/agora.xtec.cat\/ceip-nostra-llar\/wp-json\/wp\/v2\/pages\/3750","targetHints":{"allow":["GET"]}}],"collection":[{"href":"https:\/\/agora.xtec.cat\/ceip-nostra-llar\/wp-json\/wp\/v2\/pages"}],"about":[{"href":"https:\/\/agora.xtec.cat\/ceip-nostra-llar\/wp-json\/wp\/v2\/types\/page"}],"author":[{"embeddable":true,"href":"https:\/\/agora.xtec.cat\/ceip-nostra-llar\/wp-json\/wp\/v2\/users\/1"}],"replies":[{"embeddable":true,"href":"https:\/\/agora.xtec.cat\/ceip-nostra-llar\/wp-json\/wp\/v2\/comments?post=3750"}],"version-history":[{"count":7,"href":"https:\/\/agora.xtec.cat\/ceip-nostra-llar\/wp-json\/wp\/v2\/pages\/3750\/revisions"}],"predecessor-version":[{"id":12839,"href":"https:\/\/agora.xtec.cat\/ceip-nostra-llar\/wp-json\/wp\/v2\/pages\/3750\/revisions\/12839"}],"up":[{"embeddable":true,"href":"https:\/\/agora.xtec.cat\/ceip-nostra-llar\/wp-json\/wp\/v2\/pages\/12179"}],"wp:attachment":[{"href":"https:\/\/agora.xtec.cat\/ceip-nostra-llar\/wp-json\/wp\/v2\/media?parent=3750"}],"curies":[{"name":"wp","href":"https:\/\/api.w.org\/{rel}","templated":true}]}}