{"id":26,"date":"2016-08-17T12:53:32","date_gmt":"2016-08-17T11:53:32","guid":{"rendered":"http:\/\/agora.xtec.cat\/ceip-nostra-llar\/?page_id=26"},"modified":"2025-01-27T13:59:04","modified_gmt":"2025-01-27T12:59:04","slug":"historia","status":"publish","type":"page","link":"https:\/\/agora.xtec.cat\/ceip-nostra-llar\/lescola-2\/historia\/","title":{"rendered":"Els inicis"},"content":{"rendered":"<p>L&#8217;origen de la que \u00e9s avui dia l&#8217;Escola Nostra Llar es remunta a l&#8217;any 1939 quan en Josep Vall Sabata habilita un espai per donar classes al domicili particular situat al carrer Gurrea 27. En un primer moment l\u2019objectiu \u00e9s modest, per\u00f2 en l\u00ednia al dif\u00edcil moment que viu el pa\u00eds, preparar i refor\u00e7ar coneixements de cara a la incorporaci\u00f3 al m\u00f3n laboral.<\/p>\n<p>&#8220;Cal Senyor Valls&#8221;, com ser\u00e0 coneguda l\u2019escola popularment, inicia la seva tasca docent. Les condicions no s\u00f3n les m\u00e9s id\u00f2nies per\u00f2 el projecte tira endavant per l&#8217;inter\u00e8s d&#8217;algunes fam\u00edlies que volen una alternativa a una escola p\u00fablica i religiosa que creuen ideologitza amb una pedagogia massa r\u00edgida.<\/p>\n<p>&nbsp;<\/p>\n<figure class=\"figure wp-caption alignleft\"><a href=\"http:\/\/agora.xtec.cat\/ceip-nostra-llar\/wp-content\/uploads\/usu1055\/2014\/09\/Escola-antiga-2.gif\"><img loading=\"lazy\" decoding=\"async\" class=\"wp-image-463\" src=\"http:\/\/agora.xtec.cat\/ceip-nostra-llar\/wp-content\/uploads\/usu1055\/2014\/09\/Escola-antiga-2-300x232.gif\" alt=\"Escola-antiga-2\" width=\"247\" height=\"192\" \/><\/a><figcaption class=\"wp-caption-text\"><sub>Carrer Doctor Puig<\/sub><\/figcaption><\/figure>\n<p>No ser\u00e0 per\u00f2, fins el 25 de juny de 1954, que l&#8217;escola rep l&#8217;autoritzaci\u00f3 oficial i es constitueix com a tal amb el nom de \u201cEscuela Nuestro Hogar\u201d, conservant la titularitat privada. El Sr. Josep Caldas i Nogu\u00e9 ser\u00e0 el seu primer director, perqu\u00e8 al Sr. Vall li mancava el t\u00edtol de mestre de prim\u00e0ria, sent el Sr.Manel Costa Domenech el nou propietari al aportar els fons necessaris per regularitzar tot el proc\u00e9s.Com a escola privada es mant\u00e9 fins al 1976 que passa a ser una cooperativa de pares i mestres.<\/p>\n<p>&nbsp;<\/p>\n<p>&nbsp;<\/p>\n<figure class=\"figure wp-caption alignleft\"><a href=\"http:\/\/agora.xtec.cat\/ceip-nostra-llar\/wp-content\/uploads\/usu1055\/2014\/09\/Escola-antiga-1-e1471430612511.gif\"><img loading=\"lazy\" decoding=\"async\" class=\"wp-image-465 \" src=\"http:\/\/agora.xtec.cat\/ceip-nostra-llar\/wp-content\/uploads\/usu1055\/2014\/09\/Escola-antiga-1-e1471430612511-300x199.gif\" alt=\"Escola-antiga-1\" width=\"250\" height=\"166\" srcset=\"https:\/\/agora.xtec.cat\/ceip-nostra-llar\/wp-content\/uploads\/usu1055\/2014\/09\/Escola-antiga-1-e1471430612511-300x199.gif 300w, https:\/\/agora.xtec.cat\/ceip-nostra-llar\/wp-content\/uploads\/usu1055\/2014\/09\/Escola-antiga-1-e1471430612511-768x510.gif 768w\" sizes=\"auto, (max-width: 250px) 100vw, 250px\" \/><\/a><figcaption class=\"wp-caption-text\"><sub>Carrer l&#8217;Estrella 5<\/sub><\/figcaption><\/figure>\n<p>Al 1978 es constitueix el Col\u00b7lectiu d&#8217;Escoles per l&#8217;Escola P\u00fablica Catalana, el CEPEPC, una entitat democr\u00e0tica, independent, unit\u00e0ria i pluralista amb un \u00e0mbit d&#8217;actuaci\u00f3 id\u00e8ntic al de la Generalitat de Catalunya. A Sabadell, any 1979, son varies les escoles que en formen part, l&#8217;escola Narcisa Freixas, Ribatallada, Joanot Alisanda i Nostra Llar. Durant els seg\u00fcents anys aquest col\u00b7lectiu lluitar\u00e0 per integra-se dins la xarxa d&#8217;escoles p\u00fabliques de Catalunya.\u00a0Nostra Llar ho aconseguir\u00e0 a l&#8217;any 1987.<\/p>\n<p>&nbsp;<\/p>\n<p>&nbsp;<\/p>\n<figure class=\"figure wp-caption alignleft\"><img loading=\"lazy\" decoding=\"async\" src=\"https:\/\/ca.sabadell.cat\/fitxes\/XML\/Internet\/Directori\/Documents\/Ceip-Nostra-Llar.jpg\" alt=\"Serveis\" width=\"251\" height=\"166\" \/><figcaption class=\"wp-caption-text\"><sub>Carrer Calder\u00f3n<\/sub><\/figcaption><\/figure>\n<p>Durant tots aquests anys l\u2019escola canvia de domicili dues vegades, fins al 2006 que es construeix l\u2019escola al carrer Calder\u00f3n, 143 on est\u00e0 actualment.<\/p>\n<p>Per\u00f2 l\u2019escola \u00e9s all\u00f2 m\u00e9s que un edifici, \u00e9s la voluntat de molts professionals que al llarg de la seva hist\u00f2ria han marcat una l\u00ednia de treball, d\u2019innovaci\u00f3, de normalitzaci\u00f3 dels ideals de llibertat i\u00a0defensa d\u2019una escol\u00e0 p\u00fablica i catalana.<\/p>\n<p>&nbsp;<\/p>\n<p>&nbsp;<\/p>\n","protected":false},"excerpt":{"rendered":"<p>L&#8217;origen de la que \u00e9s avui dia l&#8217;Escola Nostra Llar es remunta a l&#8217;any 1939 quan en Josep Vall Sabata habilita un espai per donar classes al domicili particular situat al carrer Gurrea 27. En un primer moment l\u2019objectiu \u00e9s modest, per\u00f2 en l\u00ednia al&hellip;  <a href=\"https:\/\/agora.xtec.cat\/ceip-nostra-llar\/lescola-2\/historia\/\" title=\"Read Els inicis\">Llegeix m\u00e9s\u00bb<\/a><\/p>\n","protected":false},"author":1,"featured_media":0,"parent":12179,"menu_order":1,"comment_status":"closed","ping_status":"closed","template":"page-templates\/side-menu.php","meta":{"_bbp_topic_count":0,"_bbp_reply_count":0,"_bbp_total_topic_count":0,"_bbp_total_reply_count":0,"_bbp_voice_count":0,"_bbp_anonymous_reply_count":0,"_bbp_topic_count_hidden":0,"_bbp_reply_count_hidden":0,"_bbp_forum_subforum_count":0,"footnotes":""},"class_list":["post-26","page","type-page","status-publish","hentry"],"post_mailing_queue_ids":[],"_links":{"self":[{"href":"https:\/\/agora.xtec.cat\/ceip-nostra-llar\/wp-json\/wp\/v2\/pages\/26","targetHints":{"allow":["GET"]}}],"collection":[{"href":"https:\/\/agora.xtec.cat\/ceip-nostra-llar\/wp-json\/wp\/v2\/pages"}],"about":[{"href":"https:\/\/agora.xtec.cat\/ceip-nostra-llar\/wp-json\/wp\/v2\/types\/page"}],"author":[{"embeddable":true,"href":"https:\/\/agora.xtec.cat\/ceip-nostra-llar\/wp-json\/wp\/v2\/users\/1"}],"replies":[{"embeddable":true,"href":"https:\/\/agora.xtec.cat\/ceip-nostra-llar\/wp-json\/wp\/v2\/comments?post=26"}],"version-history":[{"count":5,"href":"https:\/\/agora.xtec.cat\/ceip-nostra-llar\/wp-json\/wp\/v2\/pages\/26\/revisions"}],"predecessor-version":[{"id":5803,"href":"https:\/\/agora.xtec.cat\/ceip-nostra-llar\/wp-json\/wp\/v2\/pages\/26\/revisions\/5803"}],"up":[{"embeddable":true,"href":"https:\/\/agora.xtec.cat\/ceip-nostra-llar\/wp-json\/wp\/v2\/pages\/12179"}],"wp:attachment":[{"href":"https:\/\/agora.xtec.cat\/ceip-nostra-llar\/wp-json\/wp\/v2\/media?parent=26"}],"curies":[{"name":"wp","href":"https:\/\/api.w.org\/{rel}","templated":true}]}}