{"id":12809,"date":"2025-06-17T13:30:43","date_gmt":"2025-06-17T11:30:43","guid":{"rendered":"https:\/\/agora.xtec.cat\/ceip-nostra-llar\/?page_id=12809"},"modified":"2025-06-17T13:32:01","modified_gmt":"2025-06-17T11:32:01","slug":"equips-per-la-convivencia","status":"publish","type":"page","link":"https:\/\/agora.xtec.cat\/ceip-nostra-llar\/lescola-2\/instal%c2%b7lacions\/equips-per-la-convivencia\/","title":{"rendered":"Equips per la conviv\u00e8ncia"},"content":{"rendered":"<p><a href=\"https:\/\/agora.xtec.cat\/ceip-nostra-llar\/wp-content\/uploads\/usu1055\/2025\/06\/IMG_0457-3.jpeg\"><img loading=\"lazy\" decoding=\"async\" class=\"wp-image-12730 alignleft\" src=\"https:\/\/agora.xtec.cat\/ceip-nostra-llar\/wp-content\/uploads\/usu1055\/2025\/06\/IMG_0457-3.jpeg\" alt=\"\" width=\"308\" height=\"411\" srcset=\"https:\/\/agora.xtec.cat\/ceip-nostra-llar\/wp-content\/uploads\/usu1055\/2025\/06\/IMG_0457-3.jpeg 708w, https:\/\/agora.xtec.cat\/ceip-nostra-llar\/wp-content\/uploads\/usu1055\/2025\/06\/IMG_0457-3-225x300.jpeg 225w\" sizes=\"auto, (max-width: 308px) 100vw, 308px\" \/><\/a>Aquest curs posem en marxa amb els alumnes de 6\u00e8 el projecte\u00a0<strong>\u201cSocietat per la conviv\u00e8nci<\/strong>a\u201d. Aquest projecte neix dins del programa\u00a0<em>Aqu\u00ed prou bullying<\/em>\u00a0i t\u00e9 com a objectiu fomentar el benestar emocional de tots els infants i fer de l\u2019escola un espai segur i acollidor per a tothom.<\/p>\n<p>Els nens i nenes que formen part d\u2019aquest equip han rebut na formaci\u00f3 espec\u00edfica i tenen un paper important en la conviv\u00e8ncia del centre:<\/p>\n<ul>\n<li><strong>Ajuden a garantir el benestar emocional<\/strong>\u00a0dels seus companys i companyes.<\/li>\n<li><strong>Col.laboren amb els mestres<\/strong>\u00a0per posar en marxa i donar continu\u00eftat a diferents din\u00e0miques de conviv\u00e8ncia.<\/li>\n<li><strong>Observen les interaccions<\/strong>\u00a0als diferents espais de l\u2019escola per identificar situacions i actuar segons la formaci\u00f3 rebuda.<\/li>\n<li><strong>Acompanyen en la gesti\u00f3 d\u2019emocions i en la resoluci\u00f3 de conflictes<\/strong>\u00a0quan sigui necessari.<\/li>\n<\/ul>\n<p>Cada 15 dies al vest\u00edbul de l\u2019escola trobareu un mural amb els infants que formen part de l\u2019<strong>EQUIP DE CONVIV\u00c8NCIA,<\/strong>\u00a0aix\u00ed com informaci\u00f3 sobre el seu paper dins l\u2019escola.<\/p>\n<p>Amb aquest projecte, volem implicar a tota la comunitat educativa per fer de l\u2019<strong>escola un lloc tothom se senti escoltat, respectat i a gust.<\/strong><\/p>\n","protected":false},"excerpt":{"rendered":"<p><a href=\"https:\/\/agora.xtec.cat\/ceip-nostra-llar\/wp-content\/uploads\/usu1055\/2025\/06\/IMG_0457-3.jpeg\"><\/a>Aquest curs posem en marxa amb els alumnes de 6\u00e8 el projecte\u00a0\u201cSocietat per la conviv\u00e8ncia\u201d. Aquest projecte neix dins del programa\u00a0Aqu\u00ed prou bullying\u00a0i t\u00e9 com a objectiu fomentar el benestar emocional de tots els infants i fer de l\u2019escola un espai segur i acollidor&hellip;  <a href=\"https:\/\/agora.xtec.cat\/ceip-nostra-llar\/lescola-2\/instal%c2%b7lacions\/equips-per-la-convivencia\/\" title=\"Read Equips per la conviv\u00e8ncia\">Llegeix m\u00e9s\u00bb<\/a><\/p>\n","protected":false},"author":56,"featured_media":0,"parent":30,"menu_order":5,"comment_status":"closed","ping_status":"closed","template":"page-templates\/side-menu.php","meta":{"_bbp_topic_count":0,"_bbp_reply_count":0,"_bbp_total_topic_count":0,"_bbp_total_reply_count":0,"_bbp_voice_count":0,"_bbp_anonymous_reply_count":0,"_bbp_topic_count_hidden":0,"_bbp_reply_count_hidden":0,"_bbp_forum_subforum_count":0,"footnotes":""},"class_list":["post-12809","page","type-page","status-publish","hentry"],"post_mailing_queue_ids":[],"_links":{"self":[{"href":"https:\/\/agora.xtec.cat\/ceip-nostra-llar\/wp-json\/wp\/v2\/pages\/12809","targetHints":{"allow":["GET"]}}],"collection":[{"href":"https:\/\/agora.xtec.cat\/ceip-nostra-llar\/wp-json\/wp\/v2\/pages"}],"about":[{"href":"https:\/\/agora.xtec.cat\/ceip-nostra-llar\/wp-json\/wp\/v2\/types\/page"}],"author":[{"embeddable":true,"href":"https:\/\/agora.xtec.cat\/ceip-nostra-llar\/wp-json\/wp\/v2\/users\/56"}],"replies":[{"embeddable":true,"href":"https:\/\/agora.xtec.cat\/ceip-nostra-llar\/wp-json\/wp\/v2\/comments?post=12809"}],"version-history":[{"count":5,"href":"https:\/\/agora.xtec.cat\/ceip-nostra-llar\/wp-json\/wp\/v2\/pages\/12809\/revisions"}],"predecessor-version":[{"id":12815,"href":"https:\/\/agora.xtec.cat\/ceip-nostra-llar\/wp-json\/wp\/v2\/pages\/12809\/revisions\/12815"}],"up":[{"embeddable":true,"href":"https:\/\/agora.xtec.cat\/ceip-nostra-llar\/wp-json\/wp\/v2\/pages\/30"}],"wp:attachment":[{"href":"https:\/\/agora.xtec.cat\/ceip-nostra-llar\/wp-json\/wp\/v2\/media?parent=12809"}],"curies":[{"name":"wp","href":"https:\/\/api.w.org\/{rel}","templated":true}]}}