{"id":12281,"date":"2025-01-27T14:20:09","date_gmt":"2025-01-27T13:20:09","guid":{"rendered":"https:\/\/agora.xtec.cat\/ceip-nostra-llar\/?page_id=12281"},"modified":"2025-06-14T10:42:01","modified_gmt":"2025-06-14T08:42:01","slug":"padrins-i-fillols","status":"publish","type":"page","link":"https:\/\/agora.xtec.cat\/ceip-nostra-llar\/lescola-2\/instal%c2%b7lacions\/padrins-i-fillols\/","title":{"rendered":"Padrins i fillols"},"content":{"rendered":"<p><a href=\"https:\/\/agora.xtec.cat\/ceip-nostra-llar\/wp-content\/uploads\/usu1055\/2025\/01\/006.jpg\"><img loading=\"lazy\" decoding=\"async\" class=\"wp-image-12120 alignleft\" src=\"https:\/\/agora.xtec.cat\/ceip-nostra-llar\/wp-content\/uploads\/usu1055\/2025\/01\/006-300x200.jpg\" sizes=\"auto, (max-width: 523px) 100vw, 523px\" srcset=\"https:\/\/agora.xtec.cat\/ceip-nostra-llar\/wp-content\/uploads\/usu1055\/2025\/01\/006-300x200.jpg 300w, https:\/\/agora.xtec.cat\/ceip-nostra-llar\/wp-content\/uploads\/usu1055\/2025\/01\/006-1024x683.jpg 1024w, https:\/\/agora.xtec.cat\/ceip-nostra-llar\/wp-content\/uploads\/usu1055\/2025\/01\/006-768x512.jpg 768w, https:\/\/agora.xtec.cat\/ceip-nostra-llar\/wp-content\/uploads\/usu1055\/2025\/01\/006.jpg 1329w\" alt=\"\" width=\"523\" height=\"348\" \/><\/a><\/p>\n<p>El projecte de padrins i fillols combina de manera exemplar dos eixos clau en l\u2019educaci\u00f3: l\u2019\u00e0mbit curricular i el social. Aquesta iniciativa no nom\u00e9s afavoreix l\u2019aprenentatge de la lectura, sin\u00f3 que tamb\u00e9 impulsa la col\u00b7laboraci\u00f3 i l\u2019ensenyament mutu entre alumnes de diferents edats, enriquint la conviv\u00e8ncia escolar.<\/p>\n<h3><strong>Un vincle educatiu que perdura<\/strong><\/h3>\n<p>El programa es desenvolupa durant dos cursos acad\u00e8mics, iniciant-se amb els alumnes d\u2019I-4 (fillols) i els de 5\u00e8 (padrins). Aquesta relaci\u00f3 es consolida fins que els fillols arriben a I-5 i els padrins cursen 6\u00e8. Aquesta continu\u00eftat permet establir vincles s\u00f2lids i significatius, afavorint tant el desenvolupament personal com el social dels participants.<\/p>\n<h3><strong>Lectura compartida: foment de l\u2019h\u00e0bit lector<\/strong><\/h3>\n<p>Durant el curs, es programen sessions de lectura on padrins i fillols comparteixen un temps valu\u00f3s al voltant d\u2019un llibre. Aquestes trobades no nom\u00e9s fomenten l\u2019h\u00e0bit lector i la comprensi\u00f3 lectora, sin\u00f3 que tamb\u00e9 potencien la interacci\u00f3 entre alumnes de diferents nivells educatius, enriquint el seu aprenentatge i les seves habilitats socials.<\/p>\n<h3><strong>Un comiat ple d\u2019emoci\u00f3<\/strong><\/h3>\n<p>Un dels moments m\u00e9s commovedors del projecte arriba quan els alumnes de 6\u00e8 finalitzen la seva etapa escolar. Els seus fillols els acomiaden amb un acte especial que simbolitza el reconeixement a la implicaci\u00f3 i dedicaci\u00f3 dels padrins. Aquesta cerim\u00f2nia no nom\u00e9s posa en valor la relaci\u00f3 establerta, sin\u00f3 que tamb\u00e9 deixa una petjada emocional inesborrable en tots els participants.<\/p>\n<p>El projecte de padrins i fillols \u00e9s molt m\u00e9s que una activitat educativa: \u00e9s una experi\u00e8ncia que enforteix vincles, promou valors essencials i crea records que perduren en el temps.<\/p>\n","protected":false},"excerpt":{"rendered":"<p><a href=\"https:\/\/agora.xtec.cat\/ceip-nostra-llar\/wp-content\/uploads\/usu1055\/2025\/01\/006.jpg\"><\/a><br \/>\nEl projecte de padrins i fillols combina de manera exemplar dos eixos clau en l\u2019educaci\u00f3: l\u2019\u00e0mbit curricular i el social. Aquesta iniciativa no nom\u00e9s afavoreix l\u2019aprenentatge de la lectura, sin\u00f3 que tamb\u00e9 impulsa la col\u00b7laboraci\u00f3 i l\u2019ensenyament mutu entre alumnes de diferents edats, enriquint&hellip;  <a href=\"https:\/\/agora.xtec.cat\/ceip-nostra-llar\/lescola-2\/instal%c2%b7lacions\/padrins-i-fillols\/\" title=\"Read Padrins i fillols\">Llegeix m\u00e9s\u00bb<\/a><\/p>\n","protected":false},"author":56,"featured_media":0,"parent":30,"menu_order":4,"comment_status":"closed","ping_status":"closed","template":"page-templates\/side-menu.php","meta":{"_bbp_topic_count":0,"_bbp_reply_count":0,"_bbp_total_topic_count":0,"_bbp_total_reply_count":0,"_bbp_voice_count":0,"_bbp_anonymous_reply_count":0,"_bbp_topic_count_hidden":0,"_bbp_reply_count_hidden":0,"_bbp_forum_subforum_count":0,"footnotes":""},"class_list":["post-12281","page","type-page","status-publish","hentry"],"post_mailing_queue_ids":[],"_links":{"self":[{"href":"https:\/\/agora.xtec.cat\/ceip-nostra-llar\/wp-json\/wp\/v2\/pages\/12281","targetHints":{"allow":["GET"]}}],"collection":[{"href":"https:\/\/agora.xtec.cat\/ceip-nostra-llar\/wp-json\/wp\/v2\/pages"}],"about":[{"href":"https:\/\/agora.xtec.cat\/ceip-nostra-llar\/wp-json\/wp\/v2\/types\/page"}],"author":[{"embeddable":true,"href":"https:\/\/agora.xtec.cat\/ceip-nostra-llar\/wp-json\/wp\/v2\/users\/56"}],"replies":[{"embeddable":true,"href":"https:\/\/agora.xtec.cat\/ceip-nostra-llar\/wp-json\/wp\/v2\/comments?post=12281"}],"version-history":[{"count":1,"href":"https:\/\/agora.xtec.cat\/ceip-nostra-llar\/wp-json\/wp\/v2\/pages\/12281\/revisions"}],"predecessor-version":[{"id":12282,"href":"https:\/\/agora.xtec.cat\/ceip-nostra-llar\/wp-json\/wp\/v2\/pages\/12281\/revisions\/12282"}],"up":[{"embeddable":true,"href":"https:\/\/agora.xtec.cat\/ceip-nostra-llar\/wp-json\/wp\/v2\/pages\/30"}],"wp:attachment":[{"href":"https:\/\/agora.xtec.cat\/ceip-nostra-llar\/wp-json\/wp\/v2\/media?parent=12281"}],"curies":[{"name":"wp","href":"https:\/\/api.w.org\/{rel}","templated":true}]}}