{"id":12276,"date":"2025-01-27T14:18:19","date_gmt":"2025-01-27T13:18:19","guid":{"rendered":"https:\/\/agora.xtec.cat\/ceip-nostra-llar\/?page_id=12276"},"modified":"2025-01-27T14:18:47","modified_gmt":"2025-01-27T13:18:47","slug":"projectes-solidaris","status":"publish","type":"page","link":"https:\/\/agora.xtec.cat\/ceip-nostra-llar\/lescola-2\/instal%c2%b7lacions\/projectes-solidaris\/","title":{"rendered":"Projectes solidaris"},"content":{"rendered":"<div><a href=\"https:\/\/agora.xtec.cat\/ceip-nostra-llar\/wp-content\/uploads\/usu1055\/2024\/01\/IMG_6386.jpg\"><img loading=\"lazy\" decoding=\"async\" class=\"wp-image-11158 alignleft\" src=\"https:\/\/agora.xtec.cat\/ceip-nostra-llar\/wp-content\/uploads\/usu1055\/2024\/01\/IMG_6386-300x183.jpg\" sizes=\"auto, (max-width: 552px) 100vw, 552px\" srcset=\"https:\/\/agora.xtec.cat\/ceip-nostra-llar\/wp-content\/uploads\/usu1055\/2024\/01\/IMG_6386-300x183.jpg 300w, https:\/\/agora.xtec.cat\/ceip-nostra-llar\/wp-content\/uploads\/usu1055\/2024\/01\/IMG_6386-1024x625.jpg 1024w, https:\/\/agora.xtec.cat\/ceip-nostra-llar\/wp-content\/uploads\/usu1055\/2024\/01\/IMG_6386-768x469.jpg 768w, https:\/\/agora.xtec.cat\/ceip-nostra-llar\/wp-content\/uploads\/usu1055\/2024\/01\/IMG_6386-1536x938.jpg 1536w, https:\/\/agora.xtec.cat\/ceip-nostra-llar\/wp-content\/uploads\/usu1055\/2024\/01\/IMG_6386-2048x1251.jpg 2048w\" alt=\"\" width=\"552\" height=\"336\" \/><\/a><\/div>\n<div><\/div>\n<div><\/div>\n<div><\/div>\n<div><\/div>\n<div><\/div>\n<div><\/div>\n<div><\/div>\n<div><\/div>\n<div><\/div>\n<div><\/div>\n<div><\/div>\n<div><\/div>\n<div><\/div>\n<div><\/div>\n<div><\/div>\n<div><\/div>\n<div><\/div>\n<div><\/div>\n<div><\/div>\n<div><\/div>\n<div><\/div>\n<div><\/div>\n<div><\/div>\n<div class=\"basic_text_peq pd-15 pd-30\">\n<p>A la nostra escola, no concebem la formaci\u00f3 de l&#8217;alumnat sense integrar-hi l&#8217;educaci\u00f3 en valors. Creiem fermament que fomentar l&#8217;esperit cr\u00edtic i la corresponsabilitat \u00e9s essencial per fer-nos conscients del nostre comprom\u00eds amb un m\u00f3n millor. Aquest comprom\u00eds es manifesta a trav\u00e9s de la responsabilitat que cadasc\u00fa assumeix en els diferents projectes que duem a terme.<\/p>\n<p>Des de fa anys, l\u2019escola ha impulsat nombrosos projectes solidaris amb l\u2019objectiu de despertar en els nostres alumnes una mirada cr\u00edtica i compromesa amb la societat. Un dels projectes m\u00e9s consolidats \u00e9s <strong>Regala el teu temps<\/strong>, en el qual mestres i alumnes participen com a voluntaris en el Gran Recapte durant el mes de desembre i al Rebost Solidari al juny.<\/p>\n<p>A m\u00e9s, durant el curs escolar es realitzen diverses activitats solid\u00e0ries, com ara:<\/p>\n<ul>\n<li>La participaci\u00f3 a la Marat\u00f3 de TV3.<\/li>\n<li>La cantata de Nadales a la resid\u00e8ncia d\u2019avis del barri.<\/li>\n<li>Una tarda d\u2019activitats a l\u2019AVAN (Associaci\u00f3 Vall\u00e8s Amics de la Neurologia).<\/li>\n<li>L\u2019organitzaci\u00f3 d\u2019un berenar solidari.<\/li>\n<li>La venda de llibres de Sant Jordi per recaptar fons per a una ONG a determinar.<\/li>\n<\/ul>\n<p>Amb aquestes iniciatives, l\u2019escola vol contribuir a formar persones conscients, solid\u00e0ries i compromeses amb la construcci\u00f3 d\u2019un m\u00f3n m\u00e9s just i equitatiu.<\/p>\n<\/div>\n","protected":false},"excerpt":{"rendered":"<p><a href=\"https:\/\/agora.xtec.cat\/ceip-nostra-llar\/wp-content\/uploads\/usu1055\/2024\/01\/IMG_6386.jpg\"><\/a><\/p>\n<p>A la nostra escola, no concebem la formaci\u00f3 de l&#8217;alumnat sense integrar-hi l&#8217;educaci\u00f3 en valors. Creiem fermament que fomentar l&#8217;esperit cr\u00edtic i la corresponsabilitat \u00e9s essencial per fer-nos conscients del nostre comprom\u00eds amb un m\u00f3n millor. Aquest comprom\u00eds es manifesta a trav\u00e9s de la&hellip;  <a href=\"https:\/\/agora.xtec.cat\/ceip-nostra-llar\/lescola-2\/instal%c2%b7lacions\/projectes-solidaris\/\" title=\"Read Projectes solidaris\">Llegeix m\u00e9s\u00bb<\/a><\/p>\n","protected":false},"author":56,"featured_media":0,"parent":30,"menu_order":3,"comment_status":"closed","ping_status":"closed","template":"page-templates\/side-menu.php","meta":{"_bbp_topic_count":0,"_bbp_reply_count":0,"_bbp_total_topic_count":0,"_bbp_total_reply_count":0,"_bbp_voice_count":0,"_bbp_anonymous_reply_count":0,"_bbp_topic_count_hidden":0,"_bbp_reply_count_hidden":0,"_bbp_forum_subforum_count":0,"footnotes":""},"class_list":["post-12276","page","type-page","status-publish","hentry"],"post_mailing_queue_ids":[],"_links":{"self":[{"href":"https:\/\/agora.xtec.cat\/ceip-nostra-llar\/wp-json\/wp\/v2\/pages\/12276","targetHints":{"allow":["GET"]}}],"collection":[{"href":"https:\/\/agora.xtec.cat\/ceip-nostra-llar\/wp-json\/wp\/v2\/pages"}],"about":[{"href":"https:\/\/agora.xtec.cat\/ceip-nostra-llar\/wp-json\/wp\/v2\/types\/page"}],"author":[{"embeddable":true,"href":"https:\/\/agora.xtec.cat\/ceip-nostra-llar\/wp-json\/wp\/v2\/users\/56"}],"replies":[{"embeddable":true,"href":"https:\/\/agora.xtec.cat\/ceip-nostra-llar\/wp-json\/wp\/v2\/comments?post=12276"}],"version-history":[{"count":2,"href":"https:\/\/agora.xtec.cat\/ceip-nostra-llar\/wp-json\/wp\/v2\/pages\/12276\/revisions"}],"predecessor-version":[{"id":12278,"href":"https:\/\/agora.xtec.cat\/ceip-nostra-llar\/wp-json\/wp\/v2\/pages\/12276\/revisions\/12278"}],"up":[{"embeddable":true,"href":"https:\/\/agora.xtec.cat\/ceip-nostra-llar\/wp-json\/wp\/v2\/pages\/30"}],"wp:attachment":[{"href":"https:\/\/agora.xtec.cat\/ceip-nostra-llar\/wp-json\/wp\/v2\/media?parent=12276"}],"curies":[{"name":"wp","href":"https:\/\/api.w.org\/{rel}","templated":true}]}}