{"id":73,"date":"2014-09-18T14:01:51","date_gmt":"2014-09-18T13:01:51","guid":{"rendered":"http:\/\/agora.xtec.cat\/ceip-montserrat\/?page_id=73"},"modified":"2026-02-05T21:09:02","modified_gmt":"2026-02-05T20:09:02","slug":"menjador-escolar","status":"publish","type":"page","link":"https:\/\/agora.xtec.cat\/ceip-montserrat\/serveis\/menjador-escolar\/","title":{"rendered":"Menjador escolar"},"content":{"rendered":"<p><a href=\"http:\/\/agora.xtec.cat\/ceip-montserrat\/wp-content\/uploads\/usu1311\/2014\/09\/menjador-escolar.jpg\"><img loading=\"lazy\" decoding=\"async\" class=\"alignnone wp-image-835\" src=\"http:\/\/agora.xtec.cat\/ceip-montserrat\/wp-content\/uploads\/usu1311\/2014\/09\/menjador-escolar.jpg\" alt=\"menjador-escolar\" width=\"308\" height=\"58\" srcset=\"https:\/\/agora.xtec.cat\/ceip-montserrat\/wp-content\/uploads\/usu1311\/2014\/09\/menjador-escolar.jpg 319w, https:\/\/agora.xtec.cat\/ceip-montserrat\/wp-content\/uploads\/usu1311\/2014\/09\/menjador-escolar-300x56.jpg 300w\" sizes=\"auto, (max-width: 308px) 100vw, 308px\" \/><\/a><a href=\"https:\/\/agora.xtec.cat\/ceip-montserrat\/wp-content\/uploads\/usu1311\/2022\/03\/AFA_Logo_DColor_page-0001.jpg\"><img loading=\"lazy\" decoding=\"async\" class=\"wp-image-6338 alignright\" src=\"https:\/\/agora.xtec.cat\/ceip-montserrat\/wp-content\/uploads\/usu1311\/2022\/03\/AFA_Logo_DColor_page-0001.jpg\" alt=\"\" width=\"177\" height=\"196\" srcset=\"https:\/\/agora.xtec.cat\/ceip-montserrat\/wp-content\/uploads\/usu1311\/2022\/03\/AFA_Logo_DColor_page-0001.jpg 551w, https:\/\/agora.xtec.cat\/ceip-montserrat\/wp-content\/uploads\/usu1311\/2022\/03\/AFA_Logo_DColor_page-0001-271x300.jpg 271w\" sizes=\"auto, (max-width: 177px) 100vw, 177px\" \/><\/a><\/p>\n<p>L&#8217;AFA amb col\u00b7laboraci\u00f3 de l&#8217;Escola, gestiona el Servei de Menjador del centre.<\/p>\n<p>L&#8217;empresa <em><strong>Fundaci\u00f3 Pere Tarr\u00e9s <\/strong><\/em>juntament amb la col\u00b7laboraci\u00f3 de <em><strong>Cuinetik<\/strong><\/em>, assumeix la gesti\u00f3 del servei de cuina, prove\u00efdors i monitoratge.<\/p>\n<p><a href=\"https:\/\/agora.xtec.cat\/ceip-montserrat\/wp-content\/uploads\/usu1311\/2019\/09\/fundaci\u00f3-pere-tarres-logo.jpg\"><img loading=\"lazy\" decoding=\"async\" class=\"wp-image-4659 alignnone\" src=\"https:\/\/agora.xtec.cat\/ceip-montserrat\/wp-content\/uploads\/usu1311\/2019\/09\/fundaci\u00f3-pere-tarres-logo-1024x307.jpg\" alt=\"\" width=\"150\" height=\"45\" srcset=\"https:\/\/agora.xtec.cat\/ceip-montserrat\/wp-content\/uploads\/usu1311\/2019\/09\/fundaci\u00f3-pere-tarres-logo-1024x307.jpg 1024w, https:\/\/agora.xtec.cat\/ceip-montserrat\/wp-content\/uploads\/usu1311\/2019\/09\/fundaci\u00f3-pere-tarres-logo-300x90.jpg 300w, https:\/\/agora.xtec.cat\/ceip-montserrat\/wp-content\/uploads\/usu1311\/2019\/09\/fundaci\u00f3-pere-tarres-logo-768x230.jpg 768w, https:\/\/agora.xtec.cat\/ceip-montserrat\/wp-content\/uploads\/usu1311\/2019\/09\/fundaci\u00f3-pere-tarres-logo.jpg 1181w\" sizes=\"auto, (max-width: 150px) 100vw, 150px\" \/><\/a><a href=\"https:\/\/agora.xtec.cat\/ceip-montserrat\/wp-content\/uploads\/usu1311\/2026\/02\/Cuinetik.jpeg\"><img loading=\"lazy\" decoding=\"async\" class=\"alignnone wp-image-8134\" src=\"https:\/\/agora.xtec.cat\/ceip-montserrat\/wp-content\/uploads\/usu1311\/2026\/02\/Cuinetik.jpeg\" alt=\"\" width=\"113\" height=\"37\" srcset=\"https:\/\/agora.xtec.cat\/ceip-montserrat\/wp-content\/uploads\/usu1311\/2026\/02\/Cuinetik.jpeg 553w, https:\/\/agora.xtec.cat\/ceip-montserrat\/wp-content\/uploads\/usu1311\/2026\/02\/Cuinetik-300x99.jpeg 300w\" sizes=\"auto, (max-width: 113px) 100vw, 113px\" \/><\/a><\/p>\n<p>A l\u2019escola disposem de menjador escolar amb cuina pr\u00f2pia, al qual s\u2019hi poden acollir tots els infants que ho desitgin.<\/p>\n<h5>Hi ha dos <span style=\"text-decoration: underline;\"><strong>torns de dinar<\/strong><\/span> :<\/h5>\n<p>* <strong>1r torn<\/strong> (a les 12:30h) &#8230;&#8230; D\u2019educaci\u00f3 Infantil a 3rA<br \/>\n* <strong>2n torn<\/strong> (a les 13:30h) &#8230;&#8230; De 3rB a 6\u00e8 de prim\u00e0ria<\/p>\n<p>El personal responsable de l\u2019estona de migdia est\u00e0 format per monitors i monitores especialitzats\/des i una coordinadora que \u00e9s, al mateix temps, l\u2019encarregada general del menjador.<\/p>\n<p>Tots els grups estan atesos en tot moment per aquest personal. A part de garantir una alimentaci\u00f3 adequada, el servei de menjador escolar t\u00e9 com a objectiu principal potenciar que els nens i nenes que en fan \u00fas adquireixin uns bons h\u00e0bits, tant higi\u00e8nics com de conviv\u00e8ncia, d\u2019alimentaci\u00f3 i de lleure.<\/p>\n<p>Partint d\u2019aquest punt, dividim la intervenci\u00f3 del servei en dos vessants:<br \/>\n* El servei d\u2019alimentaci\u00f3<br \/>\n* El servei d\u2019educaci\u00f3 en el temps de lleure<\/p>\n<p>L\u2019estona d\u2019esbarjo un cop han acabat de dinar est\u00e0 dedicada a diferents activitats.<\/p>\n<p>&nbsp;<\/p>\n<h4><span style=\"color: #0000ff;\">INFORMACI\u00d3 A LES FAM\u00cdLIES\u00a0<\/span><\/h4>\n<p>&nbsp;<\/p>\n<p><strong>EDUCACI\u00d3 INFANTIL: Agenda infantil menjador\u00a0<\/strong><\/p>\n<p>&#8211; Alumnat d&#8217;I3, I4 i I5: Les fam\u00edlies reben cada dia informaci\u00f3 esquem\u00e0tica del dinar i de la migdiada mitjan\u00e7ant l&#8217;aplicaci\u00f3 Dinantia.<\/p>\n<p><strong>PRIM\u00c0RIA:<\/strong><br \/>\n&#8211; Informe Trimestral: \u00c9s unidireccional i de periodicitat trimestral.<\/p>\n<p>A comen\u00e7ament de cada mes enviarem a les fam\u00edlies el men\u00fa basal per Dinantia (com a mesura de protecci\u00f3 al medi ambient) i, a aquells infants que tinguin algun tipus d\u2019al\u00b7l\u00e8rgia i\/o intoler\u00e0ncia (justificada amb certificat m\u00e8dic) se li enviar\u00e0 tamb\u00e9 un men\u00fa personalitzat sense els aliments que no pugui menjar.<\/p>\n","protected":false},"excerpt":{"rendered":"<p><a href=\"http:\/\/agora.xtec.cat\/ceip-montserrat\/wp-content\/uploads\/usu1311\/2014\/09\/menjador-escolar.jpg\"><\/a><a href=\"https:\/\/agora.xtec.cat\/ceip-montserrat\/wp-content\/uploads\/usu1311\/2022\/03\/AFA_Logo_DColor_page-0001.jpg\"><\/a><br \/>\nL&#8217;AFA amb col\u00b7laboraci\u00f3 de l&#8217;Escola, gestiona el Servei de Menjador del centre.<br \/>\nL&#8217;empresa Fundaci\u00f3 Pere Tarr\u00e9s juntament amb la col\u00b7laboraci\u00f3 de Cuinetik, assumeix la gesti\u00f3 del servei de cuina, prove\u00efdors i monitoratge.<br \/>\n<a href=\"https:\/\/agora.xtec.cat\/ceip-montserrat\/wp-content\/uploads\/usu1311\/2019\/09\/fundaci\u00f3-pere-tarres-logo.jpg\"><\/a><a href=\"https:\/\/agora.xtec.cat\/ceip-montserrat\/wp-content\/uploads\/usu1311\/2026\/02\/Cuinetik.jpeg\"><\/a><br \/>\nA l\u2019escola disposem de menjador escolar amb cuina pr\u00f2pia, al qual&hellip;  <a href=\"https:\/\/agora.xtec.cat\/ceip-montserrat\/serveis\/menjador-escolar\/\" title=\"Read Menjador escolar\">Llegeix m\u00e9s\u00bb<\/a><\/p>\n","protected":false},"author":1,"featured_media":0,"parent":66,"menu_order":30,"comment_status":"closed","ping_status":"closed","template":"page-templates\/side-menu.php","meta":{"_bbp_topic_count":0,"_bbp_reply_count":0,"_bbp_total_topic_count":0,"_bbp_total_reply_count":0,"_bbp_voice_count":0,"_bbp_anonymous_reply_count":0,"_bbp_topic_count_hidden":0,"_bbp_reply_count_hidden":0,"_bbp_forum_subforum_count":0,"footnotes":""},"class_list":["post-73","page","type-page","status-publish","hentry"],"post_mailing_queue_ids":[],"_links":{"self":[{"href":"https:\/\/agora.xtec.cat\/ceip-montserrat\/wp-json\/wp\/v2\/pages\/73","targetHints":{"allow":["GET"]}}],"collection":[{"href":"https:\/\/agora.xtec.cat\/ceip-montserrat\/wp-json\/wp\/v2\/pages"}],"about":[{"href":"https:\/\/agora.xtec.cat\/ceip-montserrat\/wp-json\/wp\/v2\/types\/page"}],"author":[{"embeddable":true,"href":"https:\/\/agora.xtec.cat\/ceip-montserrat\/wp-json\/wp\/v2\/users\/1"}],"replies":[{"embeddable":true,"href":"https:\/\/agora.xtec.cat\/ceip-montserrat\/wp-json\/wp\/v2\/comments?post=73"}],"version-history":[{"count":6,"href":"https:\/\/agora.xtec.cat\/ceip-montserrat\/wp-json\/wp\/v2\/pages\/73\/revisions"}],"predecessor-version":[{"id":8136,"href":"https:\/\/agora.xtec.cat\/ceip-montserrat\/wp-json\/wp\/v2\/pages\/73\/revisions\/8136"}],"up":[{"embeddable":true,"href":"https:\/\/agora.xtec.cat\/ceip-montserrat\/wp-json\/wp\/v2\/pages\/66"}],"wp:attachment":[{"href":"https:\/\/agora.xtec.cat\/ceip-montserrat\/wp-json\/wp\/v2\/media?parent=73"}],"curies":[{"name":"wp","href":"https:\/\/api.w.org\/{rel}","templated":true}]}}