{"id":649,"date":"2016-11-10T23:14:17","date_gmt":"2016-11-10T22:14:17","guid":{"rendered":"http:\/\/agora.xtec.cat\/ceip-montserrat\/?page_id=649"},"modified":"2021-02-20T13:37:54","modified_gmt":"2021-02-20T12:37:54","slug":"habits-saludables","status":"publish","type":"page","link":"https:\/\/agora.xtec.cat\/ceip-montserrat\/projecte-educatiu\/habits-saludables\/","title":{"rendered":"H\u00e0bits Saludables"},"content":{"rendered":"<h6><\/h6>\n<h6><span style=\"color: #000000;\">A l&#8217;escola fomentem els h\u00e0bits saludables portant a terme diferents projectes:<\/span><\/h6>\n<p>&nbsp;<\/p>\n<h5><\/h5>\n<h4><span style=\"color: #008000;\"><strong><u>Potenciar el consum de fruita i llet<img loading=\"lazy\" decoding=\"async\" class=\"alignright\" src=\"https:\/\/4.bp.blogspot.com\/-8D0dZt4uR9U\/VquDg1bA8dI\/AAAAAAAAJU4\/lNkDKsOpOAI\/s320\/IMG_20160126_103553.jpg\" width=\"149\" height=\"112\" \/><\/u><\/strong><\/span><\/h4>\n<p><strong>Aquest curs continuem amb el projecte \u00a0del consum de fruita i llet a Prim\u00e0ria i Infantil \u00a0dins l\u2019horari lectiu. El Departament d\u2019Agricultura i Alimentaci\u00f3 dins el Pla de Consum de Fruita i Llet, al llarg d\u2019un per\u00edode que acostuma a ser un o dos trimestres, lliura a les escoles\u00a0 la fruita i la llet necess\u00e0ria per tal que tots els alumnes uns dies al mes esmorzin aquests aliments\u00a0 tan necessari per la seva bona alimentaci\u00f3.\u00a0<\/strong><\/p>\n<p><strong>\u00a0<a href=\"https:\/\/agora.xtec.cat\/ceip-montserrat\/wp-content\/uploads\/usu1311\/2018\/11\/llet-i-fruita.jpg\"><img loading=\"lazy\" decoding=\"async\" class=\" wp-image-3783 aligncenter\" src=\"https:\/\/agora.xtec.cat\/ceip-montserrat\/wp-content\/uploads\/usu1311\/2018\/11\/llet-i-fruita.jpg\" alt=\"\" width=\"450\" height=\"223\" srcset=\"https:\/\/agora.xtec.cat\/ceip-montserrat\/wp-content\/uploads\/usu1311\/2018\/11\/llet-i-fruita.jpg 648w, https:\/\/agora.xtec.cat\/ceip-montserrat\/wp-content\/uploads\/usu1311\/2018\/11\/llet-i-fruita-300x149.jpg 300w\" sizes=\"auto, (max-width: 450px) 100vw, 450px\" \/><\/a><\/strong><\/p>\n<p>&nbsp;<\/p>\n<h4>\u00a0<span style=\"color: #008000;\"><strong><u>Setmana de la salut \/ Esmorzar saludable<br \/>\n<\/u><\/strong><\/span><\/h4>\n<p><strong><img loading=\"lazy\" decoding=\"async\" class=\"alignleft\" src=\"http:\/\/informacio.santjust.net\/media\/documents_complementaris\/salut_1.jpg\" alt=\"Resultado de imagen de + per la salut sant just desvern\" width=\"324\" height=\"84\" \/>Tamb\u00e9 s\u2019organitzen al llarg del mes de novembre diferents activitats relacionades amb la prevenci\u00f3 i educaci\u00f3 en la salut adre\u00e7ades als alumnes d\u2019Infantil i Prim\u00e0ria , amb col.laboraci\u00f3 del personal de l\u2019ABS de Sant Just, l\u2019Ajuntament\u00a0 i altres professionals de salut.<\/strong><\/p>\n<p><strong>Concretament amb els alumnes de 4t, en el marc d\u2019aquestes activitats de salut, personal sanitari de l\u2019ABS de Sant Just es despla\u00e7a al centre per fer-los una xerrada sobre alimentaci\u00f3, salut i factors de risc.<\/strong><\/p>\n<p><strong>En acabar la sessi\u00f3 te\u00f2rica, l\u2019escola ofereix \u201c<em>L\u2019esmorzar saludable<\/em>\u201d als alumnes, al personal sanitari\u00a0 i els seus mestres.\u00a0<\/strong><\/p>\n<p>&nbsp;<\/p>\n<h4><span style=\"color: #008000;\"><strong><u>Piscina<\/u><\/strong><\/span><span style=\"color: #008000;\"><strong><u><img loading=\"lazy\" decoding=\"async\" class=\"alignright\" src=\"https:\/\/s-media-cache-ak0.pinimg.com\/564x\/1c\/b3\/a5\/1cb3a5549fb52f20f3ed3f8b737ad411.jpg\" alt=\"Resultado de imagen de swimming dibujo\" width=\"132\" height=\"132\" \/> <\/u><\/strong><\/span><\/h4>\n<p><u><\/u><strong>Tots els cursos d\u2019Ed. Infantil i Prim\u00e0ria (excepte 5\u00e8 i 6\u00e8) fan l\u2019activitat de Piscina durant\u00a0 una sessi\u00f3 setmanal dins l\u2019horari lectiu. Es tracta d\u2019una activitat aprovada pel Consell Escolar que forma part de Projecte Educatiu del Centre (PEC). Es realitza en la franja hor\u00e0ria curricular corresponent de l\u2019\u00e0rea d\u2019Educaci\u00f3 F\u00edsica, essent el professor d\u2019aquesta \u00e0rea qui fa el seguiment i coordinaci\u00f3 juntament amb els responsables del Complex esportiu Municipal de la Bonaigua .<\/strong><\/p>\n<h4><span style=\"color: #008000;\"><strong><u>Revisi\u00f3 odontol\u00f2gica<\/u><\/strong><\/span><\/h4>\n<p><strong>Revisi\u00f3 odontol\u00f2gica de l\u2019alumnat de 1r i 6\u00e8 Prim\u00e0ria. Es realitza a l\u2019escola per un equip m\u00e8dic del CAP, que emet un informe per a la fam\u00edlia.<\/strong><\/p>\n<h4><span style=\"color: #008000;\"><strong><u>Vacunacions\u00a0<\/u><\/strong><\/span><\/h4>\n<p><strong>La campanya de vacunacions que es fa en els centres educatius est\u00e0 regulada pel Decret 155\/1993, d\u20191 de juny, del Programa de salut escolar. L\u2019administraci\u00f3 de vacunes al centre \u00e9s per a l\u2019alumnat de 6\u00e8 i la realitza l\u2019equip m\u00e8dic del CAP.<\/strong><\/p>\n<h4><span style=\"color: #008000;\"><strong><u>Espai escolar com a espai inclusiu. Protocols:<\/u><\/strong><\/span><\/h4>\n<ul>\n<li><strong>Atenci\u00f3 dels infants amb al\u00b7l\u00e8rgies aliment\u00e0ries i\/o al l\u00e0tex en l\u2019\u00e0mbit escolar<\/strong><\/li>\n<li><strong>Atenci\u00f3 als alumnes amb Celiaquia i intoler\u00e0ncies aliment\u00e0ries<\/strong><\/li>\n<li><strong>Atenci\u00f3 als alumnes amb malalties cr\u00f2niques<\/strong><\/li>\n<\/ul>\n<p>&nbsp;<\/p>\n<h4><span style=\"color: #008000;\"><strong><u>Pla catal\u00e0 de l\u2019<\/u><\/strong><\/span><span style=\"color: #008000;\"><strong><u>esport<\/u><\/strong><\/span><\/h4>\n<p><strong>L\u2019escola est\u00e0 adscrita al Pla catal\u00e0 de l\u2019esport.<img loading=\"lazy\" decoding=\"async\" class=\"alignleft\" src=\"http:\/\/www.ceplaestany.cat\/Portals\/0\/imatges\/logo%20Pla%20Catal%C3%A0%20Esport%20Escola.JPG\" alt=\"Resultado de imagen de Pla Catal\u00e0 de l'esport\" width=\"117\" height=\"80\" \/><\/strong><\/p>\n","protected":false},"excerpt":{"rendered":"<p>A l&#8217;escola fomentem els h\u00e0bits saludables portant a terme diferents projectes:<br \/>\n&nbsp;<\/p>\n<p>Potenciar el consum de fruita i llet<br \/>\nAquest curs continuem amb el projecte \u00a0del consum de fruita i llet a Prim\u00e0ria i Infantil \u00a0dins l\u2019horari lectiu. El Departament d\u2019Agricultura i Alimentaci\u00f3 dins el Pla de Consum&hellip;  <a href=\"https:\/\/agora.xtec.cat\/ceip-montserrat\/projecte-educatiu\/habits-saludables\/\" title=\"Read H\u00e0bits Saludables\">Llegeix m\u00e9s\u00bb<\/a><\/p>\n","protected":false},"author":1,"featured_media":0,"parent":64,"menu_order":40,"comment_status":"closed","ping_status":"closed","template":"","meta":{"_bbp_topic_count":0,"_bbp_reply_count":0,"_bbp_total_topic_count":0,"_bbp_total_reply_count":0,"_bbp_voice_count":0,"_bbp_anonymous_reply_count":0,"_bbp_topic_count_hidden":0,"_bbp_reply_count_hidden":0,"_bbp_forum_subforum_count":0,"footnotes":""},"class_list":["post-649","page","type-page","status-publish","hentry"],"post_mailing_queue_ids":[],"_links":{"self":[{"href":"https:\/\/agora.xtec.cat\/ceip-montserrat\/wp-json\/wp\/v2\/pages\/649","targetHints":{"allow":["GET"]}}],"collection":[{"href":"https:\/\/agora.xtec.cat\/ceip-montserrat\/wp-json\/wp\/v2\/pages"}],"about":[{"href":"https:\/\/agora.xtec.cat\/ceip-montserrat\/wp-json\/wp\/v2\/types\/page"}],"author":[{"embeddable":true,"href":"https:\/\/agora.xtec.cat\/ceip-montserrat\/wp-json\/wp\/v2\/users\/1"}],"replies":[{"embeddable":true,"href":"https:\/\/agora.xtec.cat\/ceip-montserrat\/wp-json\/wp\/v2\/comments?post=649"}],"version-history":[{"count":3,"href":"https:\/\/agora.xtec.cat\/ceip-montserrat\/wp-json\/wp\/v2\/pages\/649\/revisions"}],"predecessor-version":[{"id":5612,"href":"https:\/\/agora.xtec.cat\/ceip-montserrat\/wp-json\/wp\/v2\/pages\/649\/revisions\/5612"}],"up":[{"embeddable":true,"href":"https:\/\/agora.xtec.cat\/ceip-montserrat\/wp-json\/wp\/v2\/pages\/64"}],"wp:attachment":[{"href":"https:\/\/agora.xtec.cat\/ceip-montserrat\/wp-json\/wp\/v2\/media?parent=649"}],"curies":[{"name":"wp","href":"https:\/\/api.w.org\/{rel}","templated":true}]}}