{"id":646,"date":"2016-11-10T23:01:44","date_gmt":"2016-11-10T22:01:44","guid":{"rendered":"http:\/\/agora.xtec.cat\/ceip-montserrat\/?page_id=646"},"modified":"2025-11-06T21:11:53","modified_gmt":"2025-11-06T20:11:53","slug":"ambients-a-infantil","status":"publish","type":"page","link":"https:\/\/agora.xtec.cat\/ceip-montserrat\/projecte-educatiu\/ambients-a-infantil\/","title":{"rendered":"Ambients a Ed. Infantil"},"content":{"rendered":"<p>A l&#8217;educaci\u00f3 infantil treballem de manera globalitzada a partir de racons d\u2019aprenentatge (de llengua i matem\u00e0tiques) i projectes que es realitzen a partir del nom de la classe, del projecte d\u2019escola i situacions d\u2019aprenentatge.<\/p>\n<p>Tamb\u00e9 treballem l\u2019experimentaci\u00f3 i la descoberta de l\u2019entorn natural, mitjan\u00e7ant l\u2019observaci\u00f3 directa i la participaci\u00f3 activa, desenvolupant les capacitats i els aprenentatges dels infants d\u2019una manera propera i vivencial i respectant el proc\u00e9s evolutiu de cada infant.<\/p>\n<p>Tanmateix, realitzem ambients entesos com a espais d\u2019aprenentatge, de relaci\u00f3 i de comunicaci\u00f3 dels infants, pensats perqu\u00e8 puguin ser els protagonistes i construir el seu propi aprenentatge de manera activa, lliure i creativa a partir del joc com a mitj\u00e0 educatiu que afavoreix l\u2019aprenentatge i el coneixement.<br \/>\nS\u2019organitzen en agrupaments intercicle, amb materials preferentment naturals o de reciclatge que estimulen la sensibilitat i la imaginaci\u00f3 dels infants i que a partir del joc i del propi inter\u00e8s, ajuden a desenvolupar les capacitats de manera l\u00fadica i motivadora.<\/p>\n<p>Els diferents ambients que es treballen s\u00f3n: pl\u00e0stica, joc\/experimentaci\u00f3 i psicomotricitat.<\/p>\n<p>Des de fa m\u00e9s de 10 anys som escola pionera en aquest tipus de metodologia al nostre municipi amb uns resultats i una valoraci\u00f3 positiva de la seva aplicaci\u00f3.<\/p>\n<p>El curs 2019-2020, el Departament d\u2019Educaci\u00f3 va recon\u00e8ixer el projecte \u201cAmbients d\u2019aprenentatge a l\u2019educaci\u00f3 infantil\u201d com a <strong>Projecte d\u2019Innovaci\u00f3 <\/strong><strong>Pedag\u00f2gica.<\/strong><\/p>\n<p>&nbsp;<\/p>\n<p style=\"text-align: center;\"><iframe loading=\"lazy\" src=\"https:\/\/www.youtube.com\/embed\/LqHJXSRY5i8\" width=\"560\" height=\"315\" frameborder=\"0\"><\/iframe><\/p>\n<h5 style=\"text-align: center;\"><\/h5>\n<div style=\"text-align: center;\">\n<div style=\"margin: 8px 0px 4px;\"><\/div>\n<div style=\"margin: 8px 0px 4px; text-align: left;\">Per saber-ne m\u00e9s de com realitzem els ambients podeu veure la seg\u00fcent presentaci\u00f3<\/div>\n<\/div>\n<div><\/div>\n<div style=\"text-align: center;\">\n<div style=\"margin: 8px 0px 4px;\"><a href=\"https:\/\/www.calameo.com\/books\/004297034107a6c06920b\" target=\"_blank\" rel=\"noopener noreferrer\">Ambients<\/a><\/div>\n<p><iframe loading=\"lazy\" src=\"\/\/v.calameo.com\/?bkcode=004297034107a6c06920b&amp;mode=mini\" width=\"580\" height=\"400\" frameborder=\"0\"><\/iframe><\/p>\n<div style=\"margin: 4px 0px 8px;\"><\/div>\n<\/div>\n","protected":false},"excerpt":{"rendered":"<p>A l&#8217;educaci\u00f3 infantil treballem de manera globalitzada a partir de racons d\u2019aprenentatge (de llengua i matem\u00e0tiques) i projectes que es realitzen a partir del nom de la classe, del projecte d\u2019escola i situacions d\u2019aprenentatge.<br \/>\nTamb\u00e9 treballem l\u2019experimentaci\u00f3 i la descoberta de l\u2019entorn natural, mitjan\u00e7ant l\u2019observaci\u00f3 directa&hellip;  <a href=\"https:\/\/agora.xtec.cat\/ceip-montserrat\/projecte-educatiu\/ambients-a-infantil\/\" title=\"Read Ambients a Ed. Infantil\">Llegeix m\u00e9s\u00bb<\/a><\/p>\n","protected":false},"author":1,"featured_media":0,"parent":64,"menu_order":30,"comment_status":"closed","ping_status":"closed","template":"","meta":{"_bbp_topic_count":0,"_bbp_reply_count":0,"_bbp_total_topic_count":0,"_bbp_total_reply_count":0,"_bbp_voice_count":0,"_bbp_anonymous_reply_count":0,"_bbp_topic_count_hidden":0,"_bbp_reply_count_hidden":0,"_bbp_forum_subforum_count":0,"footnotes":""},"class_list":["post-646","page","type-page","status-publish","hentry"],"post_mailing_queue_ids":[],"_links":{"self":[{"href":"https:\/\/agora.xtec.cat\/ceip-montserrat\/wp-json\/wp\/v2\/pages\/646","targetHints":{"allow":["GET"]}}],"collection":[{"href":"https:\/\/agora.xtec.cat\/ceip-montserrat\/wp-json\/wp\/v2\/pages"}],"about":[{"href":"https:\/\/agora.xtec.cat\/ceip-montserrat\/wp-json\/wp\/v2\/types\/page"}],"author":[{"embeddable":true,"href":"https:\/\/agora.xtec.cat\/ceip-montserrat\/wp-json\/wp\/v2\/users\/1"}],"replies":[{"embeddable":true,"href":"https:\/\/agora.xtec.cat\/ceip-montserrat\/wp-json\/wp\/v2\/comments?post=646"}],"version-history":[{"count":6,"href":"https:\/\/agora.xtec.cat\/ceip-montserrat\/wp-json\/wp\/v2\/pages\/646\/revisions"}],"predecessor-version":[{"id":7983,"href":"https:\/\/agora.xtec.cat\/ceip-montserrat\/wp-json\/wp\/v2\/pages\/646\/revisions\/7983"}],"up":[{"embeddable":true,"href":"https:\/\/agora.xtec.cat\/ceip-montserrat\/wp-json\/wp\/v2\/pages\/64"}],"wp:attachment":[{"href":"https:\/\/agora.xtec.cat\/ceip-montserrat\/wp-json\/wp\/v2\/media?parent=646"}],"curies":[{"name":"wp","href":"https:\/\/api.w.org\/{rel}","templated":true}]}}