{"id":641,"date":"2016-11-10T22:46:57","date_gmt":"2016-11-10T21:46:57","guid":{"rendered":"http:\/\/agora.xtec.cat\/ceip-montserrat\/?page_id=641"},"modified":"2024-10-06T11:57:49","modified_gmt":"2024-10-06T09:57:49","slug":"projecte-linguistic","status":"publish","type":"page","link":"https:\/\/agora.xtec.cat\/ceip-montserrat\/projecte-educatiu\/projecte-linguistic\/","title":{"rendered":"Lleng\u00fces estrangeres"},"content":{"rendered":"<p>&nbsp;<\/p>\n<p>Des de fa anys\u00a0 la nostra escola\u00a0 d\u00f3na molta import\u00e0ncia a l\u2019aprenentatge de les lleng\u00fces estrangeres:\u00a0<strong>angl\u00e8s i franc\u00e8s<\/strong>.<\/p>\n<p>&nbsp;<\/p>\n<h3><strong><span style=\"color: #ff0000;\">FRANC\u00c8S<\/span><img loading=\"lazy\" decoding=\"async\" class=\"alignright\" src=\"http:\/\/3.bp.blogspot.com\/-P1Nynmpa3sA\/Uafbz99-VXI\/AAAAAAAAIjE\/iYDToAcWlxU\/s1600\/moi-je-parle-francais.jpg\" alt=\"Resultat d'imatges de Fran\u00e7ais\" width=\"123\" height=\"123\" \/><\/strong><\/h3>\n<p><strong>Aquesta \u00e0rea s\u2019imparteix\u00a0 com a segona llengua estrangera al Cicle Superior de Prim\u00e0ria (5\u00e8 i 6\u00e8). Aquest aprenentatge d\u2019iniciaci\u00f3 al franc\u00e8s es valora molt positivament\u00a0 des de l\u2019Institut de Sant Just on tamb\u00e9 els alumnes que ho desitgin tindran l\u2019opci\u00f3 quan facin l\u2019ESO de seguir estudiant aquesta llengua.<\/strong><\/p>\n<p>&nbsp;<\/p>\n<h3><span style=\"color: #ff0000;\"><strong>ANGL\u00c8S<\/strong><\/span><\/h3>\n<p><strong>Es \u00a0comen\u00e7a des d\u2019 Ed. Infantil 3 anys i t\u00e9 pres\u00e8ncia al llarg de tota l\u2019escolaritat en diferents \u00e0mbits i moments de la vida escolar de l\u2019alumne; \u00a0a l\u2019aula, \u00a0al menjador, com activitat extraescolar, en participaci\u00f3 de programes televisius i plataformes d\u2019internet a nivell europeu, etc.<\/strong><\/p>\n<p><strong>Durat aquest curs 24-25 disposem d\u2019una <span style=\"color: #0000ff;\">auxiliar de conversa<\/span> per a la millora de la compet\u00e8ncia oral de l\u2019alumnat, principalment del 2n i 3r cicle de prim\u00e0ria.<\/strong><\/p>\n<p>&nbsp;<\/p>\n<h5><strong><span style=\"color: #008000;\"><u>Iniciem l\u2019Angl\u00e8s des d&#8217;Infantil 3 anys\u00a0<img loading=\"lazy\" decoding=\"async\" class=\"alignright\" src=\"http:\/\/1.bp.blogspot.com\/-7dwX8aqT72k\/VHg4PtLJWPI\/AAAAAAAAAIA\/0_IIYdflYTQ\/s1600\/Dibujo.JPG\" alt=\"Resultat d'imatges de CLIL\" width=\"144\" height=\"128\" \/><\/u><\/span><\/strong><\/h5>\n<p><strong>Els nens i nenes d\u2019Infantil 3 anys s\u2019 inicien en l\u2019expressi\u00f3 oral en angl\u00e8s a partir de sessions basades en jocs orals, can\u00e7ons, contes, rutines di\u00e0ries, etc. El continuen de manera progressiva durant tota l\u2019etapa d\u2019Educaci\u00f3 Infantil. \u00a0<\/strong><\/p>\n<p>&nbsp;<\/p>\n<h5><strong><span style=\"color: #008000;\"><u>Sharing to learn (Compartir per aprendre)<img loading=\"lazy\" decoding=\"async\" class=\"alignright\" src=\"http:\/\/4.bp.blogspot.com\/-p-SXXWQArzI\/VH3OyxXLhfI\/AAAAAAAACXE\/aAV8wuyjrOw\/s1600\/Logo%2BSharing%2Bto%2Blearn.bmp\" alt=\"Resultat d'imatges de sharing to learn\" width=\"152\" height=\"141\" \/><\/u><\/span><\/strong><\/h5>\n<p><strong>Es tracta d\u2019una experi\u00e8ncia d\u2019aprenentatge compartit, que afavoreix la construcci\u00f3 progressiva de la compet\u00e8ncia ling\u00fc\u00edstica en angl\u00e8s de l\u2019alumnat d\u2019Infantil 4 anys i 1r de Prim\u00e0ria. Setmanalment, alumnes de cursos superiors de l\u2019American School of Barcelona i de l\u2019Institut de Sant Just Desvern donen suport oral a l\u2019aula i aix\u00ed potenciar l\u2019expressi\u00f3 i comprensi\u00f3 oral en angl\u00e8s dels alumnes a partir de diferents activitats.<\/strong><\/p>\n<p>&nbsp;<\/p>\n<h5><span style=\"color: #008000;\"><u><img loading=\"lazy\" decoding=\"async\" class=\"alignright\" src=\"http:\/\/informacio.santjust.net\/media\/documents_complementaris\/english_day.jpg\" alt=\"Resultat d'imatges de english day sant just\" width=\"146\" height=\"94\" \/><strong>English Day <\/strong><\/u><\/span><\/h5>\n<p><strong>El alumnes de 6\u00e8 participen en l\u2019activitat \u201cEnglish Day\u201d juntament amb alumnes d\u2019altres escoles de Sant Just i tamb\u00e9 amb alumnes de l\u2019Institut, fent diferents activitats de treball cooperatiu en llengua anglesa.<\/strong><\/p>\n<p>&nbsp;<\/p>\n<h5><strong><span style=\"color: #008000;\"><u>Etwinning<a href=\"https:\/\/agora.xtec.cat\/ceip-montserrat\/wp-content\/uploads\/usu1311\/2019\/11\/Logo_eTwinning.jpg\"><img loading=\"lazy\" decoding=\"async\" class=\"wp-image-4725 alignright\" src=\"https:\/\/agora.xtec.cat\/ceip-montserrat\/wp-content\/uploads\/usu1311\/2019\/11\/Logo_eTwinning.jpg\" alt=\"\" width=\"135\" height=\"96\" srcset=\"https:\/\/agora.xtec.cat\/ceip-montserrat\/wp-content\/uploads\/usu1311\/2019\/11\/Logo_eTwinning.jpg 811w, https:\/\/agora.xtec.cat\/ceip-montserrat\/wp-content\/uploads\/usu1311\/2019\/11\/Logo_eTwinning-300x214.jpg 300w, https:\/\/agora.xtec.cat\/ceip-montserrat\/wp-content\/uploads\/usu1311\/2019\/11\/Logo_eTwinning-768x548.jpg 768w\" sizes=\"auto, (max-width: 135px) 100vw, 135px\" \/><\/a><\/u><\/span><\/strong><\/h5>\n<p><strong>Projecte consolidat que treballem amb els alumnes de 5\u00e8 de Prim\u00e0ria. Es tracta d\u2019una iniciativa de la Comissi\u00f3 Europea dirigida a promoure l\u2019establiment d\u2019agermanaments escolars i el desenvolupament de projectes de col\u00b7laboraci\u00f3 entre dos o m\u00e9s centres escolars de pa\u00efsos europeus a trav\u00e9s d\u2019una plataforma en Internet i l\u2019\u00fas de les TIC fent servir la llengua anglesa com a mitj\u00e0 de comunicaci\u00f3. <\/strong><\/p>\n<p><strong>Hem treballat amb escoles de Fran\u00e7a, de Su\u00e8cia, de Pol\u00f2nia, Alemanya, Dinamarca, Gr\u00e8cia, Finl\u00e0ndia, Cro\u00e0cia, Litu\u00e0nia i, enguany, unes escoles de T\u00farquia, Rumania, Portugal, Azerbaijan, Albania i Maced\u00f2nia.\u00a0<\/strong><\/p>\n<p><span style=\"color: #000000;\"><b>Hem rebut <\/b><span style=\"color: #99cc00;\"><strong><span style=\"color: #0000ff;\">7 <span style=\"text-decoration: underline;\">S<\/span><span style=\"text-decoration: underline;\">egells de Qualitat Nacional i Europeu<\/span><\/span>,<\/strong><\/span><b> els <\/b><b>quals<\/b><b> signifiquen que els projectes que han realitzant els nostres alumnes han assolit els est\u00e0ndars fixats per la Comissi\u00f3 Europea que els cataloga com a projectes d&#8217;excel\u00b7l\u00e8ncia.<\/b> <strong>Durant el curs 2022-2023 vam ser un dels 18 centres de Catalunya reconeguts amb el distintiu <span style=\"color: #0000ff;\">\u201cCentre eTwinning\u201d<\/span>, un reconeixement europeu com a centre model a seguir pel desenvolupament de projectes eTwinning.<\/strong><\/span><\/p>\n","protected":false},"excerpt":{"rendered":"<p>&nbsp;<br \/>\nDes de fa anys\u00a0 la nostra escola\u00a0 d\u00f3na molta import\u00e0ncia a l\u2019aprenentatge de les lleng\u00fces estrangeres:\u00a0angl\u00e8s i franc\u00e8s.<br \/>\n&nbsp;<br \/>\nFRANC\u00c8S<br \/>\nAquesta \u00e0rea s\u2019imparteix\u00a0 com a segona llengua estrangera al Cicle Superior de Prim\u00e0ria (5\u00e8 i 6\u00e8). Aquest aprenentatge d\u2019iniciaci\u00f3 al franc\u00e8s es valora molt positivament\u00a0 des de l\u2019Institut&hellip;  <a href=\"https:\/\/agora.xtec.cat\/ceip-montserrat\/projecte-educatiu\/projecte-linguistic\/\" title=\"Read Lleng\u00fces estrangeres\">Llegeix m\u00e9s\u00bb<\/a><\/p>\n","protected":false},"author":1,"featured_media":0,"parent":64,"menu_order":10,"comment_status":"closed","ping_status":"closed","template":"","meta":{"_bbp_topic_count":0,"_bbp_reply_count":0,"_bbp_total_topic_count":0,"_bbp_total_reply_count":0,"_bbp_voice_count":0,"_bbp_anonymous_reply_count":0,"_bbp_topic_count_hidden":0,"_bbp_reply_count_hidden":0,"_bbp_forum_subforum_count":0,"footnotes":""},"class_list":["post-641","page","type-page","status-publish","hentry"],"post_mailing_queue_ids":[],"_links":{"self":[{"href":"https:\/\/agora.xtec.cat\/ceip-montserrat\/wp-json\/wp\/v2\/pages\/641","targetHints":{"allow":["GET"]}}],"collection":[{"href":"https:\/\/agora.xtec.cat\/ceip-montserrat\/wp-json\/wp\/v2\/pages"}],"about":[{"href":"https:\/\/agora.xtec.cat\/ceip-montserrat\/wp-json\/wp\/v2\/types\/page"}],"author":[{"embeddable":true,"href":"https:\/\/agora.xtec.cat\/ceip-montserrat\/wp-json\/wp\/v2\/users\/1"}],"replies":[{"embeddable":true,"href":"https:\/\/agora.xtec.cat\/ceip-montserrat\/wp-json\/wp\/v2\/comments?post=641"}],"version-history":[{"count":6,"href":"https:\/\/agora.xtec.cat\/ceip-montserrat\/wp-json\/wp\/v2\/pages\/641\/revisions"}],"predecessor-version":[{"id":7416,"href":"https:\/\/agora.xtec.cat\/ceip-montserrat\/wp-json\/wp\/v2\/pages\/641\/revisions\/7416"}],"up":[{"embeddable":true,"href":"https:\/\/agora.xtec.cat\/ceip-montserrat\/wp-json\/wp\/v2\/pages\/64"}],"wp:attachment":[{"href":"https:\/\/agora.xtec.cat\/ceip-montserrat\/wp-json\/wp\/v2\/media?parent=641"}],"curies":[{"name":"wp","href":"https:\/\/api.w.org\/{rel}","templated":true}]}}