{"id":630,"date":"2016-11-09T23:49:01","date_gmt":"2016-11-09T22:49:01","guid":{"rendered":"http:\/\/agora.xtec.cat\/ceip-montserrat\/?page_id=630"},"modified":"2025-01-18T11:36:42","modified_gmt":"2025-01-18T10:36:42","slug":"projecte-interdisciplinari","status":"publish","type":"page","link":"https:\/\/agora.xtec.cat\/ceip-montserrat\/projecte-educatiu\/projecte-interdisciplinari\/","title":{"rendered":"Projecte Interdisciplinari"},"content":{"rendered":"<p><strong>Ja \u00e9s tradici\u00f3 a l\u2019escola, des de fa m\u00e9s de quinze anys, que tots els nivells d\u2019Educaci\u00f3 Infantil i Prim\u00e0ria comparteixin durant unes setmanes del segon trimestre un mateix Projecte Interdisciplinari.<\/strong><\/p>\n<p><strong>Es tracta d\u2019un projecte <span style=\"text-decoration: underline;\">obert a tota la comunitat educativa<\/span> del centre i en el que tothom hi col\u00b7labora; alumnes, personal docent i no docent, fam\u00edlies. . . .\u00a0 . .<\/strong><\/p>\n<p><strong>Representa una experi\u00e8ncia educativa molt enriquidora per a tots els que hi participen ja que a trav\u00e9s de les diferents activitats i experi\u00e8ncies d\u2019aprenentatge compartit que es programen, tothom apr\u00e8n i\u00a0 gaudeix alhora.<\/strong><\/p>\n<h3><span style=\"color: #0000ff;\"><strong>El projecte d\u2019enguany\u00a0 \u00e9s &#8220;Festes tradicionals arreu del m\u00f3n&#8221;<\/strong><\/span><\/h3>\n<h3><span style=\"color: #0000ff;\"><strong><a href=\"https:\/\/agora.xtec.cat\/ceip-montserrat\/wp-content\/uploads\/usu1311\/2025\/01\/Logo-1.png\"><img loading=\"lazy\" decoding=\"async\" class=\"wp-image-7583 aligncenter\" src=\"https:\/\/agora.xtec.cat\/ceip-montserrat\/wp-content\/uploads\/usu1311\/2025\/01\/Logo-1.png\" alt=\"\" width=\"268\" height=\"268\" srcset=\"https:\/\/agora.xtec.cat\/ceip-montserrat\/wp-content\/uploads\/usu1311\/2025\/01\/Logo-1.png 500w, https:\/\/agora.xtec.cat\/ceip-montserrat\/wp-content\/uploads\/usu1311\/2025\/01\/Logo-1-300x300.png 300w, https:\/\/agora.xtec.cat\/ceip-montserrat\/wp-content\/uploads\/usu1311\/2025\/01\/Logo-1-150x150.png 150w\" sizes=\"auto, (max-width: 268px) 100vw, 268px\" \/><\/a>\u00a0<\/strong><\/span><\/h3>\n<p>&nbsp;<\/p>\n<h1 style=\"text-align: center;\"><span style=\"color: #008000;\">Projectes de cursos anteriors<\/span><\/h1>\n<h4><span style=\"color: #800080;\"><strong>Curs 2023-2024<\/strong><\/span><\/h4>\n<p><img loading=\"lazy\" decoding=\"async\" class=\"\" src=\"https:\/\/agora.xtec.cat\/ceip-montserrat\/wp-content\/uploads\/usu1311\/2024\/01\/Logo.png\" width=\"241\" height=\"241\" \/><\/p>\n<p>&nbsp;<\/p>\n<div style=\"width: 1920px;\" class=\"wp-video\"><!--[if lt IE 9]><script>document.createElement('video');<\/script><![endif]-->\n<video class=\"wp-video-shortcode\" id=\"video-630-1\" width=\"1920\" height=\"1080\" preload=\"metadata\" controls=\"controls\"><source type=\"video\/mp4\" src=\"https:\/\/agora.xtec.cat\/ceip-montserrat\/wp-content\/uploads\/usu1311\/2024\/03\/Diseno-sin-titulo.mp4?_=1\" \/><a href=\"https:\/\/agora.xtec.cat\/ceip-montserrat\/wp-content\/uploads\/usu1311\/2024\/03\/Diseno-sin-titulo.mp4\">https:\/\/agora.xtec.cat\/ceip-montserrat\/wp-content\/uploads\/usu1311\/2024\/03\/Diseno-sin-titulo.mp4<\/a><\/video><\/div>\n<p>&nbsp;<\/p>\n<p>&nbsp;<\/p>\n<h4><span style=\"color: #800080;\"><strong>Curs 2022-2023<\/strong><\/span><\/h4>\n<p><img loading=\"lazy\" decoding=\"async\" class=\"\" src=\"https:\/\/agora.xtec.cat\/ceip-montserrat\/wp-content\/uploads\/usu1311\/2023\/01\/LOGO-DEFINITU-1024x575.png\" width=\"254\" height=\"143\" \/>\u00a0 \u00a0 <em><strong>Mascota:<\/strong><\/em> <img loading=\"lazy\" decoding=\"async\" class=\"\" src=\"https:\/\/agora.xtec.cat\/ceip-montserrat\/wp-content\/uploads\/usu1311\/2023\/01\/Mascota-2-1008x1024.jpg\" width=\"141\" height=\"143\" \/><\/p>\n<h4 class=\"entry-title\">Tota l&#8217;escola formem les anelles ol\u00edmpiques<\/h4>\n<p><img loading=\"lazy\" decoding=\"async\" class=\"\" src=\"https:\/\/agora.xtec.cat\/ceip-montserrat\/wp-content\/uploads\/usu1311\/2023\/02\/IMG-20230215-WA0062-1024x768.jpg\" width=\"532\" height=\"399\" \/><\/p>\n<h4><span style=\"color: #800080;\"><strong>Curs 2021-2022<\/strong><\/span><\/h4>\n<h4><span style=\"color: #800080;\"><strong><a href=\"https:\/\/agora.xtec.cat\/ceip-montserrat\/wp-content\/uploads\/usu1311\/2022\/01\/Logo-projecte-Circ-2022.jpg\"><img loading=\"lazy\" decoding=\"async\" class=\"alignnone wp-image-6230\" src=\"https:\/\/agora.xtec.cat\/ceip-montserrat\/wp-content\/uploads\/usu1311\/2022\/01\/Logo-projecte-Circ-2022.jpg\" alt=\"\" width=\"190\" height=\"134\" srcset=\"https:\/\/agora.xtec.cat\/ceip-montserrat\/wp-content\/uploads\/usu1311\/2022\/01\/Logo-projecte-Circ-2022.jpg 1022w, https:\/\/agora.xtec.cat\/ceip-montserrat\/wp-content\/uploads\/usu1311\/2022\/01\/Logo-projecte-Circ-2022-300x212.jpg 300w, https:\/\/agora.xtec.cat\/ceip-montserrat\/wp-content\/uploads\/usu1311\/2022\/01\/Logo-projecte-Circ-2022-768x543.jpg 768w\" sizes=\"auto, (max-width: 190px) 100vw, 190px\" \/><\/a><\/strong><\/span><\/h4>\n<p><iframe loading=\"lazy\" title=\"YouTube video player\" src=\"https:\/\/www.youtube.com\/embed\/HSs_-NlvRDY\" width=\"560\" height=\"315\" frameborder=\"0\" allowfullscreen=\"allowfullscreen\"><\/iframe><\/p>\n<p>&nbsp;<\/p>\n<h4><span style=\"color: #800080;\"><strong>Curs 2020-2021<\/strong><\/span><\/h4>\n<p><a href=\"https:\/\/agora.xtec.cat\/ceip-montserrat\/wp-content\/uploads\/usu1311\/2021\/02\/Logo2.png\"><img loading=\"lazy\" decoding=\"async\" class=\"alignnone wp-image-5507\" src=\"https:\/\/agora.xtec.cat\/ceip-montserrat\/wp-content\/uploads\/usu1311\/2021\/02\/Logo2.png\" alt=\"\" width=\"145\" height=\"152\" srcset=\"https:\/\/agora.xtec.cat\/ceip-montserrat\/wp-content\/uploads\/usu1311\/2021\/02\/Logo2.png 652w, https:\/\/agora.xtec.cat\/ceip-montserrat\/wp-content\/uploads\/usu1311\/2021\/02\/Logo2-287x300.png 287w\" sizes=\"auto, (max-width: 145px) 100vw, 145px\" \/><\/a><\/p>\n<p><iframe loading=\"lazy\" src=\"https:\/\/www.youtube.com\/embed\/wU8A6MUXETo\" width=\"560\" height=\"315\" frameborder=\"0\"><\/iframe><\/p>\n<p>&nbsp;<\/p>\n<h4><span style=\"color: #800080;\"><strong>Curs 2019-2020<\/strong><\/span><\/h4>\n<h4><span style=\"color: #800080;\"><strong><a href=\"https:\/\/agora.xtec.cat\/ceip-montserrat\/wp-content\/uploads\/usu1311\/2020\/02\/LOGO.png\"><img loading=\"lazy\" decoding=\"async\" class=\"wp-image-4880 alignleft\" src=\"https:\/\/agora.xtec.cat\/ceip-montserrat\/wp-content\/uploads\/usu1311\/2020\/02\/LOGO.png\" alt=\"\" width=\"177\" height=\"148\" srcset=\"https:\/\/agora.xtec.cat\/ceip-montserrat\/wp-content\/uploads\/usu1311\/2020\/02\/LOGO.png 467w, https:\/\/agora.xtec.cat\/ceip-montserrat\/wp-content\/uploads\/usu1311\/2020\/02\/LOGO-300x250.png 300w\" sizes=\"auto, (max-width: 177px) 100vw, 177px\" \/> \u00a0 \u00a0 \u00a0<\/a><\/strong><\/span><iframe loading=\"lazy\" src=\"https:\/\/www.youtube.com\/embed\/ZbN3Qqi0_Yw\" width=\"560\" height=\"315\" frameborder=\"0\"><\/iframe><\/h4>\n<h4><\/h4>\n<h4><span style=\"color: #800080;\"><strong>Curs 2018-2019<\/strong><\/span><\/h4>\n<h4><a style=\"font-size: 16px; font-weight: normal; color: #2795b6;\" href=\"https:\/\/agora.xtec.cat\/ceip-montserrat\/wp-content\/uploads\/usu1311\/2019\/02\/Logo-2-1.jpg\"><img loading=\"lazy\" decoding=\"async\" class=\"wp-image-4105 alignleft\" src=\"https:\/\/agora.xtec.cat\/ceip-montserrat\/wp-content\/uploads\/usu1311\/2019\/02\/Logo-2-1.jpg\" alt=\"\" width=\"195\" height=\"177\" srcset=\"https:\/\/agora.xtec.cat\/ceip-montserrat\/wp-content\/uploads\/usu1311\/2019\/02\/Logo-2-1.jpg 604w, https:\/\/agora.xtec.cat\/ceip-montserrat\/wp-content\/uploads\/usu1311\/2019\/02\/Logo-2-1-300x273.jpg 300w\" sizes=\"auto, (max-width: 195px) 100vw, 195px\" \/><\/a><\/h4>\n<p><a href=\"https:\/\/agora.xtec.cat\/ceip-montserrat\/wp-content\/uploads\/usu1311\/2019\/02\/Logo-2-1.jpg\">\u00a0 \u00a0 \u00a0<\/a><iframe loading=\"lazy\" src=\"https:\/\/www.youtube.com\/embed\/aMHEMtYaHg4\" width=\"560\" height=\"315\" frameborder=\"0\"><\/iframe><\/p>\n<h4><span style=\"color: #800080;\"><strong>Curs 2017-2018<\/strong><\/span><\/h4>\n<p><a href=\"http:\/\/agora.xtec.cat\/ceip-montserrat\/wp-content\/uploads\/usu1311\/2018\/02\/Logo-1.jpg\"><img loading=\"lazy\" decoding=\"async\" class=\"wp-image-2640 alignleft\" src=\"http:\/\/agora.xtec.cat\/ceip-montserrat\/wp-content\/uploads\/usu1311\/2018\/02\/Logo-1.jpg\" alt=\"\" width=\"172\" height=\"111\" srcset=\"https:\/\/agora.xtec.cat\/ceip-montserrat\/wp-content\/uploads\/usu1311\/2018\/02\/Logo-1.jpg 902w, https:\/\/agora.xtec.cat\/ceip-montserrat\/wp-content\/uploads\/usu1311\/2018\/02\/Logo-1-300x193.jpg 300w, https:\/\/agora.xtec.cat\/ceip-montserrat\/wp-content\/uploads\/usu1311\/2018\/02\/Logo-1-768x495.jpg 768w\" sizes=\"auto, (max-width: 172px) 100vw, 172px\" \/><\/a><\/p>\n<p><iframe loading=\"lazy\" src=\"https:\/\/www.youtube.com\/embed\/DO8wigKgD60\" width=\"560\" height=\"315\" frameborder=\"0\"><\/iframe><\/p>\n<h4><span style=\"color: #800080;\"><strong>Curs 2016-2017<\/strong><\/span><\/h4>\n<p><a href=\"http:\/\/agora.xtec.cat\/ceip-montserrat\/wp-content\/uploads\/usu1311\/2017\/02\/logo4.png\"><img loading=\"lazy\" decoding=\"async\" class=\"size-full wp-image-1209 alignleft\" src=\"http:\/\/agora.xtec.cat\/ceip-montserrat\/wp-content\/uploads\/usu1311\/2017\/02\/logo4.png\" alt=\"logo4\" width=\"200\" height=\"127\" \/><\/a><iframe loading=\"lazy\" src=\"https:\/\/www.youtube.com\/embed\/yWOAhDVy4hA\" width=\"560\" height=\"315\" frameborder=\"0\"><\/iframe><\/p>\n<h2 style=\"text-align: center;\"><\/h2>\n<h4><span style=\"color: #800080;\"><strong>Curs 2015-2016<\/strong><\/span><\/h4>\n<p><img decoding=\"async\" class=\"alignleft\" src=\"https:\/\/1.bp.blogspot.com\/-v0yjNZs1YRE\/VufzmSK5tyI\/AAAAAAAALD8\/pYu4VurS9HcjzkmVAOPUNGpK2krqHpBuw\/s1600\/Logo%2BLa%2BMediterr%25C3%25A0nia.jpg\" \/><iframe loading=\"lazy\" src=\"https:\/\/www.youtube.com\/embed\/j_igQGADRYs?feature=player_embedded\" width=\"320\" height=\"266\" frameborder=\"0\" data-thumbnail-src=\"https:\/\/i.ytimg.com\/s_vi\/j_igQGADRYs\/default.jpg?sqp=CLC-9bYF&amp;rs=AOn4CLBdBDWw9K66S2ilY9CiE4LPM7V8vQ\"><\/iframe><\/p>\n<h4><span style=\"color: #800080;\"><strong>Curs 2014-2015<\/strong><\/span><\/h4>\n<p><img decoding=\"async\" class=\"alignleft\" src=\"http:\/\/1.bp.blogspot.com\/-RhS2a0jdZMg\/VNn4vGSxo5I\/AAAAAAAAGqc\/FqPU0pdmJAg\/s1600\/logo.JPG\" \/>\u00a0<a href=\"http:\/\/agora.xtec.cat\/ceip-montserrat\/wp-content\/uploads\/usu1311\/2016\/11\/DSCF2603.jpg\"><img loading=\"lazy\" decoding=\"async\" class=\"alignnone wp-image-812\" src=\"http:\/\/agora.xtec.cat\/ceip-montserrat\/wp-content\/uploads\/usu1311\/2016\/11\/DSCF2603-1024x363.jpg\" alt=\"dscf2603\" width=\"597\" height=\"212\" srcset=\"https:\/\/agora.xtec.cat\/ceip-montserrat\/wp-content\/uploads\/usu1311\/2016\/11\/DSCF2603-1024x363.jpg 1024w, https:\/\/agora.xtec.cat\/ceip-montserrat\/wp-content\/uploads\/usu1311\/2016\/11\/DSCF2603-300x106.jpg 300w, https:\/\/agora.xtec.cat\/ceip-montserrat\/wp-content\/uploads\/usu1311\/2016\/11\/DSCF2603-768x272.jpg 768w, https:\/\/agora.xtec.cat\/ceip-montserrat\/wp-content\/uploads\/usu1311\/2016\/11\/DSCF2603.jpg 1544w\" sizes=\"auto, (max-width: 597px) 100vw, 597px\" \/><\/a><\/p>\n<div style=\"text-align: center;\"><\/div>\n<div class=\"separator\" style=\"clear: both; text-align: center;\"><\/div>\n<div style=\"text-align: center;\"><\/div>\n<p style=\"text-align: center;\"><iframe loading=\"lazy\" src=\"https:\/\/www.youtube.com\/embed\/rb6By9bpK6k\" width=\"560\" height=\"315\" frameborder=\"0\"><\/iframe><\/p>\n<h4><span style=\"color: #800080;\"><strong>Curs 2013-2014<\/strong><\/span><\/h4>\n<p><b><br \/>\n<\/b><a href=\"http:\/\/agora.xtec.cat\/ceip-montserrat\/wp-content\/uploads\/usu1311\/2016\/11\/Imatge-Logo.bmp\"><img loading=\"lazy\" decoding=\"async\" class=\"wp-image-821 alignleft\" src=\"http:\/\/agora.xtec.cat\/ceip-montserrat\/wp-content\/uploads\/usu1311\/2016\/11\/Imatge-Logo.bmp\" alt=\"imatge-logo\" width=\"209\" height=\"211\" \/><\/a><\/p>\n<p>&nbsp;<\/p>\n<div style=\"text-align: center;\"><\/div>\n<p><iframe loading=\"lazy\" src=\"https:\/\/www.youtube.com\/embed\/LHdZxQnMqCw\" width=\"560\" height=\"315\" frameborder=\"0\"><\/iframe><\/p>\n","protected":false},"excerpt":{"rendered":"<p>Ja \u00e9s tradici\u00f3 a l\u2019escola, des de fa m\u00e9s de quinze anys, que tots els nivells d\u2019Educaci\u00f3 Infantil i Prim\u00e0ria comparteixin durant unes setmanes del segon trimestre un mateix Projecte Interdisciplinari.<br \/>\nEs tracta d\u2019un projecte obert a tota la comunitat educativa del centre i en el&hellip;  <a href=\"https:\/\/agora.xtec.cat\/ceip-montserrat\/projecte-educatiu\/projecte-interdisciplinari\/\" title=\"Read Projecte Interdisciplinari\">Llegeix m\u00e9s\u00bb<\/a><\/p>\n","protected":false},"author":1,"featured_media":0,"parent":64,"menu_order":30,"comment_status":"closed","ping_status":"closed","template":"","meta":{"_bbp_topic_count":0,"_bbp_reply_count":0,"_bbp_total_topic_count":0,"_bbp_total_reply_count":0,"_bbp_voice_count":0,"_bbp_anonymous_reply_count":0,"_bbp_topic_count_hidden":0,"_bbp_reply_count_hidden":0,"_bbp_forum_subforum_count":0,"footnotes":""},"class_list":["post-630","page","type-page","status-publish","hentry"],"post_mailing_queue_ids":[],"_links":{"self":[{"href":"https:\/\/agora.xtec.cat\/ceip-montserrat\/wp-json\/wp\/v2\/pages\/630","targetHints":{"allow":["GET"]}}],"collection":[{"href":"https:\/\/agora.xtec.cat\/ceip-montserrat\/wp-json\/wp\/v2\/pages"}],"about":[{"href":"https:\/\/agora.xtec.cat\/ceip-montserrat\/wp-json\/wp\/v2\/types\/page"}],"author":[{"embeddable":true,"href":"https:\/\/agora.xtec.cat\/ceip-montserrat\/wp-json\/wp\/v2\/users\/1"}],"replies":[{"embeddable":true,"href":"https:\/\/agora.xtec.cat\/ceip-montserrat\/wp-json\/wp\/v2\/comments?post=630"}],"version-history":[{"count":4,"href":"https:\/\/agora.xtec.cat\/ceip-montserrat\/wp-json\/wp\/v2\/pages\/630\/revisions"}],"predecessor-version":[{"id":7588,"href":"https:\/\/agora.xtec.cat\/ceip-montserrat\/wp-json\/wp\/v2\/pages\/630\/revisions\/7588"}],"up":[{"embeddable":true,"href":"https:\/\/agora.xtec.cat\/ceip-montserrat\/wp-json\/wp\/v2\/pages\/64"}],"wp:attachment":[{"href":"https:\/\/agora.xtec.cat\/ceip-montserrat\/wp-json\/wp\/v2\/media?parent=630"}],"curies":[{"name":"wp","href":"https:\/\/api.w.org\/{rel}","templated":true}]}}