{"id":616,"date":"2016-11-09T23:44:37","date_gmt":"2016-11-09T22:44:37","guid":{"rendered":"http:\/\/agora.xtec.cat\/ceip-montserrat\/?page_id=616"},"modified":"2024-12-12T22:36:16","modified_gmt":"2024-12-12T21:36:16","slug":"festes","status":"publish","type":"page","link":"https:\/\/agora.xtec.cat\/ceip-montserrat\/festes\/","title":{"rendered":"Sortides i activitats"},"content":{"rendered":"<p>Al llarg del curs es van fent diverses <strong>activitats i<\/strong> <strong>sortides\u00a0 complement\u00e0ries<\/strong> del treball a l\u2019aula, les quals ofereixen a l&#8217;alumnat la descoberta d\u2019altres entorns\u00a0 i\u00a0 reforcen\u00a0 l\u2019assoliment dels coneixements previs relacionats amb diferents \u00e0mbits d\u2019aprenentatge.<\/p>\n<p>Es programen a l\u2019inici de curs \u00a0de manera que siguin interessants, motivadores i \u00a0\u00a0adequades a l\u2019edat dels alumnes i des de\u00a0 perspectives relacionades amb la ci\u00e8ncia, \u00a0els idiomes, \u00a0la m\u00fasica, l\u2019art, el teatre i altres continguts que es materialitzen a trav\u00e9s de visites \u00a0al Cosmocaixa, al Palau de la M\u00fasica a L\u2019Auditori, a diferents Museus, a Teatre, a Mercabarna. . ..<\/p>\n<p>Tamb\u00e9 participem en moltes de les activitats que promou l\u2019Ajuntament de Sant Just per a les escoles com per exemple: les Trobades Esportives, l\u2019Educaci\u00f3 Vi\u00e0ria, el coneixement i l\u2019\u00fas de la Biblioteca \u201cJoan Margarit\u201d, l\u2019Educaci\u00f3 Ambiental, Tallers sobre l\u2019energia, Projecte PAL d\u2019animaci\u00f3 a la lectura, Visita a l\u2019Ajuntament, Coneguem al \u201cRifenyo\u201d i els \u201c Gegants\u201d, Audicions musicals a l\u2019Ateneu \u00a0i altres activitats compartides amb entitats i escoles del poble.<\/p>\n<p>&nbsp;<\/p>\n<h5><span style=\"color: #800080;\"><strong>COL\u00d2NIES<\/strong><\/span><\/h5>\n<p><span style=\"color: #ff6600;\"><strong>Ed. Infantil: I5 <\/strong><\/span><\/p>\n<p>L&#8217;alumnat d&#8217;I5 fa <u>col\u00f2nies de dos dies<\/u> amb estada d\u2019una nit fora de casa.<\/p>\n<p><span style=\"color: #ff6600;\"><strong>Prim\u00e0ria: 2n, 4t i 6\u00e8<\/strong><\/span><\/p>\n<p>L&#8217;alumnat de 2n, 4t i 6\u00e8, fa <u>col\u00f2nies de 3 die<\/u>s amb estada de dues nits fora de casa.<\/p>\n<p>&nbsp;<\/p>\n<p><span style=\"color: #800080;\"><strong>SORTIDA ALTERNATIVA<\/strong><\/span><\/p>\n<p><span style=\"color: #ff6600;\"><strong>Ed. Infantil: I3 i I4 i Prim\u00e0ria: 1r, 3r i 5\u00e8<\/strong><\/span><\/p>\n<p>L&#8217;alumnat d&#8217;I3, I4, 1r, 3r i 5\u00e8 fa una <u>sortida l\u00fadica<\/u> de tot un dia alternativa a les col\u00f2nies.<\/p>\n<p>&nbsp;<\/p>\n<p><span style=\"color: #800080;\"><strong>ACTES I CELEBRACIONS<\/strong><\/span><\/p>\n<p>Les festes que celebrem a l\u2019escola s\u00f3n: la Castanyada, \u00a0Santa Cec\u00edlia, \u00a0Nadal, \u00a0Carnaval, Cloenda del Projecte, \u00a0Sant Jordi-Certamen Literari, \u00a0Comiat de 6\u00e8 i Festa final de curs.<\/p>\n<p>Algunes s\u00f3n de r\u00e8gim intern i altres obertes a les fam\u00edlies.<\/p>\n<ul>\n<li>\n<h4><strong><span style=\"color: #333399;\">Castanyada \u00a0 (intern)<\/span><img loading=\"lazy\" decoding=\"async\" class=\"alignright\" src=\"https:\/\/4.bp.blogspot.com\/-sO4zl6AUFqM\/TsiuxArLZrI\/AAAAAAAAKg0\/PS8nj8W20w4\/s1600\/castanya.png\" alt=\"Resultado de imagen de castanya divertida\" width=\"154\" height=\"131\" \/><\/strong><\/h4>\n<\/li>\n<\/ul>\n<div><strong>La senyora Maria, la castanyera, acompanyada d&#8217;en Marrameu ens ve a visitar i els m\u00e9s petits de l&#8217;escola tenen l&#8217;oportunitat de poder parlar amb ella i fer-li totes les preguntes que volen.<\/strong><\/div>\n<div><strong>\u00a0<\/strong><\/div>\n<div><strong>Seguidament, ens reunim tot l&#8217;alumnat a la pista de l&#8217;escola: ballem amb la castanyera, cantem can\u00e7ons i mengem unes castanyes bon\u00edssimes!!<\/strong><\/div>\n<div><strong>\u00a0<\/strong><\/div>\n<div><strong>A m\u00e9s, durant l&#8217;octubre tots els nens i nenes treballen la tardor i realitzant diferents treballs pl\u00e0stics per decorar l&#8217;escola.<\/strong><\/div>\n<div><strong>\u00a0<\/strong><\/div>\n<div><strong>\u00a0<\/strong><\/div>\n<ul>\n<li>\n<h4><span style=\"color: #333399;\"><strong>Santa Cec\u00edlia (intern)<\/strong><\/span><\/h4>\n<\/li>\n<\/ul>\n<p><strong>Com es tradici\u00f3 a l\u2019escola, durant el mes de novembre celebrem Santa Cec\u00edlia, amb diferents activitats musicals dins i fora del centre.<\/strong><\/p>\n<p><strong>Concerts a l\u2019aula dels alumnes que estudien instruments, audicions al Palau de la M\u00fasica,\u00a0 a L\u2019Auditori de Barcelona i CaixaF\u00f2rum.<\/strong><\/p>\n<p><strong>Els petits de l\u2019escola, I3, I4 i I5, fan un taller d&#8217;un instrument mentre que l&#8217;alumnat de prim\u00e0ria fan una audici\u00f3 a la sala polivalent del gimn\u00e0s. Tamb\u00e9 escolten a alumnes que toquen instruments musicals.<\/strong><\/p>\n<p><strong>Tamb\u00e9 comptem amb la col\u00b7laboraci\u00f3 de les fam\u00edlies, les quals ens ensenyen els instruments que toquen i tenim l&#8217;oportunitat d&#8217;escoltar-los.\u00a0<\/strong><\/p>\n<ul>\n<li>\n<h4><span style=\"color: #333399;\"><strong>Nadal\u00a0 (obert a les fam\u00edlies)<\/strong><\/span><\/h4>\n<\/li>\n<\/ul>\n<p><strong>Tamb\u00e9 \u00e9s tradicional la nostra Cantada de Nadal on tots els nens i nenes de l&#8217;escola preparen diferents poemes nadalencs, nadales tant en catal\u00e0, com en angl\u00e8s i\/o franc\u00e8s i els m\u00e9s grans de l&#8217;escola preparen una can\u00e7\u00f3 a flauta. Totes les fam\u00edlies estan convidades a veure els seus fills i filles i a veure els diferents treballs pl\u00e0stics que han realitzat durant el mes de desembre.<\/strong><\/p>\n<p>&nbsp;<\/p>\n<ul>\n<li>\n<h4><strong><span style=\"color: #333399;\">Projecte Interdisciplinari d\u2019 Escola:\u00a0<\/span><\/strong><\/h4>\n<\/li>\n<\/ul>\n<p><strong>Cada any tots els nens i nenes de l&#8217;escola realitzen un projecte interdisciplinari. Cada any \u00e9s una tem\u00e0tica diferent, triat per tota la comunitat educativa.\u00a0<\/strong><\/p>\n<p><strong>Hem realitzat projectes sobre la Mar Mediterr\u00e0nia, l&#8217;art visual i pl\u00e0stic del segle XX, la ci\u00e8ncia, els contes, els castells, Barcelona, Egipte, les joguines, el bosc, els oficis, el circ, les olimp\u00edades, els invents, etc&#8230;<\/strong><\/p>\n<p><iframe loading=\"lazy\" src=\"https:\/\/www.youtube.com\/embed\/j_igQGADRYs\" width=\"560\" height=\"315\" frameborder=\"0\" allowfullscreen=\"allowfullscreen\"><\/iframe><\/p>\n<ul>\n<li>\n<h4><span style=\"color: #333399;\"><strong>Carnestoltes (intern)<\/strong><\/span><\/h4>\n<\/li>\n<\/ul>\n<p><strong>Fem la benvinguda del Rei Carnestoltes, qui ens dona consignes durant tota la setmana. En finalitzar la setmana, per celebrar la festivitat, ens trobem tots a la pista amb un animador: cantem i ballem tots plegats!\u00a0<\/strong><\/p>\n<p>&nbsp;<\/p>\n<ul>\n<li>\n<h4><span style=\"color: #333399;\"><strong>Activitats de Sant Jordi (intern):<\/strong><\/span><\/h4>\n<\/li>\n<\/ul>\n<p><strong><span style=\"color: #ff6600;\"><u>Recital po\u00e8tic-\u00a0 Ed. Infantil<\/u>\u00a0<\/span> \u00a0<\/strong><\/p>\n<p><strong>Quan arriba Sant Jordi, els nens i nenes realitzen un recital po\u00e8tic i realitzen diferents activitats envoltades en la festivitat.<\/strong><\/p>\n<p><strong><span style=\"color: #ff6600;\"><u>Certamen Literari de Prim\u00e0ria<\/u><\/span> \u00a0<\/strong><\/p>\n<p><strong>Respecte a l&#8217;alumnat de Prim\u00e0ria, amb esfor\u00e7 i il\u00b7lusi\u00f3 preparen uns poemes i celebrem un certamen literari.<\/strong><\/p>\n<ul>\n<li>\n<h4><span style=\"color: #333399;\"><strong>Festa Fi de curs (intern)<\/strong><\/span><\/h4>\n<\/li>\n<\/ul>\n<p><strong>Clicant a la fotografia podreu veure totes les activitats que es realitzen a la festa de Fi de Curs.\u00a0<\/strong><\/p>\n<p><strong><img decoding=\"async\" src=\"https:\/\/1.bp.blogspot.com\/-08Twxq9MmRw\/V2vRkXQrciI\/AAAAAAAAOjQ\/8OECascbZkQF7Po0O1uCr2oz6yIaJvBiACLcB\/s400\/20160621_122050.jpg\" alt=\"https:\/\/picasaweb.google.com\/103165725904573847096\/6299318727399850225?authuser=0&amp;feat=directlink\" \/><\/strong><\/p>\n","protected":false},"excerpt":{"rendered":"<p>Al llarg del curs es van fent diverses activitats i sortides\u00a0 complement\u00e0ries del treball a l\u2019aula, les quals ofereixen a l&#8217;alumnat la descoberta d\u2019altres entorns\u00a0 i\u00a0 reforcen\u00a0 l\u2019assoliment dels coneixements previs relacionats amb diferents \u00e0mbits d\u2019aprenentatge.<br \/>\nEs programen a l\u2019inici de curs \u00a0de manera que siguin&hellip;  <a href=\"https:\/\/agora.xtec.cat\/ceip-montserrat\/festes\/\" title=\"Read Sortides i activitats\">Llegeix m\u00e9s\u00bb<\/a><\/p>\n","protected":false},"author":1,"featured_media":0,"parent":0,"menu_order":0,"comment_status":"closed","ping_status":"closed","template":"","meta":{"_bbp_topic_count":0,"_bbp_reply_count":0,"_bbp_total_topic_count":0,"_bbp_total_reply_count":0,"_bbp_voice_count":0,"_bbp_anonymous_reply_count":0,"_bbp_topic_count_hidden":0,"_bbp_reply_count_hidden":0,"_bbp_forum_subforum_count":0,"footnotes":""},"class_list":["post-616","page","type-page","status-publish","hentry"],"post_mailing_queue_ids":[],"_links":{"self":[{"href":"https:\/\/agora.xtec.cat\/ceip-montserrat\/wp-json\/wp\/v2\/pages\/616","targetHints":{"allow":["GET"]}}],"collection":[{"href":"https:\/\/agora.xtec.cat\/ceip-montserrat\/wp-json\/wp\/v2\/pages"}],"about":[{"href":"https:\/\/agora.xtec.cat\/ceip-montserrat\/wp-json\/wp\/v2\/types\/page"}],"author":[{"embeddable":true,"href":"https:\/\/agora.xtec.cat\/ceip-montserrat\/wp-json\/wp\/v2\/users\/1"}],"replies":[{"embeddable":true,"href":"https:\/\/agora.xtec.cat\/ceip-montserrat\/wp-json\/wp\/v2\/comments?post=616"}],"version-history":[{"count":5,"href":"https:\/\/agora.xtec.cat\/ceip-montserrat\/wp-json\/wp\/v2\/pages\/616\/revisions"}],"predecessor-version":[{"id":7524,"href":"https:\/\/agora.xtec.cat\/ceip-montserrat\/wp-json\/wp\/v2\/pages\/616\/revisions\/7524"}],"wp:attachment":[{"href":"https:\/\/agora.xtec.cat\/ceip-montserrat\/wp-json\/wp\/v2\/media?parent=616"}],"curies":[{"name":"wp","href":"https:\/\/api.w.org\/{rel}","templated":true}]}}