{"id":499,"date":"2016-10-19T21:35:00","date_gmt":"2016-10-19T19:35:00","guid":{"rendered":"http:\/\/agora.xtec.cat\/ceip-montserrat\/?page_id=499"},"modified":"2025-09-07T12:24:41","modified_gmt":"2025-09-07T10:24:41","slug":"normativa-curs-2022-2023","status":"publish","type":"page","link":"https:\/\/agora.xtec.cat\/ceip-montserrat\/lescola\/normativa-curs-2022-2023\/","title":{"rendered":"Normativa"},"content":{"rendered":"<h3 style=\"text-align: center;\"><strong><span style=\"color: #ff6600;\">ENTRADES I SORTIDES DE L&#8217;ESCOLA <\/span><\/strong><\/h3>\n<h3 style=\"text-align: center;\"><strong><span style=\"color: #ff6600;\">(Horaris, espais, migdia, pluja&#8230;)<\/span><\/strong><\/h3>\n<p>&nbsp;<\/p>\n<p><span style=\"color: #0000ff;\"><strong><u>ENTRADA A LES\u00a0 9h<\/u><\/strong><strong>: <\/strong><\/span><\/p>\n<ul>\n<li><strong><u>Alumnat d\u2019Ed. Infantil<\/u><\/strong><u> <strong>I3, I4 i I5<\/strong><\/u><\/li>\n<\/ul>\n<p>Enguany les <strong>fam\u00edlies<\/strong> <strong>d\u2019Ed. Infantil entrareu per la porta principal o per la porta de la rampa i podreu acompanyar i recollir els vostres fills i filles per les portes indicades:<\/strong><\/p>\n<ul>\n<li><strong>I3A i I3B:<\/strong> Entrada i recollida per la porta del \u201cjardinet interior del darrere\u201d directa a l\u2019aula.<\/li>\n<li><strong>I4A:<\/strong> Entrada i recollida per la porta del \u201cjardinet interior del darrere\u201d directa a l\u2019aula.<\/li>\n<li><strong>I4B:<\/strong> Entrada i recollida per la porta de l\u2019aula, accedint per la porta de davant de l\u2019ascensor.<\/li>\n<li><strong>I5A i I5B:<\/strong> Entrada i recollida per la porta directa a les respectives aules.<\/li>\n<\/ul>\n<p>En cas que <strong>algun infant arribi tard<\/strong> haur\u00e0 d\u2019entrar pel vest\u00edbul i esperar que el conserge el pugui acompanyar fins l\u2019aula. <strong><u>\u00c9s molt important la puntualitat.<\/u><\/strong><\/p>\n<ul>\n<li><strong><u>Alumnat d\u2019Ed. Prim\u00e0ria<\/u><\/strong><\/li>\n<\/ul>\n<p>Enguany les fam\u00edlies de 1r de prim\u00e0ria entrareu per la porta principal o per la porta de la rampa i podreu acompanyar i recollir els vostres fills i filles:<\/p>\n<ul>\n<li><strong> 1rA:<\/strong> Entrada i recollida als bancs del porxo de l\u2019entrada principal.<\/li>\n<li><strong> 1rB i 1rC:<\/strong> Entrada i recollida per la porta directa a les respectives aules.<\/li>\n<\/ul>\n<p>Durant tot el curs, l\u2019alumnat de<strong> 2n, 3r, 4t, 5\u00e8 i 6\u00e8 de prim\u00e0ria<\/strong> <strong>entraran sols per la porta principal del vest\u00edbul<\/strong> i aniran cap a\u00a0 les seves respectives aules.<\/p>\n<p>Recordem la import\u00e0ncia de ser a l\u2019escola <strong>ben puntuals a les 9h<\/strong> per no distorsionar l\u2019inici de l\u2019activitat a la resta de companys i companyes d\u2019aula.<\/p>\n<p><strong>\u00a0<\/strong><\/p>\n<p><span style=\"color: #0000ff;\"><strong>SORTIDA A LES\u00a0 16:30h:<\/strong><\/span><\/p>\n<ul>\n<li><strong><u>Recollida d\u2019alumnat d&#8217;Educaci\u00f3 Infantil (I3, I4, I5) i 1r de prim\u00e0ria<\/u><\/strong><\/li>\n<\/ul>\n<p>Els familiars o persones autoritzades per a recollir a l\u2019alumnat d\u2019Ed. Infantil I3, I4 i I5 i 1r de prim\u00e0ria, podran entrar per la porta principal o la porta de la rampa a les <strong>16:20h<\/strong> a recollir l\u2019alumnat a les portes de les aules corresponents on els hauran deixat el mat\u00ed i sortir al m\u00e9s aviat possible per facilitar la sortida de la resta de l\u2019alumnat de Prim\u00e0ria. En el cas del grup de 1rA, es recollir\u00e0 a l\u2019alumnat als bancs dels porxos de l\u2019entrada principal.<\/p>\n<ul>\n<li><strong><u>Recollida d\u2019alumnat d\u2019Educaci\u00f3 Prim\u00e0ria (de 2n a 6\u00e8 de prim\u00e0ria)<\/u><\/strong>\n<ul>\n<li><strong>2nA\/B<\/strong> ser\u00e0 sempre en fileres al lloc indicat al pati sol, davant la porta de menjador on els recolliran les fam\u00edlies o persones autoritzades a partir de les 16:20h. (Entrada fam\u00edlies per la porta principal o porta rampa).<\/li>\n<li><strong> 3rA\/B i 4tA\/B<\/strong> ser\u00e0 sempre en fileres al lloc indicat al costat de les <strong>finestres del menjador<\/strong> on els recolliran les fam\u00edlies o persones autoritzades. (Entrada fam\u00edlies per la porta principal o porta rampa)<\/li>\n<li><strong>5\u00e8A\/B i 6\u00e8A\/B<\/strong> es situaran en fileres a la <strong>terrassa davant dels porxos<\/strong>. Nom\u00e9s l\u2019alumnat autoritzat podr\u00e0 marxar sol (<a href=\"https:\/\/drive.google.com\/file\/d\/1nULD3bvWlL9ctA84QdI_HzOMYRjwhQW3\/view?usp=drive_link\">autoritzaci\u00f3<\/a><u> signada<\/u>) i l\u2019alumnat no autoritzat haur\u00e0 d\u2019esperar a visualitzar la seva fam\u00edlia o persones autoritzades al carrer per poder sortir (la fam\u00edlia NO ha d\u2019entrar a l\u2019escola).<\/li>\n<\/ul>\n<\/li>\n<\/ul>\n<p><strong>Els punts de recollida estaran indicats amb r\u00e8tols. Per facilitar i agilitzar la recollida dels infants, <u>demanem la m\u00e0xima col\u00b7laboraci\u00f3<\/u> a les fam\u00edlies a l\u2019hora de recollir els seus fills i filles i sortir del recinte escolar. <u>A les 16:40h es tancaran les portes per seguretat.<\/u><\/strong><\/p>\n<p><strong>L\u2019alumnat d\u2019Ed. Infantil o\u00a0 Prim\u00e0ria que <u>a les 16:35h NO els hagin vingut a buscar, aniran\u00a0 al servei d\u2019Acollida (SAT) a c\u00e0rrec de la fam\u00edlia.<\/u><\/strong><\/p>\n<p>&nbsp;<\/p>\n<p><span style=\"color: #0000ff;\"><strong>SORTIDA (12:30h) I ENTRADA (15h) MIGDIA<\/strong><\/span><\/p>\n<p>Tot l\u2019alumnat (educaci\u00f3 infantil i prim\u00e0ria) que vagi a dinar a casa, la sortida ser\u00e0 a les <strong>12:30h<\/strong> (13h en per\u00edode de jornada intensiva) i l\u2019entrada a les <strong>15h<\/strong> per la <strong>porta principal<\/strong>.<\/p>\n<p>&nbsp;<\/p>\n<p><span style=\"color: #0000ff;\"><strong>ENTRADA I SORTIDA DIES DE\u00a0 PLUJA <\/strong><\/span><\/p>\n<ul>\n<li><strong>Entrada 9h:<\/strong> L\u2019entrada es far\u00e0 com cada dia, pel lloc habitual, per tots els infants.<\/li>\n<li><strong>Sortida 16:30h:<\/strong>\n<ul>\n<li>Alumnat <strong>d\u2019<u>educaci\u00f3 infantil<\/u><\/strong>: es far\u00e0 com cada dia, pel lloc habitual.<\/li>\n<li>Alumnat <strong>d\u2019<u>educaci\u00f3 prim\u00e0ria<\/u>:<\/strong><\/li>\n<\/ul>\n<\/li>\n<\/ul>\n<p>&#8211; 1rA: porta petita, situada entre el banc del porxo i aula de 1rC.<\/p>\n<p>&#8211; 1rB\/C: portes de l\u2019aula, lloc habitual.<\/p>\n<p>&#8211; 2nA\/B, 3rA\/B i 4tA\/B: porxos porta principal del vest\u00edbul.<\/p>\n<p>&#8211; 5\u00e8A\/B i 6\u00e8A\/B: porxos.<\/p>\n<p><strong>Demanem la m\u00e0xima col\u00b7laboraci\u00f3 els dies de pluja<\/strong> per tal de poder realitzar una entrada\/sortida amb la m\u00e0xima tranquil\u00b7litat i seguretat possible.<\/p>\n<p>Recomanem que els infants portin un impermeable tipus ponxo\/capelina per evitar l\u2019aglomeraci\u00f3 de paraig\u00fces. <strong>No es permet l\u2019\u00fas del paraig\u00fces<\/strong> <u>excepte<\/u> per aquell alumnat que arribi i\/o marxi sol.<\/p>\n<p>&nbsp;<\/p>\n<p><strong>BICIS I PATINETS:<\/strong><\/p>\n<p><strong>Per un tema de seguretat, no es pot anar amb bici o patinet per dins del recinte escolar.<\/strong><\/p>\n<p>&nbsp;<\/p>\n<h3 style=\"text-align: center;\"><span style=\"color: #ff6600;\"><strong>MESURES HIGI\u00c8NICO-SANIT\u00c0RIES<\/strong><\/span><\/h3>\n<p>&nbsp;<\/p>\n<ul>\n<li>No portar l\u2019alumne a l\u2019escola en el moment que la fam\u00edlia detecti que el nen\/a t\u00e9 febre, v\u00f2mits, diarrea, o pateix alguna malaltia infecciosa (grip, varicel\u00b7la, galteres, conjuntivitis, fongs,&#8230;.). Si es dona el cas, cal comunicar a l\u2019escola (tutor\/a) el motiu d\u2019abs\u00e8ncia de l\u2019alumne.<strong><u>Important<\/u><\/strong><strong>:<\/strong> En totes les malalties que cursin amb febre, a m\u00e9s de seguir les recomanacions espec\u00edfiques per a cadascuna d\u2019elles, <strong>caldr\u00e0 que l\u2019infant hagi estat <u>24 hores sense febre<\/u> abans de tornar a l\u2019escola.<\/strong><\/li>\n<li>En cas d\u2019infeccions parasit\u00e0ries com poden ser els polls, s\u2019haur\u00e0 de seguir el tractament m\u00e8dic o higi\u00e8nic complert. <a href=\"https:\/\/canalsalut.gencat.cat\/ca\/detalls\/article\/Polls-00001\">Informaci\u00f3 Canal Salut Gencat<\/a>. Si es detecta a l\u2019escola,\u00a0 es trucar\u00e0 a la fam\u00edlia que haur\u00e0 de venir a buscar el seu fill\/a, al m\u00e9s aviat possible, per aplicar-li\u00a0 el tractament corresponent. L\u2019infant no\u00a0 podr\u00e0 tornar a l\u2019escola fins que estigui totalment desparasitat. \u00c9s necess\u00e0ria la m\u00e0xima col\u00b7laboraci\u00f3 de les fam\u00edlies per poder acabar amb aquest problema del qual el centre no n\u2019\u00e9s responsable.<\/li>\n<li>En cas d\u2019<strong>altres<\/strong> <strong>malalties i\/o infeccions<\/strong>, com ara l\u2019escarlatina, impetigen, virus bufetada, sarna, etc. s\u2019haur\u00e0 de seguir el tractament m\u00e8dic adequat. \u00c9s important <u>notificar-ho a l\u2019escola per fer el control de casos<\/u> i, si \u00e9s el cas, treballar conjuntament amb el Servei de Vigil\u00e0ncia Epidemiol\u00f2gica, seguint les seves instruccions.<a href=\"https:\/\/agora.xtec.cat\/ceip-montserrat\/wp-content\/uploads\/usu1311\/2024\/09\/salut-col\u00b7Laboracio.png\"><img loading=\"lazy\" decoding=\"async\" class=\"alignnone size-large wp-image-7384\" src=\"https:\/\/agora.xtec.cat\/ceip-montserrat\/wp-content\/uploads\/usu1311\/2024\/09\/salut-col\u00b7Laboracio-1024x193.png\" alt=\"\" width=\"1024\" height=\"193\" srcset=\"https:\/\/agora.xtec.cat\/ceip-montserrat\/wp-content\/uploads\/usu1311\/2024\/09\/salut-col\u00b7Laboracio-1024x193.png 1024w, https:\/\/agora.xtec.cat\/ceip-montserrat\/wp-content\/uploads\/usu1311\/2024\/09\/salut-col\u00b7Laboracio-300x57.png 300w, https:\/\/agora.xtec.cat\/ceip-montserrat\/wp-content\/uploads\/usu1311\/2024\/09\/salut-col\u00b7Laboracio-768x145.png 768w, https:\/\/agora.xtec.cat\/ceip-montserrat\/wp-content\/uploads\/usu1311\/2024\/09\/salut-col\u00b7Laboracio.png 1033w\" sizes=\"auto, (max-width: 1024px) 100vw, 1024px\" \/><\/a><\/li>\n<\/ul>\n<p><strong><u>Administraci\u00f3 de medicaments <\/u><\/strong><\/p>\n<p>En cas que l\u2019alumne\/a necessiti prendre alguna medicaci\u00f3 durant l\u2019horari escolar, caldr\u00e0 que\u00a0 feu arribar a la seva tutora o tutor, <strong>una recepta o un informe del metge<\/strong> on consti el nom i cognoms del nen\/a, el nom del medicament i la pauta que s\u2019ha de seguir (moment del dia i quantitat que ha de prendre). Aix\u00ed mateix, tamb\u00e9 s\u2019haur\u00e0 de <strong>portar <\/strong><a href=\"https:\/\/agora.xtec.cat\/ceip-montserrat\/docs\/autoritzacio-administracio-medicaments\/\"><strong>l\u2019autoritzaci\u00f3 d\u2019administraci\u00f3 de medicaments<\/strong><\/a> on l\u2019adult responsable de l\u2019alumne autoritzi al personal del centre educatiu perqu\u00e8 li administrin la medicaci\u00f3 receptada. <strong>No s\u2019administrar\u00e0 cap medicaci\u00f3 sense d\u2019aquests documents<\/strong>.<\/p>\n<p><strong>Important:<\/strong> \u00c9s necessari donar en m\u00e0 la medicaci\u00f3 a l\u2019adult i, si no \u00e9s possible, ficar-lo a la motxilla de l\u2019infant, avisant SEMPRE al tutor o tutora.<\/p>\n<p><strong><u>Al\u00b7l\u00e8rgies de tot tipus (aliment\u00e0ries, respirat\u00f2ries. . . .)<\/u><\/strong><\/p>\n<p>En cas que un alumne\/a tingui algun tipus<strong> d\u2019al\u00b7l\u00e8rgia, intoler\u00e0ncia i\/o alerta de salut, cal fer-ho saber al m\u00e9s aviat possible al seu tutor\/a i al coordinador del servei de menjador a trav\u00e9s del <\/strong>\u00a0<a href=\"https:\/\/agora.xtec.cat\/ceip-montserrat\/docs\/recollida-dinformacio-per-alumnes-amb-al%c2%b7lergies-i-altres-alertes-de-salut\/\">full de recollida d\u2019informaci\u00f3 per alumnat amb al\u00b7l\u00e8rgies\/alertes de salut.<\/a><\/p>\n<p><strong><u>Educaci\u00f3 F\u00edsica i piscina<\/u><\/strong><\/p>\n<p>Aquells infants que per motius de salut <strong>no puguin fer Educaci\u00f3 F\u00edsica o l\u2019activitat de piscina <\/strong>per un per\u00edode de temps prolongat, hauran de portar el corresponent <strong><u>certificat m\u00e8dic.<\/u> <\/strong>\u00a0Si es tracta d\u2019un dia puntual, caldr\u00e0 portar un justificant de la fam\u00edlia. Per aquestes activitats\u00a0 tot l\u2019alumnat haur\u00e0 de portar l\u2019equipament esportiu adequat. S\u2019aconsella portar el xandall i<strong> la samarreta de l\u2019escola<\/strong>. S\u2019haur\u00e0 de marcar la roba esportiva amb el nom de l\u2019infant de manera clara per evitar possibles confusions i poder recuperar la pe\u00e7a en cas de p\u00e8rdua. Recordem que com a usuaris de les instal\u00b7lacions de la Piscina del Complex Esportiu Municipal la Bonaigua, s\u2019hauran de seguir les normes d\u2019acc\u00e9s i \u00fas del centre esportiu.<\/p>\n<h3><\/h3>\n<p>&nbsp;<\/p>\n<h3 style=\"text-align: center;\"><span style=\"color: #ff6600;\"><strong>ALTRA NORMATIVA\u00a0<\/strong><\/span><\/h3>\n<p>&nbsp;<\/p>\n<p><strong><u>Utilitzaci\u00f3 de la bata, joguines i aniversaris<\/u><\/strong><\/p>\n<p>L\u2019alumnat <strong>d&#8217;Educaci\u00f3 Infantil (I3, I4, I5) i Prim\u00e0ria (1r i 2n)<\/strong> hauran de portar una <strong>bata<\/strong> marcada amb <strong>el nom i cognom i que tingui una cinta llarga per poder penjar-la<\/strong>. La roba extraviada estar\u00e0 a consergeria durant un trimestre i en cas de no recollir-la se\u2019n far\u00e0 donaci\u00f3 a alguna entitat d\u2019ajuda social.<\/p>\n<p><strong>Joguines: <\/strong>No es podran portar joguines de casa a l\u2019escola.<\/p>\n<p><strong>Aniversaris:<\/strong> A Prim\u00e0ria NO es celebren a l\u2019escola i a Ed. Infantil es celebren tal com s\u2019indica en el dossier informatiu d\u2019Infantil.<\/p>\n<p><strong><u>Tel\u00e8fons m\u00f2bils, rellotges intel\u00b7ligents, aparells electr\u00f2nics i altres objectes de valor<\/u><\/strong>:<\/p>\n<p>L\u2019escola no es far\u00e0 responsable de l\u2019\u00fas, ni dels desperfectes o p\u00e8rdua de qualsevol d\u2019aquest tipus d\u2019objectes. A l\u2019escola no es permet l\u2019\u00fas de tel\u00e8fons m\u00f2bils als alumnes ni rellotges intel\u00b7ligents (que facin fotografies, gravacions, trucades, xats, etc.). Si algun alumne\/a porta el m\u00f2bil o algun altre aparell electr\u00f2nic al centre ser\u00e0 sota la seva responsabilitat. No el podr\u00e0 mostrar ni utilitzar, si ho fa, el m\u00f2bil o aparell ser\u00e0 retirat i guardat pel docent o monitor durant la resta de l\u2019horari escolar i s\u2019entregar\u00e0 posteriorment a la fam\u00edlia. En cas de p\u00e8rdua l\u2019escola no intervindr\u00e0 ni en ser\u00e0 responsable.<\/p>\n<p>Si l\u2019alumnat, en cas de necessitat, porta un dispositiu m\u00f2bil personal, aquest estar\u00e0 apagat al llarg de la jornada escolar i desat per l\u2019equip docent.<\/p>\n<p><strong><u>Normes de conviv\u00e8ncia <\/u><\/strong><\/p>\n<p>Per una bona conviv\u00e8ncia a l\u2019escola, segons les\u00a0 Normes d\u2019Organitzaci\u00f3 i Funcionament del Centre, no es permetran actituds contr\u00e0ries a la integritat i al respecte de totes les persones que formen la comunitat educativa.<\/p>\n<p>No es permet l\u2019entrada de gossos i\/o altres animals dins el recinte escolar.<\/p>\n<p>No es pot anar amb bici o patinet per dins del recinte escolar.<\/p>\n<h2 style=\"text-align: center;\"><span style=\"color: #ff6600;\"><strong>Gr\u00e0cies per la vostra col\u00b7laboraci\u00f3<\/strong><\/span><\/h2>\n<p>&nbsp;<\/p>\n","protected":false},"excerpt":{"rendered":"<p>ENTRADES I SORTIDES DE L&#8217;ESCOLA<br \/>\n(Horaris, espais, migdia, pluja&#8230;)<br \/>\n&nbsp;<br \/>\nENTRADA A LES\u00a0 9h: <\/p>\n<ul>\n<li>Alumnat d\u2019Ed. Infantil I3, I4 i I5<\/li>\n<\/ul>\n<p>Enguany les fam\u00edlies d\u2019Ed. Infantil entrareu per la porta principal o per la porta de la rampa i podreu acompanyar i recollir els vostres fills i filles&hellip;  <a href=\"https:\/\/agora.xtec.cat\/ceip-montserrat\/lescola\/normativa-curs-2022-2023\/\" title=\"Read Normativa\">Llegeix m\u00e9s\u00bb<\/a><\/p>\n","protected":false},"author":1,"featured_media":0,"parent":22,"menu_order":45,"comment_status":"closed","ping_status":"closed","template":"","meta":{"_bbp_topic_count":0,"_bbp_reply_count":0,"_bbp_total_topic_count":0,"_bbp_total_reply_count":0,"_bbp_voice_count":0,"_bbp_anonymous_reply_count":0,"_bbp_topic_count_hidden":0,"_bbp_reply_count_hidden":0,"_bbp_forum_subforum_count":0,"footnotes":""},"class_list":["post-499","page","type-page","status-publish","hentry"],"post_mailing_queue_ids":[],"_links":{"self":[{"href":"https:\/\/agora.xtec.cat\/ceip-montserrat\/wp-json\/wp\/v2\/pages\/499","targetHints":{"allow":["GET"]}}],"collection":[{"href":"https:\/\/agora.xtec.cat\/ceip-montserrat\/wp-json\/wp\/v2\/pages"}],"about":[{"href":"https:\/\/agora.xtec.cat\/ceip-montserrat\/wp-json\/wp\/v2\/types\/page"}],"author":[{"embeddable":true,"href":"https:\/\/agora.xtec.cat\/ceip-montserrat\/wp-json\/wp\/v2\/users\/1"}],"replies":[{"embeddable":true,"href":"https:\/\/agora.xtec.cat\/ceip-montserrat\/wp-json\/wp\/v2\/comments?post=499"}],"version-history":[{"count":6,"href":"https:\/\/agora.xtec.cat\/ceip-montserrat\/wp-json\/wp\/v2\/pages\/499\/revisions"}],"predecessor-version":[{"id":7847,"href":"https:\/\/agora.xtec.cat\/ceip-montserrat\/wp-json\/wp\/v2\/pages\/499\/revisions\/7847"}],"up":[{"embeddable":true,"href":"https:\/\/agora.xtec.cat\/ceip-montserrat\/wp-json\/wp\/v2\/pages\/22"}],"wp:attachment":[{"href":"https:\/\/agora.xtec.cat\/ceip-montserrat\/wp-json\/wp\/v2\/media?parent=499"}],"curies":[{"name":"wp","href":"https:\/\/api.w.org\/{rel}","templated":true}]}}