{"id":4751,"date":"2019-11-12T19:15:26","date_gmt":"2019-11-12T18:15:26","guid":{"rendered":"http:\/\/agora.xtec.cat\/ceip-montserrat\/?page_id=4751"},"modified":"2024-10-06T11:51:30","modified_gmt":"2024-10-06T09:51:30","slug":"atencio-a-la-diversitat","status":"publish","type":"page","link":"https:\/\/agora.xtec.cat\/ceip-montserrat\/projecte-educatiu\/atencio-a-la-diversitat\/","title":{"rendered":"Suport a la inclusi\u00f3"},"content":{"rendered":"<p><strong>\u00b7 Atenci\u00f3 a les NEE (Necessitats Educatives Especials)<\/strong>: Es prioritza la detecci\u00f3 de possibles dificultats de l\u2019alumnat, per<a href=\"https:\/\/agora.xtec.cat\/ceip-montserrat\/wp-content\/uploads\/usu1311\/2024\/10\/nee.png\"><img loading=\"lazy\" decoding=\"async\" class=\"wp-image-7412 alignright\" src=\"https:\/\/agora.xtec.cat\/ceip-montserrat\/wp-content\/uploads\/usu1311\/2024\/10\/nee.png\" alt=\"\" width=\"207\" height=\"185\" \/><\/a> donar els suports necessaris a l\u2019abast de l\u2019escola a trav\u00e9s de la psicopedagoga de l\u2019EAP, mestres de suport a la inclusi\u00f3, etc.<br \/>\nEls infants amb dificultats susceptibles de diagn\u00f2stic i nouvinguts s\u00f3n derivats a la psicopedagoga de l\u2019EAP perqu\u00e8 en faci una valoraci\u00f3 i juntament amb la mestra de suport a la inclusi\u00f3 i la tutora o tutor es concreten les actuacions adaptades a les necessitats de l\u2019alumne, ja siguin Plans Individualitzats o Adaptacions Curriculars.<\/p>\n<p>Des de les tutories es fa un seguiment individualitzat amb tots els suports tant escolars, com familiars i ajudes externes.<\/p>\n<p>D\u2019altra banda, el centre est\u00e0 dotat amb el recurs SIEI (Suport Intensiu per a l\u2019Escolaritzaci\u00f3 Inclusiva) per atendre l\u2019alumnat amb necessitats educatives especials que ho necessitin. Aquest recurs suma als suports universals i addicionals per a la inclusi\u00f3 que ja s\u2019apliquen al centre.<\/p>\n<p><strong>\u00b7 Coordinaci\u00f3-Adaptaci\u00f3 Ed. Infantil- Llar d\u2019Infants:<\/strong> Abans de l\u2019inici de curs la coordinadora d\u2019Educaci\u00f3 Infantil juntament amb personal de la Llar d\u2019Infants realitzen una trobada de trasp\u00e0s d\u2019informaci\u00f3 i coordinaci\u00f3 per facilitar la bona acollida als infants d\u2019I3.<\/p>\n<p>\u00b7<strong> Pla d\u2019adaptaci\u00f3 d\u2019Educaci\u00f3 Infantil 3 anys:<\/strong> Per tal de facilitar la incorporaci\u00f3 a l\u2019escola dels alumnes d\u2019I3 es porta a terme un Pla d\u2019Adaptaci\u00f3 que contempla de manera progressiva l\u2019adaptaci\u00f3 dels infants, als nous horaris, espais, organitzaci\u00f3, h\u00e0bits i relacions personals, respectant les individualitats i de manera que cada nen i nena pugui anar-se familiaritzant amb el nou entorn que representa la nova etapa escolar.<\/p>\n<p><strong>\u00b7 Coordinaci\u00f3 Prim\u00e0ria \u2013Secund\u00e0ria:<\/strong> El pas de Prim\u00e0ria a Secund\u00e0ria del nostre alumnat de 6\u00e8 es prepara amb una visita informativa a les instal\u00b7lacions de l\u2019Institut Sant Just i reunions de coordinaci\u00f3 i trasp\u00e0s d\u2019informaci\u00f3 dels mestres-tutors de 6\u00e8 amb la coordinadora de l\u2019ESO de l\u2019Institut Sant Just i la psicopedagoga.<\/p>\n","protected":false},"excerpt":{"rendered":"<p>\u00b7 Atenci\u00f3 a les NEE (Necessitats Educatives Especials): Es prioritza la detecci\u00f3 de possibles dificultats de l\u2019alumnat, per<a href=\"https:\/\/agora.xtec.cat\/ceip-montserrat\/wp-content\/uploads\/usu1311\/2024\/10\/nee.png\"><\/a> donar els suports necessaris a l\u2019abast de l\u2019escola a trav\u00e9s de la psicopedagoga de l\u2019EAP, mestres de suport a la inclusi\u00f3, etc.<br \/>\nEls infants amb dificultats susceptibles&hellip;  <a href=\"https:\/\/agora.xtec.cat\/ceip-montserrat\/projecte-educatiu\/atencio-a-la-diversitat\/\" title=\"Read Suport a la inclusi\u00f3\">Llegeix m\u00e9s\u00bb<\/a><\/p>\n","protected":false},"author":1,"featured_media":0,"parent":64,"menu_order":52,"comment_status":"closed","ping_status":"closed","template":"","meta":{"_bbp_topic_count":0,"_bbp_reply_count":0,"_bbp_total_topic_count":0,"_bbp_total_reply_count":0,"_bbp_voice_count":0,"_bbp_anonymous_reply_count":0,"_bbp_topic_count_hidden":0,"_bbp_reply_count_hidden":0,"_bbp_forum_subforum_count":0,"footnotes":""},"class_list":["post-4751","page","type-page","status-publish","hentry"],"post_mailing_queue_ids":[],"_links":{"self":[{"href":"https:\/\/agora.xtec.cat\/ceip-montserrat\/wp-json\/wp\/v2\/pages\/4751","targetHints":{"allow":["GET"]}}],"collection":[{"href":"https:\/\/agora.xtec.cat\/ceip-montserrat\/wp-json\/wp\/v2\/pages"}],"about":[{"href":"https:\/\/agora.xtec.cat\/ceip-montserrat\/wp-json\/wp\/v2\/types\/page"}],"author":[{"embeddable":true,"href":"https:\/\/agora.xtec.cat\/ceip-montserrat\/wp-json\/wp\/v2\/users\/1"}],"replies":[{"embeddable":true,"href":"https:\/\/agora.xtec.cat\/ceip-montserrat\/wp-json\/wp\/v2\/comments?post=4751"}],"version-history":[{"count":6,"href":"https:\/\/agora.xtec.cat\/ceip-montserrat\/wp-json\/wp\/v2\/pages\/4751\/revisions"}],"predecessor-version":[{"id":7413,"href":"https:\/\/agora.xtec.cat\/ceip-montserrat\/wp-json\/wp\/v2\/pages\/4751\/revisions\/7413"}],"up":[{"embeddable":true,"href":"https:\/\/agora.xtec.cat\/ceip-montserrat\/wp-json\/wp\/v2\/pages\/64"}],"wp:attachment":[{"href":"https:\/\/agora.xtec.cat\/ceip-montserrat\/wp-json\/wp\/v2\/media?parent=4751"}],"curies":[{"name":"wp","href":"https:\/\/api.w.org\/{rel}","templated":true}]}}