{"id":3896,"date":"2018-11-16T13:49:33","date_gmt":"2018-11-16T12:49:33","guid":{"rendered":"http:\/\/agora.xtec.cat\/ceip-montserrat\/?page_id=3896"},"modified":"2024-10-26T13:52:44","modified_gmt":"2024-10-26T11:52:44","slug":"ambients-robicrert","status":"publish","type":"page","link":"https:\/\/agora.xtec.cat\/ceip-montserrat\/projecte-educatiu\/altres-projectes\/ambients-robicrert\/","title":{"rendered":"Ambients Prim\u00e0ria"},"content":{"rendered":"<p>L&#8217;alumnat de prim\u00e0ria realitzen <strong>AMBIENTS intercicles,<\/strong> de caire globalitzador: matem\u00e0tics, llenguatge, art\u00edstics, digitals, musicals, etc.<\/p>\n<p>Entenem els ambients com\u00a0com a espais d\u2019aprenentatge, de relaci\u00f3 i de comunicaci\u00f3 del infants, pensats perqu\u00e8 puguin ser els protagonistes i construir el seu propi aprenentatge de manera activa, lliure i creativa a partir del joc com a\u00a0 mitj\u00e0 educatiu que afavoreix\u00a0 l\u2019aprenentatge i el coneixement.<\/p>\n<p>S\u2019organitzen en agrupaments intercicle una tarda a la setmana.<\/p>\n<p>&nbsp;<\/p>\n<p style=\"text-align: center;\"><iframe loading=\"lazy\" src=\"https:\/\/www.youtube.com\/embed\/xockfIXlbiw\" width=\"560\" height=\"315\" frameborder=\"0\" allowfullscreen=\"allowfullscreen\" data-mce-fragment=\"1\"><\/iframe><\/p>\n","protected":false},"excerpt":{"rendered":"<p>L&#8217;alumnat de prim\u00e0ria realitzen AMBIENTS intercicles, de caire globalitzador: matem\u00e0tics, llenguatge, art\u00edstics, digitals, musicals, etc.<br \/>\nEntenem els ambients com\u00a0com a espais d\u2019aprenentatge, de relaci\u00f3 i de comunicaci\u00f3 del infants, pensats perqu\u00e8 puguin ser els protagonistes i construir el seu propi aprenentatge de manera activa, lliure i&hellip;  <a href=\"https:\/\/agora.xtec.cat\/ceip-montserrat\/projecte-educatiu\/altres-projectes\/ambients-robicrert\/\" title=\"Read Ambients Prim\u00e0ria\">Llegeix m\u00e9s\u00bb<\/a><\/p>\n","protected":false},"author":1,"featured_media":0,"parent":2839,"menu_order":30,"comment_status":"closed","ping_status":"closed","template":"","meta":{"_bbp_topic_count":0,"_bbp_reply_count":0,"_bbp_total_topic_count":0,"_bbp_total_reply_count":0,"_bbp_voice_count":0,"_bbp_anonymous_reply_count":0,"_bbp_topic_count_hidden":0,"_bbp_reply_count_hidden":0,"_bbp_forum_subforum_count":0,"footnotes":""},"class_list":["post-3896","page","type-page","status-publish","hentry"],"post_mailing_queue_ids":[],"_links":{"self":[{"href":"https:\/\/agora.xtec.cat\/ceip-montserrat\/wp-json\/wp\/v2\/pages\/3896","targetHints":{"allow":["GET"]}}],"collection":[{"href":"https:\/\/agora.xtec.cat\/ceip-montserrat\/wp-json\/wp\/v2\/pages"}],"about":[{"href":"https:\/\/agora.xtec.cat\/ceip-montserrat\/wp-json\/wp\/v2\/types\/page"}],"author":[{"embeddable":true,"href":"https:\/\/agora.xtec.cat\/ceip-montserrat\/wp-json\/wp\/v2\/users\/1"}],"replies":[{"embeddable":true,"href":"https:\/\/agora.xtec.cat\/ceip-montserrat\/wp-json\/wp\/v2\/comments?post=3896"}],"version-history":[{"count":4,"href":"https:\/\/agora.xtec.cat\/ceip-montserrat\/wp-json\/wp\/v2\/pages\/3896\/revisions"}],"predecessor-version":[{"id":7449,"href":"https:\/\/agora.xtec.cat\/ceip-montserrat\/wp-json\/wp\/v2\/pages\/3896\/revisions\/7449"}],"up":[{"embeddable":true,"href":"https:\/\/agora.xtec.cat\/ceip-montserrat\/wp-json\/wp\/v2\/pages\/2839"}],"wp:attachment":[{"href":"https:\/\/agora.xtec.cat\/ceip-montserrat\/wp-json\/wp\/v2\/media?parent=3896"}],"curies":[{"name":"wp","href":"https:\/\/api.w.org\/{rel}","templated":true}]}}