{"id":38,"date":"2014-09-18T12:34:08","date_gmt":"2014-09-18T11:34:08","guid":{"rendered":"http:\/\/agora.xtec.cat\/ceip-montserrat\/?page_id=38"},"modified":"2024-09-07T13:32:37","modified_gmt":"2024-09-07T11:32:37","slug":"salut","status":"publish","type":"page","link":"https:\/\/agora.xtec.cat\/ceip-montserrat\/lescola\/salut\/","title":{"rendered":"Salut"},"content":{"rendered":"<h3 style=\"text-align: center;\"><span style=\"color: #ff6600;\"><strong>MESURES HIGI\u00c8NICO-SANIT\u00c0RIES<\/strong><\/span><\/h3>\n<ul>\n<li>No portar l\u2019alumne a l\u2019escola en el moment que la fam\u00edlia detecti que el nen\/a t\u00e9 febre, v\u00f2mits, diarrea, o pateix alguna malaltia infecciosa (grip, varicel\u00b7la, galteres, conjuntivitis, fongs,&#8230;.). Si es dona el cas, cal comunicar a l\u2019escola (tutor\/a) el motiu d\u2019abs\u00e8ncia de l\u2019alumne.<strong><u>Important<\/u><\/strong><strong>:<\/strong> En totes les malalties que cursin amb febre, a m\u00e9s de seguir les recomanacions espec\u00edfiques per a cadascuna d\u2019elles, <strong>caldr\u00e0 que l\u2019infant hagi estat <u>24 hores sense febre<\/u> abans de tornar a l\u2019escola.<\/strong><\/li>\n<li>En cas d\u2019infeccions parasit\u00e0ries com poden ser els polls, s\u2019haur\u00e0 de seguir el tractament m\u00e8dic o higi\u00e8nic complert. <a href=\"https:\/\/canalsalut.gencat.cat\/ca\/detalls\/article\/Polls-00001\">Informaci\u00f3 Canal Salut Gencat<\/a>. Si es detecta a l\u2019escola,\u00a0 es trucar\u00e0 a la fam\u00edlia que haur\u00e0 de venir a buscar el seu fill\/a, al m\u00e9s aviat possible, per aplicar-li\u00a0 el tractament corresponent. L\u2019infant no\u00a0 podr\u00e0 tornar a l\u2019escola fins que estigui totalment desparasitat. \u00c9s necess\u00e0ria la m\u00e0xima col\u00b7laboraci\u00f3 de les fam\u00edlies per poder acabar amb aquest problema del qual el centre no n\u2019\u00e9s responsable.<\/li>\n<li>En cas d\u2019<strong>altres<\/strong> <strong>malalties i\/o infeccions<\/strong>, com ara l\u2019escarlatina, impetigen, virus bufetada, sarna, etc. s\u2019haur\u00e0 de seguir el tractament m\u00e8dic adequat. \u00c9s important <u>notificar-ho a l\u2019escola per fer el control de casos<\/u> i, si \u00e9s el cas, treballar conjuntament amb el Servei de Vigil\u00e0ncia Epidemiol\u00f2gica, seguint les seves instruccions.<a href=\"https:\/\/agora.xtec.cat\/ceip-montserrat\/wp-content\/uploads\/usu1311\/2024\/09\/salut-col\u00b7Laboracio.png\"><img loading=\"lazy\" decoding=\"async\" class=\"alignnone size-large wp-image-7384\" src=\"https:\/\/agora.xtec.cat\/ceip-montserrat\/wp-content\/uploads\/usu1311\/2024\/09\/salut-col\u00b7Laboracio-1024x193.png\" alt=\"\" width=\"1024\" height=\"193\" srcset=\"https:\/\/agora.xtec.cat\/ceip-montserrat\/wp-content\/uploads\/usu1311\/2024\/09\/salut-col\u00b7Laboracio-1024x193.png 1024w, https:\/\/agora.xtec.cat\/ceip-montserrat\/wp-content\/uploads\/usu1311\/2024\/09\/salut-col\u00b7Laboracio-300x57.png 300w, https:\/\/agora.xtec.cat\/ceip-montserrat\/wp-content\/uploads\/usu1311\/2024\/09\/salut-col\u00b7Laboracio-768x145.png 768w, https:\/\/agora.xtec.cat\/ceip-montserrat\/wp-content\/uploads\/usu1311\/2024\/09\/salut-col\u00b7Laboracio.png 1033w\" sizes=\"auto, (max-width: 1024px) 100vw, 1024px\" \/><\/a><\/li>\n<\/ul>\n<p><strong><u>Administraci\u00f3 de medicaments <\/u><\/strong><\/p>\n<p>En cas que l\u2019alumne\/a necessiti prendre alguna medicaci\u00f3 durant l\u2019horari escolar, caldr\u00e0 que\u00a0 feu arribar a la seva tutora o tutor, <strong>una recepta o un informe del metge<\/strong> on consti el nom i cognoms del nen\/a, el nom del medicament i la pauta que s\u2019ha de seguir (moment del dia i quantitat que ha de prendre). Aix\u00ed mateix, tamb\u00e9 s\u2019haur\u00e0 de <strong>portar <\/strong><a href=\"https:\/\/agora.xtec.cat\/ceip-montserrat\/docs\/autoritzacio-administracio-medicaments\/\"><strong>l\u2019autoritzaci\u00f3 d\u2019administraci\u00f3 de medicaments<\/strong><\/a> on l\u2019adult responsable de l\u2019alumne autoritzi al personal del centre educatiu perqu\u00e8 li administrin la medicaci\u00f3 receptada. <strong>No s\u2019administrar\u00e0 cap medicaci\u00f3 sense d\u2019aquests documents<\/strong>.<\/p>\n<p><strong>Important:<\/strong> \u00c9s necessari donar en m\u00e0 la medicaci\u00f3 a l\u2019adult i, si no \u00e9s possible, ficar-lo a la motxilla de l\u2019infant, avisant SEMPRE al tutor o tutora.<\/p>\n<p><strong><u>Al\u00b7l\u00e8rgies de tot tipus (aliment\u00e0ries, respirat\u00f2ries. . . .)<\/u><\/strong><\/p>\n<p>En cas que un alumne\/a tingui algun tipus<strong> d\u2019al\u00b7l\u00e8rgia, intoler\u00e0ncia i\/o alerta de salut, cal fer-ho saber al m\u00e9s aviat possible al seu tutor\/a i al coordinador del servei de menjador a trav\u00e9s del <\/strong>\u00a0<a href=\"https:\/\/agora.xtec.cat\/ceip-montserrat\/docs\/recollida-dinformacio-per-alumnes-amb-al%c2%b7lergies-i-altres-alertes-de-salut\/\">full de recollida d\u2019informaci\u00f3 per alumnat amb al\u00b7l\u00e8rgies\/alertes de salut.<\/a><\/p>\n<p><strong><u>Educaci\u00f3 F\u00edsica i piscina<\/u><\/strong><\/p>\n<p>Aquells infants que per motius de salut <strong>no puguin fer Educaci\u00f3 F\u00edsica o l\u2019activitat de piscina <\/strong>per un per\u00edode de temps prolongat, hauran de portar el corresponent <strong><u>certificat m\u00e8dic.<\/u> <\/strong>\u00a0Si es tracta d\u2019un dia puntual, caldr\u00e0 portar un justificant de la fam\u00edlia. Per aquestes activitats\u00a0 tot l\u2019alumnat haur\u00e0 de portar l\u2019equipament esportiu adequat. S\u2019aconsella portar el xandall i<strong> la samarreta de l\u2019escola<\/strong>. S\u2019haur\u00e0 de marcar la roba esportiva amb el nom de l\u2019infant de manera clara per evitar possibles confusions i poder recuperar la pe\u00e7a en cas de p\u00e8rdua. Recordem que com a usuaris de les instal\u00b7lacions de la Piscina del Complex Esportiu Municipal la Bonaigua, s\u2019hauran de seguir les normes d\u2019acc\u00e9s i \u00fas del centre esportiu.<\/p>\n<h3><\/h3>\n<p>&nbsp;<\/p>\n","protected":false},"excerpt":{"rendered":"<p>MESURES HIGI\u00c8NICO-SANIT\u00c0RIES<\/p>\n<ul>\n<li>No portar l\u2019alumne a l\u2019escola en el moment que la fam\u00edlia detecti que el nen\/a t\u00e9 febre, v\u00f2mits, diarrea, o pateix alguna malaltia infecciosa (grip, varicel\u00b7la, galteres, conjuntivitis, fongs,&#8230;.). Si es dona el cas, cal comunicar a l\u2019escola (tutor\/a) el motiu d\u2019abs\u00e8ncia de l\u2019alumne.Important:&hellip;  <a href=\"https:\/\/agora.xtec.cat\/ceip-montserrat\/lescola\/salut\/\" title=\"Read Salut\">Llegeix m\u00e9s\u00bb<\/a><br \/>\n","protected":false},"author":1,"featured_media":0,"parent":22,"menu_order":80,"comment_status":"closed","ping_status":"closed","template":"page-templates\/side-menu.php","meta":{"_bbp_topic_count":0,"_bbp_reply_count":0,"_bbp_total_topic_count":0,"_bbp_total_reply_count":0,"_bbp_voice_count":0,"_bbp_anonymous_reply_count":0,"_bbp_topic_count_hidden":0,"_bbp_reply_count_hidden":0,"_bbp_forum_subforum_count":0,"footnotes":""},"class_list":["post-38","page","type-page","status-publish","hentry"],"post_mailing_queue_ids":[],"_links":{"self":[{"href":"https:\/\/agora.xtec.cat\/ceip-montserrat\/wp-json\/wp\/v2\/pages\/38","targetHints":{"allow":["GET"]}}],"collection":[{"href":"https:\/\/agora.xtec.cat\/ceip-montserrat\/wp-json\/wp\/v2\/pages"}],"about":[{"href":"https:\/\/agora.xtec.cat\/ceip-montserrat\/wp-json\/wp\/v2\/types\/page"}],"author":[{"embeddable":true,"href":"https:\/\/agora.xtec.cat\/ceip-montserrat\/wp-json\/wp\/v2\/users\/1"}],"replies":[{"embeddable":true,"href":"https:\/\/agora.xtec.cat\/ceip-montserrat\/wp-json\/wp\/v2\/comments?post=38"}],"version-history":[{"count":6,"href":"https:\/\/agora.xtec.cat\/ceip-montserrat\/wp-json\/wp\/v2\/pages\/38\/revisions"}],"predecessor-version":[{"id":7387,"href":"https:\/\/agora.xtec.cat\/ceip-montserrat\/wp-json\/wp\/v2\/pages\/38\/revisions\/7387"}],"up":[{"embeddable":true,"href":"https:\/\/agora.xtec.cat\/ceip-montserrat\/wp-json\/wp\/v2\/pages\/22"}],"wp:attachment":[{"href":"https:\/\/agora.xtec.cat\/ceip-montserrat\/wp-json\/wp\/v2\/media?parent=38"}],"curies":[{"name":"wp","href":"https:\/\/api.w.org\/{rel}","templated":true}]}}