{"id":3793,"date":"2018-11-11T23:26:54","date_gmt":"2018-11-11T22:26:54","guid":{"rendered":"http:\/\/agora.xtec.cat\/ceip-montserrat\/?page_id=3793"},"modified":"2018-11-12T08:57:44","modified_gmt":"2018-11-12T07:57:44","slug":"etwinning","status":"publish","type":"page","link":"https:\/\/agora.xtec.cat\/ceip-montserrat\/projecte-educatiu\/projectes-dinnovacio\/etwinning\/","title":{"rendered":"eTwinning"},"content":{"rendered":"<p><span style=\"color: #000000;\">eTwinning \u00e9s una iniciativa de la Comissi\u00f3 Europea que forma part del programa de la Uni\u00f3 Europea Erasmus+.<\/span><\/p>\n<h5><span style=\"color: #000000;\"><sup id=\"cite_ref-2\" class=\"reference separada\"><img loading=\"lazy\" decoding=\"async\" class=\"alignright\" src=\"http:\/\/www.juntadeandalucia.es\/educacion\/webportal\/documents\/72850\/0\/eTwinningLogoFlat.png\" alt=\"Resultat d'imatges de etwinning\" width=\"404\" height=\"161\" \/><\/sup><\/span><\/h5>\n<p><span style=\"color: #000000;\">El principal objectiu d&#8217;aquests projectes \u00e9s fomentar la col\u00b7laboraci\u00f3 escolar en Europa utilitzant les tecnologies de la informaci\u00f3 i la comunicaci\u00f3 (TIC).<\/span><\/p>\n<p><span style=\"color: #000000;\">Per portar-ho a terme, es proporciona una plataforma i els recursos necessaris (eines en linea, xarxa, serveis, assesorament), a tots els docents implicades dels centres escolars dels pa\u00efsos europeus participants.<\/span><\/p>\n<p><span style=\"color: #000000;\">Tot aix\u00f2 perqu\u00e8 els i les mestres juntament amb els i les alumnes es comuniquin, col\u00b7laborin, desenvolupin projectes en com\u00fa i intercanviin ideas.<\/span><\/p>\n<p><span style=\"color: #000000;\">Hem treballat amb escoles de Fran\u00e7a, de Su\u00e8cia, de Pol\u00f2nia, Alemanya, Dinamarca, Gr\u00e8cia i, enguany, unes escoles de Finl\u00e0ndia i Cro\u00e0cia.<\/span><\/p>\n<p><span style=\"color: #000000;\">Per\u00a0tercer any consecutiu\u00a0hem rebut el Segell de Qualitat Nacional i Europe<\/span>u.<\/p>\n<p><img loading=\"lazy\" decoding=\"async\" class=\"aligncenter\" src=\"http:\/\/parapnte.educacion.navarra.es\/wp-content\/uploads\/2016\/11\/sello-europeo.jpg\" alt=\"Resultat d'imatges de sello calidad europeo etwinning\" width=\"113\" height=\"113\" \/><\/p>\n<p>Segueix l&#8217;etiqueta\u00a0<a style=\"color: #2795b6;\" href=\"https:\/\/agora.xtec.cat\/ceip-montserrat\/?s=etwinning\">eTwinning<\/a> per con\u00e8ixer totes les publicacions relacionades amb aquest projecte.<\/p>\n<p>&nbsp;<\/p>\n","protected":false},"excerpt":{"rendered":"<p>eTwinning \u00e9s una iniciativa de la Comissi\u00f3 Europea que forma part del programa de la Uni\u00f3 Europea Erasmus+.<\/p>\n<p>El principal objectiu d&#8217;aquests projectes \u00e9s fomentar la col\u00b7laboraci\u00f3 escolar en Europa utilitzant les tecnologies de la informaci\u00f3 i la comunicaci\u00f3 (TIC).<br \/>\nPer portar-ho a terme, es proporciona una&hellip;  <a href=\"https:\/\/agora.xtec.cat\/ceip-montserrat\/projecte-educatiu\/projectes-dinnovacio\/etwinning\/\" title=\"Read eTwinning\">Llegeix m\u00e9s\u00bb<\/a><\/p>\n","protected":false},"author":1,"featured_media":0,"parent":3773,"menu_order":20,"comment_status":"closed","ping_status":"closed","template":"","meta":{"_bbp_topic_count":0,"_bbp_reply_count":0,"_bbp_total_topic_count":0,"_bbp_total_reply_count":0,"_bbp_voice_count":0,"_bbp_anonymous_reply_count":0,"_bbp_topic_count_hidden":0,"_bbp_reply_count_hidden":0,"_bbp_forum_subforum_count":0,"footnotes":""},"class_list":["post-3793","page","type-page","status-publish","hentry"],"post_mailing_queue_ids":[],"_links":{"self":[{"href":"https:\/\/agora.xtec.cat\/ceip-montserrat\/wp-json\/wp\/v2\/pages\/3793","targetHints":{"allow":["GET"]}}],"collection":[{"href":"https:\/\/agora.xtec.cat\/ceip-montserrat\/wp-json\/wp\/v2\/pages"}],"about":[{"href":"https:\/\/agora.xtec.cat\/ceip-montserrat\/wp-json\/wp\/v2\/types\/page"}],"author":[{"embeddable":true,"href":"https:\/\/agora.xtec.cat\/ceip-montserrat\/wp-json\/wp\/v2\/users\/1"}],"replies":[{"embeddable":true,"href":"https:\/\/agora.xtec.cat\/ceip-montserrat\/wp-json\/wp\/v2\/comments?post=3793"}],"version-history":[{"count":3,"href":"https:\/\/agora.xtec.cat\/ceip-montserrat\/wp-json\/wp\/v2\/pages\/3793\/revisions"}],"predecessor-version":[{"id":3809,"href":"https:\/\/agora.xtec.cat\/ceip-montserrat\/wp-json\/wp\/v2\/pages\/3793\/revisions\/3809"}],"up":[{"embeddable":true,"href":"https:\/\/agora.xtec.cat\/ceip-montserrat\/wp-json\/wp\/v2\/pages\/3773"}],"wp:attachment":[{"href":"https:\/\/agora.xtec.cat\/ceip-montserrat\/wp-json\/wp\/v2\/media?parent=3793"}],"curies":[{"name":"wp","href":"https:\/\/api.w.org\/{rel}","templated":true}]}}