{"id":28,"date":"2014-09-18T12:29:35","date_gmt":"2014-09-18T11:29:35","guid":{"rendered":"http:\/\/agora.xtec.cat\/ceip-montserrat\/?page_id=28"},"modified":"2026-01-10T12:23:47","modified_gmt":"2026-01-10T11:23:47","slug":"consell-escolar","status":"publish","type":"page","link":"https:\/\/agora.xtec.cat\/ceip-montserrat\/lescola\/consell-escolar\/","title":{"rendered":"Consell escolar"},"content":{"rendered":"<h3 style=\"text-align: center;\"><\/h3>\n<p>El consell escolar del centre \u00e9s l&#8217;<strong>\u00f2rgan col\u00b7legiat de participaci\u00f3<\/strong> de la comunitat escolar en el govern del centre. En el consell escolar hi ha representats tots els col\u00b7lectius que intervenen en la comunitat educativa: director, professorat, alumnat, personal d&#8217;administraci\u00f3 i serveis, etc.<img loading=\"lazy\" decoding=\"async\" class=\"alignright\" src=\"https:\/\/ampabip.files.wordpress.com\/2013\/04\/reunic3b3-300x243.jpg\" alt=\"Resultat d'imatges de consell escolar\" width=\"202\" height=\"164\" \/><\/p>\n<p>En els centres p\u00fablics, la funci\u00f3 principal del consell escolar \u00e9s participar en la presa de decisions en relaci\u00f3 amb aquells temes importants per al funcionament i l&#8217;organitzaci\u00f3 del centre: el projecte educatiu, la programaci\u00f3 general, la gesti\u00f3 econ\u00f2mica, etc.<\/p>\n<p>Els membres del consell escolar s\u00f3n elegits per un per\u00edode de quatre anys i es renoven per meitats cada dos anys.<\/p>\n<h3 style=\"text-align: center;\"><span style=\"color: #000000;\"><strong>\u00a0<\/strong><\/span><\/h3>\n<h3 style=\"text-align: center;\"><strong><span style=\"color: #008080;\">Membres del Consell Escolar\u00a0<\/span><\/strong><\/h3>\n<p>&nbsp;<\/p>\n<p><strong>Directora: <\/strong>Mireya M.<\/p>\n<p><strong>Cap d\u2019Estudis: <\/strong>To\u00f1i N.<\/p>\n<p><strong>Representants del sector Mestres:<\/strong><\/p>\n<p>Silvia D.<\/p>\n<p>Neus F.<\/p>\n<p>Cristina G.<\/p>\n<p>Ana M.<\/p>\n<p>Carme P.<\/p>\n<p>Laura R.<\/p>\n<p><strong>Representants del sector pares i mares d\u2019alumnes<\/strong><\/p>\n<p>Cristina A.<\/p>\n<p>Josep B.<\/p>\n<p>Aida L.<\/p>\n<p>Marta P.<\/p>\n<p>Eug\u00e8nia R.<\/p>\n<p><strong>Representant AFA: <\/strong>M\u00edriam N.<\/p>\n<p><strong>Representant sector PAS: <\/strong>Nathalie F.<\/p>\n<p><strong>Representant sector PAE: <\/strong>Teresa F.<\/p>\n<p><strong>Representant de l\u2019Ajuntament: <\/strong>Just F.<\/p>\n<p><strong>Secret\u00e0ria: <\/strong>Raquel V.<\/p>\n<p>&nbsp;<\/p>\n","protected":false},"excerpt":{"rendered":"<p>El consell escolar del centre \u00e9s l&#8217;\u00f2rgan col\u00b7legiat de participaci\u00f3 de la comunitat escolar en el govern del centre. En el consell escolar hi ha representats tots els col\u00b7lectius que intervenen en la comunitat educativa: director, professorat, alumnat, personal d&#8217;administraci\u00f3 i serveis, etc.<br \/>\nEn els centres&hellip;  <a href=\"https:\/\/agora.xtec.cat\/ceip-montserrat\/lescola\/consell-escolar\/\" title=\"Read Consell escolar\">Llegeix m\u00e9s\u00bb<\/a><\/p>\n","protected":false},"author":1,"featured_media":0,"parent":22,"menu_order":30,"comment_status":"closed","ping_status":"closed","template":"page-templates\/side-menu.php","meta":{"_bbp_topic_count":0,"_bbp_reply_count":0,"_bbp_total_topic_count":0,"_bbp_total_reply_count":0,"_bbp_voice_count":0,"_bbp_anonymous_reply_count":0,"_bbp_topic_count_hidden":0,"_bbp_reply_count_hidden":0,"_bbp_forum_subforum_count":0,"footnotes":""},"class_list":["post-28","page","type-page","status-publish","hentry"],"post_mailing_queue_ids":[],"_links":{"self":[{"href":"https:\/\/agora.xtec.cat\/ceip-montserrat\/wp-json\/wp\/v2\/pages\/28","targetHints":{"allow":["GET"]}}],"collection":[{"href":"https:\/\/agora.xtec.cat\/ceip-montserrat\/wp-json\/wp\/v2\/pages"}],"about":[{"href":"https:\/\/agora.xtec.cat\/ceip-montserrat\/wp-json\/wp\/v2\/types\/page"}],"author":[{"embeddable":true,"href":"https:\/\/agora.xtec.cat\/ceip-montserrat\/wp-json\/wp\/v2\/users\/1"}],"replies":[{"embeddable":true,"href":"https:\/\/agora.xtec.cat\/ceip-montserrat\/wp-json\/wp\/v2\/comments?post=28"}],"version-history":[{"count":7,"href":"https:\/\/agora.xtec.cat\/ceip-montserrat\/wp-json\/wp\/v2\/pages\/28\/revisions"}],"predecessor-version":[{"id":8063,"href":"https:\/\/agora.xtec.cat\/ceip-montserrat\/wp-json\/wp\/v2\/pages\/28\/revisions\/8063"}],"up":[{"embeddable":true,"href":"https:\/\/agora.xtec.cat\/ceip-montserrat\/wp-json\/wp\/v2\/pages\/22"}],"wp:attachment":[{"href":"https:\/\/agora.xtec.cat\/ceip-montserrat\/wp-json\/wp\/v2\/media?parent=28"}],"curies":[{"name":"wp","href":"https:\/\/api.w.org\/{rel}","templated":true}]}}