{"id":26,"date":"2014-09-18T12:24:32","date_gmt":"2014-09-18T11:24:32","guid":{"rendered":"http:\/\/agora.xtec.cat\/ceip-montserrat\/?page_id=26"},"modified":"2026-02-25T20:11:02","modified_gmt":"2026-02-25T19:11:02","slug":"historia","status":"publish","type":"page","link":"https:\/\/agora.xtec.cat\/ceip-montserrat\/lescola\/historia\/","title":{"rendered":"Qu\u00e8 volem aconseguir"},"content":{"rendered":"<ul>\n<li>Treballem per oferir als nostres alumnes pr\u00e0ctiques educatives i projectes singulars que <strong>afavoreixin els diferents ritmes d\u2019aprenentatge, que respectin i potenci\u00efn les individualitats<\/strong>, alhora que motivin els infants a <strong>construir el seu propi aprenentatge<\/strong> i a assolir els <strong>aspectes competencials<\/strong> b\u00e0sics per la vida, tot acompanyant cada infant perqu\u00e8 creixi amb <strong>seguretat i confian\u00e7a<\/strong>, en un entorn que els faci sentir estimats, capa\u00e7os i preparats per afrontar nous reptes.<\/li>\n<\/ul>\n<p>&nbsp;<\/p>\n<ul>\n<li>Entenem l\u2019escola com un espai de <strong>transmissi\u00f3 de valors<\/strong> on s\u2019educa per la llibertat i el comprom\u00eds, el respecte i la toler\u00e0ncia, la responsabilitat i l\u2019esfor\u00e7, la diversitat i la solidaritat.<\/li>\n<\/ul>\n<p>&nbsp;<\/p>\n<ul>\n<li>Volem infants <strong>pluriling\u00fces<\/strong>, capa\u00e7os d\u2019utilitzar <strong>diferents idiomes<\/strong> per comprendre, expressar-se i interactuar en contextos diversos.<\/li>\n<\/ul>\n<p>&nbsp;<\/p>\n<ul>\n<li>Entenem l&#8217;escola com un espai de <strong>transmissi\u00f3 de valors<\/strong> on s&#8217;educa per la llibertat i el comprom\u00eds, el respecte i la toler\u00e0ncia, la responsabilitat i l&#8217;esfor\u00e7, la diversitat i la solidaritat.<\/li>\n<\/ul>\n<p>&nbsp;<\/p>\n<ul>\n<li>Confiem tamb\u00e9 amb la<strong> col\u00b7laboraci\u00f3 de les fam\u00edlies<\/strong> per realitzar les funcions educatives de manera coherent i complement\u00e0ria i ajudar al desenvolupament emocional, acad\u00e8mic i social de tots els alumnes.<\/li>\n<\/ul>\n","protected":false},"excerpt":{"rendered":"<ul>\n<li>Treballem per oferir als nostres alumnes pr\u00e0ctiques educatives i projectes singulars que afavoreixin els diferents ritmes d\u2019aprenentatge, que respectin i potenci\u00efn les individualitats, alhora que motivin els infants a construir el seu propi aprenentatge i a assolir els aspectes competencials b\u00e0sics per la vida, tot&hellip;  <a href=\"https:\/\/agora.xtec.cat\/ceip-montserrat\/lescola\/historia\/\" title=\"Read Qu\u00e8 volem aconseguir\">Llegeix m\u00e9s\u00bb<\/a><br \/>\n","protected":false},"author":1,"featured_media":0,"parent":22,"menu_order":20,"comment_status":"closed","ping_status":"closed","template":"page-templates\/side-menu.php","meta":{"_bbp_topic_count":0,"_bbp_reply_count":0,"_bbp_total_topic_count":0,"_bbp_total_reply_count":0,"_bbp_voice_count":0,"_bbp_anonymous_reply_count":0,"_bbp_topic_count_hidden":0,"_bbp_reply_count_hidden":0,"_bbp_forum_subforum_count":0,"footnotes":""},"class_list":["post-26","page","type-page","status-publish","hentry"],"post_mailing_queue_ids":[],"_links":{"self":[{"href":"https:\/\/agora.xtec.cat\/ceip-montserrat\/wp-json\/wp\/v2\/pages\/26","targetHints":{"allow":["GET"]}}],"collection":[{"href":"https:\/\/agora.xtec.cat\/ceip-montserrat\/wp-json\/wp\/v2\/pages"}],"about":[{"href":"https:\/\/agora.xtec.cat\/ceip-montserrat\/wp-json\/wp\/v2\/types\/page"}],"author":[{"embeddable":true,"href":"https:\/\/agora.xtec.cat\/ceip-montserrat\/wp-json\/wp\/v2\/users\/1"}],"replies":[{"embeddable":true,"href":"https:\/\/agora.xtec.cat\/ceip-montserrat\/wp-json\/wp\/v2\/comments?post=26"}],"version-history":[{"count":5,"href":"https:\/\/agora.xtec.cat\/ceip-montserrat\/wp-json\/wp\/v2\/pages\/26\/revisions"}],"predecessor-version":[{"id":8178,"href":"https:\/\/agora.xtec.cat\/ceip-montserrat\/wp-json\/wp\/v2\/pages\/26\/revisions\/8178"}],"up":[{"embeddable":true,"href":"https:\/\/agora.xtec.cat\/ceip-montserrat\/wp-json\/wp\/v2\/pages\/22"}],"wp:attachment":[{"href":"https:\/\/agora.xtec.cat\/ceip-montserrat\/wp-json\/wp\/v2\/media?parent=26"}],"curies":[{"name":"wp","href":"https:\/\/api.w.org\/{rel}","templated":true}]}}