{"id":22,"date":"2014-09-18T12:19:57","date_gmt":"2014-09-18T11:19:57","guid":{"rendered":"http:\/\/agora.xtec.cat\/ceip-montserrat\/?page_id=22"},"modified":"2026-02-05T22:48:07","modified_gmt":"2026-02-05T21:48:07","slug":"lescola","status":"publish","type":"page","link":"https:\/\/agora.xtec.cat\/ceip-montserrat\/lescola\/","title":{"rendered":"L&#8217;escola"},"content":{"rendered":"<p><span style=\"color: #0000ff;\"><strong><img loading=\"lazy\" decoding=\"async\" class=\"alignnone wp-image-462 alignleft\" src=\"http:\/\/agora.xtec.cat\/ceip-montserrat\/wp-content\/uploads\/usu1311\/2016\/05\/Sol2.jpg\" alt=\"Sol2\" width=\"150\" height=\"111\" srcset=\"https:\/\/agora.xtec.cat\/ceip-montserrat\/wp-content\/uploads\/usu1311\/2016\/05\/Sol2.jpg 322w, https:\/\/agora.xtec.cat\/ceip-montserrat\/wp-content\/uploads\/usu1311\/2016\/05\/Sol2-300x223.jpg 300w\" sizes=\"auto, (max-width: 150px) 100vw, 150px\" \/><\/strong><\/span><\/p>\n<p style=\"text-align: left;\"><span style=\"color: #0000ff;\"><strong>IDEARI<\/strong><\/span><\/p>\n<p style=\"text-align: left;\">Una escola catalana,<br \/>\nuna escola integradora on&#8230;<\/p>\n<p style=\"text-align: left;\">s&#8217;educa per la llibertat i la responsabilitat,<br \/>\ns&#8217;educa per la igualtat i la solidaritat,<br \/>\ns&#8217;educa per la diversitat i la toler\u00e0ncia,<br \/>\nes fomenta la transmissi\u00f3 de valors, l&#8217;esfor\u00e7 i el comprom\u00eds&#8230;<\/p>\n<p style=\"text-align: left;\">Tots els sectors implicats &#8211; equip de mestres, alumnes, fam\u00edlies, equip de monitoratge i serveis educatius &#8211; treballem conjuntament per a dur a terme el nostre projecte educatiu de centre.<\/p>\n","protected":false},"excerpt":{"rendered":"<p>IDEARI<br \/>\nUna escola catalana,<br \/>\nuna escola integradora on&#8230;<br \/>\ns&#8217;educa per la llibertat i la responsabilitat,<br \/>\ns&#8217;educa per la igualtat i la solidaritat,<br \/>\ns&#8217;educa per la diversitat i la toler\u00e0ncia,<br \/>\nes fomenta la transmissi\u00f3 de valors, l&#8217;esfor\u00e7 i el comprom\u00eds&#8230;<br \/>\nTots els sectors implicats &#8211; equip de mestres, alumnes, fam\u00edlies, equip de monitoratge&hellip;  <a href=\"https:\/\/agora.xtec.cat\/ceip-montserrat\/lescola\/\" title=\"Read L&#8217;escola\">Llegeix m\u00e9s\u00bb<\/a><\/p>\n","protected":false},"author":1,"featured_media":0,"parent":0,"menu_order":0,"comment_status":"closed","ping_status":"closed","template":"page-templates\/side-menu.php","meta":{"_bbp_topic_count":0,"_bbp_reply_count":0,"_bbp_total_topic_count":0,"_bbp_total_reply_count":0,"_bbp_voice_count":0,"_bbp_anonymous_reply_count":0,"_bbp_topic_count_hidden":0,"_bbp_reply_count_hidden":0,"_bbp_forum_subforum_count":0,"footnotes":""},"class_list":["post-22","page","type-page","status-publish","hentry"],"post_mailing_queue_ids":[],"_links":{"self":[{"href":"https:\/\/agora.xtec.cat\/ceip-montserrat\/wp-json\/wp\/v2\/pages\/22","targetHints":{"allow":["GET"]}}],"collection":[{"href":"https:\/\/agora.xtec.cat\/ceip-montserrat\/wp-json\/wp\/v2\/pages"}],"about":[{"href":"https:\/\/agora.xtec.cat\/ceip-montserrat\/wp-json\/wp\/v2\/types\/page"}],"author":[{"embeddable":true,"href":"https:\/\/agora.xtec.cat\/ceip-montserrat\/wp-json\/wp\/v2\/users\/1"}],"replies":[{"embeddable":true,"href":"https:\/\/agora.xtec.cat\/ceip-montserrat\/wp-json\/wp\/v2\/comments?post=22"}],"version-history":[{"count":4,"href":"https:\/\/agora.xtec.cat\/ceip-montserrat\/wp-json\/wp\/v2\/pages\/22\/revisions"}],"predecessor-version":[{"id":8137,"href":"https:\/\/agora.xtec.cat\/ceip-montserrat\/wp-json\/wp\/v2\/pages\/22\/revisions\/8137"}],"wp:attachment":[{"href":"https:\/\/agora.xtec.cat\/ceip-montserrat\/wp-json\/wp\/v2\/media?parent=22"}],"curies":[{"name":"wp","href":"https:\/\/api.w.org\/{rel}","templated":true}]}}