{"id":2159,"date":"2017-10-19T12:00:47","date_gmt":"2017-10-19T10:00:47","guid":{"rendered":"http:\/\/agora.xtec.cat\/ceip-montserrat\/?page_id=2159"},"modified":"2025-07-25T12:09:08","modified_gmt":"2025-07-25T10:09:08","slug":"carta-de-compromis","status":"publish","type":"page","link":"https:\/\/agora.xtec.cat\/ceip-montserrat\/projecte-educatiu\/carta-de-compromis\/","title":{"rendered":"Carta de comprom\u00eds educatiu"},"content":{"rendered":"<p>La carta de comprom\u00eds educatiu \u00e9s un document que t\u00e9 com a finalitat potenciar la comunicaci\u00f3, la participaci\u00f3, la implicaci\u00f3, el comprom\u00eds i la corresponsabilitat entre el centre i les fam\u00edlies en l&#8217;educaci\u00f3 d&#8217;infants.<\/p>\n<p>Per tant, la carta ha de contribuir, entre altres, als objectius seg\u00fcents:<\/p>\n<ul>\n<li>Compartir amb les fam\u00edlies els principis i els continguts del projecte educatiu del centre.<\/li>\n<li>Millorar la informaci\u00f3 i la comunicaci\u00f3 entre el centre i les fam\u00edlies.<\/li>\n<li>Facilitar a les fam\u00edlies l&#8217;exercici dels seus drets i el compliment dels deures.<\/li>\n<li>Fomentar la conviv\u00e8ncia i el bon clima escolar.<\/li>\n<li>Corresponsabilitzar el centre i la fam\u00edlia en l&#8217;\u00e8xit acad\u00e8mic, personal i social dels alumnes i tamb\u00e9 en el comprom\u00eds c\u00edvic dels infants.<\/li>\n<\/ul>\n<h5 style=\"text-align: center;\"><strong><span style=\"color: #0000ff;\"><a style=\"color: #0000ff;\" href=\"https:\/\/drive.google.com\/file\/d\/1iymHu17sbgeqpl2A9S7o-XlKr7W4GZUW\/view?usp=sharing\">CARTA COMPROM\u00cdS EDUCATIU ESCOLA MONTSERRAT<\/a><\/span><\/strong><\/h5>\n<p>&nbsp;<\/p>\n","protected":false},"excerpt":{"rendered":"<p>La carta de comprom\u00eds educatiu \u00e9s un document que t\u00e9 com a finalitat potenciar la comunicaci\u00f3, la participaci\u00f3, la implicaci\u00f3, el comprom\u00eds i la corresponsabilitat entre el centre i les fam\u00edlies en l&#8217;educaci\u00f3 d&#8217;infants.<br \/>\nPer tant, la carta ha de contribuir, entre altres, als objectius seg\u00fcents:<\/p>\n<ul>\n<li>Compartir&hellip;  <a href=\"https:\/\/agora.xtec.cat\/ceip-montserrat\/projecte-educatiu\/carta-de-compromis\/\" title=\"Read Carta de comprom\u00eds educatiu\">Llegeix m\u00e9s\u00bb<\/a><br \/>\n","protected":false},"author":1,"featured_media":0,"parent":64,"menu_order":52,"comment_status":"closed","ping_status":"closed","template":"","meta":{"_bbp_topic_count":0,"_bbp_reply_count":0,"_bbp_total_topic_count":0,"_bbp_total_reply_count":0,"_bbp_voice_count":0,"_bbp_anonymous_reply_count":0,"_bbp_topic_count_hidden":0,"_bbp_reply_count_hidden":0,"_bbp_forum_subforum_count":0,"footnotes":""},"class_list":["post-2159","page","type-page","status-publish","hentry"],"post_mailing_queue_ids":[],"_links":{"self":[{"href":"https:\/\/agora.xtec.cat\/ceip-montserrat\/wp-json\/wp\/v2\/pages\/2159","targetHints":{"allow":["GET"]}}],"collection":[{"href":"https:\/\/agora.xtec.cat\/ceip-montserrat\/wp-json\/wp\/v2\/pages"}],"about":[{"href":"https:\/\/agora.xtec.cat\/ceip-montserrat\/wp-json\/wp\/v2\/types\/page"}],"author":[{"embeddable":true,"href":"https:\/\/agora.xtec.cat\/ceip-montserrat\/wp-json\/wp\/v2\/users\/1"}],"replies":[{"embeddable":true,"href":"https:\/\/agora.xtec.cat\/ceip-montserrat\/wp-json\/wp\/v2\/comments?post=2159"}],"version-history":[{"count":6,"href":"https:\/\/agora.xtec.cat\/ceip-montserrat\/wp-json\/wp\/v2\/pages\/2159\/revisions"}],"predecessor-version":[{"id":7839,"href":"https:\/\/agora.xtec.cat\/ceip-montserrat\/wp-json\/wp\/v2\/pages\/2159\/revisions\/7839"}],"up":[{"embeddable":true,"href":"https:\/\/agora.xtec.cat\/ceip-montserrat\/wp-json\/wp\/v2\/pages\/64"}],"wp:attachment":[{"href":"https:\/\/agora.xtec.cat\/ceip-montserrat\/wp-json\/wp\/v2\/media?parent=2159"}],"curies":[{"name":"wp","href":"https:\/\/api.w.org\/{rel}","templated":true}]}}