{"id":1447,"date":"2017-03-06T14:09:34","date_gmt":"2017-03-06T13:09:34","guid":{"rendered":"http:\/\/agora.xtec.cat\/ceip-montserrat\/?page_id=1447"},"modified":"2025-10-05T13:51:07","modified_gmt":"2025-10-05T11:51:07","slug":"noves-tecnologies","status":"publish","type":"page","link":"https:\/\/agora.xtec.cat\/ceip-montserrat\/projecte-educatiu\/noves-tecnologies\/","title":{"rendered":"Noves Tecnologies"},"content":{"rendered":"<p>L\u2019escola t\u00e9 dissenyat el <strong>Pla d\u2019Estrat\u00e8gia Digital de Centre<\/strong> seguint la l\u00ednia del Pla d\u2019Educaci\u00f3 Digital de Catalunya que est\u00e0 impulsant el Departament d\u2019Educaci\u00f3 i Formaci\u00f3 Professional on es defineixen i es concreten les l\u00ednies d\u2019actuaci\u00f3 del centre que fan possible que l\u2019alumnat, els docents i el propi centre assoleixin la compet\u00e8ncia digital.<\/p>\n<p>Les aules estan dotades amb panells interactius, dotats pel Departament d\u2019Educaci\u00f3.<\/p>\n<p>Hi ha una sala d\u2019actes polivalent, que \u00e9s l\u2019espai del gimn\u00e0s amb pantalla, projector i equip de so per portar a terme diferents activitats.<\/p>\n<p>L\u2019escola posa a la disposici\u00f3 de l\u2019alumnat:<\/p>\n<p>\u00b7 <strong>GSuites per l\u2019educaci\u00f3<\/strong> com a Entorn Virtual d\u2019Aprenentatge que permet un aprenentatge en l\u00ednia i col\u00b7laboratiu<\/p>\n<p>\u00b7 <strong>Diferents recursos<\/strong> (port\u00e0tils, chromebooks, tauletes): Aquests s\u00f3n un recurs m\u00e9s que permeten treballar des de qualsevol \u00e0rea els diferents continguts emprant una metodologia din\u00e0mica i participativa respectant el ritme de cada infant, alhora que permeten un aprenentatge cooperatiu, col\u00b7laboratiu, treballs de recerca, etc.<\/p>\n<p><strong>\u00b7 Programaci\u00f3 i rob\u00f2tica:<\/strong> Tots els grups d\u2019Infantil i Prim\u00e0ria posen en pr\u00e0ctica la seva imaginaci\u00f3, creativitat i habilitats tecnol\u00f2giques mitjan\u00e7ant aplicacions per treballar la programaci\u00f3 i la seva posada en pr\u00e0ctica amb robots: beeboot, codey rocky, mTiny, lego Spike, etc., segons cada nivell.<\/p>\n<p><strong>\u00b7 L\u2019\u00fas responsable:<\/strong> Es prepara a l\u2019alumnat per a un \u00fas conscient i cr\u00edtic de la tecnologia en la societat actual. L\u2019\u00fas responsable dels recursos digitals a l\u2019escola \u00e9s clau per garantir la seguretat, l\u2019efici\u00e8ncia en l\u2019aprenentatge i el respecte a l\u2019entorn digital.<\/p>\n<p>&nbsp;<\/p>\n<h5><span style=\"color: #800080;\"><strong><u>L\u2019escola en la xarxa<\/u><\/strong><\/span><\/h5>\n<p><strong>P\u00e0gina web:<\/strong> <a href=\"http:\/\/agora.xtec.cat\/ceip-montserrat\/\">http:\/\/agora.xtec.cat\/ceip-montserrat\/<\/a>\u00a0On es pot veure tota la informaci\u00f3 relacionada amb l\u2019escola: fotografies, not\u00edcies, activitats que es realitzen, etc.<\/p>\n<p><strong>X (antic Twitter): <\/strong><a href=\"https:\/\/twitter.com\/MontserratSJust\">@MontserratSJust \u00a0 <\/a>On trobareu not\u00edcies relacionades a l\u2019escola i amb l\u2019educaci\u00f3. \u00a0 \u00a0 \u00a0 <a href=\"https:\/\/agora.xtec.cat\/ceip-montserrat\/wp-content\/uploads\/usu1311\/2020\/02\/twitter.png\"><img loading=\"lazy\" decoding=\"async\" class=\"wp-image-4890 alignnone\" src=\"https:\/\/agora.xtec.cat\/ceip-montserrat\/wp-content\/uploads\/usu1311\/2020\/02\/twitter.png\" alt=\"\" width=\"39\" height=\"39\" srcset=\"https:\/\/agora.xtec.cat\/ceip-montserrat\/wp-content\/uploads\/usu1311\/2020\/02\/twitter.png 225w, https:\/\/agora.xtec.cat\/ceip-montserrat\/wp-content\/uploads\/usu1311\/2020\/02\/twitter-150x150.png 150w\" sizes=\"auto, (max-width: 39px) 100vw, 39px\" \/><\/a><\/p>\n<p>Altres mitjans de comunicaci\u00f3 i difusi\u00f3 d\u2019informacions relacionades amb els <strong>serveis que gestiona l\u2019AFA<\/strong> s\u00f3n:<\/p>\n<ul>\n<li>Instagram: <a href=\"https:\/\/www.instagram.com\/afa.escola.montserrat\/\">@afa.escola.montserrat<\/a><\/li>\n<li>Instagram extraescolars: <a href=\"https:\/\/www.instagram.com\/afa.escola.montserrat\/\">@migdia.extraescolars.mon<\/a>t <em>*acc\u00e9s restringit a les fam\u00edlies de l\u2019escola<\/em><\/li>\n<\/ul>\n<p>&nbsp;<\/p>\n<p>&nbsp;<\/p>\n","protected":false},"excerpt":{"rendered":"<p>L\u2019escola t\u00e9 dissenyat el Pla d\u2019Estrat\u00e8gia Digital de Centre seguint la l\u00ednia del Pla d\u2019Educaci\u00f3 Digital de Catalunya que est\u00e0 impulsant el Departament d\u2019Educaci\u00f3 i Formaci\u00f3 Professional on es defineixen i es concreten les l\u00ednies d\u2019actuaci\u00f3 del centre que fan possible que l\u2019alumnat, els docents&hellip;  <a href=\"https:\/\/agora.xtec.cat\/ceip-montserrat\/projecte-educatiu\/noves-tecnologies\/\" title=\"Read Noves Tecnologies\">Llegeix m\u00e9s\u00bb<\/a><\/p>\n","protected":false},"author":1,"featured_media":0,"parent":64,"menu_order":55,"comment_status":"closed","ping_status":"closed","template":"","meta":{"_bbp_topic_count":0,"_bbp_reply_count":0,"_bbp_total_topic_count":0,"_bbp_total_reply_count":0,"_bbp_voice_count":0,"_bbp_anonymous_reply_count":0,"_bbp_topic_count_hidden":0,"_bbp_reply_count_hidden":0,"_bbp_forum_subforum_count":0,"footnotes":""},"class_list":["post-1447","page","type-page","status-publish","hentry"],"post_mailing_queue_ids":[],"_links":{"self":[{"href":"https:\/\/agora.xtec.cat\/ceip-montserrat\/wp-json\/wp\/v2\/pages\/1447","targetHints":{"allow":["GET"]}}],"collection":[{"href":"https:\/\/agora.xtec.cat\/ceip-montserrat\/wp-json\/wp\/v2\/pages"}],"about":[{"href":"https:\/\/agora.xtec.cat\/ceip-montserrat\/wp-json\/wp\/v2\/types\/page"}],"author":[{"embeddable":true,"href":"https:\/\/agora.xtec.cat\/ceip-montserrat\/wp-json\/wp\/v2\/users\/1"}],"replies":[{"embeddable":true,"href":"https:\/\/agora.xtec.cat\/ceip-montserrat\/wp-json\/wp\/v2\/comments?post=1447"}],"version-history":[{"count":6,"href":"https:\/\/agora.xtec.cat\/ceip-montserrat\/wp-json\/wp\/v2\/pages\/1447\/revisions"}],"predecessor-version":[{"id":7868,"href":"https:\/\/agora.xtec.cat\/ceip-montserrat\/wp-json\/wp\/v2\/pages\/1447\/revisions\/7868"}],"up":[{"embeddable":true,"href":"https:\/\/agora.xtec.cat\/ceip-montserrat\/wp-json\/wp\/v2\/pages\/64"}],"wp:attachment":[{"href":"https:\/\/agora.xtec.cat\/ceip-montserrat\/wp-json\/wp\/v2\/media?parent=1447"}],"curies":[{"name":"wp","href":"https:\/\/api.w.org\/{rel}","templated":true}]}}