{"id":1441,"date":"2017-03-06T13:43:58","date_gmt":"2017-03-06T12:43:58","guid":{"rendered":"http:\/\/agora.xtec.cat\/ceip-montserrat\/?page_id=1441"},"modified":"2024-10-13T12:46:54","modified_gmt":"2024-10-13T10:46:54","slug":"comunicacio-familia-escola","status":"publish","type":"page","link":"https:\/\/agora.xtec.cat\/ceip-montserrat\/lescola\/comunicacio-familia-escola\/","title":{"rendered":"Comunicaci\u00f3 fam\u00edlia-escola"},"content":{"rendered":"<p><span style=\"color: #800080;\"><strong>Informacions diverses<\/strong><\/span><\/p>\n<p>Les <u>comunicacions generals<\/u> de l\u2019escola es fan\u00a0 <u>via l&#8217;aplicaci\u00f3 Dinantia<\/u>.<\/p>\n<p><a href=\"https:\/\/agora.xtec.cat\/ceip-montserrat\/wp-content\/uploads\/usu1311\/2024\/10\/logo-dinantia.svg\"><img loading=\"lazy\" decoding=\"async\" class=\"wp-image-7441 aligncenter\" src=\"https:\/\/agora.xtec.cat\/ceip-montserrat\/wp-content\/uploads\/usu1311\/2024\/10\/logo-dinantia.svg\" alt=\"\" width=\"187\" height=\"41\" \/><\/a><\/p>\n<p>El centre disposa tamb\u00e9 d&#8217;aquesta p\u00e0gina web com espai d\u2019informaci\u00f3, comunicaci\u00f3 i difusi\u00f3 de tot el relacionat amb la vida a l\u2019escola: not\u00edcies, sortides, fotografies, activitats diverses, etc.<\/p>\n<p>Tamb\u00e9 ens podeu seguir a X (Twitter): <a href=\"https:\/\/twitter.com\/MontserratSJust\">@MontserratSJust<\/a>,on trobareu not\u00edcies relacionades a l\u2019escola i educaci\u00f3 m\u00e9s concretes.<\/p>\n<p>&nbsp;<\/p>\n<p><span style=\"color: #800080;\"><strong>Reunions i entrevistes<\/strong><\/span><\/p>\n<p>La comunicaci\u00f3 fam\u00edlia-escola \u00e9s fonamental pel bon desenvolupament del proc\u00e9s educatiu de l\u2019infant i es temporalitza de la seg\u00fcent manera:<\/p>\n<p><span style=\"color: #0000ff;\"><u>Alumnes d&#8217;I3<\/u>:<\/span><\/p>\n<ul style=\"list-style-type: circle;\">\n<li>1\u00aa reuni\u00f3 informativa general a finals de juny dels alumnes matriculats a I3<\/li>\n<li>1 entrevista individual durant els primers dies de setembre amb cada fam\u00edlia<\/li>\n<li>1 reuni\u00f3 informativa per tot el grup classe a principis d\u2019octubre<\/li>\n<li>1 entrevista individual, com a m\u00ednim,\u00a0 al llarg del curs<\/li>\n<li>Altres entrevistes individuals al llarg del curs segons necessitats detectades<\/li>\n<\/ul>\n<p><span style=\"color: #0000ff;\"><u>Infantil (I4\/I5) i Prim\u00e0ria:<\/u><\/span><\/p>\n<ul style=\"list-style-type: circle;\">\n<li>1 reuni\u00f3 informativa de tot el grup classe a l\u2019inici de curs (finals setembre o principis octubre)<\/li>\n<li>1 entrevista individual, com a m\u00ednim, al llarg del curs<\/li>\n<li>Altres entrevistes individuals al llarg del curs segons necessitats detectades<\/li>\n<\/ul>\n<p>&nbsp;<\/p>\n<p><span style=\"color: #800080;\"><strong>Informes d\u2019Avaluaci\u00f3 per a les fam\u00edlies:<\/strong><\/span><\/p>\n<ul style=\"list-style-type: circle;\">\n<li>Dos informes a Educaci\u00f3 Infantil\u00a0 (febrer i juny)<\/li>\n<li>Tres \u00a0informes a Prim\u00e0ria \u00a0(desembre, mar\u00e7 i juny)<\/li>\n<\/ul>\n","protected":false},"excerpt":{"rendered":"<p>Informacions diverses<br \/>\nLes comunicacions generals de l\u2019escola es fan\u00a0 via l&#8217;aplicaci\u00f3 Dinantia.<br \/>\n<a href=\"https:\/\/agora.xtec.cat\/ceip-montserrat\/wp-content\/uploads\/usu1311\/2024\/10\/logo-dinantia.svg\"><\/a><br \/>\nEl centre disposa tamb\u00e9 d&#8217;aquesta p\u00e0gina web com espai d\u2019informaci\u00f3, comunicaci\u00f3 i difusi\u00f3 de tot el relacionat amb la vida a l\u2019escola: not\u00edcies, sortides, fotografies, activitats diverses, etc.<br \/>\nTamb\u00e9 ens podeu seguir a X (Twitter):&hellip;  <a href=\"https:\/\/agora.xtec.cat\/ceip-montserrat\/lescola\/comunicacio-familia-escola\/\" title=\"Read Comunicaci\u00f3 fam\u00edlia-escola\">Llegeix m\u00e9s\u00bb<\/a><\/p>\n","protected":false},"author":1,"featured_media":0,"parent":22,"menu_order":62,"comment_status":"closed","ping_status":"closed","template":"","meta":{"_bbp_topic_count":0,"_bbp_reply_count":0,"_bbp_total_topic_count":0,"_bbp_total_reply_count":0,"_bbp_voice_count":0,"_bbp_anonymous_reply_count":0,"_bbp_topic_count_hidden":0,"_bbp_reply_count_hidden":0,"_bbp_forum_subforum_count":0,"footnotes":""},"class_list":["post-1441","page","type-page","status-publish","hentry"],"post_mailing_queue_ids":[],"_links":{"self":[{"href":"https:\/\/agora.xtec.cat\/ceip-montserrat\/wp-json\/wp\/v2\/pages\/1441","targetHints":{"allow":["GET"]}}],"collection":[{"href":"https:\/\/agora.xtec.cat\/ceip-montserrat\/wp-json\/wp\/v2\/pages"}],"about":[{"href":"https:\/\/agora.xtec.cat\/ceip-montserrat\/wp-json\/wp\/v2\/types\/page"}],"author":[{"embeddable":true,"href":"https:\/\/agora.xtec.cat\/ceip-montserrat\/wp-json\/wp\/v2\/users\/1"}],"replies":[{"embeddable":true,"href":"https:\/\/agora.xtec.cat\/ceip-montserrat\/wp-json\/wp\/v2\/comments?post=1441"}],"version-history":[{"count":6,"href":"https:\/\/agora.xtec.cat\/ceip-montserrat\/wp-json\/wp\/v2\/pages\/1441\/revisions"}],"predecessor-version":[{"id":7446,"href":"https:\/\/agora.xtec.cat\/ceip-montserrat\/wp-json\/wp\/v2\/pages\/1441\/revisions\/7446"}],"up":[{"embeddable":true,"href":"https:\/\/agora.xtec.cat\/ceip-montserrat\/wp-json\/wp\/v2\/pages\/22"}],"wp:attachment":[{"href":"https:\/\/agora.xtec.cat\/ceip-montserrat\/wp-json\/wp\/v2\/media?parent=1441"}],"curies":[{"name":"wp","href":"https:\/\/api.w.org\/{rel}","templated":true}]}}