{"id":9791,"date":"2018-02-15T08:44:00","date_gmt":"2018-02-15T07:44:00","guid":{"rendered":"http:\/\/agora.xtec.cat\/ceip-montserrat-cornella\/?page_id=9791"},"modified":"2021-09-17T15:57:21","modified_gmt":"2021-09-17T13:57:21","slug":"projecte-gen10s","status":"publish","type":"page","link":"https:\/\/agora.xtec.cat\/ceip-montserrat-cornella\/projectes\/projecte-gen10s\/","title":{"rendered":"ROB\u00d2TICA"},"content":{"rendered":"<p style=\"text-align: justify;\">Durant el curs 2017-2018 l&#8217;escola es va adherir al Projecte Gen10s sobre rob\u00f2tica i programaci\u00f3 gr\u00e0cies a la col\u00b7laboraci\u00f3 de la ONG &#8216;<a href=\"https:\/\/ayudaenaccion.org\/ong\/\"><strong>Ayuda en Acci\u00f3n<\/strong><\/a>&#8216;. Des de llavors els alumnes de cicle superior van disposar de sessions de programaci\u00f3 inform\u00e0tica dirigides per l&#8217;associaci\u00f3 J\u00f3venes Inventores.<\/p>\n<p style=\"text-align: justify;\">A partir del programa Scratch, els nostres alumnes aprendran un nou llenguatge i faran petits programes i jocs inform\u00e0tics, amb l&#8217;objectiu de proporcionar una estructuraci\u00f3 l\u00f2gico-matem\u00e0tica. Aquest curs, l&#8217;alumnat de 4t far\u00e0 una sessi\u00f3 setmanal de Scratch.<\/p>\n<p>L&#8217;alumnat de 5\u00e8 treballar\u00e0 la rob\u00f2tica a partir del Lego Espai, l&#8217;alumnat de 6\u00e8 dur\u00e0 a terme les propostes de l&#8217;Edulab i aix\u00edmateix tot l&#8217;alumnat de l&#8217;escola, des de l&#8217;Educaci\u00f3 Infantil, treballar\u00e0 diferents aspectes tecnol\u00f2gics amb material divers com per exemple els Beebots.<\/p>\n<p style=\"text-align: justify;\"><a href=\"http:\/\/www.jovenesinventores.es\/wp\/\"><img loading=\"lazy\" decoding=\"async\" class=\"wp-image-9792 aligncenter\" src=\"http:\/\/agora.xtec.cat\/ceip-montserrat-cornella\/wp-content\/uploads\/usu663\/2018\/02\/jovenes-inventores.png\" alt=\"\" width=\"193\" height=\"58\" \/><\/a> <a href=\"http:\/\/www.jovenesinventores.es\/wp\/\"><img loading=\"lazy\" decoding=\"async\" class=\"wp-image-9793 aligncenter\" src=\"http:\/\/agora.xtec.cat\/ceip-montserrat-cornella\/wp-content\/uploads\/usu663\/2018\/02\/scratch-1024x934.png\" alt=\"\" width=\"252\" height=\"230\" srcset=\"https:\/\/agora.xtec.cat\/ceip-montserrat-cornella\/wp-content\/uploads\/usu663\/2018\/02\/scratch.png 1024w, https:\/\/agora.xtec.cat\/ceip-montserrat-cornella\/wp-content\/uploads\/usu663\/2018\/02\/scratch-300x274.png 300w, https:\/\/agora.xtec.cat\/ceip-montserrat-cornella\/wp-content\/uploads\/usu663\/2018\/02\/scratch-768x701.png 768w\" sizes=\"auto, (max-width: 252px) 100vw, 252px\" \/><\/a><\/p>\n<p style=\"text-align: justify;\">\n","protected":false},"excerpt":{"rendered":"<p>Durant el curs 2017-2018 l&#8217;escola es va adherir al Projecte Gen10s sobre rob\u00f2tica i programaci\u00f3 gr\u00e0cies a la col\u00b7laboraci\u00f3 de la ONG &#8216;Ayuda en Acci\u00f3n&#8216;. Des de llavors els alumnes de cicle superior van disposar de sessions de programaci\u00f3 inform\u00e0tica dirigides per l&#8217;associaci\u00f3 J\u00f3venes Inventores. A partir del programa Scratch, els nostres alumnes aprendran un [&hellip;]<\/p>\n","protected":false},"author":4,"featured_media":0,"parent":1090,"menu_order":45,"comment_status":"closed","ping_status":"closed","template":"page-templates\/side-menu.php","meta":{"_bbp_topic_count":0,"_bbp_reply_count":0,"_bbp_total_topic_count":0,"_bbp_total_reply_count":0,"_bbp_voice_count":0,"_bbp_anonymous_reply_count":0,"_bbp_topic_count_hidden":0,"_bbp_reply_count_hidden":0,"_bbp_forum_subforum_count":0,"site-sidebar-layout":"default","site-content-layout":"","ast-site-content-layout":"","site-content-style":"default","site-sidebar-style":"default","ast-global-header-display":"","ast-banner-title-visibility":"","ast-main-header-display":"","ast-hfb-above-header-display":"","ast-hfb-below-header-display":"","ast-hfb-mobile-header-display":"","site-post-title":"","ast-breadcrumbs-content":"","ast-featured-img":"","footer-sml-layout":"","theme-transparent-header-meta":"","adv-header-id-meta":"","stick-header-meta":"","header-above-stick-meta":"","header-main-stick-meta":"","header-below-stick-meta":"","astra-migrate-meta-layouts":"default","ast-page-background-enabled":"default","ast-page-background-meta":{"desktop":{"background-color":"var(--ast-global-color-4)","background-image":"","background-repeat":"repeat","background-position":"center center","background-size":"auto","background-attachment":"scroll","background-type":"","background-media":"","overlay-type":"","overlay-color":"","overlay-opacity":"","overlay-gradient":""},"tablet":{"background-color":"","background-image":"","background-repeat":"repeat","background-position":"center center","background-size":"auto","background-attachment":"scroll","background-type":"","background-media":"","overlay-type":"","overlay-color":"","overlay-opacity":"","overlay-gradient":""},"mobile":{"background-color":"","background-image":"","background-repeat":"repeat","background-position":"center center","background-size":"auto","background-attachment":"scroll","background-type":"","background-media":"","overlay-type":"","overlay-color":"","overlay-opacity":"","overlay-gradient":""}},"ast-content-background-meta":{"desktop":{"background-color":"var(--ast-global-color-5)","background-image":"","background-repeat":"repeat","background-position":"center center","background-size":"auto","background-attachment":"scroll","background-type":"","background-media":"","overlay-type":"","overlay-color":"","overlay-opacity":"","overlay-gradient":""},"tablet":{"background-color":"var(--ast-global-color-5)","background-image":"","background-repeat":"repeat","background-position":"center center","background-size":"auto","background-attachment":"scroll","background-type":"","background-media":"","overlay-type":"","overlay-color":"","overlay-opacity":"","overlay-gradient":""},"mobile":{"background-color":"var(--ast-global-color-5)","background-image":"","background-repeat":"repeat","background-position":"center center","background-size":"auto","background-attachment":"scroll","background-type":"","background-media":"","overlay-type":"","overlay-color":"","overlay-opacity":"","overlay-gradient":""}},"footnotes":""},"class_list":["post-9791","page","type-page","status-publish","hentry"],"post_mailing_queue_ids":[],"_links":{"self":[{"href":"https:\/\/agora.xtec.cat\/ceip-montserrat-cornella\/wp-json\/wp\/v2\/pages\/9791","targetHints":{"allow":["GET"]}}],"collection":[{"href":"https:\/\/agora.xtec.cat\/ceip-montserrat-cornella\/wp-json\/wp\/v2\/pages"}],"about":[{"href":"https:\/\/agora.xtec.cat\/ceip-montserrat-cornella\/wp-json\/wp\/v2\/types\/page"}],"author":[{"embeddable":true,"href":"https:\/\/agora.xtec.cat\/ceip-montserrat-cornella\/wp-json\/wp\/v2\/users\/4"}],"replies":[{"embeddable":true,"href":"https:\/\/agora.xtec.cat\/ceip-montserrat-cornella\/wp-json\/wp\/v2\/comments?post=9791"}],"version-history":[{"count":3,"href":"https:\/\/agora.xtec.cat\/ceip-montserrat-cornella\/wp-json\/wp\/v2\/pages\/9791\/revisions"}],"predecessor-version":[{"id":12133,"href":"https:\/\/agora.xtec.cat\/ceip-montserrat-cornella\/wp-json\/wp\/v2\/pages\/9791\/revisions\/12133"}],"up":[{"embeddable":true,"href":"https:\/\/agora.xtec.cat\/ceip-montserrat-cornella\/wp-json\/wp\/v2\/pages\/1090"}],"wp:attachment":[{"href":"https:\/\/agora.xtec.cat\/ceip-montserrat-cornella\/wp-json\/wp\/v2\/media?parent=9791"}],"curies":[{"name":"wp","href":"https:\/\/api.w.org\/{rel}","templated":true}]}}