{"id":13739,"date":"2025-09-09T13:52:57","date_gmt":"2025-09-09T11:52:57","guid":{"rendered":"https:\/\/agora.xtec.cat\/ceip-montserrat-cornella\/?page_id=13739"},"modified":"2025-09-25T16:23:48","modified_gmt":"2025-09-25T14:23:48","slug":"espais-educatius","status":"publish","type":"page","link":"https:\/\/agora.xtec.cat\/ceip-montserrat-cornella\/espais-educatius\/","title":{"rendered":"ESPAIS"},"content":{"rendered":"<h3><strong>EDUCACI\u00d3 INFANTIL<\/strong><\/h3>\n<p>ESPAIS D&#8217;APRENENTATGE<\/p>\n<ul>\n<li>JOC SIMB\u00d2LIC<\/li>\n<li>ESPAI MINIMONS<\/li>\n<li>EXPERIMENTACI\u00d3<\/li>\n<li>ESPAI DIGITAL<\/li>\n<li>CONSTRUCCIONS<\/li>\n<li>ART\u00cdSTIC<\/li>\n<li>RACONS<\/li>\n<li>TAULES DE LLUM<\/li>\n<li>HORT<\/li>\n<\/ul>\n<h3><strong>EDUCACI\u00d3 PRIM\u00c0RIA<\/strong><\/h3>\n<p>LABORATORI &#8216;JOAN GUINOVART&#8217;<\/p>\n<p>BIBLIOTECA &#8216;RICARDO ALC\u00c1NTARA&#8217;<\/p>\n<p>ESPAI DE R\u00c0DIO<\/p>\n<p>ESPAI DE CUINA<\/p>\n<p>ESPAI MATEM\u00c0TIC<\/p>\n<p>ESPAI EXPRESSI\u00d3 ART\u00cdSTICA<\/p>\n<p>HORT ESCOLAR<\/p>\n<p>&nbsp;<\/p>\n","protected":false},"excerpt":{"rendered":"<p>EDUCACI\u00d3 INFANTIL ESPAIS D&#8217;APRENENTATGE JOC SIMB\u00d2LIC ESPAI MINIMONS EXPERIMENTACI\u00d3 ESPAI DIGITAL CONSTRUCCIONS ART\u00cdSTIC RACONS TAULES DE LLUM HORT EDUCACI\u00d3 PRIM\u00c0RIA LABORATORI &#8216;JOAN GUINOVART&#8217; BIBLIOTECA &#8216;RICARDO ALC\u00c1NTARA&#8217; ESPAI DE R\u00c0DIO ESPAI DE CUINA ESPAI MATEM\u00c0TIC ESPAI EXPRESSI\u00d3 ART\u00cdSTICA HORT ESCOLAR &nbsp;<\/p>\n","protected":false},"author":4,"featured_media":0,"parent":0,"menu_order":0,"comment_status":"closed","ping_status":"closed","template":"","meta":{"_bbp_topic_count":0,"_bbp_reply_count":0,"_bbp_total_topic_count":0,"_bbp_total_reply_count":0,"_bbp_voice_count":0,"_bbp_anonymous_reply_count":0,"_bbp_topic_count_hidden":0,"_bbp_reply_count_hidden":0,"_bbp_forum_subforum_count":0,"site-sidebar-layout":"default","site-content-layout":"","ast-site-content-layout":"default","site-content-style":"default","site-sidebar-style":"default","ast-global-header-display":"","ast-banner-title-visibility":"","ast-main-header-display":"","ast-hfb-above-header-display":"","ast-hfb-below-header-display":"","ast-hfb-mobile-header-display":"","site-post-title":"","ast-breadcrumbs-content":"","ast-featured-img":"","footer-sml-layout":"","theme-transparent-header-meta":"default","adv-header-id-meta":"","stick-header-meta":"","header-above-stick-meta":"","header-main-stick-meta":"","header-below-stick-meta":"","astra-migrate-meta-layouts":"set","ast-page-background-enabled":"default","ast-page-background-meta":{"desktop":{"background-color":"var(--ast-global-color-4)","background-image":"","background-repeat":"repeat","background-position":"center center","background-size":"auto","background-attachment":"scroll","background-type":"","background-media":"","overlay-type":"","overlay-color":"","overlay-opacity":"","overlay-gradient":""},"tablet":{"background-color":"","background-image":"","background-repeat":"repeat","background-position":"center center","background-size":"auto","background-attachment":"scroll","background-type":"","background-media":"","overlay-type":"","overlay-color":"","overlay-opacity":"","overlay-gradient":""},"mobile":{"background-color":"","background-image":"","background-repeat":"repeat","background-position":"center center","background-size":"auto","background-attachment":"scroll","background-type":"","background-media":"","overlay-type":"","overlay-color":"","overlay-opacity":"","overlay-gradient":""}},"ast-content-background-meta":{"desktop":{"background-color":"var(--ast-global-color-5)","background-image":"","background-repeat":"repeat","background-position":"center center","background-size":"auto","background-attachment":"scroll","background-type":"","background-media":"","overlay-type":"","overlay-color":"","overlay-opacity":"","overlay-gradient":""},"tablet":{"background-color":"var(--ast-global-color-5)","background-image":"","background-repeat":"repeat","background-position":"center center","background-size":"auto","background-attachment":"scroll","background-type":"","background-media":"","overlay-type":"","overlay-color":"","overlay-opacity":"","overlay-gradient":""},"mobile":{"background-color":"var(--ast-global-color-5)","background-image":"","background-repeat":"repeat","background-position":"center center","background-size":"auto","background-attachment":"scroll","background-type":"","background-media":"","overlay-type":"","overlay-color":"","overlay-opacity":"","overlay-gradient":""}},"footnotes":""},"class_list":["post-13739","page","type-page","status-publish","hentry"],"post_mailing_queue_ids":[],"_links":{"self":[{"href":"https:\/\/agora.xtec.cat\/ceip-montserrat-cornella\/wp-json\/wp\/v2\/pages\/13739","targetHints":{"allow":["GET"]}}],"collection":[{"href":"https:\/\/agora.xtec.cat\/ceip-montserrat-cornella\/wp-json\/wp\/v2\/pages"}],"about":[{"href":"https:\/\/agora.xtec.cat\/ceip-montserrat-cornella\/wp-json\/wp\/v2\/types\/page"}],"author":[{"embeddable":true,"href":"https:\/\/agora.xtec.cat\/ceip-montserrat-cornella\/wp-json\/wp\/v2\/users\/4"}],"replies":[{"embeddable":true,"href":"https:\/\/agora.xtec.cat\/ceip-montserrat-cornella\/wp-json\/wp\/v2\/comments?post=13739"}],"version-history":[{"count":2,"href":"https:\/\/agora.xtec.cat\/ceip-montserrat-cornella\/wp-json\/wp\/v2\/pages\/13739\/revisions"}],"predecessor-version":[{"id":13852,"href":"https:\/\/agora.xtec.cat\/ceip-montserrat-cornella\/wp-json\/wp\/v2\/pages\/13739\/revisions\/13852"}],"wp:attachment":[{"href":"https:\/\/agora.xtec.cat\/ceip-montserrat-cornella\/wp-json\/wp\/v2\/media?parent=13739"}],"curies":[{"name":"wp","href":"https:\/\/api.w.org\/{rel}","templated":true}]}}