{"id":1255,"date":"2016-11-20T18:45:16","date_gmt":"2016-11-20T17:45:16","guid":{"rendered":"http:\/\/agora.xtec.cat\/ceip-montserrat-cornella\/?page_id=1255"},"modified":"2023-04-19T15:55:41","modified_gmt":"2023-04-19T13:55:41","slug":"setmana-cultural","status":"publish","type":"page","link":"https:\/\/agora.xtec.cat\/ceip-montserrat-cornella\/projectes\/setmana-cultural\/","title":{"rendered":"SETMANA CULTURAL"},"content":{"rendered":"<p>&nbsp;<\/p>\n<p>La nostra escola celebra des de fa anys la Setmana Cultural.<\/p>\n<p>Durant la Setmana Cultural, la programaci\u00f3 s\u2019organitza en funci\u00f3 del tema escollit, hi ha flexibilitat d\u2019agrupaments i s&#8217;ofereix a l&#8217;alumnat diversitat d\u2019activitats: dossiers, tallers, decoraci\u00f3 i activitats comunes per a tota l\u2019escola (teatre, espectacle musical, mostra gastron\u00f2mica, etc\u2026). Es pret\u00e9n, a m\u00e9s d\u2019aprofundir en el tema escollit, l\u2019intercanvi d\u2019opinions i informacions, el treball de reflexi\u00f3, d\u2019arribar a conclusions\u2026 en definitiva treballar de forma molt significativa i funcional per aconseguir l&#8217;assimilaci\u00f3 dels continguts de forma l\u00fadica i atractiva. La realitzaci\u00f3 d\u2019aquestes Setmanes Culturals ens d\u00f3na la possibilitat, m\u00e9s que mai, de treballar el curr\u00edculum de manera interrelacionada.<\/p>\n<p>Les \u00faltimes Setmanes Culturals han estat:<\/p>\n<p><strong>2003\/2004: &#8220;Tots iguals, tots diferents&#8221; coneixent diferents cultures.<br \/>\n<\/strong><\/p>\n<p><strong>2004\/2005: \u201cGaud\u00ed\u201d i el Modernisme.<br \/>\n<\/strong><\/p>\n<p><strong>2005\/2006: \u201cEl Quixot\u201d.<br \/>\n<\/strong><\/p>\n<p><strong>2006\/2007: &#8220;El zoo d\u2019en Pitus&#8221; a partir de la lectura d&#8217;aquest llibre vam fer un zoo amb manualitats.<\/strong><\/p>\n<p><strong>2007\/2008: <a href=\"http:\/\/agora.xtec.cat\/ceip-montserrat-cornella\/coneixem-lamazones-de-la-ma-de-ricardo-alcantara\/\">\u201cConeixem l\u2019Amazones de la m\u00e0 de Ricardo Alc\u00e1ntara&#8221;<\/a>.<br \/>\n<\/strong><\/p>\n<p><strong>2008\/2009: \u201cL\u2019aigua\u201d un recurs natural.<br \/>\n<\/strong><\/p>\n<p><strong>2009\/2010: &#8220;Teles i papers&#8221; sobre art i artistes.<br \/>\n<\/strong><\/p>\n<p><strong>2010\/2011:\u00a0 &#8220;Olors i sabors&#8221; al voltant de la festa de St Pon\u00e7, l\u201911 de maig.<\/strong><\/p>\n<p><strong>2011\/2012:\u00a0 &#8220;Sostenibilitat&#8221; amb la inauguraci\u00f3 oficial de l&#8217;hort escolar comptant amb la pres\u00e8ncia del Regidor de Medi Ambient de l&#8217;Ajuntament de Cornell\u00e0.<\/strong><\/p>\n<p><strong>2012\/2013:\u00a0 &#8220;Jocs i esports&#8221; amb les col\u00b7laboracions desinteressades de les federacions de tennis, esgrima, tennis taula i voleibol.<\/strong><\/p>\n<p><strong>2013\/2014: &#8220;Mites i Llegendes&#8221; sobre la mitologia grega.<\/strong><\/p>\n<p><strong>2014\/2015:\u00a0 &#8220;El Circ i les arts esc\u00e8niques&#8221; amb una excursi\u00f3 de tota l&#8217;escola al Circ Cric del Tortell Poltrona.<\/strong><\/p>\n<p>A les Setmanes Culturals dels seg\u00fcents cursos vam comptar <strong>amb la col\u00b7laboraci\u00f3 de cient\u00edfics de l&#8217;Institut de Recerca de Biomedicina de Barcelona (IRB):<\/strong><\/p>\n<p><strong>2015\/2016: &#8220;Bojos per la Ci\u00e8ncia&#8221; amb experiments diversos.<\/strong><\/p>\n<p><strong>2016\/2017:\u00a0 &#8220;L&#8217;aigua font de vida&#8221; amb experiments al voltant de l&#8217;aigua.<\/strong><\/p>\n<p><strong>2017-2018: &#8220;Cuidem la vida!&#8221; amb experiments basats en l&#8217;alimentaci\u00f3.<\/strong><\/p>\n<p><strong>2018-2019: &#8220;Estimo la terra&#8221; experimentaci\u00f3 a partir de l&#8217;hort escolar.<\/strong><\/p>\n<p><strong>2019-2020: &#8220;Moviment i ci\u00e8ncia&#8221;.<\/strong><\/p>\n<p><strong><span style=\"color: #000000;\">2020-2021: &#8220;Una escola de cine&#8221;.<\/span><\/strong><\/p>\n<p><strong><span style=\"color: #000000;\"> 2021-2022: &#8220;Catalans d&#8217;aqu\u00ed i d&#8217;all\u00e0&#8221;.<\/span><\/strong><\/p>\n<h6><strong>2022-2023: &#8220;Mites i llegendes&#8221; sobre mitologies d&#8217;arreu del m\u00f3n.<\/strong><\/h6>\n<p>&nbsp;<\/p>\n","protected":false},"excerpt":{"rendered":"<p>&nbsp; La nostra escola celebra des de fa anys la Setmana Cultural. Durant la Setmana Cultural, la programaci\u00f3 s\u2019organitza en funci\u00f3 del tema escollit, hi ha flexibilitat d\u2019agrupaments i s&#8217;ofereix a l&#8217;alumnat diversitat d\u2019activitats: dossiers, tallers, decoraci\u00f3 i activitats comunes per a tota l\u2019escola (teatre, espectacle musical, mostra gastron\u00f2mica, etc\u2026). Es pret\u00e9n, a m\u00e9s d\u2019aprofundir [&hellip;]<\/p>\n","protected":false},"author":4,"featured_media":0,"parent":1090,"menu_order":130,"comment_status":"closed","ping_status":"closed","template":"page-templates\/side-menu.php","meta":{"_bbp_topic_count":0,"_bbp_reply_count":0,"_bbp_total_topic_count":0,"_bbp_total_reply_count":0,"_bbp_voice_count":0,"_bbp_anonymous_reply_count":0,"_bbp_topic_count_hidden":0,"_bbp_reply_count_hidden":0,"_bbp_forum_subforum_count":0,"site-sidebar-layout":"default","site-content-layout":"","ast-site-content-layout":"","site-content-style":"default","site-sidebar-style":"default","ast-global-header-display":"","ast-banner-title-visibility":"","ast-main-header-display":"","ast-hfb-above-header-display":"","ast-hfb-below-header-display":"","ast-hfb-mobile-header-display":"","site-post-title":"","ast-breadcrumbs-content":"","ast-featured-img":"","footer-sml-layout":"","theme-transparent-header-meta":"","adv-header-id-meta":"","stick-header-meta":"","header-above-stick-meta":"","header-main-stick-meta":"","header-below-stick-meta":"","astra-migrate-meta-layouts":"default","ast-page-background-enabled":"default","ast-page-background-meta":{"desktop":{"background-color":"var(--ast-global-color-4)","background-image":"","background-repeat":"repeat","background-position":"center center","background-size":"auto","background-attachment":"scroll","background-type":"","background-media":"","overlay-type":"","overlay-color":"","overlay-opacity":"","overlay-gradient":""},"tablet":{"background-color":"","background-image":"","background-repeat":"repeat","background-position":"center center","background-size":"auto","background-attachment":"scroll","background-type":"","background-media":"","overlay-type":"","overlay-color":"","overlay-opacity":"","overlay-gradient":""},"mobile":{"background-color":"","background-image":"","background-repeat":"repeat","background-position":"center center","background-size":"auto","background-attachment":"scroll","background-type":"","background-media":"","overlay-type":"","overlay-color":"","overlay-opacity":"","overlay-gradient":""}},"ast-content-background-meta":{"desktop":{"background-color":"var(--ast-global-color-5)","background-image":"","background-repeat":"repeat","background-position":"center center","background-size":"auto","background-attachment":"scroll","background-type":"","background-media":"","overlay-type":"","overlay-color":"","overlay-opacity":"","overlay-gradient":""},"tablet":{"background-color":"var(--ast-global-color-5)","background-image":"","background-repeat":"repeat","background-position":"center center","background-size":"auto","background-attachment":"scroll","background-type":"","background-media":"","overlay-type":"","overlay-color":"","overlay-opacity":"","overlay-gradient":""},"mobile":{"background-color":"var(--ast-global-color-5)","background-image":"","background-repeat":"repeat","background-position":"center center","background-size":"auto","background-attachment":"scroll","background-type":"","background-media":"","overlay-type":"","overlay-color":"","overlay-opacity":"","overlay-gradient":""}},"footnotes":""},"class_list":["post-1255","page","type-page","status-publish","hentry"],"post_mailing_queue_ids":[],"_links":{"self":[{"href":"https:\/\/agora.xtec.cat\/ceip-montserrat-cornella\/wp-json\/wp\/v2\/pages\/1255","targetHints":{"allow":["GET"]}}],"collection":[{"href":"https:\/\/agora.xtec.cat\/ceip-montserrat-cornella\/wp-json\/wp\/v2\/pages"}],"about":[{"href":"https:\/\/agora.xtec.cat\/ceip-montserrat-cornella\/wp-json\/wp\/v2\/types\/page"}],"author":[{"embeddable":true,"href":"https:\/\/agora.xtec.cat\/ceip-montserrat-cornella\/wp-json\/wp\/v2\/users\/4"}],"replies":[{"embeddable":true,"href":"https:\/\/agora.xtec.cat\/ceip-montserrat-cornella\/wp-json\/wp\/v2\/comments?post=1255"}],"version-history":[{"count":5,"href":"https:\/\/agora.xtec.cat\/ceip-montserrat-cornella\/wp-json\/wp\/v2\/pages\/1255\/revisions"}],"predecessor-version":[{"id":12769,"href":"https:\/\/agora.xtec.cat\/ceip-montserrat-cornella\/wp-json\/wp\/v2\/pages\/1255\/revisions\/12769"}],"up":[{"embeddable":true,"href":"https:\/\/agora.xtec.cat\/ceip-montserrat-cornella\/wp-json\/wp\/v2\/pages\/1090"}],"wp:attachment":[{"href":"https:\/\/agora.xtec.cat\/ceip-montserrat-cornella\/wp-json\/wp\/v2\/media?parent=1255"}],"curies":[{"name":"wp","href":"https:\/\/api.w.org\/{rel}","templated":true}]}}