{"id":1251,"date":"2016-11-20T18:38:14","date_gmt":"2016-11-20T17:38:14","guid":{"rendered":"http:\/\/agora.xtec.cat\/ceip-montserrat-cornella\/?page_id=1251"},"modified":"2021-10-04T13:02:03","modified_gmt":"2021-10-04T11:02:03","slug":"colonies","status":"publish","type":"page","link":"https:\/\/agora.xtec.cat\/ceip-montserrat-cornella\/projectes\/colonies\/","title":{"rendered":"SORTIDES I COL\u00d2NIES"},"content":{"rendered":"<p>Al Projecte Educatiu del Centre (PEC) i al Pla Anual (PA) es contempla un pla de sortides de caire pedag\u00f2gic que considerem necess\u00e0ries per a la formaci\u00f3 dels nens i les nenes. Si per qualsevol motiu un nen o una nena\u00a0 no pot participar en alguna de les activitats organitzades, l\u2019escola li oferir\u00e0 un servei alternatiu al centre.<\/p>\n<p><strong>Aquest curs les col\u00f2nies es faran els dies 14 i 15 d&#8217;octubre de 2021 a la casa de col\u00f2nies &#8220;Can Pere&#8221; a Sant Pere de Ribes per als alumnes de P4 a 6\u00e8.\u00a0<\/strong><\/p>\n<p><a href=\"https:\/\/www.canpere.cat\/\">https:\/\/www.canpere.cat\/<\/a><\/p>\n<p><strong>Tamb\u00e9 es fa una sortida conjunta de tota l&#8217;escola on els alumnes realitzen activitats adaptades als diferents nivells.\u00a0<\/strong><\/p>\n<p><strong>Objectius:<\/strong><\/p>\n<ul>\n<li>Afavorir l\u2019autonomia del nen\/a fora de l\u2019\u00e0mbit escolar i familiar.<\/li>\n<li>Desenvolupar els h\u00e0bits personals (higiene, menjar, vestir-se, ordre, etc.) i els col\u00b7lectius.<\/li>\n<li>Aprendre a compartir i a assumir responsabilitats dins del seu grup i gaudir de les experi\u00e8ncies que aix\u00f2 comporta.<\/li>\n<li>Aprendre a conviure amb els companys, companyes, mestres i monitors en situacions diferents a les quotidianes.<\/li>\n<li>Oferir els nens i les nenes noves possibilitats per a desenvolupar-les en el seu temps lliure.<\/li>\n<li>Afavorir el contacte amb la natura fomentant la seva sensibilitat i respecte.<\/li>\n<li>Con\u00e8ixer i contactar amb els elements de la natura, especialment del mar, mitjan\u00e7ant el joc i potenciant les possibilitats del seu cos.<\/li>\n<li>Desenvolupar el coneixement de les diferents \u00e0rees aprofitant els elements de la natura (platja, mar\u2026).<\/li>\n<\/ul>\n","protected":false},"excerpt":{"rendered":"<p>Al Projecte Educatiu del Centre (PEC) i al Pla Anual (PA) es contempla un pla de sortides de caire pedag\u00f2gic que considerem necess\u00e0ries per a la formaci\u00f3 dels nens i les nenes. Si per qualsevol motiu un nen o una nena\u00a0 no pot participar en alguna de les activitats organitzades, l\u2019escola li oferir\u00e0 un servei [&hellip;]<\/p>\n","protected":false},"author":4,"featured_media":0,"parent":1090,"menu_order":120,"comment_status":"closed","ping_status":"closed","template":"page-templates\/side-menu.php","meta":{"_bbp_topic_count":0,"_bbp_reply_count":0,"_bbp_total_topic_count":0,"_bbp_total_reply_count":0,"_bbp_voice_count":0,"_bbp_anonymous_reply_count":0,"_bbp_topic_count_hidden":0,"_bbp_reply_count_hidden":0,"_bbp_forum_subforum_count":0,"site-sidebar-layout":"default","site-content-layout":"","ast-site-content-layout":"","site-content-style":"default","site-sidebar-style":"default","ast-global-header-display":"","ast-banner-title-visibility":"","ast-main-header-display":"","ast-hfb-above-header-display":"","ast-hfb-below-header-display":"","ast-hfb-mobile-header-display":"","site-post-title":"","ast-breadcrumbs-content":"","ast-featured-img":"","footer-sml-layout":"","theme-transparent-header-meta":"","adv-header-id-meta":"","stick-header-meta":"","header-above-stick-meta":"","header-main-stick-meta":"","header-below-stick-meta":"","astra-migrate-meta-layouts":"default","ast-page-background-enabled":"default","ast-page-background-meta":{"desktop":{"background-color":"var(--ast-global-color-4)","background-image":"","background-repeat":"repeat","background-position":"center center","background-size":"auto","background-attachment":"scroll","background-type":"","background-media":"","overlay-type":"","overlay-color":"","overlay-opacity":"","overlay-gradient":""},"tablet":{"background-color":"","background-image":"","background-repeat":"repeat","background-position":"center center","background-size":"auto","background-attachment":"scroll","background-type":"","background-media":"","overlay-type":"","overlay-color":"","overlay-opacity":"","overlay-gradient":""},"mobile":{"background-color":"","background-image":"","background-repeat":"repeat","background-position":"center center","background-size":"auto","background-attachment":"scroll","background-type":"","background-media":"","overlay-type":"","overlay-color":"","overlay-opacity":"","overlay-gradient":""}},"ast-content-background-meta":{"desktop":{"background-color":"var(--ast-global-color-5)","background-image":"","background-repeat":"repeat","background-position":"center center","background-size":"auto","background-attachment":"scroll","background-type":"","background-media":"","overlay-type":"","overlay-color":"","overlay-opacity":"","overlay-gradient":""},"tablet":{"background-color":"var(--ast-global-color-5)","background-image":"","background-repeat":"repeat","background-position":"center center","background-size":"auto","background-attachment":"scroll","background-type":"","background-media":"","overlay-type":"","overlay-color":"","overlay-opacity":"","overlay-gradient":""},"mobile":{"background-color":"var(--ast-global-color-5)","background-image":"","background-repeat":"repeat","background-position":"center center","background-size":"auto","background-attachment":"scroll","background-type":"","background-media":"","overlay-type":"","overlay-color":"","overlay-opacity":"","overlay-gradient":""}},"footnotes":""},"class_list":["post-1251","page","type-page","status-publish","hentry"],"post_mailing_queue_ids":[],"_links":{"self":[{"href":"https:\/\/agora.xtec.cat\/ceip-montserrat-cornella\/wp-json\/wp\/v2\/pages\/1251","targetHints":{"allow":["GET"]}}],"collection":[{"href":"https:\/\/agora.xtec.cat\/ceip-montserrat-cornella\/wp-json\/wp\/v2\/pages"}],"about":[{"href":"https:\/\/agora.xtec.cat\/ceip-montserrat-cornella\/wp-json\/wp\/v2\/types\/page"}],"author":[{"embeddable":true,"href":"https:\/\/agora.xtec.cat\/ceip-montserrat-cornella\/wp-json\/wp\/v2\/users\/4"}],"replies":[{"embeddable":true,"href":"https:\/\/agora.xtec.cat\/ceip-montserrat-cornella\/wp-json\/wp\/v2\/comments?post=1251"}],"version-history":[{"count":5,"href":"https:\/\/agora.xtec.cat\/ceip-montserrat-cornella\/wp-json\/wp\/v2\/pages\/1251\/revisions"}],"predecessor-version":[{"id":12156,"href":"https:\/\/agora.xtec.cat\/ceip-montserrat-cornella\/wp-json\/wp\/v2\/pages\/1251\/revisions\/12156"}],"up":[{"embeddable":true,"href":"https:\/\/agora.xtec.cat\/ceip-montserrat-cornella\/wp-json\/wp\/v2\/pages\/1090"}],"wp:attachment":[{"href":"https:\/\/agora.xtec.cat\/ceip-montserrat-cornella\/wp-json\/wp\/v2\/media?parent=1251"}],"curies":[{"name":"wp","href":"https:\/\/api.w.org\/{rel}","templated":true}]}}