{"id":1228,"date":"2016-11-20T17:29:08","date_gmt":"2016-11-20T16:29:08","guid":{"rendered":"http:\/\/agora.xtec.cat\/ceip-montserrat-cornella\/?page_id=1228"},"modified":"2021-03-12T09:41:02","modified_gmt":"2021-03-12T08:41:02","slug":"festa-final-de-curs","status":"publish","type":"page","link":"https:\/\/agora.xtec.cat\/ceip-montserrat-cornella\/projectes\/festes\/festa-final-de-curs\/","title":{"rendered":"FESTA FINAL DE CURS"},"content":{"rendered":"<p>ELS CLOWNT\u00cdFICS A LA NOSTRA ESCOLA<\/p>\n<p>Aquest any abans d\u2019acabar el curs, hem pogut gaudir d\u2019un divertit espectacle de ci\u00e8ncia \u201cexplosiva\u201d a la nostra escola.<\/p>\n<p>Ens ho hem passat estupendament b\u00e9, hem rigut, i hem apr\u00e8s coses noves amb els sorprenents experiments que ens han presentat els Clownt\u00edfics.<\/p>\n<p>Aqu\u00ed teniu unes quantes fotos de la m\u00e0gica representaci\u00f3!!!!<\/p>\n<p>I tamb\u00e9, com cada curs, hem fet una festa per acomiadar-nos dels nostres companys i desitjar-nos bones vacances d\u2019estiu. Cada grup d\u2019alumnes ens han fet un fant\u00e0stic ball amb una coreografia inventades per ells.<\/p>\n<p>Els alumnes de 6\u00e8 i 2n (padrins i fillols) s\u2019han intercanviat uns regalets que ells mateixos han elaborat i s\u2019han acomiadat despr\u00e9s de dos cursos compartint hores de lectura.<\/p>\n<p>I per \u00faltim tota l\u2019escola hem acomiadat als nostres estimats alumnes de 6\u00e8 cantant una can\u00e7\u00f3 tots junts: \u201cL\u2019hora dels ad\u00e9us\u201d. En acabar la can\u00e7\u00f3 les emocions han sortir i mireu com s\u2019estimen!!!!!<\/p>\n","protected":false},"excerpt":{"rendered":"<p>ELS CLOWNT\u00cdFICS A LA NOSTRA ESCOLA Aquest any abans d\u2019acabar el curs, hem pogut gaudir d\u2019un divertit espectacle de ci\u00e8ncia \u201cexplosiva\u201d a la nostra escola. Ens ho hem passat estupendament b\u00e9, hem rigut, i hem apr\u00e8s coses noves amb els sorprenents experiments que ens han presentat els Clownt\u00edfics. Aqu\u00ed teniu unes quantes fotos de la [&hellip;]<\/p>\n","protected":false},"author":4,"featured_media":0,"parent":1226,"menu_order":80,"comment_status":"closed","ping_status":"closed","template":"page-templates\/side-menu.php","meta":{"_bbp_topic_count":0,"_bbp_reply_count":0,"_bbp_total_topic_count":0,"_bbp_total_reply_count":0,"_bbp_voice_count":0,"_bbp_anonymous_reply_count":0,"_bbp_topic_count_hidden":0,"_bbp_reply_count_hidden":0,"_bbp_forum_subforum_count":0,"site-sidebar-layout":"default","site-content-layout":"","ast-site-content-layout":"","site-content-style":"default","site-sidebar-style":"default","ast-global-header-display":"","ast-banner-title-visibility":"","ast-main-header-display":"","ast-hfb-above-header-display":"","ast-hfb-below-header-display":"","ast-hfb-mobile-header-display":"","site-post-title":"","ast-breadcrumbs-content":"","ast-featured-img":"","footer-sml-layout":"","theme-transparent-header-meta":"","adv-header-id-meta":"","stick-header-meta":"","header-above-stick-meta":"","header-main-stick-meta":"","header-below-stick-meta":"","astra-migrate-meta-layouts":"default","ast-page-background-enabled":"default","ast-page-background-meta":{"desktop":{"background-color":"var(--ast-global-color-4)","background-image":"","background-repeat":"repeat","background-position":"center center","background-size":"auto","background-attachment":"scroll","background-type":"","background-media":"","overlay-type":"","overlay-color":"","overlay-opacity":"","overlay-gradient":""},"tablet":{"background-color":"","background-image":"","background-repeat":"repeat","background-position":"center center","background-size":"auto","background-attachment":"scroll","background-type":"","background-media":"","overlay-type":"","overlay-color":"","overlay-opacity":"","overlay-gradient":""},"mobile":{"background-color":"","background-image":"","background-repeat":"repeat","background-position":"center center","background-size":"auto","background-attachment":"scroll","background-type":"","background-media":"","overlay-type":"","overlay-color":"","overlay-opacity":"","overlay-gradient":""}},"ast-content-background-meta":{"desktop":{"background-color":"var(--ast-global-color-5)","background-image":"","background-repeat":"repeat","background-position":"center center","background-size":"auto","background-attachment":"scroll","background-type":"","background-media":"","overlay-type":"","overlay-color":"","overlay-opacity":"","overlay-gradient":""},"tablet":{"background-color":"var(--ast-global-color-5)","background-image":"","background-repeat":"repeat","background-position":"center center","background-size":"auto","background-attachment":"scroll","background-type":"","background-media":"","overlay-type":"","overlay-color":"","overlay-opacity":"","overlay-gradient":""},"mobile":{"background-color":"var(--ast-global-color-5)","background-image":"","background-repeat":"repeat","background-position":"center center","background-size":"auto","background-attachment":"scroll","background-type":"","background-media":"","overlay-type":"","overlay-color":"","overlay-opacity":"","overlay-gradient":""}},"footnotes":""},"class_list":["post-1228","page","type-page","status-publish","hentry"],"post_mailing_queue_ids":[],"_links":{"self":[{"href":"https:\/\/agora.xtec.cat\/ceip-montserrat-cornella\/wp-json\/wp\/v2\/pages\/1228","targetHints":{"allow":["GET"]}}],"collection":[{"href":"https:\/\/agora.xtec.cat\/ceip-montserrat-cornella\/wp-json\/wp\/v2\/pages"}],"about":[{"href":"https:\/\/agora.xtec.cat\/ceip-montserrat-cornella\/wp-json\/wp\/v2\/types\/page"}],"author":[{"embeddable":true,"href":"https:\/\/agora.xtec.cat\/ceip-montserrat-cornella\/wp-json\/wp\/v2\/users\/4"}],"replies":[{"embeddable":true,"href":"https:\/\/agora.xtec.cat\/ceip-montserrat-cornella\/wp-json\/wp\/v2\/comments?post=1228"}],"version-history":[{"count":2,"href":"https:\/\/agora.xtec.cat\/ceip-montserrat-cornella\/wp-json\/wp\/v2\/pages\/1228\/revisions"}],"predecessor-version":[{"id":10730,"href":"https:\/\/agora.xtec.cat\/ceip-montserrat-cornella\/wp-json\/wp\/v2\/pages\/1228\/revisions\/10730"}],"up":[{"embeddable":true,"href":"https:\/\/agora.xtec.cat\/ceip-montserrat-cornella\/wp-json\/wp\/v2\/pages\/1226"}],"wp:attachment":[{"href":"https:\/\/agora.xtec.cat\/ceip-montserrat-cornella\/wp-json\/wp\/v2\/media?parent=1228"}],"curies":[{"name":"wp","href":"https:\/\/api.w.org\/{rel}","templated":true}]}}