{"id":1106,"date":"2016-10-25T09:30:48","date_gmt":"2016-10-25T07:30:48","guid":{"rendered":"http:\/\/agora.xtec.cat\/ceip-montserrat-cornella\/?page_id=1106"},"modified":"2021-09-17T15:52:32","modified_gmt":"2021-09-17T13:52:32","slug":"escola-verda","status":"publish","type":"page","link":"https:\/\/agora.xtec.cat\/ceip-montserrat-cornella\/projectes\/escola-verda\/","title":{"rendered":"ESCOLA VERDA"},"content":{"rendered":"<p>L\u2019escola Montserrat vol innovar, incloure, avan\u00e7ar, sistematitzar i organitzar accions educatives que tinguin com a finalitat afrontar, des de l\u2019educaci\u00f3, els nous reptes i valors de la sostenibilitat. \u00c9s per aix\u00f2 que hem treballat de valent per formar part de la XARXA D\u2019ESCOLES VERDES DE CATALUNYA. El\u00a0 dia 23 de novembre de 2011 ens van lliurar la placa de reconeixement i el dia 26 de gener de 2018, de nou ens van lliurar el nou distintiu d&#8217;escola verda i la nova placa d&#8217;escoles per a la sostenibilitat (XESCO).<br \/>\nVolem que el nostre alumnat, com a futurs ciutadans i ciutadanes, assimilin els valors i les accions que contribuiran a la formaci\u00f3 d\u2019una societat socialment m\u00e9s justa i ecol\u00f2gicament m\u00e9s equilibrada.<br \/>\nTamb\u00e9 hem creat un equip dinamitzador: la comissi\u00f3 ambiental que vetllar\u00e0 pel compliment del programa.<\/p>\n<p>Des del curs 2013-2014 l\u2019escola forma part del programa Euronet 50\/50 d\u2019estalvi energ\u00e8tic.<\/p>\n<p>Des del curs 2017-2018 l&#8217;escola celebra una setmana Bio per tractar temes de sostenibilitat. Aquest curs ser\u00e0 del 8 al 12 de novembre.<\/p>\n<p style=\"text-align: center;\"><a href=\"http:\/\/www.xtec.cat\/centres\/a8037528\/verda\/escola%20verda.htm\"><img loading=\"lazy\" decoding=\"async\" class=\"alignnone size-full wp-image-1349\" src=\"http:\/\/agora.xtec.cat\/ceip-montserrat-cornella\/wp-content\/uploads\/usu663\/2016\/10\/escola-verda.png\" alt=\"escola-verda\" width=\"400\" height=\"162\" srcset=\"https:\/\/agora.xtec.cat\/ceip-montserrat-cornella\/wp-content\/uploads\/usu663\/2016\/10\/escola-verda.png 400w, https:\/\/agora.xtec.cat\/ceip-montserrat-cornella\/wp-content\/uploads\/usu663\/2016\/10\/escola-verda-300x122.png 300w\" sizes=\"auto, (max-width: 400px) 100vw, 400px\" \/><\/a><\/p>\n","protected":false},"excerpt":{"rendered":"<p>L\u2019escola Montserrat vol innovar, incloure, avan\u00e7ar, sistematitzar i organitzar accions educatives que tinguin com a finalitat afrontar, des de l\u2019educaci\u00f3, els nous reptes i valors de la sostenibilitat. \u00c9s per aix\u00f2 que hem treballat de valent per formar part de la XARXA D\u2019ESCOLES VERDES DE CATALUNYA. El\u00a0 dia 23 de novembre de 2011 ens van [&hellip;]<\/p>\n","protected":false},"author":4,"featured_media":0,"parent":1090,"menu_order":60,"comment_status":"closed","ping_status":"closed","template":"page-templates\/side-menu.php","meta":{"_bbp_topic_count":0,"_bbp_reply_count":0,"_bbp_total_topic_count":0,"_bbp_total_reply_count":0,"_bbp_voice_count":0,"_bbp_anonymous_reply_count":0,"_bbp_topic_count_hidden":0,"_bbp_reply_count_hidden":0,"_bbp_forum_subforum_count":0,"site-sidebar-layout":"default","site-content-layout":"","ast-site-content-layout":"","site-content-style":"default","site-sidebar-style":"default","ast-global-header-display":"","ast-banner-title-visibility":"","ast-main-header-display":"","ast-hfb-above-header-display":"","ast-hfb-below-header-display":"","ast-hfb-mobile-header-display":"","site-post-title":"","ast-breadcrumbs-content":"","ast-featured-img":"","footer-sml-layout":"","theme-transparent-header-meta":"","adv-header-id-meta":"","stick-header-meta":"","header-above-stick-meta":"","header-main-stick-meta":"","header-below-stick-meta":"","astra-migrate-meta-layouts":"default","ast-page-background-enabled":"default","ast-page-background-meta":{"desktop":{"background-color":"var(--ast-global-color-4)","background-image":"","background-repeat":"repeat","background-position":"center center","background-size":"auto","background-attachment":"scroll","background-type":"","background-media":"","overlay-type":"","overlay-color":"","overlay-opacity":"","overlay-gradient":""},"tablet":{"background-color":"","background-image":"","background-repeat":"repeat","background-position":"center center","background-size":"auto","background-attachment":"scroll","background-type":"","background-media":"","overlay-type":"","overlay-color":"","overlay-opacity":"","overlay-gradient":""},"mobile":{"background-color":"","background-image":"","background-repeat":"repeat","background-position":"center center","background-size":"auto","background-attachment":"scroll","background-type":"","background-media":"","overlay-type":"","overlay-color":"","overlay-opacity":"","overlay-gradient":""}},"ast-content-background-meta":{"desktop":{"background-color":"var(--ast-global-color-5)","background-image":"","background-repeat":"repeat","background-position":"center center","background-size":"auto","background-attachment":"scroll","background-type":"","background-media":"","overlay-type":"","overlay-color":"","overlay-opacity":"","overlay-gradient":""},"tablet":{"background-color":"var(--ast-global-color-5)","background-image":"","background-repeat":"repeat","background-position":"center center","background-size":"auto","background-attachment":"scroll","background-type":"","background-media":"","overlay-type":"","overlay-color":"","overlay-opacity":"","overlay-gradient":""},"mobile":{"background-color":"var(--ast-global-color-5)","background-image":"","background-repeat":"repeat","background-position":"center center","background-size":"auto","background-attachment":"scroll","background-type":"","background-media":"","overlay-type":"","overlay-color":"","overlay-opacity":"","overlay-gradient":""}},"footnotes":""},"class_list":["post-1106","page","type-page","status-publish","hentry"],"post_mailing_queue_ids":[],"_links":{"self":[{"href":"https:\/\/agora.xtec.cat\/ceip-montserrat-cornella\/wp-json\/wp\/v2\/pages\/1106","targetHints":{"allow":["GET"]}}],"collection":[{"href":"https:\/\/agora.xtec.cat\/ceip-montserrat-cornella\/wp-json\/wp\/v2\/pages"}],"about":[{"href":"https:\/\/agora.xtec.cat\/ceip-montserrat-cornella\/wp-json\/wp\/v2\/types\/page"}],"author":[{"embeddable":true,"href":"https:\/\/agora.xtec.cat\/ceip-montserrat-cornella\/wp-json\/wp\/v2\/users\/4"}],"replies":[{"embeddable":true,"href":"https:\/\/agora.xtec.cat\/ceip-montserrat-cornella\/wp-json\/wp\/v2\/comments?post=1106"}],"version-history":[{"count":3,"href":"https:\/\/agora.xtec.cat\/ceip-montserrat-cornella\/wp-json\/wp\/v2\/pages\/1106\/revisions"}],"predecessor-version":[{"id":12132,"href":"https:\/\/agora.xtec.cat\/ceip-montserrat-cornella\/wp-json\/wp\/v2\/pages\/1106\/revisions\/12132"}],"up":[{"embeddable":true,"href":"https:\/\/agora.xtec.cat\/ceip-montserrat-cornella\/wp-json\/wp\/v2\/pages\/1090"}],"wp:attachment":[{"href":"https:\/\/agora.xtec.cat\/ceip-montserrat-cornella\/wp-json\/wp\/v2\/media?parent=1106"}],"curies":[{"name":"wp","href":"https:\/\/api.w.org\/{rel}","templated":true}]}}