{"id":1102,"date":"2016-10-25T09:29:42","date_gmt":"2016-10-25T07:29:42","guid":{"rendered":"http:\/\/agora.xtec.cat\/ceip-montserrat-cornella\/?page_id=1102"},"modified":"2021-09-17T16:00:31","modified_gmt":"2021-09-17T14:00:31","slug":"angles","status":"publish","type":"page","link":"https:\/\/agora.xtec.cat\/ceip-montserrat-cornella\/projectes\/angles\/","title":{"rendered":"ANGL\u00c8S"},"content":{"rendered":"<ul>\n<li>A la nostra escola des del curs 2013-2014 vam comen\u00e7ar l\u2019experi\u00e8ncia d\u2019iniciar la llengua anglesa a P3. Els nens tenen el primer contacte amb la llengua estrangera mitjan\u00e7ant el joc i les rutines di\u00e0ries. Tot a nivell oral.<\/li>\n<li>Durant els cursos 2014-2015 \/ 2015-2016 \/ 2016-2017 hem impartit l\u2019assignatura de coneixement del medi natural en angl\u00e8s a 3r i 4t de prim\u00e0ria. Aquesta activitat forma part de l\u2019experi\u00e8ncia CLIL.<\/li>\n<li>A partir del curs 2017-2018 l&#8217;escola treballar\u00e0 el coneixement del medi natural i social a partir de projectes on s&#8217;inclouran activitats en llengua anglesa.<\/li>\n<li>L\u2019escola va tenir un PELE (Projecte Experimental de Lleng\u00fces Estrangeres) durant els cursos 2007-2010.<\/li>\n<li>A partir del curs 2020-2021 l&#8217;escola participa del <a href=\"https:\/\/agora.xtec.cat\/ceip-montserrat-cornella\/global-scholars\/\">Projecte Global Scholars<\/a> amb l&#8217;alumnat de 6\u00e8. Es treballen temes de sostenibilitat amb interacci\u00f3 en llengua anglesa amb alumnat d&#8217;altres pa\u00efsos.<\/li>\n<\/ul>\n<p><img loading=\"lazy\" decoding=\"async\" class=\"size-full wp-image-1351 aligncenter\" src=\"http:\/\/agora.xtec.cat\/ceip-montserrat-cornella\/wp-content\/uploads\/usu663\/2016\/10\/ingl\u00e9s.png\" alt=\"ingles\" width=\"400\" height=\"260\" srcset=\"https:\/\/agora.xtec.cat\/ceip-montserrat-cornella\/wp-content\/uploads\/usu663\/2016\/10\/ingl\u00e9s.png 400w, https:\/\/agora.xtec.cat\/ceip-montserrat-cornella\/wp-content\/uploads\/usu663\/2016\/10\/ingl\u00e9s-300x195.png 300w\" sizes=\"auto, (max-width: 400px) 100vw, 400px\" \/><\/p>\n","protected":false},"excerpt":{"rendered":"<p>A la nostra escola des del curs 2013-2014 vam comen\u00e7ar l\u2019experi\u00e8ncia d\u2019iniciar la llengua anglesa a P3. Els nens tenen el primer contacte amb la llengua estrangera mitjan\u00e7ant el joc i les rutines di\u00e0ries. Tot a nivell oral. Durant els cursos 2014-2015 \/ 2015-2016 \/ 2016-2017 hem impartit l\u2019assignatura de coneixement del medi natural en [&hellip;]<\/p>\n","protected":false},"author":4,"featured_media":0,"parent":1090,"menu_order":70,"comment_status":"closed","ping_status":"closed","template":"page-templates\/side-menu.php","meta":{"_bbp_topic_count":0,"_bbp_reply_count":0,"_bbp_total_topic_count":0,"_bbp_total_reply_count":0,"_bbp_voice_count":0,"_bbp_anonymous_reply_count":0,"_bbp_topic_count_hidden":0,"_bbp_reply_count_hidden":0,"_bbp_forum_subforum_count":0,"site-sidebar-layout":"default","site-content-layout":"","ast-site-content-layout":"","site-content-style":"default","site-sidebar-style":"default","ast-global-header-display":"","ast-banner-title-visibility":"","ast-main-header-display":"","ast-hfb-above-header-display":"","ast-hfb-below-header-display":"","ast-hfb-mobile-header-display":"","site-post-title":"","ast-breadcrumbs-content":"","ast-featured-img":"","footer-sml-layout":"","theme-transparent-header-meta":"","adv-header-id-meta":"","stick-header-meta":"","header-above-stick-meta":"","header-main-stick-meta":"","header-below-stick-meta":"","astra-migrate-meta-layouts":"default","ast-page-background-enabled":"default","ast-page-background-meta":{"desktop":{"background-color":"var(--ast-global-color-4)","background-image":"","background-repeat":"repeat","background-position":"center center","background-size":"auto","background-attachment":"scroll","background-type":"","background-media":"","overlay-type":"","overlay-color":"","overlay-opacity":"","overlay-gradient":""},"tablet":{"background-color":"","background-image":"","background-repeat":"repeat","background-position":"center center","background-size":"auto","background-attachment":"scroll","background-type":"","background-media":"","overlay-type":"","overlay-color":"","overlay-opacity":"","overlay-gradient":""},"mobile":{"background-color":"","background-image":"","background-repeat":"repeat","background-position":"center center","background-size":"auto","background-attachment":"scroll","background-type":"","background-media":"","overlay-type":"","overlay-color":"","overlay-opacity":"","overlay-gradient":""}},"ast-content-background-meta":{"desktop":{"background-color":"var(--ast-global-color-5)","background-image":"","background-repeat":"repeat","background-position":"center center","background-size":"auto","background-attachment":"scroll","background-type":"","background-media":"","overlay-type":"","overlay-color":"","overlay-opacity":"","overlay-gradient":""},"tablet":{"background-color":"var(--ast-global-color-5)","background-image":"","background-repeat":"repeat","background-position":"center center","background-size":"auto","background-attachment":"scroll","background-type":"","background-media":"","overlay-type":"","overlay-color":"","overlay-opacity":"","overlay-gradient":""},"mobile":{"background-color":"var(--ast-global-color-5)","background-image":"","background-repeat":"repeat","background-position":"center center","background-size":"auto","background-attachment":"scroll","background-type":"","background-media":"","overlay-type":"","overlay-color":"","overlay-opacity":"","overlay-gradient":""}},"footnotes":""},"class_list":["post-1102","page","type-page","status-publish","hentry"],"post_mailing_queue_ids":[],"_links":{"self":[{"href":"https:\/\/agora.xtec.cat\/ceip-montserrat-cornella\/wp-json\/wp\/v2\/pages\/1102","targetHints":{"allow":["GET"]}}],"collection":[{"href":"https:\/\/agora.xtec.cat\/ceip-montserrat-cornella\/wp-json\/wp\/v2\/pages"}],"about":[{"href":"https:\/\/agora.xtec.cat\/ceip-montserrat-cornella\/wp-json\/wp\/v2\/types\/page"}],"author":[{"embeddable":true,"href":"https:\/\/agora.xtec.cat\/ceip-montserrat-cornella\/wp-json\/wp\/v2\/users\/4"}],"replies":[{"embeddable":true,"href":"https:\/\/agora.xtec.cat\/ceip-montserrat-cornella\/wp-json\/wp\/v2\/comments?post=1102"}],"version-history":[{"count":3,"href":"https:\/\/agora.xtec.cat\/ceip-montserrat-cornella\/wp-json\/wp\/v2\/pages\/1102\/revisions"}],"predecessor-version":[{"id":12135,"href":"https:\/\/agora.xtec.cat\/ceip-montserrat-cornella\/wp-json\/wp\/v2\/pages\/1102\/revisions\/12135"}],"up":[{"embeddable":true,"href":"https:\/\/agora.xtec.cat\/ceip-montserrat-cornella\/wp-json\/wp\/v2\/pages\/1090"}],"wp:attachment":[{"href":"https:\/\/agora.xtec.cat\/ceip-montserrat-cornella\/wp-json\/wp\/v2\/media?parent=1102"}],"curies":[{"name":"wp","href":"https:\/\/api.w.org\/{rel}","templated":true}]}}