{"id":1094,"date":"2016-10-25T09:21:02","date_gmt":"2016-10-25T07:21:02","guid":{"rendered":"http:\/\/agora.xtec.cat\/ceip-montserrat-cornella\/?page_id=1094"},"modified":"2018-02-05T10:48:28","modified_gmt":"2018-02-05T09:48:28","slug":"ayuda-en-accion","status":"publish","type":"page","link":"https:\/\/agora.xtec.cat\/ceip-montserrat-cornella\/projectes\/ayuda-en-accion\/","title":{"rendered":"AYUDA EN ACCI\u00d3N"},"content":{"rendered":"<p>&#8216;AQUI TAMB\u00c9&#8217; \u00e9s un programa educatiu de la ONG &#8216;Ayuda en acci\u00f3n&#8217;, amb propostes col\u00b7lectives i originals per aprendre de la experi\u00e8ncia i construir des de l&#8217;educaci\u00f3 un m\u00f3n m\u00e9s just.<\/p>\n<p>&#8216;AQUI TAMB\u00c9&#8217; obre una finestra al m\u00f3n per con\u00e8ixer altres escoles, paisos, cultures i realitats a trav\u00e9s del vincle solidari que mantenen amb molts nens, nenes i escoles amb els que treballa &#8216;Ayuda en acci\u00f3n&#8217;.<\/p>\n<p>Col\u00b7laborem amb &#8220;Ayuda en Acci\u00f3n&#8221; portant a terme diferents projectes i celebrant dies importants de l&#8217;any amb varietat d&#8217;activitats i tallers amb els quals aprenen moltes coses d&#8217;una manera molt l\u00fadica i din\u00e0mica.<\/p>\n<p style=\"text-align: center;\"><a href=\"https:\/\/www.ayudaenaccion.org\/ong\"><img loading=\"lazy\" decoding=\"async\" class=\"alignnone wp-image-1345\" src=\"http:\/\/agora.xtec.cat\/ceip-montserrat-cornella\/wp-content\/uploads\/usu663\/2016\/10\/ayuda-accion.png\" alt=\"ayuda-accion\" width=\"281\" height=\"281\" srcset=\"https:\/\/agora.xtec.cat\/ceip-montserrat-cornella\/wp-content\/uploads\/usu663\/2016\/10\/ayuda-accion.png 400w, https:\/\/agora.xtec.cat\/ceip-montserrat-cornella\/wp-content\/uploads\/usu663\/2016\/10\/ayuda-accion-150x150.png 150w, https:\/\/agora.xtec.cat\/ceip-montserrat-cornella\/wp-content\/uploads\/usu663\/2016\/10\/ayuda-accion-300x300.png 300w\" sizes=\"auto, (max-width: 281px) 100vw, 281px\" \/><\/a><\/p>\n<p>&nbsp;<\/p>\n","protected":false},"excerpt":{"rendered":"<p>&#8216;AQUI TAMB\u00c9&#8217; \u00e9s un programa educatiu de la ONG &#8216;Ayuda en acci\u00f3n&#8217;, amb propostes col\u00b7lectives i originals per aprendre de la experi\u00e8ncia i construir des de l&#8217;educaci\u00f3 un m\u00f3n m\u00e9s just. &#8216;AQUI TAMB\u00c9&#8217; obre una finestra al m\u00f3n per con\u00e8ixer altres escoles, paisos, cultures i realitats a trav\u00e9s del vincle solidari que mantenen amb molts [&hellip;]<\/p>\n","protected":false},"author":4,"featured_media":0,"parent":1090,"menu_order":40,"comment_status":"closed","ping_status":"closed","template":"page-templates\/side-menu.php","meta":{"_bbp_topic_count":0,"_bbp_reply_count":0,"_bbp_total_topic_count":0,"_bbp_total_reply_count":0,"_bbp_voice_count":0,"_bbp_anonymous_reply_count":0,"_bbp_topic_count_hidden":0,"_bbp_reply_count_hidden":0,"_bbp_forum_subforum_count":0,"site-sidebar-layout":"default","site-content-layout":"","ast-site-content-layout":"","site-content-style":"default","site-sidebar-style":"default","ast-global-header-display":"","ast-banner-title-visibility":"","ast-main-header-display":"","ast-hfb-above-header-display":"","ast-hfb-below-header-display":"","ast-hfb-mobile-header-display":"","site-post-title":"","ast-breadcrumbs-content":"","ast-featured-img":"","footer-sml-layout":"","theme-transparent-header-meta":"","adv-header-id-meta":"","stick-header-meta":"","header-above-stick-meta":"","header-main-stick-meta":"","header-below-stick-meta":"","astra-migrate-meta-layouts":"default","ast-page-background-enabled":"default","ast-page-background-meta":{"desktop":{"background-color":"var(--ast-global-color-4)","background-image":"","background-repeat":"repeat","background-position":"center center","background-size":"auto","background-attachment":"scroll","background-type":"","background-media":"","overlay-type":"","overlay-color":"","overlay-opacity":"","overlay-gradient":""},"tablet":{"background-color":"","background-image":"","background-repeat":"repeat","background-position":"center center","background-size":"auto","background-attachment":"scroll","background-type":"","background-media":"","overlay-type":"","overlay-color":"","overlay-opacity":"","overlay-gradient":""},"mobile":{"background-color":"","background-image":"","background-repeat":"repeat","background-position":"center center","background-size":"auto","background-attachment":"scroll","background-type":"","background-media":"","overlay-type":"","overlay-color":"","overlay-opacity":"","overlay-gradient":""}},"ast-content-background-meta":{"desktop":{"background-color":"var(--ast-global-color-5)","background-image":"","background-repeat":"repeat","background-position":"center center","background-size":"auto","background-attachment":"scroll","background-type":"","background-media":"","overlay-type":"","overlay-color":"","overlay-opacity":"","overlay-gradient":""},"tablet":{"background-color":"var(--ast-global-color-5)","background-image":"","background-repeat":"repeat","background-position":"center center","background-size":"auto","background-attachment":"scroll","background-type":"","background-media":"","overlay-type":"","overlay-color":"","overlay-opacity":"","overlay-gradient":""},"mobile":{"background-color":"var(--ast-global-color-5)","background-image":"","background-repeat":"repeat","background-position":"center center","background-size":"auto","background-attachment":"scroll","background-type":"","background-media":"","overlay-type":"","overlay-color":"","overlay-opacity":"","overlay-gradient":""}},"footnotes":""},"class_list":["post-1094","page","type-page","status-publish","hentry"],"post_mailing_queue_ids":[],"_links":{"self":[{"href":"https:\/\/agora.xtec.cat\/ceip-montserrat-cornella\/wp-json\/wp\/v2\/pages\/1094","targetHints":{"allow":["GET"]}}],"collection":[{"href":"https:\/\/agora.xtec.cat\/ceip-montserrat-cornella\/wp-json\/wp\/v2\/pages"}],"about":[{"href":"https:\/\/agora.xtec.cat\/ceip-montserrat-cornella\/wp-json\/wp\/v2\/types\/page"}],"author":[{"embeddable":true,"href":"https:\/\/agora.xtec.cat\/ceip-montserrat-cornella\/wp-json\/wp\/v2\/users\/4"}],"replies":[{"embeddable":true,"href":"https:\/\/agora.xtec.cat\/ceip-montserrat-cornella\/wp-json\/wp\/v2\/comments?post=1094"}],"version-history":[{"count":3,"href":"https:\/\/agora.xtec.cat\/ceip-montserrat-cornella\/wp-json\/wp\/v2\/pages\/1094\/revisions"}],"predecessor-version":[{"id":9559,"href":"https:\/\/agora.xtec.cat\/ceip-montserrat-cornella\/wp-json\/wp\/v2\/pages\/1094\/revisions\/9559"}],"up":[{"embeddable":true,"href":"https:\/\/agora.xtec.cat\/ceip-montserrat-cornella\/wp-json\/wp\/v2\/pages\/1090"}],"wp:attachment":[{"href":"https:\/\/agora.xtec.cat\/ceip-montserrat-cornella\/wp-json\/wp\/v2\/media?parent=1094"}],"curies":[{"name":"wp","href":"https:\/\/api.w.org\/{rel}","templated":true}]}}