{"id":1088,"date":"2016-10-25T09:19:04","date_gmt":"2016-10-25T07:19:04","guid":{"rendered":"http:\/\/agora.xtec.cat\/ceip-montserrat-cornella\/?page_id=1088"},"modified":"2025-11-13T15:27:25","modified_gmt":"2025-11-13T14:27:25","slug":"preinscripcions-i-matricula","status":"publish","type":"page","link":"https:\/\/agora.xtec.cat\/ceip-montserrat-cornella\/lescola\/preinscripcions-i-matricula\/","title":{"rendered":"TRANSPAR\u00c8NCIA"},"content":{"rendered":"<p><a href=\"https:\/\/agora.xtec.cat\/ceip-montserrat-cornella\/acords-consell-escolar\/\"><strong>Acords del Consell Escolar<\/strong><\/a><\/p>\n<p><strong>Imports d&#8217;aportacions de les fam\u00edlies<\/strong><\/p>\n<p><a href=\"https:\/\/agora.xtec.cat\/ceip-montserrat-cornella\/wp-content\/uploads\/usu663\/2025\/02\/Perfil-professional-DIRECTORA.pdf\"><strong>Perfil professional i traject\u00f2ria directora<\/strong><\/a><\/p>\n<p><a href=\"https:\/\/agora.xtec.cat\/ceip-montserrat-cornella\/wp-content\/uploads\/usu663\/2025\/02\/Perfil-professional-CAP-DESTUDIS.pdf\"><strong>Perfil professional i traject\u00f2ria cap d&#8217;estudis<\/strong><\/a><\/p>\n<p><a href=\"https:\/\/agora.xtec.cat\/ceip-montserrat-cornella\/wp-content\/uploads\/usu663\/2025\/02\/Perfil-professional-SECRETARI.pdf\"><strong>Perfil professional i traject\u00f2ria secretari<\/strong><\/a><\/p>\n<p><strong>Pressupost de l&#8217;escola 2024<\/strong><\/p>\n<p><a href=\"https:\/\/agora.xtec.cat\/ceip-montserrat-cornella\/wp-content\/uploads\/usu663\/2025\/03\/08016409_Escola-Montserrat_Cornella-de-Llobregat_PMOE-PROA-_Acord-de-Corresponsabilitat-2024-28_signat.pdf\"><strong>Acord de corresponsabilitat PMOE-PROA+ 2024-2028<\/strong><\/a><\/p>\n","protected":false},"excerpt":{"rendered":"<p>Acords del Consell Escolar Imports d&#8217;aportacions de les fam\u00edlies Perfil professional i traject\u00f2ria directora Perfil professional i traject\u00f2ria cap d&#8217;estudis Perfil professional i traject\u00f2ria secretari Pressupost de l&#8217;escola 2024 Acord de corresponsabilitat PMOE-PROA+ 2024-2028<\/p>\n","protected":false},"author":4,"featured_media":0,"parent":1066,"menu_order":110,"comment_status":"closed","ping_status":"closed","template":"","meta":{"_bbp_topic_count":0,"_bbp_reply_count":0,"_bbp_total_topic_count":0,"_bbp_total_reply_count":0,"_bbp_voice_count":0,"_bbp_anonymous_reply_count":0,"_bbp_topic_count_hidden":0,"_bbp_reply_count_hidden":0,"_bbp_forum_subforum_count":0,"site-sidebar-layout":"default","site-content-layout":"","ast-site-content-layout":"default","site-content-style":"default","site-sidebar-style":"default","ast-global-header-display":"","ast-banner-title-visibility":"","ast-main-header-display":"","ast-hfb-above-header-display":"","ast-hfb-below-header-display":"","ast-hfb-mobile-header-display":"","site-post-title":"","ast-breadcrumbs-content":"","ast-featured-img":"","footer-sml-layout":"","theme-transparent-header-meta":"default","adv-header-id-meta":"","stick-header-meta":"","header-above-stick-meta":"","header-main-stick-meta":"","header-below-stick-meta":"","astra-migrate-meta-layouts":"set","ast-page-background-enabled":"default","ast-page-background-meta":{"desktop":{"background-color":"var(--ast-global-color-4)","background-image":"","background-repeat":"repeat","background-position":"center center","background-size":"auto","background-attachment":"scroll","background-type":"","background-media":"","overlay-type":"","overlay-color":"","overlay-opacity":"","overlay-gradient":""},"tablet":{"background-color":"","background-image":"","background-repeat":"repeat","background-position":"center center","background-size":"auto","background-attachment":"scroll","background-type":"","background-media":"","overlay-type":"","overlay-color":"","overlay-opacity":"","overlay-gradient":""},"mobile":{"background-color":"","background-image":"","background-repeat":"repeat","background-position":"center center","background-size":"auto","background-attachment":"scroll","background-type":"","background-media":"","overlay-type":"","overlay-color":"","overlay-opacity":"","overlay-gradient":""}},"ast-content-background-meta":{"desktop":{"background-color":"var(--ast-global-color-5)","background-image":"","background-repeat":"repeat","background-position":"center center","background-size":"auto","background-attachment":"scroll","background-type":"","background-media":"","overlay-type":"","overlay-color":"","overlay-opacity":"","overlay-gradient":""},"tablet":{"background-color":"var(--ast-global-color-5)","background-image":"","background-repeat":"repeat","background-position":"center center","background-size":"auto","background-attachment":"scroll","background-type":"","background-media":"","overlay-type":"","overlay-color":"","overlay-opacity":"","overlay-gradient":""},"mobile":{"background-color":"var(--ast-global-color-5)","background-image":"","background-repeat":"repeat","background-position":"center center","background-size":"auto","background-attachment":"scroll","background-type":"","background-media":"","overlay-type":"","overlay-color":"","overlay-opacity":"","overlay-gradient":""}},"footnotes":""},"class_list":["post-1088","page","type-page","status-publish","hentry"],"post_mailing_queue_ids":[],"_links":{"self":[{"href":"https:\/\/agora.xtec.cat\/ceip-montserrat-cornella\/wp-json\/wp\/v2\/pages\/1088","targetHints":{"allow":["GET"]}}],"collection":[{"href":"https:\/\/agora.xtec.cat\/ceip-montserrat-cornella\/wp-json\/wp\/v2\/pages"}],"about":[{"href":"https:\/\/agora.xtec.cat\/ceip-montserrat-cornella\/wp-json\/wp\/v2\/types\/page"}],"author":[{"embeddable":true,"href":"https:\/\/agora.xtec.cat\/ceip-montserrat-cornella\/wp-json\/wp\/v2\/users\/4"}],"replies":[{"embeddable":true,"href":"https:\/\/agora.xtec.cat\/ceip-montserrat-cornella\/wp-json\/wp\/v2\/comments?post=1088"}],"version-history":[{"count":7,"href":"https:\/\/agora.xtec.cat\/ceip-montserrat-cornella\/wp-json\/wp\/v2\/pages\/1088\/revisions"}],"predecessor-version":[{"id":13908,"href":"https:\/\/agora.xtec.cat\/ceip-montserrat-cornella\/wp-json\/wp\/v2\/pages\/1088\/revisions\/13908"}],"up":[{"embeddable":true,"href":"https:\/\/agora.xtec.cat\/ceip-montserrat-cornella\/wp-json\/wp\/v2\/pages\/1066"}],"wp:attachment":[{"href":"https:\/\/agora.xtec.cat\/ceip-montserrat-cornella\/wp-json\/wp\/v2\/media?parent=1088"}],"curies":[{"name":"wp","href":"https:\/\/api.w.org\/{rel}","templated":true}]}}