{"id":1082,"date":"2016-10-25T09:16:39","date_gmt":"2016-10-25T07:16:39","guid":{"rendered":"http:\/\/agora.xtec.cat\/ceip-montserrat-cornella\/?page_id=1082"},"modified":"2025-09-09T15:26:05","modified_gmt":"2025-09-09T13:26:05","slug":"normes-del-centre","status":"publish","type":"page","link":"https:\/\/agora.xtec.cat\/ceip-montserrat-cornella\/lescola\/normes-del-centre\/","title":{"rendered":"NORMES DEL CENTRE"},"content":{"rendered":"<p><strong style=\"font-family: inherit; font-size: 1em;\">NORMES GENERALS D&#8217;ESCOLA<\/strong><\/p>\n<ul>\n<li>Les classes comencen a les 9h. del mat\u00ed. Per la tarda les classes comencen a les 15:00 h. En el cas de faltes repetides sense justificaci\u00f3, la direcci\u00f3 del centre, d\u2019acord amb la normativa vigent al respecte, sol\u00b7licitar\u00e0 col\u00b7laboraci\u00f3 dels equips d\u2019assessorament i orientaci\u00f3 psicopedag\u00f2gica i de serveis d\u2019assist\u00e8ncia social del municipi, al mateix temps ho comunicar\u00e0 als Serveis Territorials del Departament d\u2019Ensenyament.<\/li>\n<\/ul>\n<ul>\n<li>Els pares\/mares dels alumnes no han d\u2019entrar al centre a les hores d\u2019entrada i sortida, llevat d\u2019una causa que ho justifiqui.<\/li>\n<\/ul>\n<ul>\n<li>Cap alumne podr\u00e0 sortir del centre abans de l\u2019horari establert, sense el justificat corresponent i haur\u00e0 d\u2019\u00e9sser acompanyat sempre per algun familiar major d\u2019edat.<\/li>\n<\/ul>\n<ul>\n<li>L\u2019esmorzar caldr\u00e0 que sigui equilibrat a base de fruites i entrepans. A parvulari el portaran dins d\u2019una bossa de roba amb un tovall\u00f3.<\/li>\n<\/ul>\n<ul>\n<li>L\u2019escola recomanar\u00e0 l&#8217;\u00fas d&#8217;un embolcall sostenible per a cada nen\/a per portar l\u2019esmorzar d\u2019acord amb el nostre projecte d\u2019Escola Verda.<\/li>\n<\/ul>\n<ul>\n<li>No es podran portar joguines ni llaminadures a l\u2019escola.<\/li>\n<\/ul>\n<ul>\n<li>Els alumnes que, per la seva edat hagin de ser acompanyats a l\u2019hora de sortida de l&#8217;escola, hauran de ser recollits pels seus familiars de forma puntual. Fora de les hores lectives, el centre no es far\u00e0 c\u00e0rrec dels alumnes. Si algun nen o nena ha d\u2019\u00e9sser recollit per una persona que no sigui l\u2019habitual, caldr\u00e0 avisar i justificar, amb antelaci\u00f3, al seu professor o professora.<\/li>\n<\/ul>\n<ul>\n<li>Quan es produeixi un retard fora dels marges raonables en la recollida de l\u2019alumnat, un cop acabat l\u2019horari escolar, es procurar\u00e0 contactar amb la fam\u00edlia i un cop esgotats, sense efecte, els intents de comunicaci\u00f3, la persona que fins aquell moment hagi estat a c\u00e0rrec de l\u2019alumne\/a comunicar\u00e0 telef\u00f2nicament la situaci\u00f3 a la policia local i acordar\u00e0 amb ells la f\u00f3rmula per lliurar-lo a la seva cust\u00f2dia.<\/li>\n<\/ul>\n<ul>\n<li>Els dies que els alumnes tinguin educaci\u00f3 f\u00edsica o psicomotricitat hauran de venir convenientment equipats i amb sabatilles d\u2019esport amb cintes adhesives, a ser possible. Hi ha un xandall i un equip d\u2019educaci\u00f3 f\u00edsica, propi del centre que es pot adquirir a l\u2019AMPA.<\/li>\n<\/ul>\n<ul>\n<li>Agenda escolar:\u00a0aquest curs, es continuar\u00e0 utilitzant l\u2019agenda escolar que es far\u00e0 servir des de 3r. fins a 6\u00e8. A l\u2019agenda, els\u00a0mestres informaran, als pares i\u00a0 mares, de les entrevistes, controls dels treballs a realitzar pels alumnes, les\u00a0 faltes de puntualitat, d\u2019assist\u00e8ncia, comportament etc. Tamb\u00e9 podr\u00e0 ser utilitzada per les fam\u00edlies per a comunicar-se amb els mestres.<\/li>\n<\/ul>\n<p>&nbsp;<\/p>\n<p>A<strong>\u00a0Educaci\u00f3 infantil<\/strong>\u00a0tindran les seg\u00fcents normes espec\u00edfiques:<\/p>\n<ul>\n<li>Recomanem als pares i mares d&#8217;I3 que portin una bossa amb roba de recanvi (pantalons, jersei, mitjons, sabates, calcetes o cal\u00e7otets, etc) per un cas de necessitat.<\/li>\n<li>\u00c9s molt recomanable l\u2019\u00fas de la bata per l&#8217;espai art\u00edstic.<\/li>\n<li>Tota la roba haur\u00e0 de portar una beta amb el nom i cognoms del nen o la nena. La beta haur\u00e0 de ser prou llarga per poder penjar b\u00e9 la roba.<\/li>\n<\/ul>\n<p>&nbsp;<\/p>\n<p><strong>Administraci\u00f3 de medicaments als alumnes:<\/strong><\/p>\n<ul>\n<li>Per administrar medicaments als alumnes caldr\u00e0 que el pare, mare o tutor legal porti una recepta o informe del metge on consti el nom de l\u2019alumne\/a, la pauta i el nom del medicament que ha de prendre. Aix\u00ed mateix, s&#8217;haur\u00e0 de portar un escrit on es demani i s\u2019autoritzi al personal del centre educatiu que administri al fill\/a la medicaci\u00f3 prescrita sempre que sigui imprescindible la seva administraci\u00f3 en horari lectiu.<\/li>\n<\/ul>\n<ul>\n<li>El personal del centre nom\u00e9s podr\u00e0 administrar una medicaci\u00f3 quan no calgui una formaci\u00f3 especial; en cas contrari, si la medicaci\u00f3 haur\u00e0 de ser administrada per personal amb una formaci\u00f3 determinada, caldr\u00e0 que el centre\u00a0 es posi en contacte amb el centre d\u2019assist\u00e8ncia prim\u00e0ria m\u00e9s proper.<\/li>\n<\/ul>\n","protected":false},"excerpt":{"rendered":"<p>NORMES GENERALS D&#8217;ESCOLA Les classes comencen a les 9h. del mat\u00ed. Per la tarda les classes comencen a les 15:00 h. En el cas de faltes repetides sense justificaci\u00f3, la direcci\u00f3 del centre, d\u2019acord amb la normativa vigent al respecte, sol\u00b7licitar\u00e0 col\u00b7laboraci\u00f3 dels equips d\u2019assessorament i orientaci\u00f3 psicopedag\u00f2gica i de serveis d\u2019assist\u00e8ncia social del municipi, [&hellip;]<\/p>\n","protected":false},"author":4,"featured_media":0,"parent":1066,"menu_order":80,"comment_status":"closed","ping_status":"closed","template":"","meta":{"_bbp_topic_count":0,"_bbp_reply_count":0,"_bbp_total_topic_count":0,"_bbp_total_reply_count":0,"_bbp_voice_count":0,"_bbp_anonymous_reply_count":0,"_bbp_topic_count_hidden":0,"_bbp_reply_count_hidden":0,"_bbp_forum_subforum_count":0,"site-sidebar-layout":"default","site-content-layout":"","ast-site-content-layout":"default","site-content-style":"default","site-sidebar-style":"default","ast-global-header-display":"","ast-banner-title-visibility":"","ast-main-header-display":"","ast-hfb-above-header-display":"","ast-hfb-below-header-display":"","ast-hfb-mobile-header-display":"","site-post-title":"","ast-breadcrumbs-content":"","ast-featured-img":"","footer-sml-layout":"","theme-transparent-header-meta":"default","adv-header-id-meta":"","stick-header-meta":"","header-above-stick-meta":"","header-main-stick-meta":"","header-below-stick-meta":"","astra-migrate-meta-layouts":"set","ast-page-background-enabled":"default","ast-page-background-meta":{"desktop":{"background-color":"var(--ast-global-color-4)","background-image":"","background-repeat":"repeat","background-position":"center center","background-size":"auto","background-attachment":"scroll","background-type":"","background-media":"","overlay-type":"","overlay-color":"","overlay-opacity":"","overlay-gradient":""},"tablet":{"background-color":"","background-image":"","background-repeat":"repeat","background-position":"center center","background-size":"auto","background-attachment":"scroll","background-type":"","background-media":"","overlay-type":"","overlay-color":"","overlay-opacity":"","overlay-gradient":""},"mobile":{"background-color":"","background-image":"","background-repeat":"repeat","background-position":"center center","background-size":"auto","background-attachment":"scroll","background-type":"","background-media":"","overlay-type":"","overlay-color":"","overlay-opacity":"","overlay-gradient":""}},"ast-content-background-meta":{"desktop":{"background-color":"var(--ast-global-color-5)","background-image":"","background-repeat":"repeat","background-position":"center center","background-size":"auto","background-attachment":"scroll","background-type":"","background-media":"","overlay-type":"","overlay-color":"","overlay-opacity":"","overlay-gradient":""},"tablet":{"background-color":"var(--ast-global-color-5)","background-image":"","background-repeat":"repeat","background-position":"center center","background-size":"auto","background-attachment":"scroll","background-type":"","background-media":"","overlay-type":"","overlay-color":"","overlay-opacity":"","overlay-gradient":""},"mobile":{"background-color":"var(--ast-global-color-5)","background-image":"","background-repeat":"repeat","background-position":"center center","background-size":"auto","background-attachment":"scroll","background-type":"","background-media":"","overlay-type":"","overlay-color":"","overlay-opacity":"","overlay-gradient":""}},"footnotes":""},"class_list":["post-1082","page","type-page","status-publish","hentry"],"post_mailing_queue_ids":[],"_links":{"self":[{"href":"https:\/\/agora.xtec.cat\/ceip-montserrat-cornella\/wp-json\/wp\/v2\/pages\/1082","targetHints":{"allow":["GET"]}}],"collection":[{"href":"https:\/\/agora.xtec.cat\/ceip-montserrat-cornella\/wp-json\/wp\/v2\/pages"}],"about":[{"href":"https:\/\/agora.xtec.cat\/ceip-montserrat-cornella\/wp-json\/wp\/v2\/types\/page"}],"author":[{"embeddable":true,"href":"https:\/\/agora.xtec.cat\/ceip-montserrat-cornella\/wp-json\/wp\/v2\/users\/4"}],"replies":[{"embeddable":true,"href":"https:\/\/agora.xtec.cat\/ceip-montserrat-cornella\/wp-json\/wp\/v2\/comments?post=1082"}],"version-history":[{"count":5,"href":"https:\/\/agora.xtec.cat\/ceip-montserrat-cornella\/wp-json\/wp\/v2\/pages\/1082\/revisions"}],"predecessor-version":[{"id":13751,"href":"https:\/\/agora.xtec.cat\/ceip-montserrat-cornella\/wp-json\/wp\/v2\/pages\/1082\/revisions\/13751"}],"up":[{"embeddable":true,"href":"https:\/\/agora.xtec.cat\/ceip-montserrat-cornella\/wp-json\/wp\/v2\/pages\/1066"}],"wp:attachment":[{"href":"https:\/\/agora.xtec.cat\/ceip-montserrat-cornella\/wp-json\/wp\/v2\/media?parent=1082"}],"curies":[{"name":"wp","href":"https:\/\/api.w.org\/{rel}","templated":true}]}}