{"id":1076,"date":"2016-10-25T09:14:03","date_gmt":"2016-10-25T07:14:03","guid":{"rendered":"http:\/\/agora.xtec.cat\/ceip-montserrat-cornella\/?page_id=1076"},"modified":"2025-09-09T15:54:59","modified_gmt":"2025-09-09T13:54:59","slug":"calendari","status":"publish","type":"page","link":"https:\/\/agora.xtec.cat\/ceip-montserrat-cornella\/lescola\/calendari\/","title":{"rendered":"CALENDARI 2025-26"},"content":{"rendered":"<p><strong>Calendari del professorat:<\/strong><\/p>\n<ul>\n<li>Inici: Dilluns 1 de setembre de 2025.<\/li>\n<li>Acabament: Divendres 3 de juliol de 2026.<\/li>\n<\/ul>\n<p><strong>Calendari de l\u2019alumnat:<\/strong><\/p>\n<ul>\n<li>Inici: Dilluns 8 de setembre de 2025.<\/li>\n<li>Acabament: Divendres 19 de juny de 2026.<\/li>\n<li><strong><em>La jornada intensiva ser\u00e0 el 19 de desembre i del 8 al 19 de juny.\u00a0<\/em><\/strong><\/li>\n<\/ul>\n<p>Durant el present curs tindr\u00e0 la consideraci\u00f3 de per\u00edode de vacances escolars:<\/p>\n<ul>\n<li><strong>Nadal:<\/strong> del dilluns 22 de desembre de 2025 al dimecres 7 de gener del 2026. Les classes acabaran el divendres dia 19 de desembre amb jornada intensiva.<\/li>\n<\/ul>\n<ul>\n<li><strong>Setmana Santa:\u00a0<\/strong>del 30 de mar\u00e7 al 6 d&#8217;abril de 2026, ambd\u00f3s inclosos.<\/li>\n<\/ul>\n<p>Aix\u00ed mateix tindran la consideraci\u00f3 de\u00a0<strong>dies festius\u00a0<\/strong>els seg\u00fcents:<\/p>\n<ul>\n<li>Dijous 11 de setembre (Diada de Catalunya)<\/li>\n<li>Dilluns 8 <span style=\"font-family: inherit; font-size: 1em;\">de desembre (la Constituci\u00f3)<\/span><\/li>\n<li>Divendres 1 de maig (festa del treballador)<\/li>\n<li>Dilluns 25 de maig (segona Pasqua)<\/li>\n<li>Divendres 5 de juny (el Corpus Christi)<\/li>\n<\/ul>\n<p><strong>Festes de lliure disposici\u00f3<\/strong>\u00a0establertes pel propi centre, d\u2019acord amb les recomanacions del Consell Escolar Municipal:<\/p>\n<ul>\n<li>Dilluns 3 de novembre<\/li>\n<li>Divendres 5 de desembre<\/li>\n<li>Dilluns 16 de febrer<\/li>\n<li>Dijous 30 d&#8217;abril<\/li>\n<\/ul>\n<p>&nbsp;<\/p>\n","protected":false},"excerpt":{"rendered":"<p>Calendari del professorat: Inici: Dilluns 1 de setembre de 2025. Acabament: Divendres 3 de juliol de 2026. Calendari de l\u2019alumnat: Inici: Dilluns 8 de setembre de 2025. Acabament: Divendres 19 de juny de 2026. La jornada intensiva ser\u00e0 el 19 de desembre i del 8 al 19 de juny.\u00a0 Durant el present curs tindr\u00e0 la [&hellip;]<\/p>\n","protected":false},"author":4,"featured_media":0,"parent":1066,"menu_order":90,"comment_status":"closed","ping_status":"closed","template":"","meta":{"_bbp_topic_count":0,"_bbp_reply_count":0,"_bbp_total_topic_count":0,"_bbp_total_reply_count":0,"_bbp_voice_count":0,"_bbp_anonymous_reply_count":0,"_bbp_topic_count_hidden":0,"_bbp_reply_count_hidden":0,"_bbp_forum_subforum_count":0,"site-sidebar-layout":"default","site-content-layout":"","ast-site-content-layout":"default","site-content-style":"default","site-sidebar-style":"default","ast-global-header-display":"","ast-banner-title-visibility":"","ast-main-header-display":"","ast-hfb-above-header-display":"","ast-hfb-below-header-display":"","ast-hfb-mobile-header-display":"","site-post-title":"","ast-breadcrumbs-content":"","ast-featured-img":"","footer-sml-layout":"","theme-transparent-header-meta":"default","adv-header-id-meta":"","stick-header-meta":"","header-above-stick-meta":"","header-main-stick-meta":"","header-below-stick-meta":"","astra-migrate-meta-layouts":"set","ast-page-background-enabled":"default","ast-page-background-meta":{"desktop":{"background-color":"var(--ast-global-color-4)","background-image":"","background-repeat":"repeat","background-position":"center center","background-size":"auto","background-attachment":"scroll","background-type":"","background-media":"","overlay-type":"","overlay-color":"","overlay-opacity":"","overlay-gradient":""},"tablet":{"background-color":"","background-image":"","background-repeat":"repeat","background-position":"center center","background-size":"auto","background-attachment":"scroll","background-type":"","background-media":"","overlay-type":"","overlay-color":"","overlay-opacity":"","overlay-gradient":""},"mobile":{"background-color":"","background-image":"","background-repeat":"repeat","background-position":"center center","background-size":"auto","background-attachment":"scroll","background-type":"","background-media":"","overlay-type":"","overlay-color":"","overlay-opacity":"","overlay-gradient":""}},"ast-content-background-meta":{"desktop":{"background-color":"var(--ast-global-color-5)","background-image":"","background-repeat":"repeat","background-position":"center center","background-size":"auto","background-attachment":"scroll","background-type":"","background-media":"","overlay-type":"","overlay-color":"","overlay-opacity":"","overlay-gradient":""},"tablet":{"background-color":"var(--ast-global-color-5)","background-image":"","background-repeat":"repeat","background-position":"center center","background-size":"auto","background-attachment":"scroll","background-type":"","background-media":"","overlay-type":"","overlay-color":"","overlay-opacity":"","overlay-gradient":""},"mobile":{"background-color":"var(--ast-global-color-5)","background-image":"","background-repeat":"repeat","background-position":"center center","background-size":"auto","background-attachment":"scroll","background-type":"","background-media":"","overlay-type":"","overlay-color":"","overlay-opacity":"","overlay-gradient":""}},"footnotes":""},"class_list":["post-1076","page","type-page","status-publish","hentry"],"post_mailing_queue_ids":[],"_links":{"self":[{"href":"https:\/\/agora.xtec.cat\/ceip-montserrat-cornella\/wp-json\/wp\/v2\/pages\/1076","targetHints":{"allow":["GET"]}}],"collection":[{"href":"https:\/\/agora.xtec.cat\/ceip-montserrat-cornella\/wp-json\/wp\/v2\/pages"}],"about":[{"href":"https:\/\/agora.xtec.cat\/ceip-montserrat-cornella\/wp-json\/wp\/v2\/types\/page"}],"author":[{"embeddable":true,"href":"https:\/\/agora.xtec.cat\/ceip-montserrat-cornella\/wp-json\/wp\/v2\/users\/4"}],"replies":[{"embeddable":true,"href":"https:\/\/agora.xtec.cat\/ceip-montserrat-cornella\/wp-json\/wp\/v2\/comments?post=1076"}],"version-history":[{"count":6,"href":"https:\/\/agora.xtec.cat\/ceip-montserrat-cornella\/wp-json\/wp\/v2\/pages\/1076\/revisions"}],"predecessor-version":[{"id":13755,"href":"https:\/\/agora.xtec.cat\/ceip-montserrat-cornella\/wp-json\/wp\/v2\/pages\/1076\/revisions\/13755"}],"up":[{"embeddable":true,"href":"https:\/\/agora.xtec.cat\/ceip-montserrat-cornella\/wp-json\/wp\/v2\/pages\/1066"}],"wp:attachment":[{"href":"https:\/\/agora.xtec.cat\/ceip-montserrat-cornella\/wp-json\/wp\/v2\/media?parent=1076"}],"curies":[{"name":"wp","href":"https:\/\/api.w.org\/{rel}","templated":true}]}}