{"id":1063,"date":"2016-10-24T13:35:28","date_gmt":"2016-10-24T11:35:28","guid":{"rendered":"http:\/\/agora.xtec.cat\/ceip-montserrat-cornella\/?page_id=1063"},"modified":"2025-09-09T15:23:44","modified_gmt":"2025-09-09T13:23:44","slug":"equip-docent","status":"publish","type":"page","link":"https:\/\/agora.xtec.cat\/ceip-montserrat-cornella\/lescola\/equip-docent\/","title":{"rendered":"EQUIP DOCENT"},"content":{"rendered":"<p><span style=\"color: #ff6600;\"><strong>Equip directiu<\/strong><\/span><\/p>\n<ul>\n<li><strong>Directora:<\/strong> Marta Ruiz Mart\u00ednez<\/li>\n<li><strong>Cap d\u2019estudis:<\/strong> Andrea Corvo Garc\u00eda<\/li>\n<li><strong>Secretari:<\/strong> Jordi Gonz\u00e1lez Oliva<\/li>\n<\/ul>\n<p><span style=\"color: #ff6600;\"><strong>Horari d\u2019atenci\u00f3 al p\u00fablic\u00a0 de secretaria:<\/strong><\/span><\/p>\n<ul>\n<li><strong>Dilluns a divendres: <\/strong>9h a 13h i de 15h a 16h (preferiblement amb cita pr\u00e8via)<\/li>\n<\/ul>\n<p><span style=\"color: #ff6600;\"><strong>Educaci\u00f3 Infantil<\/strong><\/span><\/p>\n<ul>\n<li><strong>Tutora I3: <\/strong><span style=\"font-family: inherit; font-size: 1em;\">Ma Carmen Plaza \u00c1lvarez<\/span><\/li>\n<li><strong>Tutora I4:<\/strong> Pilar Navarro de Nicol\u00e1s<\/li>\n<li><strong>Tutora I5: <\/strong>Elisabet Castro Mu\u00f1oz<\/li>\n<li><strong>TEEI <\/strong>(T\u00e8cnica d&#8217;Educaci\u00f3 Infantil): Alba L\u00f3pez Triguero<\/li>\n<li><strong>Mestra de suport: <\/strong><span style=\"font-family: inherit; font-size: 1em;\">\u00c0frica Fern\u00e1ndez Ruiz \/Roc\u00edo Gonz\u00e1lez Garc\u00eda<\/span><\/li>\n<\/ul>\n<p><span style=\"color: #ff6600;\">Altres mestres que intervenen a Educaci\u00f3 Infantil<\/span><\/p>\n<p><span style=\"font-family: inherit; font-size: 1em;\">Cristina Atar\u00e9s Folgueras, Miguel \u00c1ngel Cintero Leal, Andrea Corvo Garc\u00eda, Jordi Gonz\u00e1lez Oliva i\u00a0 Marta Ruiz Mart\u00ednez<\/span><\/p>\n<p><span style=\"color: #ff6600;\">Cicle Inicial\u00a0<\/span><\/p>\n<ul>\n<li><strong>Tutora 1r:<\/strong> Andreu Girons Espa\u00f1ol<\/li>\n<li><strong>Tutor 2n:<\/strong> Guillem Pujol Salas \/ Sara Navarro Manzano<\/li>\n<\/ul>\n<p><span style=\"color: #ff6600;\">Cicle Mitj\u00e0<\/span><\/p>\n<ul>\n<li><strong>Tutora 3r:<\/strong> Estefan\u00eda Corchero Gordo<\/li>\n<li><strong>Tutor 4t: <\/strong>Ariadna Garc\u00eda Pijoan<\/li>\n<\/ul>\n<p><span style=\"color: #ff6600;\">Cicle Superior <\/span><\/p>\n<ul>\n<li><strong>Tutor 5\u00e8: <\/strong><span style=\"font-family: inherit; font-size: 1em;\">Xavier Busquier Garc\u00eda<\/span><\/li>\n<li><strong>Tutor 6\u00e8: <\/strong>Alejandro Mesa Arranz<\/li>\n<\/ul>\n<p><span style=\"color: #ff6600;\">Altres mestres que intervenen a Educaci\u00f3 Prim\u00e0ria<\/span><\/p>\n<p><span style=\"font-family: inherit; font-size: 1em;\">Cristina Atar\u00e9s Folgueras, Miguel \u00c1ngel Cintero Leal, <\/span><span style=\"font-family: inherit; font-size: 1em;\">Marina Rodr\u00edguez Bleda, Daniel Caballo M\u00e1rquez, Marina Verd\u00fa Orengo, Andrea Corvo Garc\u00eda, Jordi Gonz\u00e1lez Oliva i Marta Ruiz Mart\u00ednez<\/span><\/p>\n<p><span style=\"color: #ff6600;\"><strong>Altres serveis<\/strong><\/span><\/p>\n<ul>\n<li><strong>Administrativa:<\/strong> Roc\u00edo Garc\u00eda Garc\u00eda<\/li>\n<li><strong>TIS<\/strong>\u00a0(T\u00e8cnica Integraci\u00f3 Social)<strong>:<\/strong> &#8211;<\/li>\n<li><strong>Educadora d&#8217;educaci\u00f3 especial:<\/strong> Carla Rodr\u00edguez L\u00f3pez<\/li>\n<li><strong>Vetlladora:<\/strong> M\u00aa \u00c1ngeles Corral Hoyo<\/li>\n<li><strong>Fisioterapeuta:<\/strong> Anna Pi\u00f1ol Torn\u00e9<\/li>\n<li><strong>Psicopedagoga:<\/strong> N\u00faria Piqu\u00e9. L\u2019escola disposa d\u2019un servei de psicopedagogia que est\u00e0 a disposici\u00f3 de l&#8217;alumnat. La psicopedagoga est\u00e0 a l\u2019escola els dilluns al mat\u00ed.<\/li>\n<li><strong>Conserge:\u00a0<\/strong>Paco Aguallo Garrido<\/li>\n<\/ul>\n<p>&nbsp;<\/p>\n<ul>\n<li><strong>Treballadora Social: <\/strong>Edith S\u00e1nchez. Els Serveis d&#8217;Assist\u00e8ncia Social del Departament d\u2019Educaci\u00f3 actuen a trav\u00e9s de l\u2019escola en les comissions socials.<\/li>\n<li><strong>Assistenta social: <\/strong>Helga Antonio Mart\u00edn.\u00a0Els Serveis d\u2019Assist\u00e8ncia Social de l\u2019Ajuntament actuen a trav\u00e9s de l\u2019escola en les comissions socials i qualsevol pare o mare que necessiti aquest servei pot demanar-lo a trav\u00e9s del tutor\/a o la direcci\u00f3 de l\u2019escola.<\/li>\n<li><strong>CREDA: <\/strong>Oriol Tico Artalejo. L&#8217;alumnat del centre amb problemes auditius o de llenguatge, podrien comptar amb el suport d\u2019assessorament dels especialistes del CREDA.<\/li>\n<\/ul>\n","protected":false},"excerpt":{"rendered":"<p>Equip directiu Directora: Marta Ruiz Mart\u00ednez Cap d\u2019estudis: Andrea Corvo Garc\u00eda Secretari: Jordi Gonz\u00e1lez Oliva Horari d\u2019atenci\u00f3 al p\u00fablic\u00a0 de secretaria: Dilluns a divendres: 9h a 13h i de 15h a 16h (preferiblement amb cita pr\u00e8via) Educaci\u00f3 Infantil Tutora I3: Ma Carmen Plaza \u00c1lvarez Tutora I4: Pilar Navarro de Nicol\u00e1s Tutora I5: Elisabet Castro Mu\u00f1oz [&hellip;]<\/p>\n","protected":false},"author":4,"featured_media":0,"parent":1066,"menu_order":20,"comment_status":"closed","ping_status":"closed","template":"","meta":{"_bbp_topic_count":0,"_bbp_reply_count":0,"_bbp_total_topic_count":0,"_bbp_total_reply_count":0,"_bbp_voice_count":0,"_bbp_anonymous_reply_count":0,"_bbp_topic_count_hidden":0,"_bbp_reply_count_hidden":0,"_bbp_forum_subforum_count":0,"site-sidebar-layout":"default","site-content-layout":"","ast-site-content-layout":"default","site-content-style":"default","site-sidebar-style":"default","ast-global-header-display":"","ast-banner-title-visibility":"","ast-main-header-display":"","ast-hfb-above-header-display":"","ast-hfb-below-header-display":"","ast-hfb-mobile-header-display":"","site-post-title":"","ast-breadcrumbs-content":"","ast-featured-img":"","footer-sml-layout":"","theme-transparent-header-meta":"default","adv-header-id-meta":"","stick-header-meta":"","header-above-stick-meta":"","header-main-stick-meta":"","header-below-stick-meta":"","astra-migrate-meta-layouts":"set","ast-page-background-enabled":"default","ast-page-background-meta":{"desktop":{"background-color":"var(--ast-global-color-4)","background-image":"","background-repeat":"repeat","background-position":"center center","background-size":"auto","background-attachment":"scroll","background-type":"","background-media":"","overlay-type":"","overlay-color":"","overlay-opacity":"","overlay-gradient":""},"tablet":{"background-color":"","background-image":"","background-repeat":"repeat","background-position":"center center","background-size":"auto","background-attachment":"scroll","background-type":"","background-media":"","overlay-type":"","overlay-color":"","overlay-opacity":"","overlay-gradient":""},"mobile":{"background-color":"","background-image":"","background-repeat":"repeat","background-position":"center center","background-size":"auto","background-attachment":"scroll","background-type":"","background-media":"","overlay-type":"","overlay-color":"","overlay-opacity":"","overlay-gradient":""}},"ast-content-background-meta":{"desktop":{"background-color":"var(--ast-global-color-5)","background-image":"","background-repeat":"repeat","background-position":"center center","background-size":"auto","background-attachment":"scroll","background-type":"","background-media":"","overlay-type":"","overlay-color":"","overlay-opacity":"","overlay-gradient":""},"tablet":{"background-color":"var(--ast-global-color-5)","background-image":"","background-repeat":"repeat","background-position":"center center","background-size":"auto","background-attachment":"scroll","background-type":"","background-media":"","overlay-type":"","overlay-color":"","overlay-opacity":"","overlay-gradient":""},"mobile":{"background-color":"var(--ast-global-color-5)","background-image":"","background-repeat":"repeat","background-position":"center center","background-size":"auto","background-attachment":"scroll","background-type":"","background-media":"","overlay-type":"","overlay-color":"","overlay-opacity":"","overlay-gradient":""}},"footnotes":""},"class_list":["post-1063","page","type-page","status-publish","hentry"],"post_mailing_queue_ids":[],"_links":{"self":[{"href":"https:\/\/agora.xtec.cat\/ceip-montserrat-cornella\/wp-json\/wp\/v2\/pages\/1063","targetHints":{"allow":["GET"]}}],"collection":[{"href":"https:\/\/agora.xtec.cat\/ceip-montserrat-cornella\/wp-json\/wp\/v2\/pages"}],"about":[{"href":"https:\/\/agora.xtec.cat\/ceip-montserrat-cornella\/wp-json\/wp\/v2\/types\/page"}],"author":[{"embeddable":true,"href":"https:\/\/agora.xtec.cat\/ceip-montserrat-cornella\/wp-json\/wp\/v2\/users\/4"}],"replies":[{"embeddable":true,"href":"https:\/\/agora.xtec.cat\/ceip-montserrat-cornella\/wp-json\/wp\/v2\/comments?post=1063"}],"version-history":[{"count":7,"href":"https:\/\/agora.xtec.cat\/ceip-montserrat-cornella\/wp-json\/wp\/v2\/pages\/1063\/revisions"}],"predecessor-version":[{"id":13750,"href":"https:\/\/agora.xtec.cat\/ceip-montserrat-cornella\/wp-json\/wp\/v2\/pages\/1063\/revisions\/13750"}],"up":[{"embeddable":true,"href":"https:\/\/agora.xtec.cat\/ceip-montserrat-cornella\/wp-json\/wp\/v2\/pages\/1066"}],"wp:attachment":[{"href":"https:\/\/agora.xtec.cat\/ceip-montserrat-cornella\/wp-json\/wp\/v2\/media?parent=1063"}],"curies":[{"name":"wp","href":"https:\/\/api.w.org\/{rel}","templated":true}]}}