{"id":1039,"date":"2016-10-24T13:16:43","date_gmt":"2016-10-24T11:16:43","guid":{"rendered":"http:\/\/agora.xtec.cat\/ceip-montserrat-cornella\/?page_id=1039"},"modified":"2018-02-05T10:23:22","modified_gmt":"2018-02-05T09:23:22","slug":"missio-de-lescola","status":"publish","type":"page","link":"https:\/\/agora.xtec.cat\/ceip-montserrat-cornella\/lescola\/missio-de-lescola\/","title":{"rendered":"MISSI\u00d3 DE L&#8217;ESCOLA"},"content":{"rendered":"<ul>\n<li>L\u2019escola Montserrat est\u00e0 ubicada al barri de Sant Ildefons de Cornell\u00e0 de Llobregat.<\/li>\n<\/ul>\n<ul>\n<li>El centre forma els seus alumnes per tal que adquireixin unes capacitats, unes compet\u00e8ncies, unes habilitats i uns valors perqu\u00e8 esdevinguin ciutadans tolerants, solidaris, lliures i participatius.<\/li>\n<\/ul>\n<ul>\n<li>El centre tracta d\u2019oferir a les fam\u00edlies:<br \/>\nRecursos econ\u00f2mics, quan siguin necessaris (per tal de fer efectiu el principi d\u2019igualtat d\u2019oportunitats).<\/li>\n<\/ul>\n<ul>\n<li>Assessora i demana la seva col\u00b7laboraci\u00f3 en el proc\u00e9s de formaci\u00f3 dels alumnes.<br \/>\nDinamitza plans socioeducatius comptant amb la seva col\u00b7laboraci\u00f3.<\/li>\n<\/ul>\n<ul>\n<li>L\u2019equip directiu del centre t\u00e9 com a missi\u00f3 generar un entorn de treball, en el qual els mestres estiguin motivats, millorin la seva formaci\u00f3 professional, participin i s\u2019impliquin en el funcionament del centre (el comprom\u00eds).<\/li>\n<\/ul>\n<ul>\n<li>El centre assumeix els objectius prioritaris del Departament d\u2019Ensenyament:<br \/>\nL\u2019increment dels resultats educatius.<br \/>\nLa millora de la cohesi\u00f3 social.<\/li>\n<\/ul>\n","protected":false},"excerpt":{"rendered":"<p>L\u2019escola Montserrat est\u00e0 ubicada al barri de Sant Ildefons de Cornell\u00e0 de Llobregat. El centre forma els seus alumnes per tal que adquireixin unes capacitats, unes compet\u00e8ncies, unes habilitats i uns valors perqu\u00e8 esdevinguin ciutadans tolerants, solidaris, lliures i participatius. El centre tracta d\u2019oferir a les fam\u00edlies: Recursos econ\u00f2mics, quan siguin necessaris (per tal de [&hellip;]<\/p>\n","protected":false},"author":4,"featured_media":0,"parent":1066,"menu_order":30,"comment_status":"closed","ping_status":"closed","template":"page-templates\/side-menu.php","meta":{"_bbp_topic_count":0,"_bbp_reply_count":0,"_bbp_total_topic_count":0,"_bbp_total_reply_count":0,"_bbp_voice_count":0,"_bbp_anonymous_reply_count":0,"_bbp_topic_count_hidden":0,"_bbp_reply_count_hidden":0,"_bbp_forum_subforum_count":0,"site-sidebar-layout":"default","site-content-layout":"","ast-site-content-layout":"","site-content-style":"default","site-sidebar-style":"default","ast-global-header-display":"","ast-banner-title-visibility":"","ast-main-header-display":"","ast-hfb-above-header-display":"","ast-hfb-below-header-display":"","ast-hfb-mobile-header-display":"","site-post-title":"","ast-breadcrumbs-content":"","ast-featured-img":"","footer-sml-layout":"","theme-transparent-header-meta":"","adv-header-id-meta":"","stick-header-meta":"","header-above-stick-meta":"","header-main-stick-meta":"","header-below-stick-meta":"","astra-migrate-meta-layouts":"default","ast-page-background-enabled":"default","ast-page-background-meta":{"desktop":{"background-color":"var(--ast-global-color-4)","background-image":"","background-repeat":"repeat","background-position":"center center","background-size":"auto","background-attachment":"scroll","background-type":"","background-media":"","overlay-type":"","overlay-color":"","overlay-opacity":"","overlay-gradient":""},"tablet":{"background-color":"","background-image":"","background-repeat":"repeat","background-position":"center center","background-size":"auto","background-attachment":"scroll","background-type":"","background-media":"","overlay-type":"","overlay-color":"","overlay-opacity":"","overlay-gradient":""},"mobile":{"background-color":"","background-image":"","background-repeat":"repeat","background-position":"center center","background-size":"auto","background-attachment":"scroll","background-type":"","background-media":"","overlay-type":"","overlay-color":"","overlay-opacity":"","overlay-gradient":""}},"ast-content-background-meta":{"desktop":{"background-color":"var(--ast-global-color-5)","background-image":"","background-repeat":"repeat","background-position":"center center","background-size":"auto","background-attachment":"scroll","background-type":"","background-media":"","overlay-type":"","overlay-color":"","overlay-opacity":"","overlay-gradient":""},"tablet":{"background-color":"var(--ast-global-color-5)","background-image":"","background-repeat":"repeat","background-position":"center center","background-size":"auto","background-attachment":"scroll","background-type":"","background-media":"","overlay-type":"","overlay-color":"","overlay-opacity":"","overlay-gradient":""},"mobile":{"background-color":"var(--ast-global-color-5)","background-image":"","background-repeat":"repeat","background-position":"center center","background-size":"auto","background-attachment":"scroll","background-type":"","background-media":"","overlay-type":"","overlay-color":"","overlay-opacity":"","overlay-gradient":""}},"footnotes":""},"class_list":["post-1039","page","type-page","status-publish","hentry"],"post_mailing_queue_ids":[],"_links":{"self":[{"href":"https:\/\/agora.xtec.cat\/ceip-montserrat-cornella\/wp-json\/wp\/v2\/pages\/1039","targetHints":{"allow":["GET"]}}],"collection":[{"href":"https:\/\/agora.xtec.cat\/ceip-montserrat-cornella\/wp-json\/wp\/v2\/pages"}],"about":[{"href":"https:\/\/agora.xtec.cat\/ceip-montserrat-cornella\/wp-json\/wp\/v2\/types\/page"}],"author":[{"embeddable":true,"href":"https:\/\/agora.xtec.cat\/ceip-montserrat-cornella\/wp-json\/wp\/v2\/users\/4"}],"replies":[{"embeddable":true,"href":"https:\/\/agora.xtec.cat\/ceip-montserrat-cornella\/wp-json\/wp\/v2\/comments?post=1039"}],"version-history":[{"count":4,"href":"https:\/\/agora.xtec.cat\/ceip-montserrat-cornella\/wp-json\/wp\/v2\/pages\/1039\/revisions"}],"predecessor-version":[{"id":9549,"href":"https:\/\/agora.xtec.cat\/ceip-montserrat-cornella\/wp-json\/wp\/v2\/pages\/1039\/revisions\/9549"}],"up":[{"embeddable":true,"href":"https:\/\/agora.xtec.cat\/ceip-montserrat-cornella\/wp-json\/wp\/v2\/pages\/1066"}],"wp:attachment":[{"href":"https:\/\/agora.xtec.cat\/ceip-montserrat-cornella\/wp-json\/wp\/v2\/media?parent=1039"}],"curies":[{"name":"wp","href":"https:\/\/api.w.org\/{rel}","templated":true}]}}