{"id":10212,"date":"2018-09-28T17:42:09","date_gmt":"2018-09-28T15:42:09","guid":{"rendered":"http:\/\/agora.xtec.cat\/ceip-montserrat-cornella\/?page_id=10212"},"modified":"2018-09-28T19:32:44","modified_gmt":"2018-09-28T17:32:44","slug":"webquest-proces","status":"publish","type":"page","link":"https:\/\/agora.xtec.cat\/ceip-montserrat-cornella\/projectes\/biblioteca-ricardo-alcantara\/webquest-proces\/","title":{"rendered":"Webquest: proc\u00e9s"},"content":{"rendered":"<p><strong>Proc\u00e9s<\/strong><\/p>\n<p>Per desenvolupar la tasca haureu de fer grups de 4 persones i repartir-vos la feina de manera que cadasc\u00fa tingui molt clar quina \u00e9s la seva tasca dintre del grup. Per fer aix\u00f2 us ajudar\u00e0 la mestra. Abans de comen\u00e7ar la cerca d&#8217;informaci\u00f3 podeu parlar una mica de les coses que sabeu de l&#8217;Amazones i de les us agradaria saber i apuntar-les per poder despr\u00e9s comparar les dades.<\/p>\n<p><a href=\"http:\/\/agora.xtec.cat\/ceip-montserrat-cornella\/wp-content\/uploads\/usu663\/2008\/05\/chaman.jpg\"><img loading=\"lazy\" decoding=\"async\" class=\"size-full wp-image-10178 aligncenter\" src=\"http:\/\/agora.xtec.cat\/ceip-montserrat-cornella\/wp-content\/uploads\/usu663\/2008\/05\/chaman.jpg\" alt=\"\" width=\"400\" height=\"600\" srcset=\"https:\/\/agora.xtec.cat\/ceip-montserrat-cornella\/wp-content\/uploads\/usu663\/2008\/05\/chaman.jpg 400w, https:\/\/agora.xtec.cat\/ceip-montserrat-cornella\/wp-content\/uploads\/usu663\/2008\/05\/chaman-200x300.jpg 200w\" sizes=\"auto, (max-width: 400px) 100vw, 400px\" \/><\/a><\/p>\n<p>El riu Amazones<\/p>\n<ol>\n<li><a class=\"link\" href=\"http:\/\/ca.wikipedia.org\/wiki\/Riu_Amazones\" target=\"_blank\" rel=\"noopener\">http:\/\/ca.wikipedia.org\/wiki\/Riu_Amazones<\/a><\/li>\n<li><a class=\"link\" href=\"http:\/\/www.gruponuevomundo.com.pe\/funcionalidades\/esp\/informacion\/El_Rio_Amazonas%20.htm\" target=\"_blank\" rel=\"noopener\">http:\/\/www.gruponuevomundo.com.pe\/funcionalidades\/esp\/informacion\/El_Rio_Amazonas%20.htm<\/a><\/li>\n<li><a class=\"link\" href=\"http:\/\/www.unique-southamerica-travel-experience.com\/rio-amazonas.html\" target=\"_blank\" rel=\"noopener\">http:\/\/www.unique-southamerica-travel-experience.com\/rio-amazonas.html<\/a><\/li>\n<li><a class=\"link\" href=\"http:\/\/es.wikipedia.org\/wiki\/Amazonas_(r%C3%ADo)#Grupos_abor.C3.ADgenes\" target=\"_blank\" rel=\"noopener\">http:\/\/es.wikipedia.org\/wiki\/Amazonas_(r%C3%ADo)#Grupos_abor.C3.ADgenes<\/a><\/li>\n<li><a class=\"link\" href=\"http:\/\/agora.xtec.cat\/ceip-montserrat-cornella\/wp-content\/uploads\/usu663\/2018\/09\/delfin.pdf\" target=\"_blank\" rel=\"noopener\">Delfin rosado<\/a><\/li>\n<\/ol>\n<div><object width=\"480\" height=\"295\"><param name=\"movie\" value=\"http:\/\/www.youtube.com\/v\/0q_zr2FESVU&amp;hl=es&amp;fs=1\" \/><param name=\"allowFullScreen\" value=\"true\" \/><param name=\"allowscriptaccess\" value=\"always\" \/><embed src=\"http:\/\/www.youtube.com\/v\/0q_zr2FESVU&amp;hl=es&amp;fs=1\" type=\"application\/x-shockwave-flash\" allowscriptaccess=\"always\" allowfullscreen=\"allowfullscreen\" width=\"480\" height=\"295\" \/><\/object><\/div>\n<p>&nbsp;<\/p>\n<ul>\n<li>La selva amaz\u00f2nica\n<ol>\n<li><a class=\"link\" href=\"http:\/\/www.un.org\/spanish\/cyberschoolbus\/indigenous\/locate_focus.asp.html\" target=\"_blank\" rel=\"noopener\">http:\/\/www.un.org\/spanish\/cyberschoolbus\/indigenous\/locate_focus.asp.html<\/a><\/li>\n<li><a class=\"link\" href=\"http:\/\/www.taringa.net\/posts\/info\/913904\/La-selva-amazonica--megapost-.html\" target=\"_blank\" rel=\"noopener\">http:\/\/www.taringa.net\/posts\/info\/913904\/La-selva-amazonica&#8211;megapost-.html<\/a><\/li>\n<li><a class=\"link\" href=\"http:\/\/es.wikipedia.org\/wiki\/Amazonia\" target=\"_blank\" rel=\"noopener\">http:\/\/es.wikipedia.org\/wiki\/Amazonia<\/a><\/li>\n<li><a class=\"link\" href=\"http:\/\/www.gruponuevomundo.com.pe\/funcionalidades\/esp\/informacion\/La_Selva_Amazonica%20.htm\" target=\"_blank\" rel=\"noopener\">http:\/\/www.gruponuevomundo.com.pe\/funcionalidades\/esp\/informacion\/La_Selva_Amazonica%20.htm<\/a><\/li>\n<li><a class=\"link\" href=\"http:\/\/www.ewakulak.com\/colombia\/leyendas\/delfin_rosado_de_amazonas.html\" target=\"_blank\" rel=\"noopener\">http:\/\/www.ewakulak.com\/colombia\/leyendas\/delfin_rosado_de_amazonas.html<\/a><\/li>\n<li><a class=\"link\" href=\"http:\/\/www.unique-southamerica-travel-experience.com\/delfin-rosado-amazonico.html\" target=\"_blank\" rel=\"noopener\">http:\/\/www.unique-southamerica-travel-experience.com\/delfin-rosado-amazonico.html<\/a><\/li>\n<\/ol>\n<\/li>\n<\/ul>\n<p><object width=\"425\" height=\"344\"><param name=\"movie\" value=\"http:\/\/www.youtube.com\/v\/25j5VE0Y_N4&amp;hl=es&amp;fs=1\" \/><param name=\"allowFullScreen\" value=\"true\" \/><param name=\"allowscriptaccess\" value=\"always\" \/><embed src=\"http:\/\/www.youtube.com\/v\/25j5VE0Y_N4&amp;hl=es&amp;fs=1\" type=\"application\/x-shockwave-flash\" allowscriptaccess=\"always\" allowfullscreen=\"allowfullscreen\" width=\"425\" height=\"344\" \/><\/object><br \/>\n<object width=\"425\" height=\"344\"><param name=\"movie\" value=\"http:\/\/www.youtube.com\/v\/NUYzLHGE6U0&amp;hl=es&amp;fs=1\" \/><param name=\"allowFullScreen\" value=\"true\" \/><param name=\"allowscriptaccess\" value=\"always\" \/><embed src=\"http:\/\/www.youtube.com\/v\/NUYzLHGE6U0&amp;hl=es&amp;fs=1\" type=\"application\/x-shockwave-flash\" allowscriptaccess=\"always\" allowfullscreen=\"allowfullscreen\" width=\"425\" height=\"344\" \/><\/object><br \/>\n<object width=\"425\" height=\"344\"><param name=\"movie\" value=\"http:\/\/www.youtube.com\/v\/Uqh324qJTSQ&amp;hl=es&amp;fs=1\" \/><param name=\"allowFullScreen\" value=\"true\" \/><param name=\"allowscriptaccess\" value=\"always\" \/><embed src=\"http:\/\/www.youtube.com\/v\/Uqh324qJTSQ&amp;hl=es&amp;fs=1\" type=\"application\/x-shockwave-flash\" allowscriptaccess=\"always\" allowfullscreen=\"allowfullscreen\" width=\"425\" height=\"344\" \/><\/object><br \/>\n<object width=\"425\" height=\"344\"><param name=\"movie\" value=\"http:\/\/www.youtube.com\/v\/uBFloOsqq1c&amp;hl=es&amp;fs=1\" \/><param name=\"allowFullScreen\" value=\"true\" \/><param name=\"allowscriptaccess\" value=\"always\" \/><embed src=\"http:\/\/www.youtube.com\/v\/uBFloOsqq1c&amp;hl=es&amp;fs=1\" type=\"application\/x-shockwave-flash\" allowscriptaccess=\"always\" allowfullscreen=\"allowfullscreen\" width=\"425\" height=\"344\" \/><\/object><\/p>\n<ul>\n<li>Tribus amaz\u00f2niques\n<ol>\n<li><a class=\"link\" href=\"http:\/\/www.peruecologico.com.pe\/etnias_mapa.htm\" target=\"_blank\" rel=\"noopener\">http:\/\/www.peruecologico.com.pe\/etnias_mapa.htm<\/a><\/li>\n<li><a class=\"link\" href=\"http:\/\/perufotolibre.com\/2008\/05\/la-tribu-perdida-del-amazonas.html\" target=\"_blank\" rel=\"noopener\">http:\/\/perufotolibre.com\/2008\/05\/la-tribu-perdida-del-amazonas.html<\/a><\/li>\n<li><a class=\"link\" href=\"http:\/\/www.ulises-valiente.com\/wakan\/numero6\/Maneras6.htm\" target=\"_blank\" rel=\"noopener\">http:\/\/www.ulises-valiente.com\/wakan\/numero6\/Maneras6.htm<\/a><\/li>\n<li><a class=\"link\" href=\"http:\/\/doloresff.gcasado.net\/wp-content\/els-ianomamis.pdf\" target=\"_blank\" rel=\"noopener\">http:\/\/doloresff.gcasado.net\/wp-content\/els-ianomamis.pdf<\/a><\/li>\n<li><a class=\"link\" href=\"http:\/\/phobos.xtec.cat\/mmunoz11\/matses.pdf\" target=\"_blank\" rel=\"noopener\">http:\/\/phobos.xtec.cat\/mmunoz11\/matses.pdf<\/a><\/li>\n<li><a class=\"link\" href=\"http:\/\/phobos.xtec.cat\/mmunoz11\/matses2.pdf\" target=\"_blank\" rel=\"noopener\">http:\/\/phobos.xtec.cat\/mmunoz11\/matses2.pdf<\/a><\/li>\n<li><a class=\"link\" href=\"http:\/\/www.junglex.com\/es\/destinos\/amazonia\" target=\"_blank\" rel=\"noopener\">http:\/\/www.junglex.com\/es\/destinos\/amazonia<\/a><\/li>\n<li><a class=\"link\" href=\"http:\/\/www.adn.es\/impresa\/lavida\/20080616\/NWS-0213-Tribus-amenazadas.html\" target=\"_blank\" rel=\"noopener\">http:\/\/www.adn.es\/impresa\/lavida\/20080616\/NWS-0213-Tribus-amenazadas.html<\/a><\/li>\n<li><a class=\"link\" href=\"http:\/\/es.wikipedia.org\/wiki\/Yanomami\" target=\"_blank\" rel=\"noopener\">http:\/\/es.wikipedia.org\/wiki\/Yanomami<\/a><\/li>\n<li><a class=\"link\" href=\"http:\/\/es.wikipedia.org\/wiki\/Enawene_nawe\" target=\"_blank\" rel=\"noopener\">http:\/\/es.wikipedia.org\/wiki\/Enawene_nawe<\/a><\/li>\n<li><a class=\"link\" href=\"http:\/\/es.wikipedia.org\/wiki\/Zo%27%C3%A9\" target=\"_blank\" rel=\"noopener\">http:\/\/es.wikipedia.org\/wiki\/Zo%27%C3%A9<\/a><\/li>\n<li><a class=\"link\" href=\"http:\/\/www.as.com\/mas-deporte\/articulo\/deportes-olimpiada-selva-reunio-mil\/dasmas\/20071207dasdaimas_1\/Tes\" target=\"_blank\" rel=\"noopener\">http:\/\/www.as.com\/mas-deporte\/articulo\/deportes-olimpiada-selva-reunio-mil\/dasmas\/20071207dasdaimas_1\/Tes<\/a><\/li>\n<\/ol>\n<\/li>\n<\/ul>\n<p><object width=\"425\" height=\"344\"><param name=\"movie\" value=\"http:\/\/www.youtube.com\/v\/k5PFbrFt2nU&amp;hl=es&amp;fs=1\" \/><param name=\"allowFullScreen\" value=\"true\" \/><param name=\"allowscriptaccess\" value=\"always\" \/><embed src=\"http:\/\/www.youtube.com\/v\/k5PFbrFt2nU&amp;hl=es&amp;fs=1\" type=\"application\/x-shockwave-flash\" allowscriptaccess=\"always\" allowfullscreen=\"allowfullscreen\" width=\"425\" height=\"344\" \/><\/object><br \/>\n<object width=\"425\" height=\"344\"><param name=\"movie\" value=\"http:\/\/www.youtube.com\/v\/81LKTUapnPE&amp;hl=es&amp;fs=1\" \/><param name=\"allowFullScreen\" value=\"true\" \/><param name=\"allowscriptaccess\" value=\"always\" \/><embed src=\"http:\/\/www.youtube.com\/v\/81LKTUapnPE&amp;hl=es&amp;fs=1\" type=\"application\/x-shockwave-flash\" allowscriptaccess=\"always\" allowfullscreen=\"allowfullscreen\" width=\"425\" height=\"344\" \/><\/object><br \/>\n<object width=\"425\" height=\"344\"><param name=\"movie\" value=\"http:\/\/www.youtube.com\/v\/rNCWnyyx16A&amp;hl=es&amp;fs=1\" \/><param name=\"allowFullScreen\" value=\"true\" \/><param name=\"allowscriptaccess\" value=\"always\" \/><embed src=\"http:\/\/www.youtube.com\/v\/rNCWnyyx16A&amp;hl=es&amp;fs=1\" type=\"application\/x-shockwave-flash\" allowscriptaccess=\"always\" allowfullscreen=\"allowfullscreen\" width=\"425\" height=\"344\" \/><\/object><br \/>\n<object width=\"425\" height=\"344\"><param name=\"movie\" value=\"http:\/\/www.youtube.com\/v\/wraEWqevbhA&amp;hl=es&amp;fs=1\" \/><param name=\"allowFullScreen\" value=\"true\" \/><param name=\"allowscriptaccess\" value=\"always\" \/><embed src=\"http:\/\/www.youtube.com\/v\/wraEWqevbhA&amp;hl=es&amp;fs=1\" type=\"application\/x-shockwave-flash\" allowscriptaccess=\"always\" allowfullscreen=\"allowfullscreen\" width=\"425\" height=\"344\" \/><\/object><br \/>\n<object width=\"425\" height=\"344\"><param name=\"movie\" value=\"http:\/\/www.youtube.com\/v\/OiFBRGV7ct0&amp;hl=es&amp;fs=1\" \/><param name=\"allowFullScreen\" value=\"true\" \/><param name=\"allowscriptaccess\" value=\"always\" \/><embed src=\"http:\/\/www.youtube.com\/v\/OiFBRGV7ct0&amp;hl=es&amp;fs=1\" type=\"application\/x-shockwave-flash\" allowscriptaccess=\"always\" allowfullscreen=\"allowfullscreen\" width=\"425\" height=\"344\" \/><\/object><br \/>\n<object width=\"425\" height=\"344\"><param name=\"movie\" value=\"http:\/\/www.youtube.com\/v\/ToLAoWY-dy0&amp;hl=es&amp;fs=1\" \/><param name=\"allowFullScreen\" value=\"true\" \/><param name=\"allowscriptaccess\" value=\"always\" \/><embed src=\"http:\/\/www.youtube.com\/v\/ToLAoWY-dy0&amp;hl=es&amp;fs=1\" type=\"application\/x-shockwave-flash\" allowscriptaccess=\"always\" allowfullscreen=\"allowfullscreen\" width=\"425\" height=\"344\" \/><\/object><br \/>\n<object width=\"425\" height=\"344\"><param name=\"movie\" value=\"http:\/\/www.youtube.com\/v\/f5p7SoY3AZM&amp;hl=es&amp;fs=1\" \/><param name=\"allowFullScreen\" value=\"true\" \/><param name=\"allowscriptaccess\" value=\"always\" \/><embed src=\"http:\/\/www.youtube.com\/v\/f5p7SoY3AZM&amp;hl=es&amp;fs=1\" type=\"application\/x-shockwave-flash\" allowscriptaccess=\"always\" allowfullscreen=\"allowfullscreen\" width=\"425\" height=\"344\" \/><\/object><br \/>\n<object width=\"425\" height=\"344\"><param name=\"movie\" value=\"http:\/\/www.youtube.com\/v\/Gecuj8liIz8&amp;hl=es&amp;fs=1\" \/><param name=\"allowFullScreen\" value=\"true\" \/><param name=\"allowscriptaccess\" value=\"always\" \/><embed src=\"http:\/\/www.youtube.com\/v\/Gecuj8liIz8&amp;hl=es&amp;fs=1\" type=\"application\/x-shockwave-flash\" allowscriptaccess=\"always\" allowfullscreen=\"allowfullscreen\" width=\"425\" height=\"344\" \/><\/object><br \/>\n<object width=\"425\" height=\"344\"><param name=\"movie\" value=\"http:\/\/www.youtube.com\/v\/A1aCJjjCZMg&amp;hl=es&amp;fs=1\" \/><param name=\"allowFullScreen\" value=\"true\" \/><param name=\"allowscriptaccess\" value=\"always\" \/><embed src=\"http:\/\/www.youtube.com\/v\/A1aCJjjCZMg&amp;hl=es&amp;fs=1\" type=\"application\/x-shockwave-flash\" allowscriptaccess=\"always\" allowfullscreen=\"allowfullscreen\" width=\"425\" height=\"344\" \/><\/object><br \/>\n<object width=\"425\" height=\"344\"><param name=\"movie\" value=\"http:\/\/www.youtube.com\/v\/8Yj7taLCqRk&amp;hl=es&amp;fs=1\" \/><param name=\"allowFullScreen\" value=\"true\" \/><param name=\"allowscriptaccess\" value=\"always\" \/><embed src=\"http:\/\/www.youtube.com\/v\/8Yj7taLCqRk&amp;hl=es&amp;fs=1\" type=\"application\/x-shockwave-flash\" allowscriptaccess=\"always\" allowfullscreen=\"allowfullscreen\" width=\"425\" height=\"344\" \/><\/object><br \/>\n<object width=\"425\" height=\"344\"><param name=\"movie\" value=\"http:\/\/www.youtube.com\/v\/9xSQOkcqtu0&amp;hl=es&amp;fs=1\" \/><param name=\"allowFullScreen\" value=\"true\" \/><param name=\"allowscriptaccess\" value=\"always\" \/><embed src=\"http:\/\/www.youtube.com\/v\/9xSQOkcqtu0&amp;hl=es&amp;fs=1\" type=\"application\/x-shockwave-flash\" allowscriptaccess=\"always\" allowfullscreen=\"allowfullscreen\" width=\"425\" height=\"344\" \/><\/object><br \/>\n<object width=\"425\" height=\"344\"><param name=\"movie\" value=\"http:\/\/www.youtube.com\/v\/9I_G0Rm6HLw&amp;hl=es&amp;fs=1\" \/><param name=\"allowFullScreen\" value=\"true\" \/><param name=\"allowscriptaccess\" value=\"always\" \/><embed src=\"http:\/\/www.youtube.com\/v\/9I_G0Rm6HLw&amp;hl=es&amp;fs=1\" type=\"application\/x-shockwave-flash\" allowscriptaccess=\"always\" allowfullscreen=\"allowfullscreen\" width=\"425\" height=\"344\" \/><\/object><\/p>\n<ul>\n<li>Problemes de la selva amaz\u00f2nica\n<ol>\n<li><a class=\"link\" href=\"http:\/\/www.chicos.net.ar\/chicosnet\/html\/corresponsales\/ecologia10.htm\" target=\"_blank\" rel=\"noopener\">http:\/\/www.chicos.net.ar\/chicosnet\/html\/corresponsales\/ecologia10.htm<\/a><\/li>\n<li><a class=\"link\" href=\"http:\/\/news.bbc.co.uk\/hi\/spanish\/science\/newsid_4561000\/4561197.stm\" target=\"_blank\" rel=\"noopener\">http:\/\/news.bbc.co.uk\/hi\/spanish\/science\/newsid_4561000\/4561197.stm<\/a><\/li>\n<li><a class=\"link\" href=\"http:\/\/news.bbc.co.uk\/hi\/spanish\/latin_america\/newsid_3609000\/3609935.stm\" target=\"_blank\" rel=\"noopener\">http:\/\/news.bbc.co.uk\/hi\/spanish\/latin_america\/newsid_3609000\/3609935.stm<\/a><\/li>\n<li><a class=\"link\" href=\"http:\/\/www.survival.es\/noticias\/2717\" target=\"_blank\" rel=\"noopener\">http:\/\/www.survival.es\/noticias\/2717<\/a><\/li>\n<li><a class=\"link\" href=\"http:\/\/ecoloquia.com\/index.php?option=com_content&amp;task=view&amp;id=262&amp;Itemid=148\" target=\"_blank\" rel=\"noopener\">http:\/\/ecoloquia.com\/index.php?option=com_content&amp;task=view&amp;id=262&amp;Itemid=148<\/a><\/li>\n<li><a class=\"link\" href=\"http:\/\/www.rel-uita.org\/agricultura\/ambiente\/heridas_del_amazonas.htm\" target=\"_blank\" rel=\"noopener\">http:\/\/www.rel-uita.org\/agricultura\/ambiente\/heridas_del_amazonas.htm<\/a><\/li>\n<\/ol>\n<\/li>\n<\/ul>\n<p>Videos de fauna<br \/>\n<object width=\"425\" height=\"344\"><param name=\"movie\" value=\"http:\/\/www.youtube.com\/v\/bn3FRKQxyMQ&amp;hl=es&amp;fs=1\" \/><param name=\"allowFullScreen\" value=\"true\" \/><param name=\"allowscriptaccess\" value=\"always\" \/><embed src=\"http:\/\/www.youtube.com\/v\/bn3FRKQxyMQ&amp;hl=es&amp;fs=1\" type=\"application\/x-shockwave-flash\" allowscriptaccess=\"always\" allowfullscreen=\"allowfullscreen\" width=\"425\" height=\"344\" \/><\/object><br \/>\n<object width=\"425\" height=\"344\"><param name=\"movie\" value=\"http:\/\/www.youtube.com\/v\/LDA46lYaGnA&amp;hl=es&amp;fs=1\" \/><param name=\"allowFullScreen\" value=\"true\" \/><param name=\"allowscriptaccess\" value=\"always\" \/><embed src=\"http:\/\/www.youtube.com\/v\/LDA46lYaGnA&amp;hl=es&amp;fs=1\" type=\"application\/x-shockwave-flash\" allowscriptaccess=\"always\" allowfullscreen=\"allowfullscreen\" width=\"425\" height=\"344\" \/><\/object><br \/>\n<object width=\"425\" height=\"344\"><param name=\"movie\" value=\"http:\/\/www.youtube.com\/v\/BhJpGo3Abf0&amp;hl=es&amp;fs=1\" \/><param name=\"allowFullScreen\" value=\"true\" \/><param name=\"allowscriptaccess\" value=\"always\" \/><embed src=\"http:\/\/www.youtube.com\/v\/BhJpGo3Abf0&amp;hl=es&amp;fs=1\" type=\"application\/x-shockwave-flash\" allowscriptaccess=\"always\" allowfullscreen=\"allowfullscreen\" width=\"425\" height=\"344\" \/><\/object><br \/>\n<object width=\"425\" height=\"344\"><param name=\"movie\" value=\"http:\/\/www.youtube.com\/v\/G9UbXa-aeIs&amp;hl=es&amp;fs=1\" \/><param name=\"allowFullScreen\" value=\"true\" \/><param name=\"allowscriptaccess\" value=\"always\" \/><embed src=\"http:\/\/www.youtube.com\/v\/G9UbXa-aeIs&amp;hl=es&amp;fs=1\" type=\"application\/x-shockwave-flash\" allowscriptaccess=\"always\" allowfullscreen=\"allowfullscreen\" width=\"425\" height=\"344\" \/><\/object><br \/>\n<object width=\"425\" height=\"344\"><param name=\"movie\" value=\"http:\/\/www.youtube.com\/v\/TGqksYxVHDw&amp;hl=es&amp;fs=1\" \/><param name=\"allowFullScreen\" value=\"true\" \/><param name=\"allowscriptaccess\" value=\"always\" \/><embed src=\"http:\/\/www.youtube.com\/v\/TGqksYxVHDw&amp;hl=es&amp;fs=1\" type=\"application\/x-shockwave-flash\" allowscriptaccess=\"always\" allowfullscreen=\"allowfullscreen\" width=\"425\" height=\"344\" \/><\/object><br \/>\n<object width=\"425\" height=\"344\"><param name=\"movie\" value=\"http:\/\/www.youtube.com\/v\/FOMGdaVevRs&amp;hl=es&amp;fs=1\" \/><param name=\"allowFullScreen\" value=\"true\" \/><param name=\"allowscriptaccess\" value=\"always\" \/><embed src=\"http:\/\/www.youtube.com\/v\/FOMGdaVevRs&amp;hl=es&amp;fs=1\" type=\"application\/x-shockwave-flash\" allowscriptaccess=\"always\" allowfullscreen=\"allowfullscreen\" width=\"425\" height=\"344\" \/><\/object><br \/>\n<object width=\"425\" height=\"344\"><param name=\"movie\" value=\"http:\/\/www.youtube.com\/v\/QRYwgNTVeu8&amp;hl=es&amp;fs=1\" \/><param name=\"allowFullScreen\" value=\"true\" \/><param name=\"allowscriptaccess\" value=\"always\" \/><embed src=\"http:\/\/www.youtube.com\/v\/QRYwgNTVeu8&amp;hl=es&amp;fs=1\" type=\"application\/x-shockwave-flash\" allowscriptaccess=\"always\" allowfullscreen=\"allowfullscreen\" width=\"425\" height=\"344\" \/><\/object><br \/>\n<object width=\"425\" height=\"344\"><param name=\"movie\" value=\"http:\/\/www.youtube.com\/v\/abezKfiAJM4&amp;hl=es&amp;fs=1\" \/><param name=\"allowFullScreen\" value=\"true\" \/><param name=\"allowscriptaccess\" value=\"always\" \/><embed src=\"http:\/\/www.youtube.com\/v\/abezKfiAJM4&amp;hl=es&amp;fs=1\" type=\"application\/x-shockwave-flash\" allowscriptaccess=\"always\" allowfullscreen=\"allowfullscreen\" width=\"425\" height=\"344\" \/><\/object><br \/>\n<object width=\"425\" height=\"344\"><param name=\"movie\" value=\"http:\/\/www.youtube.com\/v\/JBxzOg_R6_A&amp;hl=es&amp;fs=1\" \/><param name=\"allowFullScreen\" value=\"true\" \/><param name=\"allowscriptaccess\" value=\"always\" \/><embed src=\"http:\/\/www.youtube.com\/v\/JBxzOg_R6_A&amp;hl=es&amp;fs=1\" type=\"application\/x-shockwave-flash\" allowscriptaccess=\"always\" allowfullscreen=\"allowfullscreen\" width=\"425\" height=\"344\" \/><\/object><\/p>\n","protected":false},"excerpt":{"rendered":"<p>Proc\u00e9s Per desenvolupar la tasca haureu de fer grups de 4 persones i repartir-vos la feina de manera que cadasc\u00fa tingui molt clar quina \u00e9s la seva tasca dintre del grup. Per fer aix\u00f2 us ajudar\u00e0 la mestra. Abans de comen\u00e7ar la cerca d&#8217;informaci\u00f3 podeu parlar una mica de les coses que sabeu de l&#8217;Amazones [&hellip;]<\/p>\n","protected":false},"author":4,"featured_media":0,"parent":1098,"menu_order":0,"comment_status":"closed","ping_status":"closed","template":"","meta":{"_bbp_topic_count":0,"_bbp_reply_count":0,"_bbp_total_topic_count":0,"_bbp_total_reply_count":0,"_bbp_voice_count":0,"_bbp_anonymous_reply_count":0,"_bbp_topic_count_hidden":0,"_bbp_reply_count_hidden":0,"_bbp_forum_subforum_count":0,"site-sidebar-layout":"default","site-content-layout":"","ast-site-content-layout":"","site-content-style":"default","site-sidebar-style":"default","ast-global-header-display":"","ast-banner-title-visibility":"","ast-main-header-display":"","ast-hfb-above-header-display":"","ast-hfb-below-header-display":"","ast-hfb-mobile-header-display":"","site-post-title":"","ast-breadcrumbs-content":"","ast-featured-img":"","footer-sml-layout":"","theme-transparent-header-meta":"","adv-header-id-meta":"","stick-header-meta":"","header-above-stick-meta":"","header-main-stick-meta":"","header-below-stick-meta":"","astra-migrate-meta-layouts":"default","ast-page-background-enabled":"default","ast-page-background-meta":{"desktop":{"background-color":"var(--ast-global-color-4)","background-image":"","background-repeat":"repeat","background-position":"center center","background-size":"auto","background-attachment":"scroll","background-type":"","background-media":"","overlay-type":"","overlay-color":"","overlay-opacity":"","overlay-gradient":""},"tablet":{"background-color":"","background-image":"","background-repeat":"repeat","background-position":"center center","background-size":"auto","background-attachment":"scroll","background-type":"","background-media":"","overlay-type":"","overlay-color":"","overlay-opacity":"","overlay-gradient":""},"mobile":{"background-color":"","background-image":"","background-repeat":"repeat","background-position":"center center","background-size":"auto","background-attachment":"scroll","background-type":"","background-media":"","overlay-type":"","overlay-color":"","overlay-opacity":"","overlay-gradient":""}},"ast-content-background-meta":{"desktop":{"background-color":"var(--ast-global-color-5)","background-image":"","background-repeat":"repeat","background-position":"center center","background-size":"auto","background-attachment":"scroll","background-type":"","background-media":"","overlay-type":"","overlay-color":"","overlay-opacity":"","overlay-gradient":""},"tablet":{"background-color":"var(--ast-global-color-5)","background-image":"","background-repeat":"repeat","background-position":"center center","background-size":"auto","background-attachment":"scroll","background-type":"","background-media":"","overlay-type":"","overlay-color":"","overlay-opacity":"","overlay-gradient":""},"mobile":{"background-color":"var(--ast-global-color-5)","background-image":"","background-repeat":"repeat","background-position":"center center","background-size":"auto","background-attachment":"scroll","background-type":"","background-media":"","overlay-type":"","overlay-color":"","overlay-opacity":"","overlay-gradient":""}},"footnotes":""},"class_list":["post-10212","page","type-page","status-publish","hentry"],"post_mailing_queue_ids":[],"_links":{"self":[{"href":"https:\/\/agora.xtec.cat\/ceip-montserrat-cornella\/wp-json\/wp\/v2\/pages\/10212","targetHints":{"allow":["GET"]}}],"collection":[{"href":"https:\/\/agora.xtec.cat\/ceip-montserrat-cornella\/wp-json\/wp\/v2\/pages"}],"about":[{"href":"https:\/\/agora.xtec.cat\/ceip-montserrat-cornella\/wp-json\/wp\/v2\/types\/page"}],"author":[{"embeddable":true,"href":"https:\/\/agora.xtec.cat\/ceip-montserrat-cornella\/wp-json\/wp\/v2\/users\/4"}],"replies":[{"embeddable":true,"href":"https:\/\/agora.xtec.cat\/ceip-montserrat-cornella\/wp-json\/wp\/v2\/comments?post=10212"}],"version-history":[{"count":1,"href":"https:\/\/agora.xtec.cat\/ceip-montserrat-cornella\/wp-json\/wp\/v2\/pages\/10212\/revisions"}],"predecessor-version":[{"id":10214,"href":"https:\/\/agora.xtec.cat\/ceip-montserrat-cornella\/wp-json\/wp\/v2\/pages\/10212\/revisions\/10214"}],"up":[{"embeddable":true,"href":"https:\/\/agora.xtec.cat\/ceip-montserrat-cornella\/wp-json\/wp\/v2\/pages\/1098"}],"wp:attachment":[{"href":"https:\/\/agora.xtec.cat\/ceip-montserrat-cornella\/wp-json\/wp\/v2\/media?parent=10212"}],"curies":[{"name":"wp","href":"https:\/\/api.w.org\/{rel}","templated":true}]}}