{"id":879,"date":"2019-07-17T20:08:30","date_gmt":"2019-07-17T18:08:30","guid":{"rendered":"http:\/\/agora.xtec.cat\/ceip-montpalau-pineda\/?page_id=879"},"modified":"2020-09-26T12:49:43","modified_gmt":"2020-09-26T10:49:43","slug":"ampa","status":"publish","type":"page","link":"https:\/\/agora.xtec.cat\/ceip-montpalau-pineda\/ampa\/","title":{"rendered":"AMPA"},"content":{"rendered":"<p>L&#8217;<strong>AMPA de l&#8217;Escola Montpalau<\/strong> est\u00e0\u00a0 formada per totes les mares i els pares dels infants de la nostra escola i\u00a0 est\u00e0 gestionada per un grup de fam\u00edlies -la junta de l&#8217;Ampa- que de forma volunt\u00e0ria, amb empenta, il\u00b7lusi\u00f3 i moltes ganes de fer escola junts, col\u00b7laboren, programen i organitzen multitud d&#8217;activitats i serveis per facilitar el m\u00e9s possible el dia a dia de\u00a0 la nostra escola.<a href=\"https:\/\/agora.xtec.cat\/ceip-montpalau-pineda\/wp-content\/uploads\/usu1776\/2019\/07\/logo-nou-copia.jpg\"><img loading=\"lazy\" decoding=\"async\" class=\"wp-image-720 alignright\" src=\"https:\/\/agora.xtec.cat\/ceip-montpalau-pineda\/wp-content\/uploads\/usu1776\/2019\/07\/logo-nou-copia.jpg\" alt=\"\" width=\"430\" height=\"316\" \/><\/a><\/p>\n<p>D&#8217;entre les moltes activitats de qu\u00e8 es fa c\u00e0rrec l&#8217;AMPA de l&#8217;escola, destaquem:<\/p>\n<ul>\n<li>Venda directa de <strong>material escolar<\/strong> -a principi de curs-, <strong>equipament esportiu <\/strong>-xandall-<strong>, bates i bossetes<\/strong> al llarg de tot el curs.<\/li>\n<li>Organitzaci\u00f3 i gesti\u00f3 <strong>d\u2019activitats extraescolars<\/strong> per a tot l\u2019alumnat:\n<ul>\n<li>Patinatge.<\/li>\n<li>Angl\u00e8s per a totes les edats.<\/li>\n<li>Activitats esportives diverses.<\/li>\n<li>Dansa .<\/li>\n<li>Gimn\u00e0stica r\u00edtmica.<\/li>\n<\/ul>\n<\/li>\n<li>Organitzaci\u00f3 i celebraci\u00f3 <strong>d\u2019activitats familiars<\/strong>:\n<ul>\n<li>Halloween<\/li>\n<li>Carnaval<\/li>\n<li>Revetlla d\u2019estiu<\/li>\n<\/ul>\n<\/li>\n<li>Organitzaci\u00f3 i col\u00b7laboraci\u00f3 en la <strong>celebraci\u00f3 d\u2019activitats complement\u00e0ries dins el centre.<\/strong>\n<ul>\n<li>Obres de teatre (La Castanyera, la Llegenda de Sant Jordi&#8230;)<\/li>\n<\/ul>\n<\/li>\n<\/ul>\n<ul>\n<li><strong>Tallers a l\u2019aula<\/strong> (Tardor i castanyada; Nadal; Carnaval&#8230;).<\/li>\n<li>Col\u00b7laboraci\u00f3 en tasques de manteniment de material escolar (llibres de text, per exemple)<\/li>\n<\/ul>\n<h6>S\u00f3n molt importants tamb\u00e9 les <strong>donacions i col\u00b7laboracions <\/strong>que l\u2019AMPA pot fer a l\u2019escola gr\u00e0cies a les aportacions econ\u00f2miques de totes les fam\u00edlies associades, i de les quals en gaudeixen <em><u>tots els nens i nenes sense distinci\u00f3. <\/u><\/em>\u00a0Algunes de les aportacions han estat:<\/h6>\n<ul>\n<li><strong>Monitors interactius<\/strong> -pissarres digitals-<\/li>\n<li><strong>Parquet per a les aules d\u2019Educaci\u00f3 Infantil<\/strong><\/li>\n<li><strong>Equipament esportiu i l\u00fadic<\/strong> \u2013 cistelles de b\u00e0squet, jocs-.<\/li>\n<li><strong>Instruments musicals<\/strong> per a l\u2019aula i per a l\u2019alumnat<\/li>\n<\/ul>\n<p>Des del curs 2019-2020, l\u2019AMPA \u00e9s la responsable de la \u00a0contractaci\u00f3 del <b>SERVEI DE MENJADOR <\/b>i col\u00b7labora en la \u00a0seva gesti\u00f3, junt amb la direcci\u00f3 de l\u2019escola i la Comissi\u00f3 de Menjador del Consell Escolar.<\/p>\n<p>Consulteu les activitats extraescolars i els dies de venda de material i atenci\u00f3 als socis a la <strong>cartellera<\/strong> de l\u2019escola.<\/p>\n<p>Podeu posar-vos en contacte amb ells a l\u2019adre\u00e7a: \u00a0<strong>ampamontpalau@gmail.com\u00a0<\/strong><\/p>\n<p>&nbsp;<\/p>\n<p>&nbsp;<\/p>\n<p>&nbsp;<\/p>\n<p>&nbsp;<\/p>\n","protected":false},"excerpt":{"rendered":"<p>L&#8217;AMPA de l&#8217;Escola Montpalau est\u00e0\u00a0 formada per totes les mares i els pares dels infants de la nostra escola i\u00a0 est\u00e0 gestionada per un grup de fam\u00edlies -la junta de l&#8217;Ampa- que de forma volunt\u00e0ria, amb empenta, il\u00b7lusi\u00f3 i moltes ganes de fer escola junts, col\u00b7laboren, programen i organitzen multitud d&#8217;activitats i serveis per facilitar [&hellip;]<\/p>\n","protected":false},"author":1,"featured_media":0,"parent":0,"menu_order":0,"comment_status":"closed","ping_status":"closed","template":"page-templates\/side-menu.php","meta":{"_bbp_topic_count":0,"_bbp_reply_count":0,"_bbp_total_topic_count":0,"_bbp_total_reply_count":0,"_bbp_voice_count":0,"_bbp_anonymous_reply_count":0,"_bbp_topic_count_hidden":0,"_bbp_reply_count_hidden":0,"_bbp_forum_subforum_count":0,"site-sidebar-layout":"default","site-content-layout":"","ast-site-content-layout":"","site-content-style":"default","site-sidebar-style":"default","ast-global-header-display":"","ast-banner-title-visibility":"","ast-main-header-display":"","ast-hfb-above-header-display":"","ast-hfb-below-header-display":"","ast-hfb-mobile-header-display":"","site-post-title":"","ast-breadcrumbs-content":"","ast-featured-img":"","footer-sml-layout":"","theme-transparent-header-meta":"","adv-header-id-meta":"","stick-header-meta":"","header-above-stick-meta":"","header-main-stick-meta":"","header-below-stick-meta":"","astra-migrate-meta-layouts":"default","ast-page-background-enabled":"default","ast-page-background-meta":{"desktop":{"background-color":"var(--ast-global-color-4)","background-image":"","background-repeat":"repeat","background-position":"center center","background-size":"auto","background-attachment":"scroll","background-type":"","background-media":"","overlay-type":"","overlay-color":"","overlay-opacity":"","overlay-gradient":""},"tablet":{"background-color":"","background-image":"","background-repeat":"repeat","background-position":"center center","background-size":"auto","background-attachment":"scroll","background-type":"","background-media":"","overlay-type":"","overlay-color":"","overlay-opacity":"","overlay-gradient":""},"mobile":{"background-color":"","background-image":"","background-repeat":"repeat","background-position":"center center","background-size":"auto","background-attachment":"scroll","background-type":"","background-media":"","overlay-type":"","overlay-color":"","overlay-opacity":"","overlay-gradient":""}},"ast-content-background-meta":{"desktop":{"background-color":"var(--ast-global-color-5)","background-image":"","background-repeat":"repeat","background-position":"center center","background-size":"auto","background-attachment":"scroll","background-type":"","background-media":"","overlay-type":"","overlay-color":"","overlay-opacity":"","overlay-gradient":""},"tablet":{"background-color":"var(--ast-global-color-5)","background-image":"","background-repeat":"repeat","background-position":"center center","background-size":"auto","background-attachment":"scroll","background-type":"","background-media":"","overlay-type":"","overlay-color":"","overlay-opacity":"","overlay-gradient":""},"mobile":{"background-color":"var(--ast-global-color-5)","background-image":"","background-repeat":"repeat","background-position":"center center","background-size":"auto","background-attachment":"scroll","background-type":"","background-media":"","overlay-type":"","overlay-color":"","overlay-opacity":"","overlay-gradient":""}},"footnotes":""},"class_list":["post-879","page","type-page","status-publish","hentry"],"post_mailing_queue_ids":[],"_links":{"self":[{"href":"https:\/\/agora.xtec.cat\/ceip-montpalau-pineda\/wp-json\/wp\/v2\/pages\/879","targetHints":{"allow":["GET"]}}],"collection":[{"href":"https:\/\/agora.xtec.cat\/ceip-montpalau-pineda\/wp-json\/wp\/v2\/pages"}],"about":[{"href":"https:\/\/agora.xtec.cat\/ceip-montpalau-pineda\/wp-json\/wp\/v2\/types\/page"}],"author":[{"embeddable":true,"href":"https:\/\/agora.xtec.cat\/ceip-montpalau-pineda\/wp-json\/wp\/v2\/users\/1"}],"replies":[{"embeddable":true,"href":"https:\/\/agora.xtec.cat\/ceip-montpalau-pineda\/wp-json\/wp\/v2\/comments?post=879"}],"version-history":[{"count":3,"href":"https:\/\/agora.xtec.cat\/ceip-montpalau-pineda\/wp-json\/wp\/v2\/pages\/879\/revisions"}],"predecessor-version":[{"id":4716,"href":"https:\/\/agora.xtec.cat\/ceip-montpalau-pineda\/wp-json\/wp\/v2\/pages\/879\/revisions\/4716"}],"wp:attachment":[{"href":"https:\/\/agora.xtec.cat\/ceip-montpalau-pineda\/wp-json\/wp\/v2\/media?parent=879"}],"curies":[{"name":"wp","href":"https:\/\/api.w.org\/{rel}","templated":true}]}}