{"id":773,"date":"2019-07-03T12:44:35","date_gmt":"2019-07-03T10:44:35","guid":{"rendered":"http:\/\/agora.xtec.cat\/ceip-montpalau-pineda\/?page_id=773"},"modified":"2023-05-17T18:53:50","modified_gmt":"2023-05-17T16:53:50","slug":"musica","status":"publish","type":"page","link":"https:\/\/agora.xtec.cat\/ceip-montpalau-pineda\/musica\/","title":{"rendered":"M\u00fasica"},"content":{"rendered":"<h6>La m\u00fasica i l&#8217;educaci\u00f3 musical \u00e9s un aspecte rellevant per a l&#8217;educaci\u00f3 integral de tots els\u00a0 nens i les nenes. Durant el curs escolar s&#8217;organitzen diverses activitats al voltant de la m\u00fasica en les quals hi participa tota l&#8217;escola, des dels m\u00e9s petits fins als m\u00e9s grans.<\/h6>\n<h6>L&#8217;aprenentatge musical ajuda a la sociabilizaci\u00f3 i fomenta la col\u00b7laboraci\u00f3, l&#8217;esperit cr\u00edtic i el respecte quan es fan activitats col\u00b7lectives. A m\u00e9s, a trav\u00e9s de les can\u00e7ons es s&#8217;aprenen valors, h\u00e0bits, l&#8217;alfabet, les taules de multiplicar, &#8230;<\/h6>\n<h6>I per qu\u00e8 creiem que \u00e9s tan important? Perqu\u00e8 la m\u00fasica ens acompanya en totes les etapes de la nostra vida i, afortunadament, l&#8217;Escola Montpalau t\u00e9 clar el paper clau que juga la m\u00fasica en la formaci\u00f3 global dels alumnes.<\/h6>\n<p><a href=\"https:\/\/agora.xtec.cat\/ceip-montpalau-pineda\/general\/concert-a-lauditori-nens-i-nenes-de-cicle-mitja\/\" target=\"_blank\" rel=\"noopener\">CONCERT UIUI DELS NENS I LES NENES DE CICLE MITJ\u00c0<\/a><\/p>\n<p><a href=\"https:\/\/drive.google.com\/file\/d\/17Sa3Dr6gzBWALjrGMBBTyRrJb7ParThU\/view?usp=sharing\" target=\"_blank\" rel=\"https:\/\/drive.google.com\/file\/d\/17Sa3Dr6gzBWALjrGMBBTyRrJb7ParThU\/view?usp=sharing noopener\"><img loading=\"lazy\" decoding=\"async\" class=\"alignnone wp-image-6783 size-medium\" src=\"https:\/\/agora.xtec.cat\/ceip-montpalau-pineda\/wp-content\/uploads\/usu1776\/2023\/05\/Concert-uiui-212x300.jpg\" alt=\"\" width=\"212\" height=\"300\" srcset=\"https:\/\/agora.xtec.cat\/ceip-montpalau-pineda\/wp-content\/uploads\/usu1776\/2023\/05\/Concert-uiui-212x300.jpg 212w, https:\/\/agora.xtec.cat\/ceip-montpalau-pineda\/wp-content\/uploads\/usu1776\/2023\/05\/Concert-uiui-724x1024.jpg 724w, https:\/\/agora.xtec.cat\/ceip-montpalau-pineda\/wp-content\/uploads\/usu1776\/2023\/05\/Concert-uiui-768x1086.jpg 768w, https:\/\/agora.xtec.cat\/ceip-montpalau-pineda\/wp-content\/uploads\/usu1776\/2023\/05\/Concert-uiui-1086x1536.jpg 1086w, https:\/\/agora.xtec.cat\/ceip-montpalau-pineda\/wp-content\/uploads\/usu1776\/2023\/05\/Concert-uiui-1448x2048.jpg 1448w, https:\/\/agora.xtec.cat\/ceip-montpalau-pineda\/wp-content\/uploads\/usu1776\/2023\/05\/Concert-uiui.jpg 1587w\" sizes=\"auto, (max-width: 212px) 100vw, 212px\" \/><img loading=\"lazy\" decoding=\"async\" class=\"alignleft wp-image-6804 \" src=\"https:\/\/agora.xtec.cat\/ceip-montpalau-pineda\/wp-content\/uploads\/usu1776\/2023\/05\/Captura-de-pantalla-2023-05-17-185135-300x169.jpg\" alt=\"\" width=\"522\" height=\"294\" srcset=\"https:\/\/agora.xtec.cat\/ceip-montpalau-pineda\/wp-content\/uploads\/usu1776\/2023\/05\/Captura-de-pantalla-2023-05-17-185135-300x169.jpg 300w, https:\/\/agora.xtec.cat\/ceip-montpalau-pineda\/wp-content\/uploads\/usu1776\/2023\/05\/Captura-de-pantalla-2023-05-17-185135-1024x577.jpg 1024w, https:\/\/agora.xtec.cat\/ceip-montpalau-pineda\/wp-content\/uploads\/usu1776\/2023\/05\/Captura-de-pantalla-2023-05-17-185135-768x432.jpg 768w, https:\/\/agora.xtec.cat\/ceip-montpalau-pineda\/wp-content\/uploads\/usu1776\/2023\/05\/Captura-de-pantalla-2023-05-17-185135.jpg 1394w\" sizes=\"auto, (max-width: 522px) 100vw, 522px\" \/><\/a><\/p>\n<blockquote class=\"wp-embedded-content\" data-secret=\"5g0UEEiA73\"><p><a href=\"https:\/\/agora.xtec.cat\/ceip-montpalau-pineda\/general\/17a-cantada-escolar-de-pineda-de-mar\/\">IMATGES DE LA 17a CANTADA ESCOLAR<\/a><\/p><\/blockquote>\n<p><iframe loading=\"lazy\" class=\"wp-embedded-content\" sandbox=\"allow-scripts\" security=\"restricted\" style=\"position: absolute; clip: rect(1px, 1px, 1px, 1px);\" title=\"&#8220;IMATGES DE LA 17a CANTADA ESCOLAR&#8221; &#8212; Escola Montpalau\" src=\"https:\/\/agora.xtec.cat\/ceip-montpalau-pineda\/general\/17a-cantada-escolar-de-pineda-de-mar\/embed\/#?secret=YPJIuWDoCd#?secret=5g0UEEiA73\" data-secret=\"5g0UEEiA73\" width=\"500\" height=\"282\" frameborder=\"0\" marginwidth=\"0\" marginheight=\"0\" scrolling=\"no\"><\/iframe><\/p>\n<blockquote class=\"wp-embedded-content\" data-secret=\"w9SRDVHS1G\"><p><a href=\"https:\/\/agora.xtec.cat\/ceip-montpalau-pineda\/general\/cantada-escolar-de-pineda-de-mar\/\">CANTADA ESCOLAR DE PINEDA DE MAR<\/a><\/p><\/blockquote>\n<p><iframe loading=\"lazy\" class=\"wp-embedded-content\" sandbox=\"allow-scripts\" security=\"restricted\" style=\"position: absolute; clip: rect(1px, 1px, 1px, 1px);\" title=\"&#8220;CANTADA ESCOLAR DE PINEDA DE MAR&#8221; &#8212; Escola Montpalau\" src=\"https:\/\/agora.xtec.cat\/ceip-montpalau-pineda\/general\/cantada-escolar-de-pineda-de-mar\/embed\/#?secret=35lkXHcdsc#?secret=w9SRDVHS1G\" data-secret=\"w9SRDVHS1G\" width=\"500\" height=\"282\" frameborder=\"0\" marginwidth=\"0\" marginheight=\"0\" scrolling=\"no\"><\/iframe><\/p>\n<p>&nbsp;<\/p>\n<blockquote class=\"wp-embedded-content\" data-secret=\"PtwxahreBn\"><p><a href=\"https:\/\/agora.xtec.cat\/ceip-montpalau-pineda\/general\/cantades-de-nadal-2022\/\">SOM-HI AMB ELS CONCERTS DE NADAL!!! \ud83c\udf84<\/a><\/p><\/blockquote>\n<p><iframe loading=\"lazy\" class=\"wp-embedded-content\" sandbox=\"allow-scripts\" security=\"restricted\" style=\"position: absolute; clip: rect(1px, 1px, 1px, 1px);\" title=\"&#8220;SOM-HI AMB ELS CONCERTS DE NADAL!!! \ud83c\udf84&#8221; &#8212; Escola Montpalau\" src=\"https:\/\/agora.xtec.cat\/ceip-montpalau-pineda\/general\/cantades-de-nadal-2022\/embed\/#?secret=I0ssGtVjtS#?secret=PtwxahreBn\" data-secret=\"PtwxahreBn\" width=\"500\" height=\"282\" frameborder=\"0\" marginwidth=\"0\" marginheight=\"0\" scrolling=\"no\"><\/iframe><\/p>\n<blockquote class=\"wp-embedded-content\" data-secret=\"HxqnBt1n7a\"><p><a href=\"https:\/\/agora.xtec.cat\/ceip-montpalau-pineda\/general\/fotografies-cantada-2022\/\">Imatges de la Cantada Escolar 2022<\/a><\/p><\/blockquote>\n<p><iframe loading=\"lazy\" class=\"wp-embedded-content\" sandbox=\"allow-scripts\" security=\"restricted\" style=\"position: absolute; clip: rect(1px, 1px, 1px, 1px);\" title=\"&#8220;Imatges de la Cantada Escolar 2022&#8221; &#8212; Escola Montpalau\" src=\"https:\/\/agora.xtec.cat\/ceip-montpalau-pineda\/general\/fotografies-cantada-2022\/embed\/#?secret=1HO2PSejVD#?secret=HxqnBt1n7a\" data-secret=\"HxqnBt1n7a\" width=\"500\" height=\"282\" frameborder=\"0\" marginwidth=\"0\" marginheight=\"0\" scrolling=\"no\"><\/iframe><\/p>\n","protected":false},"excerpt":{"rendered":"<p>La m\u00fasica i l&#8217;educaci\u00f3 musical \u00e9s un aspecte rellevant per a l&#8217;educaci\u00f3 integral de tots els\u00a0 nens i les nenes. Durant el curs escolar s&#8217;organitzen diverses activitats al voltant de la m\u00fasica en les quals hi participa tota l&#8217;escola, des dels m\u00e9s petits fins als m\u00e9s grans. L&#8217;aprenentatge musical ajuda a la sociabilizaci\u00f3 i fomenta [&hellip;]<\/p>\n","protected":false},"author":1,"featured_media":0,"parent":0,"menu_order":0,"comment_status":"closed","ping_status":"closed","template":"","meta":{"_bbp_topic_count":0,"_bbp_reply_count":0,"_bbp_total_topic_count":0,"_bbp_total_reply_count":0,"_bbp_voice_count":0,"_bbp_anonymous_reply_count":0,"_bbp_topic_count_hidden":0,"_bbp_reply_count_hidden":0,"_bbp_forum_subforum_count":0,"site-sidebar-layout":"default","site-content-layout":"","ast-site-content-layout":"","site-content-style":"default","site-sidebar-style":"default","ast-global-header-display":"","ast-banner-title-visibility":"","ast-main-header-display":"","ast-hfb-above-header-display":"","ast-hfb-below-header-display":"","ast-hfb-mobile-header-display":"","site-post-title":"","ast-breadcrumbs-content":"","ast-featured-img":"","footer-sml-layout":"","theme-transparent-header-meta":"","adv-header-id-meta":"","stick-header-meta":"","header-above-stick-meta":"","header-main-stick-meta":"","header-below-stick-meta":"","astra-migrate-meta-layouts":"default","ast-page-background-enabled":"default","ast-page-background-meta":{"desktop":{"background-color":"var(--ast-global-color-4)","background-image":"","background-repeat":"repeat","background-position":"center center","background-size":"auto","background-attachment":"scroll","background-type":"","background-media":"","overlay-type":"","overlay-color":"","overlay-opacity":"","overlay-gradient":""},"tablet":{"background-color":"","background-image":"","background-repeat":"repeat","background-position":"center center","background-size":"auto","background-attachment":"scroll","background-type":"","background-media":"","overlay-type":"","overlay-color":"","overlay-opacity":"","overlay-gradient":""},"mobile":{"background-color":"","background-image":"","background-repeat":"repeat","background-position":"center center","background-size":"auto","background-attachment":"scroll","background-type":"","background-media":"","overlay-type":"","overlay-color":"","overlay-opacity":"","overlay-gradient":""}},"ast-content-background-meta":{"desktop":{"background-color":"var(--ast-global-color-5)","background-image":"","background-repeat":"repeat","background-position":"center center","background-size":"auto","background-attachment":"scroll","background-type":"","background-media":"","overlay-type":"","overlay-color":"","overlay-opacity":"","overlay-gradient":""},"tablet":{"background-color":"var(--ast-global-color-5)","background-image":"","background-repeat":"repeat","background-position":"center center","background-size":"auto","background-attachment":"scroll","background-type":"","background-media":"","overlay-type":"","overlay-color":"","overlay-opacity":"","overlay-gradient":""},"mobile":{"background-color":"var(--ast-global-color-5)","background-image":"","background-repeat":"repeat","background-position":"center center","background-size":"auto","background-attachment":"scroll","background-type":"","background-media":"","overlay-type":"","overlay-color":"","overlay-opacity":"","overlay-gradient":""}},"footnotes":""},"class_list":["post-773","page","type-page","status-publish","hentry"],"post_mailing_queue_ids":[],"_links":{"self":[{"href":"https:\/\/agora.xtec.cat\/ceip-montpalau-pineda\/wp-json\/wp\/v2\/pages\/773","targetHints":{"allow":["GET"]}}],"collection":[{"href":"https:\/\/agora.xtec.cat\/ceip-montpalau-pineda\/wp-json\/wp\/v2\/pages"}],"about":[{"href":"https:\/\/agora.xtec.cat\/ceip-montpalau-pineda\/wp-json\/wp\/v2\/types\/page"}],"author":[{"embeddable":true,"href":"https:\/\/agora.xtec.cat\/ceip-montpalau-pineda\/wp-json\/wp\/v2\/users\/1"}],"replies":[{"embeddable":true,"href":"https:\/\/agora.xtec.cat\/ceip-montpalau-pineda\/wp-json\/wp\/v2\/comments?post=773"}],"version-history":[{"count":3,"href":"https:\/\/agora.xtec.cat\/ceip-montpalau-pineda\/wp-json\/wp\/v2\/pages\/773\/revisions"}],"predecessor-version":[{"id":6805,"href":"https:\/\/agora.xtec.cat\/ceip-montpalau-pineda\/wp-json\/wp\/v2\/pages\/773\/revisions\/6805"}],"wp:attachment":[{"href":"https:\/\/agora.xtec.cat\/ceip-montpalau-pineda\/wp-json\/wp\/v2\/media?parent=773"}],"curies":[{"name":"wp","href":"https:\/\/api.w.org\/{rel}","templated":true}]}}