{"id":762,"date":"2019-07-03T12:09:33","date_gmt":"2019-07-03T10:09:33","guid":{"rendered":"http:\/\/agora.xtec.cat\/ceip-montpalau-pineda\/?page_id=762"},"modified":"2023-04-24T13:15:47","modified_gmt":"2023-04-24T11:15:47","slug":"avaluacio-i-informes","status":"publish","type":"page","link":"https:\/\/agora.xtec.cat\/ceip-montpalau-pineda\/projecte-educatiu\/avaluacio-i-informes\/","title":{"rendered":"Avaluaci\u00f3 i informes"},"content":{"rendered":"<p><a href=\"https:\/\/agora.xtec.cat\/ceip-montpalau-pineda\/wp-content\/uploads\/usu1776\/2019\/07\/esoaval.png\"><img loading=\"lazy\" decoding=\"async\" class=\"wp-image-763 alignright\" src=\"https:\/\/agora.xtec.cat\/ceip-montpalau-pineda\/wp-content\/uploads\/usu1776\/2019\/07\/esoaval.png\" alt=\"\" width=\"146\" height=\"160\" srcset=\"https:\/\/agora.xtec.cat\/ceip-montpalau-pineda\/wp-content\/uploads\/usu1776\/2019\/07\/esoaval.png 442w, https:\/\/agora.xtec.cat\/ceip-montpalau-pineda\/wp-content\/uploads\/usu1776\/2019\/07\/esoaval-273x300.png 273w\" sizes=\"auto, (max-width: 146px) 100vw, 146px\" \/><\/a>Amb la publicaci\u00f3 del <strong>DECRET 175\/2022<\/strong>, de 27 de setembre, d&#8217;ordenaci\u00f3 dels ensenyaments de l&#8217;educaci\u00f3 b\u00e0sica, es modifiquen alguns aspectes de l\u2019avaluaci\u00f3. Com heu pogut comprovar s\u2019han produ\u00eft alguns canvis en els informes:<\/p>\n<p style=\"text-align: left;\">\uf0b7 Els <strong>informes trimestrals<\/strong> s\u00f3n <strong>qualitatius<\/strong>, \u00e9s a dir, no hi ha nota num\u00e8rica sin\u00f3 informaci\u00f3 del proc\u00e9s d\u2019aprenentatge i desenvolupament de l\u2019alumne\/a.<\/p>\n<p>o<strong> Contingut<\/strong> de l\u2019informe:<\/p>\n<ul style=\"list-style-type: disc;\">\n<li>\u00a0<strong>Resultats del proc\u00e9s d\u2019aprenentatge<\/strong>: aven\u00e7os, dificultats, assoliments i mancances observades en el marc dels indicadors i criteris d\u2019avaluaci\u00f3 establerts.<\/li>\n<li><strong>Aspectes acad\u00e8mics, personals i evolutius<\/strong>: informaci\u00f3 del proc\u00e9s d\u2019aprenentatge i desenvolupament. Tamb\u00e9 informaci\u00f3 de les habilitats socials i personal i del proc\u00e9s maduratiu.<\/li>\n<li><strong>Mesures i suports d\u2019atenci\u00f3 educativa<\/strong> (si s\u2019escau): si s\u2019avalua l\u2019alumne\/a amb un Pla de Suport Individualitzat.<\/li>\n<\/ul>\n<p>o Es valoren de forma qualitativa els <strong>blocs de sabers de les diferents \u00e0rees d\u2019aprenentatge<\/strong>.<\/p>\n<p>o A cada \u00e0rea, disposeu d\u2019un <strong>comentari amb els sabers i aspectes que s\u2019han treballat durant el trimestre.<\/strong><\/p>\n<p>Canvi en la valoraci\u00f3 de les \u00e0rees i blocs:<br \/>\n\uf0a7 <strong>Li costa<\/strong>: no s\u2019ha assolit l\u2019aprenentatge, pel que cal seguir treballant.<br \/>\n\uf0a7 <strong>En proc\u00e9s<\/strong>: Ha assolit l\u2019aprenentatge, per\u00f2 no amb fermesa o amb<br \/>\ndificultats en alguns aspectes concrets.<br \/>\n\uf0a7 <strong>For\u00e7a b\u00e9<\/strong>: Ha assolit notablement els aprenentatges amb bons<br \/>\nresultats.<br \/>\n\uf0a7 <strong>Molt b\u00e9<\/strong>: Ha assolit amb excel\u00b7l\u00e8ncia els aprenentatges treballats.<\/p>\n<p>o Al final de l\u2019informe hi podeu trobar un <strong>comentari general<\/strong> del tutor que refereix a aspectes sobre el proc\u00e9s d\u2019aprenentatge i desenvolupament general, habilitats socials i proc\u00e9s maduratiu, aix\u00ed com de les mesures d\u2019atenci\u00f3 educatives si n\u2019\u00e9s el cas.<\/p>\n<p>Els <strong>informes de final de curs<\/strong> es valoraran amb la nomenclatura anterior i un comentari qualitatiu:<\/p>\n<p>Assoliment Excel\u00b7lent (AE): 9-10\u00a0 \u00a0 \u00a0 \u00a0 \u00a0 \u00a0 \u00a0 \u00a0 \u00a0 \u00a0Assoliment Notable (AN): 7-8<\/p>\n<p>Assoliment Satisfactori (AS): 5-6\u00a0 \u00a0 \u00a0 \u00a0 \u00a0 \u00a0 \u00a0 \u00a0 \u00a0 \u00a0No assoliment (NA): 0-1-2-3-4<\/p>\n<p>Cordialment,<\/p>\n<p><strong>Equip Directiu i equip de mestres\u00a0 \u00a0 \u00a0 \u00a0 \u00a0 \u00a0 \u00a0 \u00a0 \u00a0 \u00a0 \u00a0 \u00a0 \u00a0 \u00a0 \u00a0 \u00a0 \u00a0 \u00a0 \u00a0 \u00a0 \u00a0 \u00a0 \u00a0 \u00a0 \u00a0 \u00a0 \u00a0 \u00a0 \u00a0 \u00a0 \u00a0 \u00a0 \u00a0 \u00a0 \u00a0 \u00a02022\/23<\/strong><\/p>\n","protected":false},"excerpt":{"rendered":"<p>Amb la publicaci\u00f3 del DECRET 175\/2022, de 27 de setembre, d&#8217;ordenaci\u00f3 dels ensenyaments de l&#8217;educaci\u00f3 b\u00e0sica, es modifiquen alguns aspectes de l\u2019avaluaci\u00f3. Com heu pogut comprovar s\u2019han produ\u00eft alguns canvis en els informes: \uf0b7 Els informes trimestrals s\u00f3n qualitatius, \u00e9s a dir, no hi ha nota num\u00e8rica sin\u00f3 informaci\u00f3 del proc\u00e9s d\u2019aprenentatge i desenvolupament de [&hellip;]<\/p>\n","protected":false},"author":1,"featured_media":0,"parent":64,"menu_order":40,"comment_status":"closed","ping_status":"closed","template":"","meta":{"_bbp_topic_count":0,"_bbp_reply_count":0,"_bbp_total_topic_count":0,"_bbp_total_reply_count":0,"_bbp_voice_count":0,"_bbp_anonymous_reply_count":0,"_bbp_topic_count_hidden":0,"_bbp_reply_count_hidden":0,"_bbp_forum_subforum_count":0,"site-sidebar-layout":"default","site-content-layout":"","ast-site-content-layout":"","site-content-style":"default","site-sidebar-style":"default","ast-global-header-display":"","ast-banner-title-visibility":"","ast-main-header-display":"","ast-hfb-above-header-display":"","ast-hfb-below-header-display":"","ast-hfb-mobile-header-display":"","site-post-title":"","ast-breadcrumbs-content":"","ast-featured-img":"","footer-sml-layout":"","theme-transparent-header-meta":"","adv-header-id-meta":"","stick-header-meta":"","header-above-stick-meta":"","header-main-stick-meta":"","header-below-stick-meta":"","astra-migrate-meta-layouts":"default","ast-page-background-enabled":"default","ast-page-background-meta":{"desktop":{"background-color":"var(--ast-global-color-4)","background-image":"","background-repeat":"repeat","background-position":"center center","background-size":"auto","background-attachment":"scroll","background-type":"","background-media":"","overlay-type":"","overlay-color":"","overlay-opacity":"","overlay-gradient":""},"tablet":{"background-color":"","background-image":"","background-repeat":"repeat","background-position":"center center","background-size":"auto","background-attachment":"scroll","background-type":"","background-media":"","overlay-type":"","overlay-color":"","overlay-opacity":"","overlay-gradient":""},"mobile":{"background-color":"","background-image":"","background-repeat":"repeat","background-position":"center center","background-size":"auto","background-attachment":"scroll","background-type":"","background-media":"","overlay-type":"","overlay-color":"","overlay-opacity":"","overlay-gradient":""}},"ast-content-background-meta":{"desktop":{"background-color":"var(--ast-global-color-5)","background-image":"","background-repeat":"repeat","background-position":"center center","background-size":"auto","background-attachment":"scroll","background-type":"","background-media":"","overlay-type":"","overlay-color":"","overlay-opacity":"","overlay-gradient":""},"tablet":{"background-color":"var(--ast-global-color-5)","background-image":"","background-repeat":"repeat","background-position":"center center","background-size":"auto","background-attachment":"scroll","background-type":"","background-media":"","overlay-type":"","overlay-color":"","overlay-opacity":"","overlay-gradient":""},"mobile":{"background-color":"var(--ast-global-color-5)","background-image":"","background-repeat":"repeat","background-position":"center center","background-size":"auto","background-attachment":"scroll","background-type":"","background-media":"","overlay-type":"","overlay-color":"","overlay-opacity":"","overlay-gradient":""}},"footnotes":""},"class_list":["post-762","page","type-page","status-publish","hentry"],"post_mailing_queue_ids":[],"_links":{"self":[{"href":"https:\/\/agora.xtec.cat\/ceip-montpalau-pineda\/wp-json\/wp\/v2\/pages\/762","targetHints":{"allow":["GET"]}}],"collection":[{"href":"https:\/\/agora.xtec.cat\/ceip-montpalau-pineda\/wp-json\/wp\/v2\/pages"}],"about":[{"href":"https:\/\/agora.xtec.cat\/ceip-montpalau-pineda\/wp-json\/wp\/v2\/types\/page"}],"author":[{"embeddable":true,"href":"https:\/\/agora.xtec.cat\/ceip-montpalau-pineda\/wp-json\/wp\/v2\/users\/1"}],"replies":[{"embeddable":true,"href":"https:\/\/agora.xtec.cat\/ceip-montpalau-pineda\/wp-json\/wp\/v2\/comments?post=762"}],"version-history":[{"count":4,"href":"https:\/\/agora.xtec.cat\/ceip-montpalau-pineda\/wp-json\/wp\/v2\/pages\/762\/revisions"}],"predecessor-version":[{"id":6737,"href":"https:\/\/agora.xtec.cat\/ceip-montpalau-pineda\/wp-json\/wp\/v2\/pages\/762\/revisions\/6737"}],"up":[{"embeddable":true,"href":"https:\/\/agora.xtec.cat\/ceip-montpalau-pineda\/wp-json\/wp\/v2\/pages\/64"}],"wp:attachment":[{"href":"https:\/\/agora.xtec.cat\/ceip-montpalau-pineda\/wp-json\/wp\/v2\/media?parent=762"}],"curies":[{"name":"wp","href":"https:\/\/api.w.org\/{rel}","templated":true}]}}