{"id":73,"date":"2014-09-18T14:01:51","date_gmt":"2014-09-18T13:01:51","guid":{"rendered":"http:\/\/agora.xtec.cat\/ceip-montpalau-pineda\/?page_id=73"},"modified":"2024-10-03T12:18:48","modified_gmt":"2024-10-03T10:18:48","slug":"menjador-escolar","status":"publish","type":"page","link":"https:\/\/agora.xtec.cat\/ceip-montpalau-pineda\/serveis\/menjador-escolar\/","title":{"rendered":"EL MENJADOR ESCOLAR"},"content":{"rendered":"<h1><span id=\"P32_TEXT_ITEM\" class=\"display_only apex-item-display-only\"><a href=\"https:\/\/agora.xtec.cat\/ceip-montpalau-pineda\/serveis\/menjador-escolar\/menus-del-mes\/\" target=\"_blank\" rel=\"https:\/\/camposestela.com\/ noopener\"><img loading=\"lazy\" decoding=\"async\" class=\"alignnone wp-image-5584 size-full\" src=\"https:\/\/agora.xtec.cat\/ceip-montpalau-pineda\/wp-content\/uploads\/usu1776\/2021\/09\/Captura.jpg\" alt=\"\" width=\"314\" height=\"129\" srcset=\"https:\/\/agora.xtec.cat\/ceip-montpalau-pineda\/wp-content\/uploads\/usu1776\/2021\/09\/Captura.jpg 314w, https:\/\/agora.xtec.cat\/ceip-montpalau-pineda\/wp-content\/uploads\/usu1776\/2021\/09\/Captura-300x123.jpg 300w\" sizes=\"auto, (max-width: 314px) 100vw, 314px\" \/>\u00a0 \u00a0 <strong>MEN\u00da\u00a0 del MES<\/strong><\/a><\/span><\/h1>\n<p><span id=\"P32_TEXT_ITEM\" class=\"display_only apex-item-display-only\">El document <strong><a title=\"Obre finestra nova\" href=\"http:\/\/consellescolarcat.gencat.cat\/web\/.content\/consell_escolar\/actuacions\/2documents_i_informes\/documents_i_informes_en_pdf\/static_files\/Doc_2_2020-El-temps-a-leducacio.pdf\" target=\"_blank\" rel=\"noopener noreferrer\">El temps a l&#8217;Educaci\u00f3<\/a>,<\/strong> del Consell Escolar de Catalunya, recull que la reforma hor\u00e0ria fixa els temps d&#8217;activitat, d&#8217;\u00e0pats i de descans en termes saludables i introdueix el concepte <em><strong>del temps de migdia com a temps educatiu. <\/strong><\/em><\/span><\/p>\n<p>El <strong>servei de menjador de l\u2019escola Montpalau<\/strong>\u00a0 \u00e9s ent\u00e8s doncs com un temps i un espai\u00a0 en qu\u00e8 l&#8217;alumnat de l&#8217;escola continua <strong>aprenent, madurant i creixent<\/strong> de la m\u00e0 dels seus monitors i monitores, <strong>professionals del m\u00f3n del lleure i l&#8217;educaci\u00f3<\/strong> preparats i disposats a acompanyar-los, en un marc de <strong>conviv\u00e8ncia i estima<\/strong> en l&#8217;aprenentatge d&#8217;<strong>h\u00e0bits saludables i<\/strong> la <strong>millora de la pr\u00f2pia autonomia.<\/strong><\/p>\n<p>Des del curs 2019-2020 l&#8217;AMPA de l&#8217;escola s&#8217;ha fet c\u00e0rrec de la contractaci\u00f3 del servei. L&#8217;empresa\u00a0 <a href=\"https:\/\/camposestela.com\/\"><strong>CAMPOS ESTELA<\/strong><\/a> en t\u00e9 la concessi\u00f3 oferint <strong>monitoratge\u00a0 per a l&#8217;acollida i les activitats de lleure del migdia<\/strong> aix\u00ed com un <strong>men\u00fa equilibrat, de proximitat, sostenible i ecol\u00f2gic.\u00a0<\/strong><\/p>\n<p><strong>CAMPOS ESTELA<\/strong>, d<span style=\"font-weight: 400;\">es de 1968 ofereix serveis d\u2019\u00e0pats i lleure per a escoles <strong><em>mitjan\u00e7ant la continu\u00eftat del projecte\u00a0 educatiu del centre<\/em> <\/strong>i unes pautes aliment\u00e0ries basades en una dieta equilibrada, divertida i\u00a0 segura.\u00a0<\/span><\/p>\n<p><span style=\"font-weight: 400;\">En el projecte d\u2019<strong>espai migdia de l&#8217;Escola Montpalau<\/strong>\u00a0es prioritzar\u00e0 la utilitzaci\u00f3 <em>d&#8217;aliments\u00a0 saludables, naturals i frescos, de temporada i de proximitat, preferentment sense processar<\/em> o\u00a0 m\u00ednimament processats. Es minimitzaran els precuinats i els fregits. L&#8217;empresa treballa perqu\u00e8 el\u00a0 nostre menjador sigui m\u00e9s<strong> BO, SA i SOSTENIBLE. <\/strong><\/span><\/p>\n<h5><span style=\"color: #800080;\"><strong>LA COMISSI\u00d3 DE MENJADOR<\/strong><\/span><\/h5>\n<p>La <strong>comissi\u00f3 de menjador<\/strong>\u00a0del<strong> Consell Escolar<\/strong> \u00e9s la responsable de fer el seguiment\u00a0 i de proposar actuacions de millora del servei quan es considera convenient que s\u00f3n presentades al Consell Escolar per a la seva aprovaci\u00f3.<\/p>\n<p><em>Formen part\u00a0 de\u00a0 la comissi\u00f3 de menjador:\u00a0<\/em><\/p>\n<ul>\n<li>La direcci\u00f3 del centre<\/li>\n<li>Un mestre del Consell Escolar<\/li>\n<li>Un membre de la junta de l&#8217;AMPA<\/li>\n<li>Una fam\u00edlia representant del Consell Escolar<\/li>\n<li>Un representant de l&#8217;empresa<\/li>\n<li>El representant de l&#8217;Ajuntament de Pineda de Mar al Consell Escolar<\/li>\n<li>El secretari de l&#8217;escola<\/li>\n<\/ul>\n<h5><span style=\"color: #800080;\"><strong>ACOLLIDA<\/strong><\/span><\/h5>\n<p><strong>Matinal:\u00a0<\/strong>de 8.00 a 9.00 hores\u00a0 (acc\u00e9s m\u00e0xim a les 8.30 hores). Per a tot l&#8217;alumnat del centre. Gratu\u00efta per\u00a0 a l&#8217;alumnat de car\u00e0cter fix els mateixos dies que es fa \u00fas de menjador.<\/p>\n<p><strong>Migdia:<\/strong> de 12.30 a 13.00 hores. (cal reservar)<\/p>\n<h5><span style=\"color: #800080;\"><strong>SERVEI DE PICNIC i MENJAR PER EMPORTAR<\/strong><\/span><\/h5>\n<p>L&#8217;empresa tamb\u00e9 ofereix, a tots els usuaris, fixes i espor\u00e0dics que ho desitgin, servei de PICNIC en cas de sortides. Cal fer la sol\u00b7licitud.<\/p>\n<p>Tamb\u00e9 ofereix servei de men\u00fa per emportar a aquells infants els quals hagin de confinar el grup estable. Quan els usuaris d&#8217;aquest serveis considerats fixes no vulguin fer us d&#8217;aquesta opci\u00f3, tindran la consideraci\u00f3 &#8220;d&#8217;avisa&#8221; i es cobrar\u00e0 3\u20ac en concepte de monitoratge durant la primera setmana d&#8217;en\u00e7\u00e0 de la data de confinament. A partir de la segona setmana no es cobrar\u00e0 res.<\/p>\n<h5><span style=\"color: #800080;\"><strong>ALTRES INFORMACIONS<\/strong><\/span><\/h5>\n<p><b>Horaris:\u00a0<\/b><\/p>\n<ul>\n<li><span style=\"font-weight: 400;\">L\u2019horari habitual de menjador durant el curs escolar ser\u00e0 de <\/span><b>12.30 <\/b><span style=\"font-weight: 400;\">a <\/span><b>15.00<\/b><span style=\"font-weight: 400;\">. L\u2019horari dels dies de jornada intensiva ser\u00e0 de <\/span><b>13.00 a 15.30<\/b><span style=\"font-weight: 400;\">.\u00a0<\/span><\/li>\n<li><span style=\"font-weight: 400;\">L\u2019horari d\u2019atenci\u00f3 a les fam\u00edlies ser\u00e0 de <\/span><b>09:00 <\/b><span style=\"font-weight: 400;\">a <\/span><b>09:30 <\/b><span style=\"font-weight: 400;\">h. del mat\u00ed.\u00a0<\/span><\/li>\n<\/ul>\n<p><b>ALTA SERVEI DE MENJADOR PER ALUMNES NOUS\u00a0<\/b><\/p>\n<ul>\n<li><span style=\"font-weight: 400;\">Per tal que totes i tots estiguem a punt quan arribi el moment, us adjuntem un document i un\u00a0 link en el que us explica com descarregar-vos l\u2019APP i donar d\u2019alta els vostres fill@s. Als 2 llocs hi\u00a0 ha la mateixa informaci\u00f3, per\u00f2 al pdf hi teniu tamb\u00e9 les pantalles que trobareu en el proc\u00e9s. El\u00a0 link \u00e9s <\/span><span style=\"font-weight: 400;\">https:\/\/camposestela.com\/instruccions-per-donar-se-dalta-a-lapp-del-menjador escolar\/?et_fb=1&amp;PageSpeed=off<\/span><span style=\"font-weight: 400;\">\u00a0<\/span><\/li>\n<li><span style=\"font-weight: 400;\">Si durant el proc\u00e9s teniu qualsevol entrebanc, us demanem que envieu un correu a\u00a0 <\/span><span style=\"font-weight: 400;\">app@camposestela.com<\/span> <span style=\"font-weight: 400;\">i us contactarem el m\u00e9s aviat possible.<\/span><\/li>\n<\/ul>\n<p><b>\u00daS SERVEI MENJADOR:\u00a0<\/b><\/p>\n<ul>\n<li><span style=\"font-weight: 400;\">No es pot fer \u00fas del menjador amb <\/span><span style=\"font-weight: 400;\">pendent de pagament<\/span><span style=\"font-weight: 400;\"> de cursos o mesos anteriors. Els alumnes que utilitzen el servei de menjador han de respectar la <\/span><span style=\"font-weight: 400;\">normativa de menjador<\/span><span style=\"font-weight: 400;\">. Cap alumne podr\u00e0 marxar del menjador sense justificaci\u00f3 i notificaci\u00f3 pr\u00e8via. Les fam\u00edlies rebran un <\/span><span style=\"font-weight: 400;\">informe <\/span><span style=\"font-weight: 400;\">peri\u00f2dic d\u2019h\u00e0bits i comportament per escrit per a tots els\u00a0 alumnes.\u00a0<\/span><\/li>\n<li><span style=\"font-weight: 400;\">Us demanem que adeq\u00fceu l\u2019horari d\u2019administraci\u00f3 de <\/span><span style=\"font-weight: 400;\">medicaments<\/span><span style=\"font-weight: 400;\"> a fora d\u2019hores de\u00a0 menjador. En cas que aix\u00f2 sigui impossible, contacteu amb la coordinadora i porteu-li la\u00a0 prescripci\u00f3 del metge.\u00a0<\/span><\/li>\n<li><span style=\"font-weight: 400;\">Els alumnes amb <\/span><span style=\"font-weight: 400;\">al\u00b7l\u00e8rgies o intoler\u00e0ncies aliment\u00e0ries <\/span><span style=\"font-weight: 400;\">han de lliurar el certificat m\u00e8dic\u00a0 actualitzat a la coordinadora.\u00a0\u00a0<\/span><\/li>\n<li><span style=\"font-weight: 400;\">Els dies d\u2019excursi\u00f3 es facilitar\u00e0 un <\/span><span style=\"font-weight: 400;\">PICNIC<\/span><span style=\"font-weight: 400;\"> a tots aquells alumnes fixes de menjador. En cas que\u00a0 no es vulgui, han de comunicar-ho al servei de menjador amb un m\u00ednim de 2 dies d\u2019antelaci\u00f3.\u00a0<\/span><\/li>\n<\/ul>\n<p><b>Serveis i preus:\u00a0<\/b><\/p>\n<ul>\n<li><span style=\"font-weight: 400;\">Preu <\/span><b>fix <\/b><span style=\"font-weight: 400;\">(<\/span><b>m\u00ednim 3 dies a la setmana. sempre els mateixos<\/b><span style=\"font-weight: 400;\">)<\/span><b>; 6,33 \u20ac\u00a0<\/b><\/li>\n<li><span style=\"font-weight: 400;\">Preu <\/span><b>espor\u00e0dic <\/b><span style=\"font-weight: 400;\">(<\/span><b>avisa el dia que es queda<\/b><span style=\"font-weight: 400;\">); <\/span><b>6,96\u20ac\u00a0<\/b><\/li>\n<li><b>Preu bon dia fix de 8 a 9 (entrada obligat\u00f2ria abans de les 08:30); 30\u20ac\/mes. (Gratu\u00eft per als\u00a0 fixes de menjador).\u00a0<\/b><\/li>\n<li><b>Preu bon dia espor\u00e0dic; 4,00\u20ac\/dia.\u00a0<\/b><\/li>\n<li><span style=\"font-weight: 400;\">Els usuaris <\/span><span style=\"font-weight: 400;\">fixos que no assisteixin <\/span><span style=\"font-weight: 400;\">al menjador han d\u2019avisar abans de les <\/span><b>9,30h <\/b><span style=\"font-weight: 400;\">per poder\u00a0 gaudir del descompte del <\/span><b>50% del preu <\/b><span style=\"font-weight: 400;\">per dia. En abs\u00e8ncies superiors a 4 dies seguits, es\u00a0 retornar\u00e0 el <\/span><b>total del men\u00fa<\/b><span style=\"font-weight: 400;\">.\u00a0<\/span><\/li>\n<li><span style=\"font-weight: 400;\">Als alumnes inscrits com a <\/span><span style=\"font-weight: 400;\">becats<\/span><span style=\"font-weight: 400;\">, no se\u2019ls aplicar\u00e0 la beca fins que no rebem la confirmaci\u00f3 de\u00a0 la mateixa per part de l\u2019escola.\u00a0<\/span><\/li>\n<li><span style=\"font-weight: 400;\">En el cas de que s\u2019anul\u00b7li una excursi\u00f3 per mal temps, els nens que portin el menjar de casa\u00a0 seva, se\u2019ls hi cobrar\u00e0 la part del monitoratge.\u00a0<\/span><\/li>\n<\/ul>\n<p><b>Domiciliaci\u00f3 de rebuts:\u00a0<\/b><\/p>\n<ul>\n<li><span style=\"font-weight: 400;\">Les quotes es domiciliaran el dia 1 de cada mes, i inclouran els usos del 1 al 30\/31 del mes\u00a0 ven\u00e7ut.\u00a0<\/span><\/li>\n<li><span style=\"font-weight: 400;\">En cas de <\/span><b>devoluci\u00f3 d\u2019un rebut <\/b><span style=\"font-weight: 400;\">s\u2019avisar\u00e0 la fam\u00edlia perqu\u00e8 realitzi un ingr\u00e9s o una transfer\u00e8ncia\u00a0 banc\u00e0ria. Aquest ingr\u00e9s es pot fer directament des de l\u2019APP, o b\u00e9 al banc i <\/span><b>portar el <\/b><b>\u00a0<\/b><b>comprovant <\/b><span style=\"font-weight: 400;\">bancari a la coordinadora del menjador.\u00a0\u00a0<\/span><\/li>\n<li><span style=\"font-weight: 400;\">Cada <\/span><b>rebut retornat es penalitzar\u00e0 amb 5,50 \u20ac, <\/b><span style=\"font-weight: 400;\">en concepte de despeses de gesti\u00f3 de la\u00a0 devoluci\u00f3.\u00a0<\/span><\/li>\n<\/ul>\n<h4><span style=\"color: #800080;\"><strong>INFORMACIONS de CONTACTE:<\/strong><\/span><\/h4>\n<p><b>Menjador Oficina <span style=\"font-weight: 400;\">93-674.50.16 (Emma) <strong><a href=\"mailto:menjador.montpalau@camposestela.com\">menjador.montpalau@camposestela.com<\/a><\/strong> ; <strong><a href=\"mailto:rebuts@camposestela.com\">rebuts@camposestela.com<\/a><\/strong><\/span><\/b><\/p>\n<p><span style=\"font-weight: 400;\"><b>COORDINACI\u00d3 A L&#8217;ESCOLA:\u00a0 <\/b>645152319 (Araceli) 93-674.50.16 (Emma) menjador.montpalau@camposestela.com rebuts@camposestela.com<\/span><\/p>\n<p>Per altres consultes, propostes i suggeriments\u00a0 podeu adre\u00e7ar-vos a:<\/p>\n<ul>\n<li style=\"list-style-type: none;\">\n<ul>\n<li>La direcci\u00f3 del centre: <a href=\"mailto:a8045033@xtec.cat\">a8045033@xtec.cat<\/a> \/ 93 762 4452<\/li>\n<li>L&#8217;AMPA de l&#8217;escola: <a href=\"mailto:ampamontpalau@gmail.com\">ampamontpalau@gmail.com<\/a><\/li>\n<li>La Sra. Sandra D\u00edas, representant de les fam\u00edlies al Consell Escolar:<a href=\"mailto:sdiasreis@hotmail.com\" target=\"_blank\" rel=\"noopener noreferrer\"> sdiasreis@hotmail.com<\/a><\/li>\n<\/ul>\n<\/li>\n<\/ul>\n<h5><a href=\"https:\/\/agora.xtec.cat\/ceip-montpalau-pineda\/wp-content\/uploads\/usu1776\/2021\/09\/instruccions-families-US-APP-v4.pdf\" target=\"_blank\" rel=\"https:\/\/agora.xtec.cat\/ceip-montpalau-pineda\/wp-content\/uploads\/usu1776\/2021\/09\/instruccions-families-US-APP-v4.pdf noopener\"><img loading=\"lazy\" decoding=\"async\" class=\"alignnone wp-image-5587 size-full\" src=\"https:\/\/agora.xtec.cat\/ceip-montpalau-pineda\/wp-content\/uploads\/usu1776\/2021\/09\/Captura-1.jpg\" alt=\"\" width=\"766\" height=\"139\" srcset=\"https:\/\/agora.xtec.cat\/ceip-montpalau-pineda\/wp-content\/uploads\/usu1776\/2021\/09\/Captura-1.jpg 766w, https:\/\/agora.xtec.cat\/ceip-montpalau-pineda\/wp-content\/uploads\/usu1776\/2021\/09\/Captura-1-300x54.jpg 300w\" sizes=\"auto, (max-width: 766px) 100vw, 766px\" \/><\/a><a href=\"https:\/\/www.instagram.com\/camposestelacom\/?hl=es\"><img loading=\"lazy\" decoding=\"async\" class=\"wp-image-6476 alignleft\" src=\"https:\/\/agora.xtec.cat\/ceip-montpalau-pineda\/wp-content\/uploads\/usu1776\/2023\/01\/pegatinas-coches-motos-logo-instagram.png\" alt=\"\" width=\"65\" height=\"65\" srcset=\"https:\/\/agora.xtec.cat\/ceip-montpalau-pineda\/wp-content\/uploads\/usu1776\/2023\/01\/pegatinas-coches-motos-logo-instagram.png 775w, https:\/\/agora.xtec.cat\/ceip-montpalau-pineda\/wp-content\/uploads\/usu1776\/2023\/01\/pegatinas-coches-motos-logo-instagram-300x300.png 300w, https:\/\/agora.xtec.cat\/ceip-montpalau-pineda\/wp-content\/uploads\/usu1776\/2023\/01\/pegatinas-coches-motos-logo-instagram-150x150.png 150w, https:\/\/agora.xtec.cat\/ceip-montpalau-pineda\/wp-content\/uploads\/usu1776\/2023\/01\/pegatinas-coches-motos-logo-instagram-768x768.png 768w\" sizes=\"auto, (max-width: 65px) 100vw, 65px\" \/><\/a><\/h5>\n<p>&nbsp;<\/p>\n<p>&nbsp;<\/p>\n<p>&nbsp;<\/p>\n","protected":false},"excerpt":{"rendered":"<p>\u00a0 \u00a0 MEN\u00da\u00a0 del MES El document El temps a l&#8217;Educaci\u00f3, del Consell Escolar de Catalunya, recull que la reforma hor\u00e0ria fixa els temps d&#8217;activitat, d&#8217;\u00e0pats i de descans en termes saludables i introdueix el concepte del temps de migdia com a temps educatiu. El servei de menjador de l\u2019escola Montpalau\u00a0 \u00e9s ent\u00e8s doncs com [&hellip;]<\/p>\n","protected":false},"author":1,"featured_media":0,"parent":66,"menu_order":20,"comment_status":"closed","ping_status":"closed","template":"page-templates\/side-menu.php","meta":{"_bbp_topic_count":0,"_bbp_reply_count":0,"_bbp_total_topic_count":0,"_bbp_total_reply_count":0,"_bbp_voice_count":0,"_bbp_anonymous_reply_count":0,"_bbp_topic_count_hidden":0,"_bbp_reply_count_hidden":0,"_bbp_forum_subforum_count":0,"site-sidebar-layout":"default","site-content-layout":"","ast-site-content-layout":"","site-content-style":"default","site-sidebar-style":"default","ast-global-header-display":"","ast-banner-title-visibility":"","ast-main-header-display":"","ast-hfb-above-header-display":"","ast-hfb-below-header-display":"","ast-hfb-mobile-header-display":"","site-post-title":"","ast-breadcrumbs-content":"","ast-featured-img":"","footer-sml-layout":"","theme-transparent-header-meta":"","adv-header-id-meta":"","stick-header-meta":"","header-above-stick-meta":"","header-main-stick-meta":"","header-below-stick-meta":"","astra-migrate-meta-layouts":"default","ast-page-background-enabled":"default","ast-page-background-meta":{"desktop":{"background-color":"var(--ast-global-color-4)","background-image":"","background-repeat":"repeat","background-position":"center center","background-size":"auto","background-attachment":"scroll","background-type":"","background-media":"","overlay-type":"","overlay-color":"","overlay-opacity":"","overlay-gradient":""},"tablet":{"background-color":"","background-image":"","background-repeat":"repeat","background-position":"center center","background-size":"auto","background-attachment":"scroll","background-type":"","background-media":"","overlay-type":"","overlay-color":"","overlay-opacity":"","overlay-gradient":""},"mobile":{"background-color":"","background-image":"","background-repeat":"repeat","background-position":"center center","background-size":"auto","background-attachment":"scroll","background-type":"","background-media":"","overlay-type":"","overlay-color":"","overlay-opacity":"","overlay-gradient":""}},"ast-content-background-meta":{"desktop":{"background-color":"var(--ast-global-color-5)","background-image":"","background-repeat":"repeat","background-position":"center center","background-size":"auto","background-attachment":"scroll","background-type":"","background-media":"","overlay-type":"","overlay-color":"","overlay-opacity":"","overlay-gradient":""},"tablet":{"background-color":"var(--ast-global-color-5)","background-image":"","background-repeat":"repeat","background-position":"center center","background-size":"auto","background-attachment":"scroll","background-type":"","background-media":"","overlay-type":"","overlay-color":"","overlay-opacity":"","overlay-gradient":""},"mobile":{"background-color":"var(--ast-global-color-5)","background-image":"","background-repeat":"repeat","background-position":"center center","background-size":"auto","background-attachment":"scroll","background-type":"","background-media":"","overlay-type":"","overlay-color":"","overlay-opacity":"","overlay-gradient":""}},"footnotes":""},"class_list":["post-73","page","type-page","status-publish","hentry"],"post_mailing_queue_ids":[],"_links":{"self":[{"href":"https:\/\/agora.xtec.cat\/ceip-montpalau-pineda\/wp-json\/wp\/v2\/pages\/73","targetHints":{"allow":["GET"]}}],"collection":[{"href":"https:\/\/agora.xtec.cat\/ceip-montpalau-pineda\/wp-json\/wp\/v2\/pages"}],"about":[{"href":"https:\/\/agora.xtec.cat\/ceip-montpalau-pineda\/wp-json\/wp\/v2\/types\/page"}],"author":[{"embeddable":true,"href":"https:\/\/agora.xtec.cat\/ceip-montpalau-pineda\/wp-json\/wp\/v2\/users\/1"}],"replies":[{"embeddable":true,"href":"https:\/\/agora.xtec.cat\/ceip-montpalau-pineda\/wp-json\/wp\/v2\/comments?post=73"}],"version-history":[{"count":7,"href":"https:\/\/agora.xtec.cat\/ceip-montpalau-pineda\/wp-json\/wp\/v2\/pages\/73\/revisions"}],"predecessor-version":[{"id":7330,"href":"https:\/\/agora.xtec.cat\/ceip-montpalau-pineda\/wp-json\/wp\/v2\/pages\/73\/revisions\/7330"}],"up":[{"embeddable":true,"href":"https:\/\/agora.xtec.cat\/ceip-montpalau-pineda\/wp-json\/wp\/v2\/pages\/66"}],"wp:attachment":[{"href":"https:\/\/agora.xtec.cat\/ceip-montpalau-pineda\/wp-json\/wp\/v2\/media?parent=73"}],"curies":[{"name":"wp","href":"https:\/\/api.w.org\/{rel}","templated":true}]}}