{"id":6191,"date":"2022-10-23T11:51:20","date_gmt":"2022-10-23T09:51:20","guid":{"rendered":"https:\/\/agora.xtec.cat\/ceip-montpalau-pineda\/?page_id=6191"},"modified":"2026-05-04T10:14:53","modified_gmt":"2026-05-04T08:14:53","slug":"espai-families","status":"publish","type":"page","link":"https:\/\/agora.xtec.cat\/ceip-montpalau-pineda\/lescola\/espai-families\/","title":{"rendered":"Espai Fam\u00edlies"},"content":{"rendered":"\n<p>Aquest espai ofereix recursos pensats per facilitar la participaci\u00f3 de les fam\u00edlies en la vida escolar i acompanyar l\u2019educaci\u00f3 dels infants i joves.<br>Hi trobareu orientacions, recomanacions i propostes formatives sobre diverses tem\u00e0tiques d\u2019inter\u00e8s educatiu, amb l\u2019objectiu de refor\u00e7ar la col\u00b7laboraci\u00f3 entre fam\u00edlia i escola i afavorir l\u2019\u00e8xit educatiu.<\/p>\n\n\n\n<p>M\u00e9s recursos al web del Departament d&#8217;Educaci\u00f3: <a href=\"https:\/\/educacio.gencat.cat\/ca\/arees-actuacio\/families\/\">https:\/\/educacio.gencat.cat\/ca\/arees-actuacio\/families\/<\/a><\/p>\n\n\n\n<figure class=\"wp-block-embed is-type-wp-embed is-provider-escola-montpalau wp-block-embed-escola-montpalau\"><div class=\"wp-block-embed__wrapper\">\n<blockquote class=\"wp-embedded-content\" data-secret=\"sO8tfshkKi\"><a href=\"https:\/\/agora.xtec.cat\/ceip-montpalau-pineda\/portada\/la-gestio-dels-videojocs-a-casa-transformant-el-temps-de-pantalles\/\">LA GESTI\u00d3 DELS VIDEOJOCS A CASA. Transformant el temps de pantalles.<\/a><\/blockquote><iframe loading=\"lazy\" class=\"wp-embedded-content\" sandbox=\"allow-scripts\" security=\"restricted\" style=\"position: absolute; visibility: hidden;\" title=\"&#8220;LA GESTI\u00d3 DELS VIDEOJOCS A CASA. Transformant el temps de pantalles.&#8221; &#8212; Escola Montpalau\" src=\"https:\/\/agora.xtec.cat\/ceip-montpalau-pineda\/portada\/la-gestio-dels-videojocs-a-casa-transformant-el-temps-de-pantalles\/embed\/#?secret=jaG3fFczWX#?secret=sO8tfshkKi\" data-secret=\"sO8tfshkKi\" width=\"500\" height=\"282\" frameborder=\"0\" marginwidth=\"0\" marginheight=\"0\" scrolling=\"no\"><\/iframe>\n<\/div><\/figure>\n\n\n\n<p><strong><a href=\"https:\/\/agora.xtec.cat\/ceip-montpalau-pineda\/wp-admin\/post.php?post=8032&amp;action=edit\">CLASSES DE CATAL\u00c0 A L&#8217;ESCOLA.<\/a><\/strong> Cada divendres de 15.00 h a 16.15 h.<\/p>\n\n\n\n<p>Conversa, catal\u00e0 llegit i escrit, aplicacions&#8230;<\/p>\n\n\n\n<p>Apunta&#8217;t a secretaria.<\/p>\n","protected":false},"excerpt":{"rendered":"<p>Aquest espai ofereix recursos pensats per facilitar la participaci\u00f3 de les fam\u00edlies en la vida escolar i acompanyar l\u2019educaci\u00f3 dels infants i joves.Hi trobareu orientacions, recomanacions i propostes formatives sobre diverses tem\u00e0tiques d\u2019inter\u00e8s educatiu, amb l\u2019objectiu de refor\u00e7ar la col\u00b7laboraci\u00f3 entre fam\u00edlia i escola i afavorir l\u2019\u00e8xit educatiu. M\u00e9s recursos al web del Departament d&#8217;Educaci\u00f3: [&hellip;]<\/p>\n","protected":false},"author":77,"featured_media":8030,"parent":22,"menu_order":90,"comment_status":"closed","ping_status":"closed","template":"","meta":{"_bbp_topic_count":0,"_bbp_reply_count":0,"_bbp_total_topic_count":0,"_bbp_total_reply_count":0,"_bbp_voice_count":0,"_bbp_anonymous_reply_count":0,"_bbp_topic_count_hidden":0,"_bbp_reply_count_hidden":0,"_bbp_forum_subforum_count":0,"site-sidebar-layout":"default","site-content-layout":"","ast-site-content-layout":"default","site-content-style":"default","site-sidebar-style":"default","ast-global-header-display":"","ast-banner-title-visibility":"","ast-main-header-display":"","ast-hfb-above-header-display":"","ast-hfb-below-header-display":"","ast-hfb-mobile-header-display":"","site-post-title":"","ast-breadcrumbs-content":"","ast-featured-img":"disabled","footer-sml-layout":"","theme-transparent-header-meta":"","adv-header-id-meta":"","stick-header-meta":"","header-above-stick-meta":"","header-main-stick-meta":"","header-below-stick-meta":"","astra-migrate-meta-layouts":"set","ast-page-background-enabled":"default","ast-page-background-meta":{"desktop":{"background-color":"var(--ast-global-color-4)","background-image":"","background-repeat":"repeat","background-position":"center center","background-size":"auto","background-attachment":"scroll","background-type":"","background-media":"","overlay-type":"","overlay-color":"","overlay-opacity":"","overlay-gradient":""},"tablet":{"background-color":"","background-image":"","background-repeat":"repeat","background-position":"center center","background-size":"auto","background-attachment":"scroll","background-type":"","background-media":"","overlay-type":"","overlay-color":"","overlay-opacity":"","overlay-gradient":""},"mobile":{"background-color":"","background-image":"","background-repeat":"repeat","background-position":"center center","background-size":"auto","background-attachment":"scroll","background-type":"","background-media":"","overlay-type":"","overlay-color":"","overlay-opacity":"","overlay-gradient":""}},"ast-content-background-meta":{"desktop":{"background-color":"var(--ast-global-color-5)","background-image":"","background-repeat":"repeat","background-position":"center center","background-size":"auto","background-attachment":"scroll","background-type":"","background-media":"","overlay-type":"","overlay-color":"","overlay-opacity":"","overlay-gradient":""},"tablet":{"background-color":"var(--ast-global-color-5)","background-image":"","background-repeat":"repeat","background-position":"center center","background-size":"auto","background-attachment":"scroll","background-type":"","background-media":"","overlay-type":"","overlay-color":"","overlay-opacity":"","overlay-gradient":""},"mobile":{"background-color":"var(--ast-global-color-5)","background-image":"","background-repeat":"repeat","background-position":"center center","background-size":"auto","background-attachment":"scroll","background-type":"","background-media":"","overlay-type":"","overlay-color":"","overlay-opacity":"","overlay-gradient":""}},"footnotes":""},"class_list":["post-6191","page","type-page","status-publish","has-post-thumbnail","hentry"],"post_mailing_queue_ids":[],"_links":{"self":[{"href":"https:\/\/agora.xtec.cat\/ceip-montpalau-pineda\/wp-json\/wp\/v2\/pages\/6191","targetHints":{"allow":["GET"]}}],"collection":[{"href":"https:\/\/agora.xtec.cat\/ceip-montpalau-pineda\/wp-json\/wp\/v2\/pages"}],"about":[{"href":"https:\/\/agora.xtec.cat\/ceip-montpalau-pineda\/wp-json\/wp\/v2\/types\/page"}],"author":[{"embeddable":true,"href":"https:\/\/agora.xtec.cat\/ceip-montpalau-pineda\/wp-json\/wp\/v2\/users\/77"}],"replies":[{"embeddable":true,"href":"https:\/\/agora.xtec.cat\/ceip-montpalau-pineda\/wp-json\/wp\/v2\/comments?post=6191"}],"version-history":[{"count":6,"href":"https:\/\/agora.xtec.cat\/ceip-montpalau-pineda\/wp-json\/wp\/v2\/pages\/6191\/revisions"}],"predecessor-version":[{"id":8231,"href":"https:\/\/agora.xtec.cat\/ceip-montpalau-pineda\/wp-json\/wp\/v2\/pages\/6191\/revisions\/8231"}],"up":[{"embeddable":true,"href":"https:\/\/agora.xtec.cat\/ceip-montpalau-pineda\/wp-json\/wp\/v2\/pages\/22"}],"wp:featuredmedia":[{"embeddable":true,"href":"https:\/\/agora.xtec.cat\/ceip-montpalau-pineda\/wp-json\/wp\/v2\/media\/8030"}],"wp:attachment":[{"href":"https:\/\/agora.xtec.cat\/ceip-montpalau-pineda\/wp-json\/wp\/v2\/media?parent=6191"}],"curies":[{"name":"wp","href":"https:\/\/api.w.org\/{rel}","templated":true}]}}