{"id":593,"date":"2019-07-01T17:02:41","date_gmt":"2019-07-01T15:02:41","guid":{"rendered":"http:\/\/agora.xtec.cat\/ceip-montpalau-pineda\/?page_id=593"},"modified":"2026-05-04T10:21:18","modified_gmt":"2026-05-04T08:21:18","slug":"nadal","status":"publish","type":"page","link":"https:\/\/agora.xtec.cat\/ceip-montpalau-pineda\/festes-i-tradicions\/nadal\/","title":{"rendered":"Nadal"},"content":{"rendered":"<h4><span style=\"text-decoration: underline;\">LES TRADICIONS DE NADAL<\/span><\/h4>\n<p>Cada pa\u00eds t\u00e9 les seves pr\u00f2pies tradicions que de vegades tenen un gran contingut religi\u00f3s i d\u2019altres representen el culte a la natura. A la nostra escola celebrem tots algunes d&#8217;aquestes tradicions:<\/p>\n<p><span style=\"text-decoration: underline;\"><strong>Ambientaci\u00f3 de Nadal<\/strong><\/span><\/p>\n<p><img loading=\"lazy\" decoding=\"async\" class=\"wp-image-594 alignleft\" src=\"https:\/\/agora.xtec.cat\/ceip-montpalau-pineda\/wp-content\/uploads\/usu1776\/2019\/07\/decoracio-nadal-pinya.jpg\" alt=\"\" width=\"126\" height=\"109\" srcset=\"https:\/\/agora.xtec.cat\/ceip-montpalau-pineda\/wp-content\/uploads\/usu1776\/2019\/07\/decoracio-nadal-pinya.jpg 750w, https:\/\/agora.xtec.cat\/ceip-montpalau-pineda\/wp-content\/uploads\/usu1776\/2019\/07\/decoracio-nadal-pinya-300x260.jpg 300w\" sizes=\"auto, (max-width: 126px) 100vw, 126px\" \/><\/p>\n<p>Tots els alumnes de l&#8217;escola fan diferents activitats i treballs per decorar l&#8217;escola.<\/p>\n<p>Fem postals de Nadal per a les fam\u00edlies, detalls de Nadal i coneixem alguns poemes.<\/p>\n<p><span style=\"text-decoration: underline;\"><strong>Calendari d&#8217;Advent<\/strong><\/span><\/p>\n<p>Tenim un arbre ben gran a l&#8217;escola que \u00e9s un Calendari d&#8217;Advent en el qual hi ha una bossa amb el n\u00famero del dia corresponent al mes de desembre. Quan arriba el dia, cada classe sap quin dia ha d&#8217;anar al calendari a buscar qu\u00e8 hi ha a la bossa del dia que els ha tocat. Cada classe t\u00e9 dues bosses del calendari amb alguns jocs o detalls llaminers.<\/p>\n<p><span style=\"text-decoration: underline;\"><strong>Fem cagar el Ti\u00f3<\/strong><\/span><\/p>\n<p><img loading=\"lazy\" decoding=\"async\" class=\"wp-image-595 alignleft\" src=\"https:\/\/agora.xtec.cat\/ceip-montpalau-pineda\/wp-content\/uploads\/usu1776\/2019\/07\/caga-tio.png\" alt=\"\" width=\"137\" height=\"92\" srcset=\"https:\/\/agora.xtec.cat\/ceip-montpalau-pineda\/wp-content\/uploads\/usu1776\/2019\/07\/caga-tio.png 400w, https:\/\/agora.xtec.cat\/ceip-montpalau-pineda\/wp-content\/uploads\/usu1776\/2019\/07\/caga-tio-300x200.png 300w\" sizes=\"auto, (max-width: 137px) 100vw, 137px\" \/>Amb els m\u00e9s petits de l&#8217;escola fem cagar el Ti\u00f3. Quan arriba el Ti\u00f3 a l&#8217;escola el tapem amb una manta i cada dia li donem entre tots i totes de menjar. Quan arriba el dia, els nens i nenes\u00a0piquen el tronc amb bastons i canten una can\u00e7\u00f3 perqu\u00e8 el Ti\u00f3 cagui els regals que t\u00e9 amagats. Finalment, s\u2019aixeca la manta que el cobreix i s\u2019agafa el regal que ha cagat.<\/p>\n<p><span style=\"text-decoration: underline;\"><strong>Cantada de Nadales<\/strong><\/span><\/p>\n<p><img loading=\"lazy\" decoding=\"async\" class=\"wp-image-596 alignleft\" src=\"https:\/\/agora.xtec.cat\/ceip-montpalau-pineda\/wp-content\/uploads\/usu1776\/2019\/07\/20b9ab69afe734dcb3d32bcbef3ca4cd.png\" alt=\"\" width=\"146\" height=\"136\" srcset=\"https:\/\/agora.xtec.cat\/ceip-montpalau-pineda\/wp-content\/uploads\/usu1776\/2019\/07\/20b9ab69afe734dcb3d32bcbef3ca4cd.png 505w, https:\/\/agora.xtec.cat\/ceip-montpalau-pineda\/wp-content\/uploads\/usu1776\/2019\/07\/20b9ab69afe734dcb3d32bcbef3ca4cd-300x279.png 300w\" sizes=\"auto, (max-width: 146px) 100vw, 146px\" \/>Durant setmanes els nens i nenes de l&#8217;escola aprenen i assajen can\u00e7ons nadalenques que interpreten durant l&#8217;\u00faltima setmana abans de les vacances de Nadal a les tardes (de 15:00 a 16:30h.) Les fam\u00edlies estan convidades a venir a veure als infants.<\/p>\n<p>Finalment, l&#8217;\u00faltim dia tots els nenes i nenes de l&#8217;escola sortim al barri a fer les cantades i fer aquest regal a tota la gent del nostre barri (o algunes, perqu\u00e8 s\u00f3n moltes).<\/p>\n<p><span style=\"text-decoration: underline;\"><strong>Sensibilitzaci\u00f3 amb la Marat\u00f3 de TV3<\/strong><\/span><\/p>\n<p><img loading=\"lazy\" decoding=\"async\" class=\"wp-image-598 alignleft\" src=\"https:\/\/agora.xtec.cat\/ceip-montpalau-pineda\/wp-content\/uploads\/usu1776\/2019\/07\/1511334_585250541559221_1462189579_n.jpg\" alt=\"\" width=\"121\" height=\"97\" srcset=\"https:\/\/agora.xtec.cat\/ceip-montpalau-pineda\/wp-content\/uploads\/usu1776\/2019\/07\/1511334_585250541559221_1462189579_n.jpg 960w, https:\/\/agora.xtec.cat\/ceip-montpalau-pineda\/wp-content\/uploads\/usu1776\/2019\/07\/1511334_585250541559221_1462189579_n-300x241.jpg 300w, https:\/\/agora.xtec.cat\/ceip-montpalau-pineda\/wp-content\/uploads\/usu1776\/2019\/07\/1511334_585250541559221_1462189579_n-768x618.jpg 768w\" sizes=\"auto, (max-width: 121px) 100vw, 121px\" \/>Amb la intenci\u00f3 de col\u00b7laborar amb la causa de la Marat\u00f3, l&#8217;escola organitza berenars solidaris amb coques i pastissos fets per les fam\u00edlies. Durant l&#8217;\u00faltima setmana abans de les vacances de Nadal, a partir de les 16:30 h. s&#8217;ofereixen els berenars solidaris per recaptar diners.<\/p>\n<p>Us animem a tastar-los, segur que no sabreu qu\u00e8 escollir!<\/p>\n<p><span style=\"text-decoration: underline;\"><strong>Foto de grup<\/strong><\/span><\/p>\n<p><img loading=\"lazy\" decoding=\"async\" class=\"wp-image-599 alignleft\" src=\"https:\/\/agora.xtec.cat\/ceip-montpalau-pineda\/wp-content\/uploads\/usu1776\/2019\/07\/fotografo.jpg\" alt=\"\" width=\"127\" height=\"95\" srcset=\"https:\/\/agora.xtec.cat\/ceip-montpalau-pineda\/wp-content\/uploads\/usu1776\/2019\/07\/fotografo.jpg 600w, https:\/\/agora.xtec.cat\/ceip-montpalau-pineda\/wp-content\/uploads\/usu1776\/2019\/07\/fotografo-300x225.jpg 300w, https:\/\/agora.xtec.cat\/ceip-montpalau-pineda\/wp-content\/uploads\/usu1776\/2019\/07\/fotografo-200x150.jpg 200w\" sizes=\"auto, (max-width: 127px) 100vw, 127px\" \/>Amb la intenci\u00f3 de tenir un bon record del curs escolar, aprofitem aquests dies per fer la foto del grup classe.<\/p>\n<p>Aquell dia els nens i nenes de l&#8217;escola venen ben guapos i guapes per l&#8217;ocasi\u00f3.<\/p>\n","protected":false},"excerpt":{"rendered":"<p>LES TRADICIONS DE NADAL Cada pa\u00eds t\u00e9 les seves pr\u00f2pies tradicions que de vegades tenen un gran contingut religi\u00f3s i d\u2019altres representen el culte a la natura. A la nostra escola celebrem tots algunes d&#8217;aquestes tradicions: Ambientaci\u00f3 de Nadal Tots els alumnes de l&#8217;escola fan diferents activitats i treballs per decorar l&#8217;escola. Fem postals de [&hellip;]<\/p>\n","protected":false},"author":1,"featured_media":0,"parent":565,"menu_order":20,"comment_status":"closed","ping_status":"closed","template":"","meta":{"_bbp_topic_count":0,"_bbp_reply_count":0,"_bbp_total_topic_count":0,"_bbp_total_reply_count":0,"_bbp_voice_count":0,"_bbp_anonymous_reply_count":0,"_bbp_topic_count_hidden":0,"_bbp_reply_count_hidden":0,"_bbp_forum_subforum_count":0,"site-sidebar-layout":"default","site-content-layout":"","ast-site-content-layout":"default","site-content-style":"default","site-sidebar-style":"default","ast-global-header-display":"","ast-banner-title-visibility":"","ast-main-header-display":"","ast-hfb-above-header-display":"","ast-hfb-below-header-display":"","ast-hfb-mobile-header-display":"","site-post-title":"","ast-breadcrumbs-content":"","ast-featured-img":"","footer-sml-layout":"","theme-transparent-header-meta":"","adv-header-id-meta":"","stick-header-meta":"","header-above-stick-meta":"","header-main-stick-meta":"","header-below-stick-meta":"","astra-migrate-meta-layouts":"set","ast-page-background-enabled":"default","ast-page-background-meta":{"desktop":{"background-color":"var(--ast-global-color-4)","background-image":"","background-repeat":"repeat","background-position":"center center","background-size":"auto","background-attachment":"scroll","background-type":"","background-media":"","overlay-type":"","overlay-color":"","overlay-opacity":"","overlay-gradient":""},"tablet":{"background-color":"","background-image":"","background-repeat":"repeat","background-position":"center center","background-size":"auto","background-attachment":"scroll","background-type":"","background-media":"","overlay-type":"","overlay-color":"","overlay-opacity":"","overlay-gradient":""},"mobile":{"background-color":"","background-image":"","background-repeat":"repeat","background-position":"center center","background-size":"auto","background-attachment":"scroll","background-type":"","background-media":"","overlay-type":"","overlay-color":"","overlay-opacity":"","overlay-gradient":""}},"ast-content-background-meta":{"desktop":{"background-color":"var(--ast-global-color-5)","background-image":"","background-repeat":"repeat","background-position":"center center","background-size":"auto","background-attachment":"scroll","background-type":"","background-media":"","overlay-type":"","overlay-color":"","overlay-opacity":"","overlay-gradient":""},"tablet":{"background-color":"var(--ast-global-color-5)","background-image":"","background-repeat":"repeat","background-position":"center center","background-size":"auto","background-attachment":"scroll","background-type":"","background-media":"","overlay-type":"","overlay-color":"","overlay-opacity":"","overlay-gradient":""},"mobile":{"background-color":"var(--ast-global-color-5)","background-image":"","background-repeat":"repeat","background-position":"center center","background-size":"auto","background-attachment":"scroll","background-type":"","background-media":"","overlay-type":"","overlay-color":"","overlay-opacity":"","overlay-gradient":""}},"footnotes":""},"class_list":["post-593","page","type-page","status-publish","hentry"],"post_mailing_queue_ids":[],"_links":{"self":[{"href":"https:\/\/agora.xtec.cat\/ceip-montpalau-pineda\/wp-json\/wp\/v2\/pages\/593","targetHints":{"allow":["GET"]}}],"collection":[{"href":"https:\/\/agora.xtec.cat\/ceip-montpalau-pineda\/wp-json\/wp\/v2\/pages"}],"about":[{"href":"https:\/\/agora.xtec.cat\/ceip-montpalau-pineda\/wp-json\/wp\/v2\/types\/page"}],"author":[{"embeddable":true,"href":"https:\/\/agora.xtec.cat\/ceip-montpalau-pineda\/wp-json\/wp\/v2\/users\/1"}],"replies":[{"embeddable":true,"href":"https:\/\/agora.xtec.cat\/ceip-montpalau-pineda\/wp-json\/wp\/v2\/comments?post=593"}],"version-history":[{"count":3,"href":"https:\/\/agora.xtec.cat\/ceip-montpalau-pineda\/wp-json\/wp\/v2\/pages\/593\/revisions"}],"predecessor-version":[{"id":8232,"href":"https:\/\/agora.xtec.cat\/ceip-montpalau-pineda\/wp-json\/wp\/v2\/pages\/593\/revisions\/8232"}],"up":[{"embeddable":true,"href":"https:\/\/agora.xtec.cat\/ceip-montpalau-pineda\/wp-json\/wp\/v2\/pages\/565"}],"wp:attachment":[{"href":"https:\/\/agora.xtec.cat\/ceip-montpalau-pineda\/wp-json\/wp\/v2\/media?parent=593"}],"curies":[{"name":"wp","href":"https:\/\/api.w.org\/{rel}","templated":true}]}}