{"id":580,"date":"2019-07-01T15:17:24","date_gmt":"2019-07-01T13:17:24","guid":{"rendered":"http:\/\/agora.xtec.cat\/ceip-montpalau-pineda\/?page_id=580"},"modified":"2020-01-27T12:39:11","modified_gmt":"2020-01-27T11:39:11","slug":"castanyada-curs-2016-2017","status":"publish","type":"page","link":"https:\/\/agora.xtec.cat\/ceip-montpalau-pineda\/festes-i-tradicions\/la-castanyada\/castanyada-curs-2016-2017\/","title":{"rendered":"Celebracions de la castanyada &#8211; Fotos, v\u00eddeos&#8230;"},"content":{"rendered":"<h4><strong><span style=\"text-decoration: underline;\">CURS 2019 &#8211; 2020<\/span><\/strong><\/h4>\n<h4><\/h4>\n<p><strong>CASTANYADA 2019<\/strong><\/p>\n<p>Aqu\u00ed teniu el v\u00eddeo i algunes fotos de la FESTA DE LA CASTANYADA d&#8217;aquest curs. Esperem que us agradi!<\/p>\n<div class=\"ast-oembed-container \" style=\"height: 100%;\"><iframe loading=\"lazy\" title=\"Castanyada 19\/20\" width=\"500\" height=\"281\" src=\"https:\/\/www.youtube.com\/embed\/jJKD2ox29dg?feature=oembed\" frameborder=\"0\" allow=\"accelerometer; autoplay; clipboard-write; encrypted-media; gyroscope; picture-in-picture; web-share\" referrerpolicy=\"strict-origin-when-cross-origin\" allowfullscreen><\/iframe><\/div>\n<p>EDUCACI\u00d3 INFANTIL:<\/p>\n<p><a href=\"https:\/\/drive.google.com\/drive\/folders\/1mvJ-AUYM7cW2vlpz0kvxPWGS_FhlC1vL?usp=sharing\">https:\/\/drive.google.com\/drive\/folders\/1mvJ-AUYM7cW2vlpz0kvxPWGS_FhlC1vL?usp=sharing<\/a><\/p>\n<p>TEATRE DE LA CASTANYERA INFANTIL I CI:<\/p>\n<p><a href=\"https:\/\/drive.google.com\/drive\/folders\/1Q7QTwqdZ79_8iS99Bt6Vk7XyZ4Hy7Q4w?usp=sharing\">https:\/\/drive.google.com\/drive\/folders\/1Q7QTwqdZ79_8iS99Bt6Vk7XyZ4Hy7Q4w?usp=sharing<\/a><\/p>\n<p>CASTANYADA PRIM\u00c0RIA I INFANTIL:<\/p>\n<p><a href=\"https:\/\/drive.google.com\/drive\/folders\/1IgWh5rQ1ZXZsWeKdVZNuATOEGwXJDcPc?usp=sharing\">https:\/\/drive.google.com\/drive\/folders\/1IgWh5rQ1ZXZsWeKdVZNuATOEGwXJDcPc?usp=sharing<\/a><\/p>\n<h4><span style=\"text-decoration: underline;\"><strong>CURS 2018 \u2013 2019<\/strong><\/span><\/h4>\n<p>Hola a tothom,<\/p>\n<p>Com ja sabeu la sortida de la\u00a0<strong>castanyada 2018<\/strong>\u00a0es va anul\u00b7lar per mal temps. No obstant, a l\u2019escola van fer una petita celebraci\u00f3 amb els m\u00e9s petits vestits de castanyers i castanyeres. S\u2019ho van passar molt b\u00e9 i varen menjar castanyes.<\/p>\n<p>Tamb\u00e9 es van fer panellets a Infantil amb l\u2019ajuda d\u2019algunes fam\u00edlies.<\/p>\n<p>Infantil i Cicle Inicial van gaudir del teatre de la CASTANYERA representat per un grup de pares i mares.<\/p>\n<p>Aqu\u00ed us deixem l\u2019enlla\u00e7 d\u2019algunes de les fotografies que es van fer.<\/p>\n<p><a href=\"https:\/\/drive.google.com\/drive\/folders\/12R7A2cI4YVfG2-aCUyUzxINPdVaojkyQ?usp=sharing\">https:\/\/drive.google.com\/drive\/folders\/12R7A2cI4YVfG2-aCUyUzxINPdVaojkyQ?usp=sharing<\/a><\/p>\n<p><a href=\"https:\/\/drive.google.com\/drive\/folders\/1ebJtthVAUtIPXIvMZUk_MtJCezaoER9t?usp=sharing\">https:\/\/drive.google.com\/drive\/folders\/1ebJtthVAUtIPXIvMZUk_MtJCezaoER9t?usp=sharing<\/a><\/p>\n<p>Els alumnes de Prim\u00e0ria tamb\u00e9 van menjar castanyes a la tarda i varen gaudir d\u2019una estona de jocs a les aules.<\/p>\n<p>Gr\u00e0cies a tots els voluntaris i volunt\u00e0ries per la vostra col\u00b7laboraci\u00f3.<\/p>\n<h4><span style=\"text-decoration: underline;\"><strong>CURS 2017 \u2013 2018<\/strong><\/span><\/h4>\n<p>Hola a tothom,<\/p>\n<p>Ja tenim les fotos de les diferents activitats que es van fer a l\u2019escola al voltant de la\u00a0<strong>CASTANYADA. <\/strong>Us deixem els seg\u00fcents enlla\u00e7os d&#8217;algunes fotos:<\/p>\n<p><strong>EDUCACI\u00d3 INFANTIL<\/strong><\/p>\n<p>Panallets:\u00a0<a href=\"https:\/\/photos.app.goo.gl\/RSNlTzDlkHZTZpQ23\">https:\/\/photos.app.goo.gl\/RSNlTzDlkHZTZpQ23<\/a><\/p>\n<p>Castanyers i castanyeres:\u00a0<a href=\"https:\/\/photos.app.goo.gl\/YtWRziG8yAfAfWhR2\">https:\/\/photos.app.goo.gl\/YtWRziG8yAfAfWhR2<\/a><\/p>\n<p><strong>EDUCACI\u00d3 INFANTIL I CICLE INICIAL<\/strong><\/p>\n<p>Teatre de la castanyera:<a href=\"https:\/\/photos.app.goo.gl\/HSLGfWbavGQSRpwx2\">https:\/\/photos.app.goo.gl\/HSLGfWbavGQSRpwx2<\/a><\/p>\n<p><strong>EDUCACI\u00d3 PRIM\u00c0RIA<\/strong><\/p>\n<p><a href=\"https:\/\/photos.app.goo.gl\/iTmvV6HFKqB5M0vZ2\">https:\/\/photos.app.goo.gl\/iTmvV6HFKqB5M0vZ2<\/a><\/p>\n<p>&nbsp;<\/p>\n<p>&nbsp;<\/p>\n","protected":false},"excerpt":{"rendered":"<p>CURS 2019 &#8211; 2020 CASTANYADA 2019 Aqu\u00ed teniu el v\u00eddeo i algunes fotos de la FESTA DE LA CASTANYADA d&#8217;aquest curs. Esperem que us agradi! EDUCACI\u00d3 INFANTIL: https:\/\/drive.google.com\/drive\/folders\/1mvJ-AUYM7cW2vlpz0kvxPWGS_FhlC1vL?usp=sharing TEATRE DE LA CASTANYERA INFANTIL I CI: https:\/\/drive.google.com\/drive\/folders\/1Q7QTwqdZ79_8iS99Bt6Vk7XyZ4Hy7Q4w?usp=sharing CASTANYADA PRIM\u00c0RIA I INFANTIL: https:\/\/drive.google.com\/drive\/folders\/1IgWh5rQ1ZXZsWeKdVZNuATOEGwXJDcPc?usp=sharing CURS 2018 \u2013 2019 Hola a tothom, Com ja sabeu la sortida de la\u00a0castanyada [&hellip;]<\/p>\n","protected":false},"author":1,"featured_media":0,"parent":577,"menu_order":10,"comment_status":"closed","ping_status":"closed","template":"page-templates\/side-menu.php","meta":{"_bbp_topic_count":0,"_bbp_reply_count":0,"_bbp_total_topic_count":0,"_bbp_total_reply_count":0,"_bbp_voice_count":0,"_bbp_anonymous_reply_count":0,"_bbp_topic_count_hidden":0,"_bbp_reply_count_hidden":0,"_bbp_forum_subforum_count":0,"site-sidebar-layout":"default","site-content-layout":"","ast-site-content-layout":"","site-content-style":"default","site-sidebar-style":"default","ast-global-header-display":"","ast-banner-title-visibility":"","ast-main-header-display":"","ast-hfb-above-header-display":"","ast-hfb-below-header-display":"","ast-hfb-mobile-header-display":"","site-post-title":"","ast-breadcrumbs-content":"","ast-featured-img":"","footer-sml-layout":"","theme-transparent-header-meta":"","adv-header-id-meta":"","stick-header-meta":"","header-above-stick-meta":"","header-main-stick-meta":"","header-below-stick-meta":"","astra-migrate-meta-layouts":"default","ast-page-background-enabled":"default","ast-page-background-meta":{"desktop":{"background-color":"var(--ast-global-color-4)","background-image":"","background-repeat":"repeat","background-position":"center center","background-size":"auto","background-attachment":"scroll","background-type":"","background-media":"","overlay-type":"","overlay-color":"","overlay-opacity":"","overlay-gradient":""},"tablet":{"background-color":"","background-image":"","background-repeat":"repeat","background-position":"center center","background-size":"auto","background-attachment":"scroll","background-type":"","background-media":"","overlay-type":"","overlay-color":"","overlay-opacity":"","overlay-gradient":""},"mobile":{"background-color":"","background-image":"","background-repeat":"repeat","background-position":"center center","background-size":"auto","background-attachment":"scroll","background-type":"","background-media":"","overlay-type":"","overlay-color":"","overlay-opacity":"","overlay-gradient":""}},"ast-content-background-meta":{"desktop":{"background-color":"var(--ast-global-color-5)","background-image":"","background-repeat":"repeat","background-position":"center center","background-size":"auto","background-attachment":"scroll","background-type":"","background-media":"","overlay-type":"","overlay-color":"","overlay-opacity":"","overlay-gradient":""},"tablet":{"background-color":"var(--ast-global-color-5)","background-image":"","background-repeat":"repeat","background-position":"center center","background-size":"auto","background-attachment":"scroll","background-type":"","background-media":"","overlay-type":"","overlay-color":"","overlay-opacity":"","overlay-gradient":""},"mobile":{"background-color":"var(--ast-global-color-5)","background-image":"","background-repeat":"repeat","background-position":"center center","background-size":"auto","background-attachment":"scroll","background-type":"","background-media":"","overlay-type":"","overlay-color":"","overlay-opacity":"","overlay-gradient":""}},"footnotes":""},"class_list":["post-580","page","type-page","status-publish","hentry"],"post_mailing_queue_ids":[],"_links":{"self":[{"href":"https:\/\/agora.xtec.cat\/ceip-montpalau-pineda\/wp-json\/wp\/v2\/pages\/580","targetHints":{"allow":["GET"]}}],"collection":[{"href":"https:\/\/agora.xtec.cat\/ceip-montpalau-pineda\/wp-json\/wp\/v2\/pages"}],"about":[{"href":"https:\/\/agora.xtec.cat\/ceip-montpalau-pineda\/wp-json\/wp\/v2\/types\/page"}],"author":[{"embeddable":true,"href":"https:\/\/agora.xtec.cat\/ceip-montpalau-pineda\/wp-json\/wp\/v2\/users\/1"}],"replies":[{"embeddable":true,"href":"https:\/\/agora.xtec.cat\/ceip-montpalau-pineda\/wp-json\/wp\/v2\/comments?post=580"}],"version-history":[{"count":0,"href":"https:\/\/agora.xtec.cat\/ceip-montpalau-pineda\/wp-json\/wp\/v2\/pages\/580\/revisions"}],"up":[{"embeddable":true,"href":"https:\/\/agora.xtec.cat\/ceip-montpalau-pineda\/wp-json\/wp\/v2\/pages\/577"}],"wp:attachment":[{"href":"https:\/\/agora.xtec.cat\/ceip-montpalau-pineda\/wp-json\/wp\/v2\/media?parent=580"}],"curies":[{"name":"wp","href":"https:\/\/api.w.org\/{rel}","templated":true}]}}