{"id":558,"date":"2019-07-01T14:11:48","date_gmt":"2019-07-01T12:11:48","guid":{"rendered":"http:\/\/agora.xtec.cat\/ceip-montpalau-pineda\/?page_id=558"},"modified":"2025-09-10T17:27:41","modified_gmt":"2025-09-10T15:27:41","slug":"equip-docent","status":"publish","type":"page","link":"https:\/\/agora.xtec.cat\/ceip-montpalau-pineda\/lescola\/equip-docent\/","title":{"rendered":"Equip Docent"},"content":{"rendered":"<h2>CURS 2025-2026<\/h2>\n<h4><strong>TUTORIES I MESTRES DE SUPORT<\/strong><\/h4>\n<ul>\n<li>\n<h5><strong><span style=\"text-decoration: underline;\">EDUCACI\u00d3 INFANTIL<\/span>:\u00a0<\/strong><\/h5>\n<ul>\n<li><strong>I3 &#8211; <\/strong>L\u00eddia Bachs<\/li>\n<li><strong>I4 &#8211; <\/strong>Raquel Vidal<\/li>\n<li><strong>I5 &#8211;<\/strong> M. Alba L\u00f3pez<\/li>\n<li><strong>Suports &#8211;<\/strong>\u00a0 Emily Rojas i Eli Santiago<\/li>\n<li><strong style=\"font-family: inherit; font-size: 1em;\">T\u00e8cnica d\u2019Educaci\u00f3 Infantil &#8211;<\/strong><span style=\"font-family: inherit; font-size: 1em;\">\u00a0N\u00faria Barbero<\/span><\/li>\n<\/ul>\n<\/li>\n<\/ul>\n<ul>\n<li>\n<h5><strong><span style=\"text-decoration: underline;\">EDUCACI\u00d3 PRIM\u00c0RIA:<\/span>\u00a0<\/strong><\/h5>\n<ul>\n<li><strong>PRI1 &#8211; <\/strong>Ver\u00f3nica Duran<\/li>\n<li><strong>PRI2 &#8211;<\/strong> V\u00edctor Garc\u00eda i Ra\u00fal Miranda\u00a0<\/li>\n<li><strong>PRI3- <\/strong>\u00a0L\u00eddia Buch i Naiara Culebras<\/li>\n<li><strong>PRI4 &#8211;<\/strong> \u00c1ngel Vadillo i B\u00e1rbara Ferrer<\/li>\n<li><strong>PRI5 &#8211; <\/strong>Lara Beltran<\/li>\n<li><strong>PRI6 &#8211; <\/strong>Marina Llobet<\/li>\n<li><strong>Mestres de suport i refor\u00e7: <\/strong>Isaac Carre\u00f1o, Antoni Igl\u00e9sias, Dolors Nogueras, Rudi Rodr\u00edguez, Ikram Zaytouni.<\/li>\n<li><strong>Mestres SIEI<\/strong> &#8211;\u00a0 S\u00edlvia Serret i Sandra Rosado<\/li>\n<li><strong>Aula d&#8217;acollida: <\/strong>Ikram Zaytouni<\/li>\n<\/ul>\n<\/li>\n<\/ul>\n<ul>\n<li><strong>COORDINADORS<\/strong>\n<ul>\n<li><strong>Educaci\u00f3 Infantil:<\/strong> L\u00eddia Bachs<\/li>\n<li><strong>Educaci\u00f3 Prim\u00e0ria<\/strong>: Isaac Carre\u00f1o<\/li>\n<\/ul>\n<\/li>\n<\/ul>\n<h4><strong>MESTRES ESPECIALISTES I PERSONAL DE SUPORT EDUCATIU<\/strong><\/h4>\n<ul>\n<li style=\"list-style-type: none;\">\n<ul>\n<li><strong>Llengua anglesa EP + Science CS &#8211;<\/strong> Gl\u00f2ria Men\u00e9ndez<\/li>\n<li><strong>Llengua anglesa EI &#8211; <\/strong>Emilia Rojas<\/li>\n<li><strong>Rob\u00f2tica &#8211; <\/strong>V\u00edctor Garc\u00eda (CI), \u00c1ngel Vadillo (CM) i\u00a0 Rudi Rodr\u00edguez (CS).<\/li>\n<li><strong>Programa Florence<\/strong> &#8211; \u00c1ngel Vadillo<\/li>\n<li><strong>Educaci\u00f3 F\u00edsica &#8211; <\/strong>Isaac Carre\u00f1o, Rudi Rodr\u00edguez i Emily Rojas (Psicomotricitat EI)<\/li>\n<li><strong>Taller de medi<\/strong>\u00a0<strong>&#8211;<\/strong> Isaac Carre\u00f1o<\/li>\n<li><strong>Diversitat &#8211;<\/strong> A\u00efda Banet, Lara Beltr\u00e1n i S\u00edlvia Serret<\/li>\n<li><strong>Educaci\u00f3 Musical &#8211;<\/strong> Dolors Nogueras (EP) i Ikram Zaytouni (EI)<\/li>\n<li><strong>Religi\u00f3 Cat\u00f2lica &#8211;<\/strong> Antoni Iglesias<\/li>\n<\/ul>\n<\/li>\n<\/ul>\n<ul>\n<li style=\"list-style-type: none;\">\n<ul>\n<li><strong>Vetlladores &#8211;<\/strong> \u00c0frica Gonz\u00e0lez i Araceli Pozuelo<\/li>\n<\/ul>\n<\/li>\n<\/ul>\n\n\n<p><\/p>\n","protected":false},"excerpt":{"rendered":"<p>CURS 2025-2026 TUTORIES I MESTRES DE SUPORT EDUCACI\u00d3 INFANTIL:\u00a0 I3 &#8211; L\u00eddia Bachs I4 &#8211; Raquel Vidal I5 &#8211; M. Alba L\u00f3pez Suports &#8211;\u00a0 Emily Rojas i Eli Santiago T\u00e8cnica d\u2019Educaci\u00f3 Infantil &#8211;\u00a0N\u00faria Barbero EDUCACI\u00d3 PRIM\u00c0RIA:\u00a0 PRI1 &#8211; Ver\u00f3nica Duran PRI2 &#8211; V\u00edctor Garc\u00eda i Ra\u00fal Miranda\u00a0 PRI3- \u00a0L\u00eddia Buch i Naiara Culebras PRI4 &#8211; [&hellip;]<\/p>\n","protected":false},"author":1,"featured_media":0,"parent":22,"menu_order":40,"comment_status":"closed","ping_status":"closed","template":"","meta":{"_bbp_topic_count":0,"_bbp_reply_count":0,"_bbp_total_topic_count":0,"_bbp_total_reply_count":0,"_bbp_voice_count":0,"_bbp_anonymous_reply_count":0,"_bbp_topic_count_hidden":0,"_bbp_reply_count_hidden":0,"_bbp_forum_subforum_count":0,"site-sidebar-layout":"default","site-content-layout":"","ast-site-content-layout":"default","site-content-style":"default","site-sidebar-style":"default","ast-global-header-display":"","ast-banner-title-visibility":"","ast-main-header-display":"","ast-hfb-above-header-display":"","ast-hfb-below-header-display":"","ast-hfb-mobile-header-display":"","site-post-title":"","ast-breadcrumbs-content":"","ast-featured-img":"","footer-sml-layout":"","theme-transparent-header-meta":"","adv-header-id-meta":"","stick-header-meta":"","header-above-stick-meta":"","header-main-stick-meta":"","header-below-stick-meta":"","astra-migrate-meta-layouts":"set","ast-page-background-enabled":"default","ast-page-background-meta":{"desktop":{"background-color":"var(--ast-global-color-4)","background-image":"","background-repeat":"repeat","background-position":"center center","background-size":"auto","background-attachment":"scroll","background-type":"","background-media":"","overlay-type":"","overlay-color":"","overlay-opacity":"","overlay-gradient":""},"tablet":{"background-color":"","background-image":"","background-repeat":"repeat","background-position":"center center","background-size":"auto","background-attachment":"scroll","background-type":"","background-media":"","overlay-type":"","overlay-color":"","overlay-opacity":"","overlay-gradient":""},"mobile":{"background-color":"","background-image":"","background-repeat":"repeat","background-position":"center center","background-size":"auto","background-attachment":"scroll","background-type":"","background-media":"","overlay-type":"","overlay-color":"","overlay-opacity":"","overlay-gradient":""}},"ast-content-background-meta":{"desktop":{"background-color":"var(--ast-global-color-5)","background-image":"","background-repeat":"repeat","background-position":"center center","background-size":"auto","background-attachment":"scroll","background-type":"","background-media":"","overlay-type":"","overlay-color":"","overlay-opacity":"","overlay-gradient":""},"tablet":{"background-color":"var(--ast-global-color-5)","background-image":"","background-repeat":"repeat","background-position":"center center","background-size":"auto","background-attachment":"scroll","background-type":"","background-media":"","overlay-type":"","overlay-color":"","overlay-opacity":"","overlay-gradient":""},"mobile":{"background-color":"var(--ast-global-color-5)","background-image":"","background-repeat":"repeat","background-position":"center center","background-size":"auto","background-attachment":"scroll","background-type":"","background-media":"","overlay-type":"","overlay-color":"","overlay-opacity":"","overlay-gradient":""}},"footnotes":""},"class_list":["post-558","page","type-page","status-publish","hentry"],"post_mailing_queue_ids":[],"_links":{"self":[{"href":"https:\/\/agora.xtec.cat\/ceip-montpalau-pineda\/wp-json\/wp\/v2\/pages\/558","targetHints":{"allow":["GET"]}}],"collection":[{"href":"https:\/\/agora.xtec.cat\/ceip-montpalau-pineda\/wp-json\/wp\/v2\/pages"}],"about":[{"href":"https:\/\/agora.xtec.cat\/ceip-montpalau-pineda\/wp-json\/wp\/v2\/types\/page"}],"author":[{"embeddable":true,"href":"https:\/\/agora.xtec.cat\/ceip-montpalau-pineda\/wp-json\/wp\/v2\/users\/1"}],"replies":[{"embeddable":true,"href":"https:\/\/agora.xtec.cat\/ceip-montpalau-pineda\/wp-json\/wp\/v2\/comments?post=558"}],"version-history":[{"count":6,"href":"https:\/\/agora.xtec.cat\/ceip-montpalau-pineda\/wp-json\/wp\/v2\/pages\/558\/revisions"}],"predecessor-version":[{"id":7914,"href":"https:\/\/agora.xtec.cat\/ceip-montpalau-pineda\/wp-json\/wp\/v2\/pages\/558\/revisions\/7914"}],"up":[{"embeddable":true,"href":"https:\/\/agora.xtec.cat\/ceip-montpalau-pineda\/wp-json\/wp\/v2\/pages\/22"}],"wp:attachment":[{"href":"https:\/\/agora.xtec.cat\/ceip-montpalau-pineda\/wp-json\/wp\/v2\/media?parent=558"}],"curies":[{"name":"wp","href":"https:\/\/api.w.org\/{rel}","templated":true}]}}