{"id":552,"date":"2019-07-01T13:49:41","date_gmt":"2019-07-01T11:49:41","guid":{"rendered":"http:\/\/agora.xtec.cat\/ceip-montpalau-pineda\/?page_id=552"},"modified":"2024-09-23T12:51:12","modified_gmt":"2024-09-23T10:51:12","slug":"hort-escolar-i-galliner","status":"publish","type":"page","link":"https:\/\/agora.xtec.cat\/ceip-montpalau-pineda\/hort-escolar-i-galliner\/","title":{"rendered":"Hort Escolar"},"content":{"rendered":"<h5><strong>L&#8217;HORTET I EL GALLINER DE L&#8217;ESCOLA MONTPALAU<\/strong><\/h5>\n<pre><em>\u201cL\u2019hort \u00e9s el vincle que encara ens uneix a la terra, \r\nque ens permet a tots ser agricultors, \r\nobtenir els nostres propis aliments sense rec\u00f3rrer al sistema monetari. \r\nL\u2019hort ens connecta amb els nostres avantpassats\u201d \r\n\r\n(Escutia, 2009)<\/em><\/pre>\n<p>&nbsp;<\/p>\n<p><img loading=\"lazy\" decoding=\"async\" class=\"alignnone size-full wp-image-554\" src=\"https:\/\/agora.xtec.cat\/ceip-montpalau-pineda\/wp-content\/uploads\/usu1776\/2019\/07\/hortet.png\" alt=\"\" width=\"1020\" height=\"640\" srcset=\"https:\/\/agora.xtec.cat\/ceip-montpalau-pineda\/wp-content\/uploads\/usu1776\/2019\/07\/hortet.png 1020w, https:\/\/agora.xtec.cat\/ceip-montpalau-pineda\/wp-content\/uploads\/usu1776\/2019\/07\/hortet-300x188.png 300w, https:\/\/agora.xtec.cat\/ceip-montpalau-pineda\/wp-content\/uploads\/usu1776\/2019\/07\/hortet-768x482.png 768w\" sizes=\"auto, (max-width: 1020px) 100vw, 1020px\" \/><\/p>\n<p>Cap a l&#8217;any 2016 el nostre estimat Quim va engegar un projecte diferent a la nostra escola: el nostre <strong>hortet.<\/strong> Ning\u00fa sabia ben b\u00e9 com sortiria i ara que ja s&#8217;ha jubilat, l&#8217;Isaac ha continuat amb il\u00b7lusi\u00f3 i empenta la cura i manteniment del nostre hortet.<\/p>\n<p>El fet de ser un espai exterior, en contacte amb la natura i on tots els alumnes estan absolutament implicats, fa que sigui una excel\u00b7lent oportunitat educativa per treballar continguts relatius al Medi Natural, aix\u00ed com\u00a0 h\u00e0bits, valors, cooperaci\u00f3, participaci\u00f3, autonomia,&#8230;,<\/p>\n<p>Cada activitat que es realitza a l&#8217;<strong>hortet<\/strong>\u00a0afavoreix la conviv\u00e8ncia, la cohesi\u00f3 de grup, el treball en equip, el di\u00e0leg, l\u2019esperit cr\u00edtic i el raonament hipot\u00e8tic-deductiu. L\u2019hort ens ofereix la possibilitat de plantejar-nos preguntes cont\u00ednuament, formular hip\u00f2tesis i experimentar.<\/p>\n","protected":false},"excerpt":{"rendered":"<p>L&#8217;HORTET I EL GALLINER DE L&#8217;ESCOLA MONTPALAU \u201cL\u2019hort \u00e9s el vincle que encara ens uneix a la terra, que ens permet a tots ser agricultors, obtenir els nostres propis aliments sense rec\u00f3rrer al sistema monetari. L\u2019hort ens connecta amb els nostres avantpassats\u201d (Escutia, 2009) &nbsp; Cap a l&#8217;any 2016 el nostre estimat Quim va engegar [&hellip;]<\/p>\n","protected":false},"author":1,"featured_media":0,"parent":0,"menu_order":100,"comment_status":"closed","ping_status":"closed","template":"page-templates\/side-menu.php","meta":{"_bbp_topic_count":0,"_bbp_reply_count":0,"_bbp_total_topic_count":0,"_bbp_total_reply_count":0,"_bbp_voice_count":0,"_bbp_anonymous_reply_count":0,"_bbp_topic_count_hidden":0,"_bbp_reply_count_hidden":0,"_bbp_forum_subforum_count":0,"site-sidebar-layout":"default","site-content-layout":"","ast-site-content-layout":"","site-content-style":"default","site-sidebar-style":"default","ast-global-header-display":"","ast-banner-title-visibility":"","ast-main-header-display":"","ast-hfb-above-header-display":"","ast-hfb-below-header-display":"","ast-hfb-mobile-header-display":"","site-post-title":"","ast-breadcrumbs-content":"","ast-featured-img":"","footer-sml-layout":"","theme-transparent-header-meta":"","adv-header-id-meta":"","stick-header-meta":"","header-above-stick-meta":"","header-main-stick-meta":"","header-below-stick-meta":"","astra-migrate-meta-layouts":"default","ast-page-background-enabled":"default","ast-page-background-meta":{"desktop":{"background-color":"var(--ast-global-color-4)","background-image":"","background-repeat":"repeat","background-position":"center center","background-size":"auto","background-attachment":"scroll","background-type":"","background-media":"","overlay-type":"","overlay-color":"","overlay-opacity":"","overlay-gradient":""},"tablet":{"background-color":"","background-image":"","background-repeat":"repeat","background-position":"center center","background-size":"auto","background-attachment":"scroll","background-type":"","background-media":"","overlay-type":"","overlay-color":"","overlay-opacity":"","overlay-gradient":""},"mobile":{"background-color":"","background-image":"","background-repeat":"repeat","background-position":"center center","background-size":"auto","background-attachment":"scroll","background-type":"","background-media":"","overlay-type":"","overlay-color":"","overlay-opacity":"","overlay-gradient":""}},"ast-content-background-meta":{"desktop":{"background-color":"var(--ast-global-color-5)","background-image":"","background-repeat":"repeat","background-position":"center center","background-size":"auto","background-attachment":"scroll","background-type":"","background-media":"","overlay-type":"","overlay-color":"","overlay-opacity":"","overlay-gradient":""},"tablet":{"background-color":"var(--ast-global-color-5)","background-image":"","background-repeat":"repeat","background-position":"center center","background-size":"auto","background-attachment":"scroll","background-type":"","background-media":"","overlay-type":"","overlay-color":"","overlay-opacity":"","overlay-gradient":""},"mobile":{"background-color":"var(--ast-global-color-5)","background-image":"","background-repeat":"repeat","background-position":"center center","background-size":"auto","background-attachment":"scroll","background-type":"","background-media":"","overlay-type":"","overlay-color":"","overlay-opacity":"","overlay-gradient":""}},"footnotes":""},"class_list":["post-552","page","type-page","status-publish","hentry"],"post_mailing_queue_ids":[],"_links":{"self":[{"href":"https:\/\/agora.xtec.cat\/ceip-montpalau-pineda\/wp-json\/wp\/v2\/pages\/552","targetHints":{"allow":["GET"]}}],"collection":[{"href":"https:\/\/agora.xtec.cat\/ceip-montpalau-pineda\/wp-json\/wp\/v2\/pages"}],"about":[{"href":"https:\/\/agora.xtec.cat\/ceip-montpalau-pineda\/wp-json\/wp\/v2\/types\/page"}],"author":[{"embeddable":true,"href":"https:\/\/agora.xtec.cat\/ceip-montpalau-pineda\/wp-json\/wp\/v2\/users\/1"}],"replies":[{"embeddable":true,"href":"https:\/\/agora.xtec.cat\/ceip-montpalau-pineda\/wp-json\/wp\/v2\/comments?post=552"}],"version-history":[{"count":4,"href":"https:\/\/agora.xtec.cat\/ceip-montpalau-pineda\/wp-json\/wp\/v2\/pages\/552\/revisions"}],"predecessor-version":[{"id":7305,"href":"https:\/\/agora.xtec.cat\/ceip-montpalau-pineda\/wp-json\/wp\/v2\/pages\/552\/revisions\/7305"}],"wp:attachment":[{"href":"https:\/\/agora.xtec.cat\/ceip-montpalau-pineda\/wp-json\/wp\/v2\/media?parent=552"}],"curies":[{"name":"wp","href":"https:\/\/api.w.org\/{rel}","templated":true}]}}